{"id":863,"date":"2025-08-04T01:46:03","date_gmt":"2025-08-04T01:46:03","guid":{"rendered":"https:\/\/24smartcharge.com\/?post_type=product&#038;p=863"},"modified":"2025-08-15T03:43:21","modified_gmt":"2025-08-15T03:43:21","slug":"secure-40-device-smartphone-charging-cabinet","status":"publish","type":"product","link":"https:\/\/24smartcharge.com\/fr\/secure-40-device-smartphone-charging-cabinet\/","title":{"rendered":"Armoire de recharge s\u00e9curis\u00e9e pour smartphones \u00e0 40 appareils"},"content":{"rendered":"<p class=\"ng-star-inserted\"><span class=\"ng-star-inserted\">R\u00e9pondant \u00e0 la demande d'une gestion rationalis\u00e9e et s\u00e9curis\u00e9e des appareils mobiles dans les environnements professionnels et \u00e9ducatifs, le syst\u00e8me de gestion des appareils mobiles de l'Union europ\u00e9enne (UE) a \u00e9t\u00e9 mis en place. <\/span><strong class=\"ng-star-inserted\"><span class=\"ng-star-inserted\">Armoire de recharge s\u00e9curis\u00e9e pour smartphones \u00e0 40 appareils<\/span><\/strong><span class=\"ng-star-inserted\">, <\/span><span class=\"ng-star-inserted\">\u00a0appara\u00eet comme une solution compl\u00e8te et indispensable. \u00c0 une \u00e9poque o\u00f9 les smartphones font partie int\u00e9grante des op\u00e9rations dans les \u00e9coles, les entreprises, les \u00e9tablissements de sant\u00e9 et les commerces de d\u00e9tail, le d\u00e9fi logistique du stockage, de la s\u00e9curisation et de la gestion de ces biens pr\u00e9cieux est primordial. Cette armoire de charge est m\u00e9ticuleusement con\u00e7ue pour relever ces d\u00e9fis, offrant un hub robuste, organis\u00e9 et s\u00e9curis\u00e9 pour jusqu'\u00e0 40 smartphones.<\/span><\/p>\n<p class=\"ng-star-inserted\"><span class=\"ng-star-inserted\">L'armoire de chargement est construite sur la base de la s\u00e9curit\u00e9 et de la durabilit\u00e9. Son design \u00e9pur\u00e9 et professionnel se caract\u00e9rise par un ext\u00e9rieur blanc robuste, \u00e0 la fois esth\u00e9tique et r\u00e9sistant. Un \u00e9l\u00e9ment cl\u00e9 du design est la porte transparente, qui permet de visualiser rapidement l'inventaire et la responsabilit\u00e9 sans avoir \u00e0 d\u00e9verrouiller l'unit\u00e9 - une caract\u00e9ristique essentielle pour les environnements anim\u00e9s n\u00e9cessitant des contr\u00f4les fr\u00e9quents. Ce panneau transparent est encadr\u00e9 par une structure solide, dot\u00e9e d'une poign\u00e9e durable pour un acc\u00e8s facile.<\/span><\/p>\n<p class=\"ng-star-inserted\"><span class=\"ng-star-inserted\">Au c\u0153ur de sa promesse de s\u00e9curit\u00e9 se trouve un m\u00e9canisme fiable de verrouillage par cl\u00e9. Cette fonction garantit que l'acc\u00e8s aux appareils stock\u00e9s est strictement limit\u00e9 au personnel autoris\u00e9, ce qui constitue un puissant moyen de dissuasion contre le vol, l'acc\u00e8s non autoris\u00e9 aux donn\u00e9es et la falsification. Pour toute organisation responsable de la conservation d'appareils personnels ou appartenant \u00e0 l'entreprise, ce syst\u00e8me verrouill\u00e9 et s\u00e9curis\u00e9 offre une tranquillit\u00e9 d'esprit essentielle.<\/span><\/p>\n<p class=\"ng-star-inserted\"><span class=\"ng-star-inserted\">D\u00e8s l'ouverture de l'armoire, la conception intelligente de la gestion des appareils devient imm\u00e9diatement \u00e9vidente. L'int\u00e9rieur est \u00e9quip\u00e9 d'un insert en mousse noire haute densit\u00e9, d\u00e9coup\u00e9 avec pr\u00e9cision pour cr\u00e9er 40 fentes individuelles. Ces emplacements sont judicieusement dispos\u00e9s et num\u00e9rot\u00e9s, apportant un nouveau niveau d'organisation au d\u00e9ploiement et \u00e0 la r\u00e9cup\u00e9ration des appareils. Cette approche syst\u00e9matique permet d'attribuer facilement des appareils \u00e0 des utilisateurs, des \u00e9tudiants ou des employ\u00e9s sp\u00e9cifiques, ce qui simplifie consid\u00e9rablement le flux de travail quotidien et minimise le risque d'\u00e9garement ou de perte des t\u00e9l\u00e9phones. La mousse \u00e0 la fois souple et ferme enveloppe chaque appareil, le prot\u00e9geant des rayures et des chocs.<\/span><\/p>\n<p class=\"ng-star-inserted\"><span class=\"ng-star-inserted\">L'ing\u00e9nierie r\u00e9fl\u00e9chie s'\u00e9tend \u00e0 son empreinte physique. Avec des dimensions ext\u00e9rieures de <\/span><strong class=\"ng-star-inserted\"><span class=\"ng-star-inserted\">21,5 pouces de hauteur, 16,6 pouces de largeur et 9,7 pouces de profondeur<\/span><\/strong><span class=\"ng-star-inserted\">L'armoire offre une grande capacit\u00e9 de stockage sans exiger un espace excessif. Sa conception compacte permet des options d'emplacement vari\u00e9es, que ce soit sur un comptoir, mont\u00e9 sur un mur ou int\u00e9gr\u00e9 dans une armoire existante.<\/span><\/p>\n<p class=\"ng-star-inserted\"><span class=\"ng-star-inserted\">Chacune des 40 baies est dimensionn\u00e9e pour accueillir une grande vari\u00e9t\u00e9 de smartphones modernes, avec des dimensions de <\/span><strong class=\"ng-star-inserted\"><span class=\"ng-star-inserted\">3,5 pouces de hauteur, 0,7 pouce de largeur et 5,2 pouces de profondeur<\/span><\/strong><span class=\"ng-star-inserted\">. Cela garantit une large compatibilit\u00e9, m\u00eame avec de nombreux t\u00e9l\u00e9phones prot\u00e9g\u00e9s par des \u00e9tuis. La promesse d'une \"installation rapide\" de l'armoire de chargement souligne sa nature conviviale, con\u00e7ue pour une utilisation imm\u00e9diate d\u00e8s sa sortie de l'emballage, sans assemblage compliqu\u00e9.<\/span><\/p>\n<p class=\"ng-star-inserted\"><span class=\"ng-star-inserted\">Par essence, l'armoire de recharge Secure 40-Devices Smartphone Charging Cabinet est plus qu'une simple bo\u00eete de rangement ; il s'agit d'un syst\u00e8me complet pour <\/span><strong class=\"ng-star-inserted\"><span class=\"ng-star-inserted\">Gestion s\u00e9curis\u00e9e des appareils<\/span><\/strong><span class=\"ng-star-inserted\">. Il fournit un environnement centralis\u00e9, ordonn\u00e9 et prot\u00e9g\u00e9 pour un grand nombre de smartphones, ce qui en fait un outil essentiel pour toute organisation cherchant \u00e0 am\u00e9liorer son efficacit\u00e9 op\u00e9rationnelle et ses protocoles de s\u00e9curit\u00e9 en mati\u00e8re de technologie mobile.<\/span><\/p>","protected":false},"excerpt":{"rendered":"<p>The charging-cabinet securely stores and charges up to 40 smartphones. Its durable, lockable design keeps devices safe, while numbered slots ensure organization. With a fast and easy setup, it&#8217;s the ideal solution for managing multiple devices.<\/p>","protected":false},"featured_media":2277,"template":"","meta":{"_kad_post_transparent":"default","_kad_post_title":"","_kad_post_layout":"default","_kad_post_sidebar_id":"","_kad_post_content_style":"default","_kad_post_vertical_padding":"default","_kad_post_feature":"","_kad_post_feature_position":"","_kad_post_header":false,"_kad_post_footer":false},"product_brand":[],"product_cat":[91],"product_tag":[122,119,123],"class_list":{"0":"post-863","1":"product","2":"type-product","3":"status-publish","4":"has-post-thumbnail","6":"product_cat-charging-cabinets","7":"product_tag-charging-cabinet","8":"product_tag-device-management","9":"product_tag-secure-phone-storage","11":"first","12":"instock","13":"shipping-taxable","14":"product-type-simple","15":"entry","16":"content-bg","17":"loop-entry"},"_links":{"self":[{"href":"https:\/\/24smartcharge.com\/fr\/wp-json\/wp\/v2\/product\/863","targetHints":{"allow":["GET"]}}],"collection":[{"href":"https:\/\/24smartcharge.com\/fr\/wp-json\/wp\/v2\/product"}],"about":[{"href":"https:\/\/24smartcharge.com\/fr\/wp-json\/wp\/v2\/types\/product"}],"wp:featuredmedia":[{"embeddable":true,"href":"https:\/\/24smartcharge.com\/fr\/wp-json\/wp\/v2\/media\/2277"}],"wp:attachment":[{"href":"https:\/\/24smartcharge.com\/fr\/wp-json\/wp\/v2\/media?parent=863"}],"wp:term":[{"taxonomy":"product_brand","embeddable":true,"href":"https:\/\/24smartcharge.com\/fr\/wp-json\/wp\/v2\/product_brand?post=863"},{"taxonomy":"product_cat","embeddable":true,"href":"https:\/\/24smartcharge.com\/fr\/wp-json\/wp\/v2\/product_cat?post=863"},{"taxonomy":"product_tag","embeddable":true,"href":"https:\/\/24smartcharge.com\/fr\/wp-json\/wp\/v2\/product_tag?post=863"}],"curies":[{"name":"wp","href":"https:\/\/api.w.org\/{rel}","templated":true}]}}