{"id":858,"date":"2025-08-04T10:32:33","date_gmt":"2025-08-04T10:32:33","guid":{"rendered":"https:\/\/24smartcharge.com\/?post_type=product&#038;p=858"},"modified":"2025-08-18T02:33:24","modified_gmt":"2025-08-18T02:33:24","slug":"power-technologies-charging-cabinet-for-16-devices","status":"publish","type":"product","link":"https:\/\/24smartcharge.com\/fr\/power-technologies-charging-cabinet-for-16-devices\/","title":{"rendered":"Armoire de recharge Power Technologies pour 16 appareils"},"content":{"rendered":"<h3 id=\"-hard-defense-and-long-lasting-build-\"><strong>Une d\u00e9fense solide et une construction durable<\/strong><\/h3>\n<p>Au centre de la conception de cette armoire de chargement se trouve un engagement inflexible en faveur de la s\u00fbret\u00e9 et de la s\u00e9curit\u00e9. Reconnaissant que les appareils qu'elle abrite sont des biens pr\u00e9cieux, l'armoire de chargement est con\u00e7ue pour \u00eatre une forteresse pour votre technologie. La construction enti\u00e8rement m\u00e9tallique offre une enceinte durable et robuste qui r\u00e9siste aux rigueurs des environnements tr\u00e8s fr\u00e9quent\u00e9s. Cette structure robuste est compl\u00e9t\u00e9e par des portes verrouillables, garantissant que les 16 appareils sont prot\u00e9g\u00e9s contre le vol, l'acc\u00e8s non autoris\u00e9 et les dommages potentiels. Le m\u00e9canisme de verrouillage est simple \u00e0 utiliser, ce qui rassure les administrateurs informatiques, les \u00e9ducateurs et les responsables charg\u00e9s de la protection de ces outils essentiels. L'accent mis sur la s\u00e9curit\u00e9 fait de l'armoire de chargement un atout indispensable pour toute organisation cherchant \u00e0 prot\u00e9ger son investissement dans la technologie.<\/p>\n<p>La construction durable de l'armoire de chargement est renforc\u00e9e par une conception strat\u00e9gique qui donne la priorit\u00e9 \u00e0 la circulation de l'air, prot\u00e9geant ainsi les appareils d'une accumulation excessive de chaleur pendant le chargement. Les \u00e9vents situ\u00e9s sur les c\u00f4t\u00e9s de l'appareil favorisent la circulation de l'air, ce qui est essentiel lorsque plusieurs appareils sont charg\u00e9s dans un espace restreint. En dissipant efficacement la chaleur, cette caract\u00e9ristique de conception contribue \u00e0 prot\u00e9ger les appareils et les accessoires de charge du stress thermique, prolongeant ainsi leur dur\u00e9e de vie et maintenant une fonctionnalit\u00e9 optimale.<\/p>\n<h3 id=\"-streamlined-and-effective-charging-\"><strong>Chargement rationalis\u00e9 et efficace<\/strong><\/h3>\n<p>La fonction premi\u00e8re de toute solution de charge est, bien entendu, de charger efficacement les appareils. Cette armoire de chargement excelle avec un syst\u00e8me de chargement CA fondamental mais puissant. \u00c0 l'int\u00e9rieur de l'unit\u00e9, une barre d'alimentation avec 16 prises est soigneusement int\u00e9gr\u00e9e, fournissant une source d'alimentation d\u00e9di\u00e9e pour chaque appareil. Cela \u00e9limine l'encombrement et les risques li\u00e9s \u00e0 la pr\u00e9sence de plusieurs cordons d'alimentation reli\u00e9s \u00e0 diverses prises murales dans une pi\u00e8ce. En centralisant le processus de charge, cette armoire de charge ne se contente pas d'organiser l'espace physique, elle rationalise \u00e9galement le flux de travail li\u00e9 \u00e0 la gestion et \u00e0 la pr\u00e9paration des appareils en vue de leur utilisation quotidienne.<\/p>\n<p>La conception privil\u00e9gie la facilit\u00e9 d'utilisation, permettant aux utilisateurs de connecter sans effort des adaptateurs d'alimentation individuels pour chaque appareil \u00e0 la barre d'alimentation int\u00e9gr\u00e9e, qui est log\u00e9e en toute s\u00e9curit\u00e9 dans un compartiment pratique. Cette conception bien pens\u00e9e simplifie le processus d'installation initial et rend la maintenance future ou le remplacement des adaptateurs sans probl\u00e8me. En outre, le cordon d'alimentation unique de l'armoire de chargement minimise les enchev\u00eatrements de c\u00e2bles et offre une grande souplesse d'installation, ce qui facilite le positionnement de l'unit\u00e9 \u00e0 l'endroit le plus pratique.<\/p>\n<h3 id=\"-thoughtful-engineering-and-cable-organization-\"><strong>Ing\u00e9nierie r\u00e9fl\u00e9chie et organisation des c\u00e2bles<\/strong><\/h3>\n<p>La gestion de plusieurs appareils se heurte souvent au probl\u00e8me de l'enchev\u00eatrement des c\u00e2bles. Cette armoire de charge Power Technologies r\u00e9pond directement \u00e0 ce probl\u00e8me gr\u00e2ce \u00e0 un syst\u00e8me de gestion des c\u00e2bles \u00e9l\u00e9gant et efficace. Les s\u00e9parateurs amovibles cr\u00e9ent non seulement des emplacements individuels pour chacun des 16 appareils, mais ils int\u00e8grent \u00e9galement un syst\u00e8me de gestion des c\u00e2bles. Cette conception intelligente garantit que les c\u00e2bles de charge restent \u00e0 leur place, \u00e9vitant ainsi qu'ils ne s'emm\u00ealent. Les c\u00e2bles sont achemin\u00e9s proprement vers chaque appareil, ce qui permet aux utilisateurs de brancher et de d\u00e9brancher facilement leurs appareils sans frustration.<\/p>\n<p>En outre, l'emballage comprend des bandes de rayonnage num\u00e9rot\u00e9es pour simplifier le processus d'identification des appareils. Qu'il s'agisse d'une salle de classe avec 16 \u00e9l\u00e8ves ou d'un bureau avec 16 employ\u00e9s, il est facile d'attribuer un emplacement \u00e0 chaque utilisateur. Cet aspect organisationnel facilite la distribution et la collecte efficaces des appareils, ce qui permet de gagner du temps et d'encourager la responsabilit\u00e9 des utilisateurs. Gr\u00e2ce \u00e0 une gestion organis\u00e9e des c\u00e2bles et \u00e0 une identification claire, la gestion des appareils devient une routine transparente et efficace plut\u00f4t qu'une t\u00e2che d\u00e9courageante.<\/p>\n<h3 id=\"-flexible-and-user-friendly-design-\"><strong>Conception souple et conviviale<\/strong><\/h3>\n<p>Con\u00e7ue dans un souci de commodit\u00e9, cette armoire de recharge peut \u00eatre solidement fix\u00e9e au mur ou plac\u00e9e sur un comptoir, selon les besoins et l'agencement de la pi\u00e8ce. Le montage mural est une excellente option pour conserver l'espace au sol et fournir un emplacement permanent et s\u00fbr pour les appareils. Les dimensions de l'armoire de chargement sont optimis\u00e9es pour accueillir jusqu'\u00e0 16 appareils, chaque emplacement offrant un espace suffisant. Les dimensions maximales de chaque appareil sont de 10,8 pouces par 15,6 pouces, ce qui la rend compatible avec une large gamme de Chromebooks et de tablettes actuellement sur le march\u00e9.<\/p>\n<p>La conception \u00e0 double porte, orient\u00e9e vers l'avant, offre un acc\u00e8s facile aux appareils. Les portes s'ouvrent largement, ce qui permet de placer et de retirer facilement les appareils \u00e9lectroniques. Cette approche conviviale s'\u00e9tend \u00e0 la configuration initiale. Le compartiment de l'adaptateur d'alimentation \u00e0 verrouillage s\u00e9curis\u00e9 est con\u00e7u pour une configuration rapide et facile, permettant aux administrateurs de rendre l'armoire op\u00e9rationnelle avec un minimum de temps d'arr\u00eat. L'ensemble de l'exp\u00e9rience utilisateur, de l'installation \u00e0 l'utilisation quotidienne, est con\u00e7u pour \u00eatre intuitif et efficace.<\/p>\n<p>L'ext\u00e9rieur de l'armoire pr\u00e9sente un aspect \u00e9l\u00e9gant et professionnel, avec un corps blanc et des portes noires qui lui permettent de se fondre dans divers environnements professionnels et \u00e9ducatifs. Cette conception m\u00e9ticuleuse garantit que l'armoire de chargement ne sert pas seulement d'\u00e9quipement fonctionnel, mais aussi de meuble \u00e9l\u00e9gant.<\/p>","protected":false},"excerpt":{"rendered":"<div class=\"chat-container\">\n<div class=\"chat-view-container ng-star-inserted\">\n<div>\n<div class=\"chat-turn-container model render cdk-focused cdk-mouse-focused\" tabindex=\"-1\">\n<div class=\"model-prompt-container\" data-turn-role=\"Model\">\n<div class=\"turn-content\">\n<p class=\"ng-star-inserted\"><span class=\"ng-star-inserted\">Chargez et stockez en toute s\u00e9curit\u00e9 jusqu'\u00e0 16 Chromebooks ou tablettes avec l'armoire de chargement Power Technologies. Cette unit\u00e9 compacte et verrouillable fournit une charge de base et garde les appareils en s\u00e9curit\u00e9. Elle est con\u00e7ue pour les appareils jusqu'\u00e0 10,8\u2033 x 15,6\u2033 et peut \u00eatre facilement fix\u00e9e au mur.<\/span><\/p>\n<div class=\"turn-information ng-star-inserted\"><\/div>\n<\/div>\n<\/div>\n<div class=\"turn-footer ng-star-inserted\"><\/div>\n<\/div>\n<\/div>\n<\/div>\n<\/div>\n<footer class=\"not-zero-state ng-star-inserted\">\n<div class=\"mat-mdc-tooltip-trigger prompt-input-wrapper\">\n<div>\n<div class=\"prompt-input-wrapper-container\">\n<div class=\"text-wrapper\">\n<section class=\"text-and-attachments-wrapper\">\n<div class=\"text-input-wrapper\"><\/div>\n<\/section>\n<\/div>\n<\/div>\n<\/div>\n<\/div>\n<\/footer>","protected":false},"featured_media":2374,"template":"","meta":{"_kad_post_transparent":"default","_kad_post_title":"","_kad_post_layout":"default","_kad_post_sidebar_id":"","_kad_post_content_style":"default","_kad_post_vertical_padding":"default","_kad_post_feature":"","_kad_post_feature_position":"","_kad_post_header":false,"_kad_post_footer":false},"product_brand":[],"product_cat":[91],"product_tag":[122,119,117],"class_list":{"0":"post-858","1":"product","2":"type-product","3":"status-publish","4":"has-post-thumbnail","6":"product_cat-charging-cabinets","7":"product_tag-charging-cabinet","8":"product_tag-device-management","9":"product_tag-secure-storage","11":"first","12":"instock","13":"shipping-taxable","14":"product-type-simple","15":"entry","16":"content-bg","17":"loop-entry"},"_links":{"self":[{"href":"https:\/\/24smartcharge.com\/fr\/wp-json\/wp\/v2\/product\/858","targetHints":{"allow":["GET"]}}],"collection":[{"href":"https:\/\/24smartcharge.com\/fr\/wp-json\/wp\/v2\/product"}],"about":[{"href":"https:\/\/24smartcharge.com\/fr\/wp-json\/wp\/v2\/types\/product"}],"wp:featuredmedia":[{"embeddable":true,"href":"https:\/\/24smartcharge.com\/fr\/wp-json\/wp\/v2\/media\/2374"}],"wp:attachment":[{"href":"https:\/\/24smartcharge.com\/fr\/wp-json\/wp\/v2\/media?parent=858"}],"wp:term":[{"taxonomy":"product_brand","embeddable":true,"href":"https:\/\/24smartcharge.com\/fr\/wp-json\/wp\/v2\/product_brand?post=858"},{"taxonomy":"product_cat","embeddable":true,"href":"https:\/\/24smartcharge.com\/fr\/wp-json\/wp\/v2\/product_cat?post=858"},{"taxonomy":"product_tag","embeddable":true,"href":"https:\/\/24smartcharge.com\/fr\/wp-json\/wp\/v2\/product_tag?post=858"}],"curies":[{"name":"wp","href":"https:\/\/api.w.org\/{rel}","templated":true}]}}