{"id":852,"date":"2025-08-04T09:52:35","date_gmt":"2025-08-04T09:52:35","guid":{"rendered":"https:\/\/24smartcharge.com\/?post_type=product&#038;p=852"},"modified":"2025-08-18T03:24:49","modified_gmt":"2025-08-18T03:24:49","slug":"mini-series-secure-charging-cabinet-for-12-devices","status":"publish","type":"product","link":"https:\/\/24smartcharge.com\/fr\/mini-series-secure-charging-cabinet-for-12-devices\/","title":{"rendered":"Cabinet de charge s\u00e9curis\u00e9 de la s\u00e9rie MINI pour 12 appareils"},"content":{"rendered":"<h3 id=\"-unmatched-charging-capability-for-a-connected-world-\"><strong>Une capacit\u00e9 de charge in\u00e9gal\u00e9e pour un monde connect\u00e9<\/strong><\/h3>\n<p>La caract\u00e9ristique principale de toute solution de charge est, bien s\u00fbr, de charger les gadgets, et cette armoire de charge se distingue par sa capacit\u00e9 et sa flexibilit\u00e9 remarquables. Elle est con\u00e7ue pour \u00eatre un centre d'alimentation pour des groupes entiers, capable de charger simultan\u00e9ment jusqu'\u00e0 16 appareils. Cela permet d'\u00e9viter l'angoisse de la prise de courant, souvent pr\u00e9sente dans les groupes. L'armoire de charge est dot\u00e9e d'une s\u00e9lection compl\u00e8te de ports r\u00e9partis sur ses quatre c\u00f4t\u00e9s, ce qui garantit un acc\u00e8s facile \u00e0 360 degr\u00e9s pour tout le monde.<\/p>\n<p>Il s'agit d'un total de :<\/p>\n<ul>\n<li><strong>8 prises de courant alternatif standard,<\/strong>\u00a0Id\u00e9al pour alimenter les ordinateurs portables, les \u00e9crans et autres outils n\u00e9cessitant des blocs d'alimentation standard.<\/li>\n<li><strong>8 ports USB,<\/strong>\u00a0y compris :\n<ul>\n<li>Quatre\u00a0<strong>Ports USB-A<\/strong>\u00a0pour les dispositifs existants.<\/li>\n<li>Quatre mod\u00e8les modernes\u00a0<strong>Ports USB-C<\/strong>garantissant la compatibilit\u00e9 avec les derniers smartphones, tablettes et m\u00eame certains ultrabooks.<\/li>\n<\/ul>\n<\/li>\n<\/ul>\n<p>Cette combinaison judicieuse de ports CA, USB-A et USB-C permet d'alimenter pratiquement tous les outils de votre groupe ou de vos invit\u00e9s sans avoir besoin d'une pl\u00e9thore d'adaptateurs, ce qui am\u00e9liore l'exp\u00e9rience de l'utilisateur et r\u00e9duit le d\u00e9sordre.<\/p>\n<h3 id=\"-engineered-for-ultimate-movement-and-convenience-\"><strong>Con\u00e7u pour un mouvement et une commodit\u00e9 ultimes<\/strong><\/h3>\n<p>L'\u00e9nergie v\u00e9ritable dans un environnement partag\u00e9 exige de la mobilit\u00e9. L'armoire de recharge a \u00e9t\u00e9 con\u00e7ue d\u00e8s le d\u00e9part pour \u00eatre facilement transportable. Elle glisse sur\u00a0<strong>quatre roues directionnelles silencieuses de trois pouces<\/strong>\u00a0qui se d\u00e9placent en douceur et sans bruit sur diff\u00e9rents rev\u00eatements de sol, de la moquette au bois en passant par les carreaux de c\u00e9ramique. Cela permet \u00e0 une seule personne de d\u00e9placer rapidement l'armoire de chargement d'une salle de r\u00e9union pour une conf\u00e9rence matinale, vers une zone commune pour une collaboration \u00e0 l'heure du d\u00e9jeuner, et dans une zone de formation pour une session de l'apr\u00e8s-midi. Lorsque l'armoire de chargement arrive \u00e0 destination, le\u00a0<strong>les roues peuvent \u00eatre bloqu\u00e9es en place<\/strong>Le syst\u00e8me de chargement de l'appareil est con\u00e7u de mani\u00e8re \u00e0 fournir un terminal de chargement s\u00fbr et stable qui ne se d\u00e9placera pas ou ne roulera pas brusquement.<\/p>\n<p>Pour plus de commodit\u00e9, il est dot\u00e9 d'un\u00a0<strong>cordon d'alimentation g\u00e9n\u00e9reux de 20 pieds<\/strong>. Cette longueur consid\u00e9rable offre une grande polyvalence dans l'emplacement de l'armoire de chargement, la lib\u00e9rant des restrictions li\u00e9es \u00e0 la proximit\u00e9 d'une prise murale. Elle peut \u00eatre plac\u00e9e au centre d'une grande table de collaboration ou dans une pi\u00e8ce o\u00f9 l'alimentation est la plus n\u00e9cessaire, et pas seulement \u00e0 l'endroit o\u00f9 le circuit du b\u00e2timent l'impose. Lorsque l'armoire de recharge est d\u00e9plac\u00e9e ou stock\u00e9e, une solution pratique est disponible,\u00a0<strong>crochet int\u00e9gr\u00e9<\/strong>\u00a0offre une option simple et soign\u00e9e pour la gestion des cordons, en \u00e9vitant les risques de tr\u00e9buchement et en gardant le long fil proprement envelopp\u00e9 et hors de port\u00e9e.<\/p>\n<h3 id=\"-devoted-to-excellence-resilient-sturdiness-\"><strong>Vou\u00e9s \u00e0 l'excellence : Une solidit\u00e9 \u00e0 toute \u00e9preuve<\/strong><\/h3>\n<p>Dans les environnements tr\u00e8s fr\u00e9quent\u00e9s tels que les bureaux, les universit\u00e9s et les halls d'entr\u00e9e, l'\u00e9quipement doit pouvoir r\u00e9sister aux rigueurs de l'utilisation quotidienne. Cette armoire de chargement est cr\u00e9\u00e9e avec un\u00a0<strong>ossature enti\u00e8rement en acier<\/strong>La construction robuste et enti\u00e8rement m\u00e9tallique permet de supporter les chocs et les coups in\u00e9vitables dans une zone d'activit\u00e9. Sa construction robuste, enti\u00e8rement m\u00e9tallique, lui permet de supporter les chocs in\u00e9vitables d'une zone d'activit\u00e9, ce qui lui promet une longue dur\u00e9e de vie, bien sup\u00e9rieure \u00e0 celle des produits en plastique. Son poids de\u00a0<strong>27 livres<\/strong>\u00a0lui conf\u00e8re une sensation de solidit\u00e9 et de robustesse, tout en restant facile \u00e0 diriger gr\u00e2ce \u00e0 des roulettes de haute qualit\u00e9. Ce souci d'une construction de qualit\u00e9 sup\u00e9rieure est un attribut essentiel, qui garantit un retour sur investissement fiable. La finition gris fonc\u00e9 \u00e9pur\u00e9e, rev\u00eatue de poudre, est non seulement professionnelle et agr\u00e9able \u00e0 l'\u0153il, mais aussi r\u00e9sistante aux rayures et aux \u00e9raflures, pr\u00e9servant ainsi son aspect propre au fil du temps.<\/p>\n<h3 id=\"-sleek-solutions-for-contemporary-residences-\"><strong>Des solutions \u00e9l\u00e9gantes pour les r\u00e9sidences contemporaines<\/strong><\/h3>\n<p>Au-del\u00e0 de ses capacit\u00e9s brutes, l'armoire de chargement pr\u00e9sente un design fin et vertical qui permet de gagner de la place et qui est esth\u00e9tiquement attrayant. Avec une hauteur de\u00a0<strong>39.25 pouces<\/strong>\u00a0et une empreinte de base stable de\u00a0<strong>17.5 par 17.5 pouces<\/strong>Il impose sa pr\u00e9sence sans se m\u00ealer de ce qui ne le regarde pas. Son design sophistiqu\u00e9 en forme de colonne conique lui permet de s'int\u00e9grer harmonieusement dans une grande vari\u00e9t\u00e9 d'int\u00e9rieurs, des bureaux d'entreprise minimaux aux environnements \u00e9ducatifs dynamiques. La distribution des prises de courant sur quatre c\u00f4t\u00e9s est un choix de conception cl\u00e9 qui favorise la collaboration, permettant \u00e0 plusieurs personnes de se brancher dans toutes les directions sans avoir \u00e0 se pencher l'une sur l'autre. C'est la hauteur id\u00e9ale pour une utilisation en groupe assis ou debout, ou \u00e0 c\u00f4t\u00e9 d'autres \u00e9quipements.<\/p>\n<p>Cette centrale portable n'est pas qu'une simple source d'\u00e9nergie ; elle constitue un facteur essentiel pour stimuler l'efficacit\u00e9, le travail d'\u00e9quipe et la satisfaction. Elle permet aux employ\u00e9s de b\u00e9n\u00e9ficier d'une plus grande flexibilit\u00e9, aide les stagiaires \u00e0 se coordonner efficacement dans le cadre de leurs missions et constitue une fonction pr\u00e9cieuse pour les visiteurs dans divers lieux publics. En \u00e9liminant les difficult\u00e9s li\u00e9es \u00e0 la localisation des sources d'\u00e9nergie, il permet aux gens de se concentrer sur leur travail, leur formation et leurs relations. Il s'agit d'une ressource essentielle pour tout type d'entreprise visant \u00e0 r\u00e9pondre aux exigences d'une communaut\u00e9 moderne et d\u00e9pendante de la technologie.<\/p>","protected":false},"excerpt":{"rendered":"<div class=\"model-prompt-container\" data-turn-role=\"Model\">\n<div class=\"turn-content\">\n<p class=\"ng-star-inserted\"><span class=\"ng-star-inserted\">Chargez et stockez en toute s\u00e9curit\u00e9 jusqu'\u00e0 12 appareils gr\u00e2ce \u00e0 l'armoire de chargement. Cette unit\u00e9 compacte et verrouillable est parfaite pour les ordinateurs portables et les tablettes jusqu'\u00e0 15,6\u2033. Son design peu encombrant est id\u00e9al pour toute salle de classe ou environnement de bureau, gardant vos appareils pr\u00e9cieux en s\u00e9curit\u00e9 et pr\u00eats \u00e0 l'emploi.<\/span><\/p>\n<div class=\"turn-information ng-star-inserted\"><\/div>\n<\/div>\n<\/div>\n<div class=\"turn-footer ng-star-inserted\"><\/div>","protected":false},"featured_media":2365,"template":"","meta":{"_kad_post_transparent":"default","_kad_post_title":"","_kad_post_layout":"default","_kad_post_sidebar_id":"","_kad_post_content_style":"default","_kad_post_vertical_padding":"default","_kad_post_feature":"","_kad_post_feature_position":"","_kad_post_header":false,"_kad_post_footer":false},"product_brand":[],"product_cat":[91],"product_tag":[122,119,121],"class_list":{"0":"post-852","1":"product","2":"type-product","3":"status-publish","4":"has-post-thumbnail","6":"product_cat-charging-cabinets","7":"product_tag-charging-cabinet","8":"product_tag-device-management","9":"product_tag-secure-charging","11":"first","12":"instock","13":"shipping-taxable","14":"product-type-simple","15":"entry","16":"content-bg","17":"loop-entry"},"_links":{"self":[{"href":"https:\/\/24smartcharge.com\/fr\/wp-json\/wp\/v2\/product\/852","targetHints":{"allow":["GET"]}}],"collection":[{"href":"https:\/\/24smartcharge.com\/fr\/wp-json\/wp\/v2\/product"}],"about":[{"href":"https:\/\/24smartcharge.com\/fr\/wp-json\/wp\/v2\/types\/product"}],"wp:featuredmedia":[{"embeddable":true,"href":"https:\/\/24smartcharge.com\/fr\/wp-json\/wp\/v2\/media\/2365"}],"wp:attachment":[{"href":"https:\/\/24smartcharge.com\/fr\/wp-json\/wp\/v2\/media?parent=852"}],"wp:term":[{"taxonomy":"product_brand","embeddable":true,"href":"https:\/\/24smartcharge.com\/fr\/wp-json\/wp\/v2\/product_brand?post=852"},{"taxonomy":"product_cat","embeddable":true,"href":"https:\/\/24smartcharge.com\/fr\/wp-json\/wp\/v2\/product_cat?post=852"},{"taxonomy":"product_tag","embeddable":true,"href":"https:\/\/24smartcharge.com\/fr\/wp-json\/wp\/v2\/product_tag?post=852"}],"curies":[{"name":"wp","href":"https:\/\/api.w.org\/{rel}","templated":true}]}}