{"id":821,"date":"2025-08-04T08:17:04","date_gmt":"2025-08-04T08:17:04","guid":{"rendered":"https:\/\/24smartcharge.com\/?post_type=product&#038;p=821"},"modified":"2025-08-18T03:07:31","modified_gmt":"2025-08-18T03:07:31","slug":"lite-series-secure-30-device-charging-cart","status":"publish","type":"product","link":"https:\/\/24smartcharge.com\/fr\/lite-series-secure-30-device-charging-cart\/","title":{"rendered":"Chariot de chargement s\u00e9curis\u00e9 de 30 appareils de la s\u00e9rie LITE"},"content":{"rendered":"<h3 id=\"-secure-and-centralized-storage-\"><strong>Stockage s\u00e9curis\u00e9 et centralis\u00e9<\/strong><\/h3>\n<p>L'une des principales pr\u00e9occupations des entreprises disposant d'un grand nombre d'appareils num\u00e9riques est de les prot\u00e9ger contre les menaces potentielles. Ce chariot de chargement pr\u00e9sente un style robuste, enti\u00e8rement m\u00e9tallique, qui constitue un obstacle solide contre les cambriolages et les manipulations non approuv\u00e9es. Sa construction en acier durable offre un espace physique s\u00fbr et s\u00e9curis\u00e9 pour l'\u00e9quipement utile. La porte principale du chariot est \u00e9quip\u00e9e d'un syst\u00e8me de verrouillage fiable, limitant l'acc\u00e8s aux personnes autoris\u00e9es et fournissant une couche de d\u00e9fense suppl\u00e9mentaire. Cette caract\u00e9ristique permet de s'assurer que les propri\u00e9t\u00e9s de l'innovation sont s\u00e9curis\u00e9es et prot\u00e9g\u00e9es \u00e0 tout moment. En offrant un service d'espace de stockage syst\u00e9matis\u00e9 et verrouillable, le chariot favorise \u00e9galement une atmosph\u00e8re plus organis\u00e9e et responsable, r\u00e9duisant la probabilit\u00e9 d'outils \u00e9gar\u00e9s ou endommag\u00e9s.<\/p>\n<p>L'int\u00e9rieur du chariot est m\u00e9ticuleusement pr\u00e9par\u00e9 pour accueillir un maximum de 30 gadgets, chacun ayant une dimension d'affichage de 14,5 pouces. Les outils sont rang\u00e9s sur deux \u00e9tag\u00e8res principales, dot\u00e9es de s\u00e9parateurs amovibles permettant de cr\u00e9er des emplacements distincts. Des bandes de num\u00e9rotation sont utilis\u00e9es pour faciliter l'identification et le suivi de chaque gadget, ce qui facilite la distribution et la collecte. Ce plan organis\u00e9 permet non seulement de garder un \u0153il sur tous les appareils, mais aussi de les prot\u00e9ger contre les dommages pouvant r\u00e9sulter d'un stockage chaotique.<\/p>\n<h3 id=\"-effortless-charging-and-power-management-\"><strong>Chargement et gestion de l'\u00e9nergie sans effort<\/strong><\/h3>\n<p>Garder une classe ou un lieu de travail entier avec des appareils r\u00e9guli\u00e8rement charg\u00e9s et en ligne peut \u00eatre un probl\u00e8me logistique. Ce chariot de recharge r\u00e9sout \u00e9l\u00e9gamment ce probl\u00e8me gr\u00e2ce \u00e0 un syst\u00e8me de facturation structur\u00e9 et efficace. Il est \u00e9quip\u00e9 de deux cordons d'alimentation qui alimentent l'ensemble de l'unit\u00e9, \u00e9liminant ainsi le besoin d'un r\u00e9seau complexe de chargeurs individuels et de c\u00e2bles de t\u00e9l\u00e9vision. Ce syst\u00e8me de \"charge fondamentale\" est con\u00e7u pour \u00eatre simple et fiable ; les clients peuvent simplement brancher leurs outils et laisser le chariot faire le reste.<\/p>\n<p>Pour \u00e9viter les surcharges \u00e9lectriques, le syst\u00e8me de charge est dot\u00e9 d'une protection int\u00e9gr\u00e9e contre les surcharges. La puissance est judicieusement attribu\u00e9e \u00e0 tous les outils connect\u00e9s, sans qu'il soit n\u00e9cessaire de proc\u00e9der \u00e0 un arrangement manuel ou \u00e0 des r\u00e9glages particuliers. Cette conception conviviale permet aux enseignants et aux informaticiens de se consacrer \u00e0 leurs t\u00e2ches principales plut\u00f4t que de r\u00e9soudre des probl\u00e8mes li\u00e9s \u00e0 la charge. L'ext\u00e9rieur du chariot est dot\u00e9 d'un syst\u00e8me fonctionnel de gestion des c\u00e2bles, qui permet d'organiser les c\u00e2bles d'alimentation et d'\u00e9viter qu'ils ne deviennent un danger pour la s\u00e9curit\u00e9.<\/p>\n<h3 id=\"-enhance-your-wires-with-ease-\"><strong>Am\u00e9liorez vos fils en toute simplicit\u00e9<\/strong><\/h3>\n<p>Les cordons mal rang\u00e9s et en d\u00e9sordre n'ont pas seulement un aspect n\u00e9gatif, ils peuvent \u00e9galement endommager les fils et les ports au fil du temps. Le chariot de chargement se distingue par son syst\u00e8me simple et judicieux de rangement des c\u00e2bles. Les panneaux de s\u00e9paration amovibles qui s\u00e9parent les gadgets sont \u00e9galement importants pour pr\u00e9server l'ordre des c\u00e2bles de charge. Cette configuration garantit que les fils sont achemin\u00e9s et fix\u00e9s proprement, ce qui \u00e9vite qu'ils ne soient tordus.<\/p>\n<p>Une surveillance efficace des c\u00e2bles pr\u00e9sente d'innombrables avantages. En am\u00e9liorant les liens entre les outils et les interf\u00e9rences, il augmente l'efficacit\u00e9 et r\u00e9duit les probl\u00e8mes. En outre, il contribue \u00e0 prolonger la dur\u00e9e de vie des cordons de charge en les prot\u00e9geant des dommages et de l'usure. Il en r\u00e9sulte une r\u00e9duction des besoins de remplacement des c\u00e2bles de t\u00e9l\u00e9vision et des d\u00e9penses de maintenance pour les informaticiens. Un plan de charge bien organis\u00e9 am\u00e9liore \u00e9galement la s\u00e9curit\u00e9 en r\u00e9duisant la probabilit\u00e9 de pannes caus\u00e9es par des cordons mal rang\u00e9s.<\/p>\n<h3 id=\"-flexibility-and-versatility-\"><strong>Flexibilit\u00e9 et polyvalence<\/strong><\/h3>\n<p>Personnalis\u00e9 pour les environnements en transformation, ce chariot de chargement a \u00e9t\u00e9 con\u00e7u dans un souci de flexibilit\u00e9. Il est \u00e9quip\u00e9 de quatre roues pivotantes durables qui permettent de le d\u00e9placer en douceur d'un endroit \u00e0 l'autre. Une poign\u00e9e solide et large offre une prise confortable pour naviguer sans effort dans les couloirs et les entr\u00e9es. Cette adaptabilit\u00e9 est particuli\u00e8rement pr\u00e9cieuse dans les environnements universitaires o\u00f9 les ressources sont g\u00e9n\u00e9ralement utilis\u00e9es dans plusieurs salles de classe, ce qui permet \u00e0 une seule collection d'appareils de s'occuper de la majorit\u00e9 des \u00e9tudiants, am\u00e9liorant ainsi les investissements financiers technologiques. Dans un contexte organisationnel, le chariot peut \u00eatre confortablement transf\u00e9r\u00e9 entre les salles de r\u00e9union, les salles de formation et les postes de travail individuels pour faciliter l'ex\u00e9cution de diverses t\u00e2ches.<\/p>\n<p>La commodit\u00e9 du chariot ne se limite pas aux ordinateurs portables. L'int\u00e9rieur spacieux et les s\u00e9parateurs amovibles permettent d'y ranger toute une s\u00e9rie de gadgets. En outre, la disposition est adaptable, comme le montrent les configurations comprenant des bacs de rangement pour les \u00e9couteurs et d'autres appareils sur l'\u00e9tag\u00e8re inf\u00e9rieure. Cette adaptabilit\u00e9 permet aux \u00e9tablissements d'adapter le chariot \u00e0 leurs besoins sp\u00e9cifiques, qu'il s'agisse d'un programme d'ordinateur portable individuel, d'une collection de tablettes pour un travail collaboratif ou d'un m\u00e9lange d'outils et de p\u00e9riph\u00e9riques divers.<\/p>\n<h3 id=\"-thoughtful-design-and-dimensions-\"><strong>Une conception et des dimensions bien pens\u00e9es<\/strong><\/h3>\n<p>Ce chariot de chargement a \u00e9t\u00e9 soigneusement con\u00e7u pour donner la priorit\u00e9 \u00e0 la facilit\u00e9 d'utilisation. Avec un profil mince de 34,7 pouces de haut, 25,7 pouces de large et 19,7 pouces de profondeur, il s'int\u00e8gre parfaitement dans de nombreux environnements. Sa construction en acier durable est \u00e9quilibr\u00e9e par un agencement l\u00e9ger, ce qui facilite son d\u00e9placement. L'int\u00e9rieur spacieux, dot\u00e9 de racks de 11,5 pouces de haut et de 13 pouces de profondeur, peut accueillir une grande vari\u00e9t\u00e9 d'appareils, et sa capacit\u00e9 de charge permet de supporter une grande vari\u00e9t\u00e9 de tailles de gadgets pr\u00e9f\u00e9r\u00e9s, jusqu'\u00e0 11,5 pouces par 14,5 pouces.<\/p>\n<p>La ventilation est un autre facteur essentiel \u00e0 prendre en compte lors du chargement simultan\u00e9 de plusieurs gadgets, car la proc\u00e9dure peut produire une chaleur importante. Le chariot est dot\u00e9 de portes et de panneaux lat\u00e9raux perfor\u00e9s qui permettent une circulation constante de l'air, prot\u00e9geant ainsi les gadgets de la surchauffe et garantissant leur longue dur\u00e9e de vie. L'attention port\u00e9e \u00e0 l'information est \u00e9galement \u00e9vidente dans les caract\u00e9ristiques conviviales, telles que les bandes de support des num\u00e9ros de t\u00e9l\u00e9phone pour faciliter l'identification des appareils. Cette conception r\u00e9fl\u00e9chie garantit que le chariot n'est pas seulement utile et prot\u00e9g\u00e9, mais qu'il est \u00e9galement tr\u00e8s facile et intuitif \u00e0 utiliser au quotidien.<\/p>","protected":false},"excerpt":{"rendered":"<p>Ce chariot de chargement s\u00e9curis\u00e9 de la s\u00e9rie LITE est con\u00e7u pour charger, s\u00e9curiser et transporter jusqu'\u00e0 30 appareils. Il peut accueillir des appareils jusqu'\u00e0 14,5 pouces et offre des capacit\u00e9s de charge de base avec un design verrouill\u00e9 et s\u00e9curis\u00e9. Le chariot est \u00e9quip\u00e9 de roues pour une mobilit\u00e9 ais\u00e9e.<\/p>","protected":false},"featured_media":2357,"template":"","meta":{"_kad_post_transparent":"default","_kad_post_title":"","_kad_post_layout":"default","_kad_post_sidebar_id":"","_kad_post_content_style":"default","_kad_post_vertical_padding":"default","_kad_post_feature":"","_kad_post_feature_position":"","_kad_post_header":false,"_kad_post_footer":false},"product_brand":[],"product_cat":[91],"product_tag":[116,115,117],"class_list":{"0":"post-821","1":"product","2":"type-product","3":"status-publish","4":"has-post-thumbnail","6":"product_cat-charging-cabinets","7":"product_tag-30-device","8":"product_tag-charging-cart","9":"product_tag-secure-storage","11":"first","12":"instock","13":"shipping-taxable","14":"product-type-simple","15":"entry","16":"content-bg","17":"loop-entry"},"_links":{"self":[{"href":"https:\/\/24smartcharge.com\/fr\/wp-json\/wp\/v2\/product\/821","targetHints":{"allow":["GET"]}}],"collection":[{"href":"https:\/\/24smartcharge.com\/fr\/wp-json\/wp\/v2\/product"}],"about":[{"href":"https:\/\/24smartcharge.com\/fr\/wp-json\/wp\/v2\/types\/product"}],"wp:featuredmedia":[{"embeddable":true,"href":"https:\/\/24smartcharge.com\/fr\/wp-json\/wp\/v2\/media\/2357"}],"wp:attachment":[{"href":"https:\/\/24smartcharge.com\/fr\/wp-json\/wp\/v2\/media?parent=821"}],"wp:term":[{"taxonomy":"product_brand","embeddable":true,"href":"https:\/\/24smartcharge.com\/fr\/wp-json\/wp\/v2\/product_brand?post=821"},{"taxonomy":"product_cat","embeddable":true,"href":"https:\/\/24smartcharge.com\/fr\/wp-json\/wp\/v2\/product_cat?post=821"},{"taxonomy":"product_tag","embeddable":true,"href":"https:\/\/24smartcharge.com\/fr\/wp-json\/wp\/v2\/product_tag?post=821"}],"curies":[{"name":"wp","href":"https:\/\/api.w.org\/{rel}","templated":true}]}}