{"id":810,"date":"2025-07-31T09:38:15","date_gmt":"2025-07-31T09:38:15","guid":{"rendered":"https:\/\/24smartcharge.com\/?post_type=product&#038;p=810"},"modified":"2025-08-15T10:07:00","modified_gmt":"2025-08-15T10:07:00","slug":"lite-series-secure-charging-cart-for-36-devices","status":"publish","type":"product","link":"https:\/\/24smartcharge.com\/fr\/lite-series-secure-charging-cart-for-36-devices\/","title":{"rendered":"Chariot de chargement s\u00e9curis\u00e9 de la s\u00e9rie LITE pour 36 appareils"},"content":{"rendered":"<p>Dans le monde \u00e9lectronique d'aujourd'hui, la prolif\u00e9ration des t\u00e9l\u00e9phones portables dans les environnements \u00e9ducatifs et professionnels a cr\u00e9\u00e9 un besoin crucial de services de surveillance fiables, prot\u00e9g\u00e9s et centralis\u00e9s. Le chariot de chargement s\u00e9curis\u00e9 de la s\u00e9rie LITE pour 36 instruments est une solution de premier choix, con\u00e7ue avec diligence pour r\u00e9soudre les obstacles li\u00e9s au chargement, \u00e0 la sauvegarde et au transfert d'un grand nombre d'appareils avec une simplicit\u00e9 et une fiabilit\u00e9 in\u00e9gal\u00e9es. Ce chariot robuste et fonctionnel est la pierre angulaire de tout programme de mise \u00e0 disposition d'appareils r\u00e9ussi. Il permet de s'assurer que les ordinateurs portables, les tablettes et les Chromebooks sont toujours charg\u00e9s, en s\u00e9curit\u00e9 et en ligne, ce qui permet d'optimiser le temps de formation et la productivit\u00e9 des processus. Avec son design r\u00e9fl\u00e9chi, ses fonctions intelligentes et sa construction durable, ce chariot de chargement est un atout important pour tout type d'institution soucieuse de tirer le meilleur parti des technologies modernes.<\/p>\n<p>Au c\u0153ur des performances exceptionnelles du chariot de la s\u00e9rie LITE se trouve sa capacit\u00e9 de charge \u00e9lev\u00e9e et intelligemment organis\u00e9e. Con\u00e7u pour accueillir environ 36 gadgets, le chariot offre un centre centralis\u00e9 qui \u00e9limine le d\u00e9sordre et l'agitation des chargeurs individuels et des barrettes d'alimentation. L'int\u00e9rieur est judicieusement am\u00e9nag\u00e9 avec 3 \u00e9tag\u00e8res, chacune pouvant accueillir 12 outils. L'espacement des panneaux de s\u00e9paration de 1,18 pouce et la hauteur g\u00e9n\u00e9reuse de 10,69 pouces garantissent la compatibilit\u00e9 avec une large gamme d'appareils, y compris ceux comportant des instances de s\u00e9curit\u00e9. Cette option d'espace de stockage \u00e0 haute densit\u00e9 n'est pas seulement une question de capacit\u00e9, mais aussi de gestion structur\u00e9e. L'infrastructure pr\u00e9c\u00e2bl\u00e9e permet un gain de temps consid\u00e9rable, car elle est pr\u00eate \u00e0 \u00eatre mise en \u0153uvre imm\u00e9diatement. Elle permet de s'affranchir de la t\u00e2che laborieuse et contraignante du c\u00e2blage \u00e9lectrique manuel de chaque port, lib\u00e9rant ainsi des ressources informatiques pr\u00e9cieuses pour des campagnes encore plus strat\u00e9giques. L'avantage des chariots pr\u00e9c\u00e2bl\u00e9s implique \u00e9galement que les personnes n'ont pas besoin d'apporter leurs propres cordons de facturation, ce qui r\u00e9duit les risques de perte ou d'oubli de chargeurs.<\/p>\n<p>Le syst\u00e8me de charge intelligent Intelli-Sense am\u00e9liore encore le processus de charge. Cette technologie moderne de pointe est con\u00e7ue pour charger les gadgets plus efficacement en examinant intelligemment les besoins en \u00e9nergie de chaque outil connect\u00e9. Le syst\u00e8me identifie les appareils qui ont le plus besoin d'\u00eatre factur\u00e9s et se concentre sur la distribution de l'\u00e9nergie \u00e0 ces appareils en premier. Il \u00e9quilibre ensuite habilement la distribution d'\u00e9nergie pour garantir que tous les outils atteignent une charge de 100% de la mani\u00e8re la plus fiable possible. Cela permet non seulement d'am\u00e9liorer le processus de facturation, mais aussi d'\u00e9conomiser de l'\u00e9nergie et de se pr\u00e9munir contre les surcharges en r\u00e9partissant intelligemment les lots de puissance. Le syst\u00e8me est con\u00e7u pour une v\u00e9ritable exp\u00e9rience \"plug-and-play\", d\u00e9marrant automatiquement l'un des cycles de charge les plus efficaces lorsque le chariot est branch\u00e9 et red\u00e9marrant imm\u00e9diatement apr\u00e8s une coupure de courant. Ce degr\u00e9 de gestion intelligente de l'\u00e9nergie garantit que tous les appareils sont r\u00e9guli\u00e8rement pr\u00eats \u00e0 l'emploi, ce qui r\u00e9duit les temps d'arr\u00eat et optimise la productivit\u00e9.<\/p>\n<p>La protection est un probl\u00e8me primordial lorsqu'on s'occupe d'une flotte d'appareils mobiles utiles, et le chariot LITE Collection a \u00e9t\u00e9 con\u00e7u pour offrir une d\u00e9fense sans compromis. Fabriqu\u00e9 en acier durable avec une finition durable en poudre noire, ce chariot offre une d\u00e9fense impressionnante contre le vol, les dommages et les manipulations. Les portes avant et arri\u00e8re sont \u00e9quip\u00e9es d'un dispositif de verrouillage s\u00fbr, avec plusieurs cl\u00e9s pour s'assurer que seul le personnel autoris\u00e9 a acc\u00e8s aux outils. Pour une protection suppl\u00e9mentaire, la porte avant peut \u00eatre munie d'un cadenas fourni par l'utilisateur. La construction robuste, enti\u00e8rement m\u00e9tallique, prot\u00e8ge non seulement les outils, mais assure \u00e9galement la long\u00e9vit\u00e9 du chariot lui-m\u00eame, qui b\u00e9n\u00e9ficie d'une garantie \u00e0 vie sur le service de la structure. La conception int\u00e8gre \u00e9galement un syst\u00e8me de ventilation pour \u00e9viter toute surchauffe, ce qui pr\u00e9serve la dur\u00e9e de vie des batteries des appareils.<\/p>\n<p>Outre ses fonctions de chargement et de s\u00e9curit\u00e9, le chariot de la collection LITE est con\u00e7u pour une flexibilit\u00e9 et une simplicit\u00e9 d'utilisation sans effort. \u00c9quip\u00e9 de grandes roulettes pivotantes robustes, le chariot peut \u00eatre facilement man\u0153uvr\u00e9 sur de nombreuses surfaces de sol, qu'il s'agisse de couloirs lisses ou de classes recouvertes de moquette. Les roues non marquantes prot\u00e8gent les sols des \u00e9raflures et des rayures. Deux des roulettes sont \u00e9quip\u00e9es de freins de blocage pour maintenir le chariot en place en toute s\u00e9curit\u00e9 lorsqu'il est \u00e0 l'arr\u00eat. Une poign\u00e9e large, relativement facile \u00e0 fixer, permet un contr\u00f4le confortable et s\u00fbr tout au long du transport, tandis que les butoirs de s\u00e9curit\u00e9 prot\u00e8gent les murs et les entr\u00e9es contre les \u00e9raflures et les bosses involontaires. L'impact compact du chariot, similaire \u00e0 celui d'un chariot A\/V conventionnel, lui permet de s'int\u00e9grer facilement dans tout type d'environnement de d\u00e9couverte ou de travail sans occuper trop d'espace.<\/p>\n<p>La collection LITE se targue d'un style bien planifi\u00e9 qui inclut un syst\u00e8me sup\u00e9rieur de c\u00e2blodistribution, r\u00e9pondant ainsi \u00e0 un facteur d'inconfort habituel : les solutions comptables. Le syst\u00e8me int\u00e9gr\u00e9 de ce chariot, qui comprend des pinces \u00e0 c\u00e2bles, permet de maintenir les c\u00e2bles de chargement des t\u00e9l\u00e9viseurs propres, ordonn\u00e9s et s\u00e9curis\u00e9s, ce qui donne une apparence plus \u00e9l\u00e9gante et plus raffin\u00e9e. En \u00e9vitant les enchev\u00eatrements, les dommages et les pertes de c\u00e2bles, le syst\u00e8me permet en outre d'am\u00e9liorer l'efficacit\u00e9 des op\u00e9rations. Les \u00e9tiquettes num\u00e9rot\u00e9es simplifient le rep\u00e9rage et la r\u00e9cup\u00e9ration des appareils, tandis que les paniers amovibles pour les adaptateurs de courant les maintiennent organis\u00e9s et hors des sentiers battus, ce qui augmente encore l'efficacit\u00e9 de l'ensemble du chariot. Cette attention particuli\u00e8re port\u00e9e \u00e0 la gestion des c\u00e2bles am\u00e9liore l'exp\u00e9rience du client et optimise le processus de contr\u00f4le des appareils.<\/p>\n<p>En conclusion, le chariot de chargement s\u00e9curis\u00e9 de la s\u00e9rie LITE pour 36 appareils est une solution compl\u00e8te et essentielle pour toute entreprise g\u00e9rant un nombre important d'appareils mobiles. Son m\u00e9lange de haute capacit\u00e9, de charge intelligente, de s\u00e9curit\u00e9 durable et de flexibilit\u00e9 facile \u00e9tablit une nouvelle norme pour l'administration des outils. En rationalisant la proc\u00e9dure de facturation et d'espace de stockage, ce chariot permet aux instructeurs et aux sp\u00e9cialistes de se concentrer sur leurs t\u00e2ches principales sans \u00eatre d\u00e9rang\u00e9s ni g\u00ean\u00e9s par la gestion d'une technologie moderne indisciplin\u00e9e. Sa construction durable et sa garantie \u00e0 vie garantissent un retour sur investissement \u00e0 long terme, ce qui en fait un choix judicieux pour les \u00e9coles, les entreprises et les centres de soins de sant\u00e9. Pour ceux qui recherchent un moyen fiable, efficace et s\u00fbr de g\u00e9rer leur parc d'appareils, le chariot de recharge LITE Collection offre un confort supr\u00eame et une excellence fonctionnelle.<\/p>","protected":false},"excerpt":{"rendered":"<p>Ce chariot de chargement s\u00e9curis\u00e9 pour 36 appareils offre une solution robuste pour le stockage, le chargement et le transport de tablettes et d'ordinateurs portables jusqu'\u00e0 16\u2033. Il est dot\u00e9 d'un cadre m\u00e9tallique durable, d'une porte verrouillable et de roulettes \u00e0 roulement doux. Pr\u00e9-c\u00e2bl\u00e9 avec une gestion organis\u00e9e des c\u00e2bles, il est pr\u00eat \u00e0 \u00eatre utilis\u00e9 d\u00e8s son arriv\u00e9e.<\/p>","protected":false},"featured_media":2238,"template":"","meta":{"_kad_post_transparent":"default","_kad_post_title":"","_kad_post_layout":"default","_kad_post_sidebar_id":"","_kad_post_content_style":"default","_kad_post_vertical_padding":"default","_kad_post_feature":"","_kad_post_feature_position":"","_kad_post_header":false,"_kad_post_footer":false},"product_brand":[],"product_cat":[91,96,92,93,97,94,98,99,100],"product_tag":[115,114,113],"class_list":{"0":"post-810","1":"product","2":"type-product","3":"status-publish","4":"has-post-thumbnail","6":"product_cat-charging-cabinets","7":"product_cat-12-watts-output","8":"product_cat-15-outputs","9":"product_cat-30-outputs","10":"product_cat-30-watts-output","11":"product_cat-45-outputs","12":"product_cat-65-watts-output","13":"product_cat-output-quantity","14":"product_cat-power-per-output","15":"product_tag-charging-cart","16":"product_tag-lite-series-charging-cart","17":"product_tag-secure-charging-cart","19":"first","20":"instock","21":"shipping-taxable","22":"product-type-simple","23":"entry","24":"content-bg","25":"loop-entry"},"_links":{"self":[{"href":"https:\/\/24smartcharge.com\/fr\/wp-json\/wp\/v2\/product\/810","targetHints":{"allow":["GET"]}}],"collection":[{"href":"https:\/\/24smartcharge.com\/fr\/wp-json\/wp\/v2\/product"}],"about":[{"href":"https:\/\/24smartcharge.com\/fr\/wp-json\/wp\/v2\/types\/product"}],"wp:featuredmedia":[{"embeddable":true,"href":"https:\/\/24smartcharge.com\/fr\/wp-json\/wp\/v2\/media\/2238"}],"wp:attachment":[{"href":"https:\/\/24smartcharge.com\/fr\/wp-json\/wp\/v2\/media?parent=810"}],"wp:term":[{"taxonomy":"product_brand","embeddable":true,"href":"https:\/\/24smartcharge.com\/fr\/wp-json\/wp\/v2\/product_brand?post=810"},{"taxonomy":"product_cat","embeddable":true,"href":"https:\/\/24smartcharge.com\/fr\/wp-json\/wp\/v2\/product_cat?post=810"},{"taxonomy":"product_tag","embeddable":true,"href":"https:\/\/24smartcharge.com\/fr\/wp-json\/wp\/v2\/product_tag?post=810"}],"curies":[{"name":"wp","href":"https:\/\/api.w.org\/{rel}","templated":true}]}}