{"id":798,"date":"2025-07-31T06:51:33","date_gmt":"2025-07-31T06:51:33","guid":{"rendered":"https:\/\/24smartcharge.com\/?post_type=product&#038;p=798"},"modified":"2025-07-31T06:56:06","modified_gmt":"2025-07-31T06:56:06","slug":"custom-high-efficiency-smart-pdu-dc-power-distribution-units","status":"publish","type":"product","link":"https:\/\/24smartcharge.com\/fr\/custom-high-efficiency-smart-pdu-dc-power-distribution-units\/","title":{"rendered":"Unit\u00e9s de distribution d'alimentation DC (PDU) intelligentes \u00e0 haut rendement personnalis\u00e9es"},"content":{"rendered":"<h2 id=\"custom-high-efficiency-smart-dc-power-distribution-system-pdu-design-oit-1u300a-uninterrupted-power-for-essential-infrastructures\">Syst\u00e8me de distribution d'\u00e9nergie DC intelligent \u00e0 haut rendement - Conception OIT-1U300A : Alimentation ininterrompue pour les infrastructures essentielles<\/h2>\n<p>Dans le monde interconnect\u00e9 d'aujourd'hui, l'int\u00e9grit\u00e9 de l'alimentation \u00e9lectrique est extr\u00eamement importante, en particulier pour les structures critiques telles que les r\u00e9seaux de t\u00e9l\u00e9communications, les centres d'information et les syst\u00e8mes de contr\u00f4le industriel. Les temps d'arr\u00eat, m\u00eame de courte dur\u00e9e, peuvent entra\u00eener des pertes \u00e9conomiques consid\u00e9rables, la corruption d'informations et des perturbations op\u00e9rationnelles. Identifiant cette demande essentielle, Orient &amp; OIT est fi\u00e8re de pr\u00e9senter son dispositif de circulation d'alimentation CC intelligent et \u00e0 haut rendement, le mod\u00e8le OIT-1U300A. Cette solution avanc\u00e9e de montage en rack 1U est con\u00e7ue pour fournir une distribution d'alimentation CC stable, surveill\u00e9e et r\u00e9siliente, garantissant la proc\u00e9dure continue de vos outils importants.<\/p>\n<figure id=\"attachment_799\" aria-describedby=\"caption-attachment-799\" style=\"width: 1000px\" class=\"wp-caption alignnone\"><img fetchpriority=\"high\" decoding=\"async\" class=\"size-full wp-image-799\" src=\"https:\/\/24smartcharge.com\/wp-content\/uploads\/2025\/07\/Custom-High-Efficiency-Smart-PDU-DC-Power-Distribution-Units-02.jpg\" alt=\"PDU intelligente\" width=\"1000\" height=\"1000\" srcset=\"https:\/\/24smartcharge.com\/wp-content\/uploads\/2025\/07\/Custom-High-Efficiency-Smart-PDU-DC-Power-Distribution-Units-02.jpg 1000w, https:\/\/24smartcharge.com\/wp-content\/uploads\/2025\/07\/Custom-High-Efficiency-Smart-PDU-DC-Power-Distribution-Units-02-300x300.jpg 300w, https:\/\/24smartcharge.com\/wp-content\/uploads\/2025\/07\/Custom-High-Efficiency-Smart-PDU-DC-Power-Distribution-Units-02-150x150.jpg 150w, https:\/\/24smartcharge.com\/wp-content\/uploads\/2025\/07\/Custom-High-Efficiency-Smart-PDU-DC-Power-Distribution-Units-02-768x768.jpg 768w, https:\/\/24smartcharge.com\/wp-content\/uploads\/2025\/07\/Custom-High-Efficiency-Smart-PDU-DC-Power-Distribution-Units-02-600x600.jpg 600w, https:\/\/24smartcharge.com\/wp-content\/uploads\/2025\/07\/Custom-High-Efficiency-Smart-PDU-DC-Power-Distribution-Units-02-100x100.jpg 100w\" sizes=\"(max-width: 1000px) 100vw, 1000px\" \/><figcaption id=\"caption-attachment-799\" class=\"wp-caption-text\">PDU intelligente<\/figcaption><\/figure>\n<p><strong>Con\u00e7u pour une int\u00e9grit\u00e9 et une efficacit\u00e9 in\u00e9gal\u00e9es\u00a0<\/strong><\/p>\n<p>L'OIT-1U300A n'est pas une simple multiprise, c'est un concentrateur intelligent de gestion de l'\u00e9nergie con\u00e7u pour les environnements les plus exigeants. Il g\u00e8re l'alimentation -48 V DC, une tension de base couramment utilis\u00e9e dans les installations de t\u00e9l\u00e9communication et d'information en raison de son efficacit\u00e9 fondamentale dans la transmission de l'\u00e9nergie sur de longues distances et de sa compatibilit\u00e9 avec les syst\u00e8mes robustes de sauvegarde par batterie. Avec un courant d'entr\u00e9e class\u00e9 robuste de 125 amp\u00e8res et une s\u00e9rie de tensions CC de 40-60 VCC (sortie 40-58 VCC), cette PDU peut g\u00e9rer des tonnes de puissance substantielles, en distribuant l'alimentation entre plusieurs gadgets essentiels.<\/p>\n<p><strong>Les caract\u00e9ristiques secr\u00e8tes qui distinguent l'OIT-1U300A :\u00a0<\/strong><\/p>\n<ol>\n<li><strong>Distribution de courant continu \u00e0 haut rendement :\u00a0<\/strong>Con\u00e7u pour une alimentation optimale, l'OIT-1U300A minimise les pertes de puissance au sein de la cha\u00eene de distribution. En offrant une sortie CC propre et r\u00e9guli\u00e8re, il garantit que les \u00e9quipements li\u00e9s fonctionnent avec une efficacit\u00e9 maximale, en r\u00e9duisant la consommation globale d'\u00e9nergie et la production de chaleur dans vos racks. La distribution directe de courant continu \u00e9limine le besoin de conversions AC-DC r\u00e9p\u00e9t\u00e9es, qui constituent des sources de gaspillage d'\u00e9nergie dans les configurations typiques.<\/li>\n<li><strong>Capacit\u00e9s de suivi et d'administration intelligentes :\u00a0<\/strong>Fid\u00e8le \u00e0 sa classification de \"Smart PDU\", l'OIT-1U300A utilise un syst\u00e8me de suivi et de contr\u00f4le sophistiqu\u00e9. \u00c9quip\u00e9e de ports Ethernet et USB, elle facilite la gestion \u00e0 distance, permettant aux responsables de suivre en temps r\u00e9el l'\u00e9tat de l'alimentation, la tension, les circuits existants et \u00e9ventuellement les circuits priv\u00e9s. Cette intelligence fournit des informations essentielles sur les sch\u00e9mas de consommation d'\u00e9nergie, aide \u00e0 l'\u00e9quilibrage des tonnes et permet une d\u00e9tection proactive des erreurs. La visibilit\u00e9 des indications telles que les LED POWER, RUN, SYS et COM permet de v\u00e9rifier rapidement l'\u00e9tat esth\u00e9tique, tandis que l'interface \u00e0 distance permet un enregistrement approfondi des donn\u00e9es et des notifications d'alarme, ce qui permet de r\u00e9agir rapidement \u00e0 tout type d'anomalie de l'alimentation, m\u00eame depuis un endroit \u00e9loign\u00e9. Cette capacit\u00e9 \u00e0 distance r\u00e9duit consid\u00e9rablement la n\u00e9cessit\u00e9 de se rendre sur place pour des contr\u00f4les r\u00e9guliers, ce qui permet de gagner du temps et de r\u00e9duire les co\u00fbts fonctionnels.<\/li>\n<li><strong>Configuration modulaire et polyvalente des sorties :\u00a0<\/strong>Le syst\u00e8me comprend plusieurs circuits de sortie, chacun \u00e9quip\u00e9 de son propre disjoncteur (marqu\u00e9 de mani\u00e8re visible comme 63A sur l'image agrandie). Cette conception modulaire permet d'alimenter de mani\u00e8re polyvalente des appareils individuels ou des groupes d'appareils. En cas d'erreur sur un circuit, le disjoncteur sp\u00e9cifique isole le probl\u00e8me, emp\u00eachant ainsi une d\u00e9faillance en cascade qui pourrait affecter d'autres outils cruciaux reli\u00e9s \u00e0 la m\u00eame PDU. Cette s\u00e9curit\u00e9 par circuit, associ\u00e9e \u00e0 la capacit\u00e9 d'entr\u00e9e globale de 125 A, permet un contr\u00f4le granulaire et une meilleure r\u00e9sistance du syst\u00e8me. La capacit\u00e9 de remplacement \u00e0 chaud des disjoncteurs (s'ils sont con\u00e7us \u00e0 cet effet) simplifie encore la maintenance sans perturber les autres charges.<\/li>\n<li><strong>Disposition durable pour les atmosph\u00e8res exigeantes :\u00a0<\/strong>.<\/li>\n<li><strong>Large gamme de temp\u00e9ratures de fonctionnement :\u00a0<\/strong>Avec une excellente s\u00e9rie de temp\u00e9ratures de fonctionnement de -40\u00b0C \u00e0 65\u00b0C, le OIT-1U300A est con\u00e7u pour r\u00e9sister \u00e0 des conditions environnementales s\u00e9v\u00e8res. Il convient donc \u00e0 une utilisation dans des armoires de t\u00e9l\u00e9communications ext\u00e9rieures, des abris distants non climatis\u00e9s, des installations commerciales et diverses autres zones difficiles o\u00f9 les \u00e9quipements informatiques courants risquent de tomber en panne.<\/li>\n<li><strong>Compact 1U Rackmount Type Variable :\u00a0<\/strong>D'une dimension de 440 mm (L) x 261 mm (P) x 44,5 mm (H), cette unit\u00e9 PDU s'int\u00e8gre parfaitement dans les \u00e9tag\u00e8res de 19 pouces, ce qui permet d'utiliser au mieux l'espace disponible sur l'\u00e9tag\u00e8re. Son style noir \u00e9pur\u00e9 lui permet \u00e9galement de se fondre dans les environnements de serveurs web sp\u00e9cialis\u00e9s.<\/li>\n<li><strong>IP20 Score :\u00a0<\/strong>Bien que con\u00e7u pour une utilisation en int\u00e9rieur, l'indice IP20 indique une s\u00e9curit\u00e9 contre les \u00e9l\u00e9ments solides de plus de 12,5 mm, garantissant un niveau fondamental de protection contre les contacts inattendus et l'acc\u00e8s \u00e0 la salet\u00e9 pour l'environnement auquel il est destin\u00e9.<\/li>\n<li><strong>S\u00e9curit\u00e9 et conformit\u00e9 globales :\u00a0<\/strong>L'OIT-1U300A comprend de nombreuses qualifications, notamment CCC, CE, ETL et RoHS. Ces accr\u00e9ditations signifient l'adh\u00e9sion \u00e0 des crit\u00e8res internationaux rigoureux en mati\u00e8re de s\u00e9curit\u00e9, de compatibilit\u00e9 \u00e9lectromagn\u00e9tique et d'environnement. Cela permet de s'assurer que le produit est sans risque, de bonne r\u00e9putation et conforme aux exigences internationales en vigueur sur les diff\u00e9rents march\u00e9s. La protection contre les surcharges par le biais d'un disjoncteur est une fonction de s\u00e9curit\u00e9 fondamentale, qui permet d'\u00e9viter d'endommager l'unit\u00e9 PDU et les outils connect\u00e9s en cas de conditions extr\u00eames.<\/li>\n<\/ol>\n<p><strong>Applications polyvalentes :\u00a0<\/strong>.<\/p>\n<p>La conception durable et les attributs intelligents de l'OIT-1U300A en font un \u00e9l\u00e9ment essentiel dans une vari\u00e9t\u00e9 d'applications critiques :.<\/p>\n<ul>\n<li><strong>T\u00e9l\u00e9communications :\u00a0<\/strong>Vital pour l'alimentation des terminaux de base, des si\u00e8ges sociaux et des n\u0153uds de r\u00e9seau, il assure un service continu pour l'interaction voix et donn\u00e9es. Sa compatibilit\u00e9 avec le courant continu -48 V et son large \u00e9ventail de temp\u00e9ratures de fonctionnement sont sp\u00e9cifiquement adapt\u00e9s aux infrastructures de t\u00e9l\u00e9communications.<\/li>\n<li><strong>Centres d'information :\u00a0<\/strong>Fournit une distribution d'\u00e9nergie continue fiable aux serveurs web, aux outils de mise en r\u00e9seau, aux baies de stockage et \u00e0 d'autres mat\u00e9riels informatiques mont\u00e9s en rack, ce qui est essentiel pour pr\u00e9server le temps de fonctionnement et la stabilit\u00e9 des informations.<\/li>\n<li><strong>Automatisation industrielle :\u00a0<\/strong>Alimente des syst\u00e8mes de contr\u00f4le cruciaux, des dispositifs de surveillance et des syst\u00e8mes de t\u00e9l\u00e9m\u00e9trie \u00e0 distance dans les usines de fabrication, les centres p\u00e9troliers et gaziers et d'autres environnements commerciaux o\u00f9 la stabilit\u00e9 de l'alimentation n'est pas n\u00e9gociable.<\/li>\n<li><strong>Infrastructures critiques :\u00a0<\/strong>Convient aux syst\u00e8mes de s\u00e9curit\u00e9, aux communications de s\u00e9curit\u00e9 publique, aux sous-stations de services publics et aux centres de r\u00e9action d'urgence, o\u00f9 un fonctionnement ininterrompu est vital pour la s\u00e9curit\u00e9 publique et les services vitaux.<\/li>\n<li><strong>\u00c9quipements de ressources renouvelables :\u00a0<\/strong>Peut \u00eatre incorpor\u00e9 dans des syst\u00e8mes \u00e9nerg\u00e9tiques hors r\u00e9seau ou hybrides qui utilisent des sources d'\u00e9nergie \u00e0 courant continu (comme des panneaux photovolta\u00efques avec des batteries) pour distribuer efficacement l'\u00e9nergie aux charges connect\u00e9es.<\/li>\n<\/ul>\n<p><strong>Pourquoi choisir l'OIT-1U300A d'Orient &amp; OIT ?<\/strong><\/p>\n<p>Choisir l'Orient &amp; OIT OIT-1U300A, c'est acheter une option de circulation d'\u00e9nergie qui privil\u00e9gie l'int\u00e9grit\u00e9, l'intelligence et la polyvalence. Il rel\u00e8ve le d\u00e9fi principal de maintenir un flux d'\u00e9nergie non perturb\u00e9 pour les syst\u00e8mes cruciaux en offrant :.<\/p>\n<ul>\n<li><strong>Un temps de disponibilit\u00e9 exceptionnel :\u00a0<\/strong>Minimisez les temps d'arr\u00eat co\u00fbteux gr\u00e2ce \u00e0 une alimentation durable et \u00e0 une isolation rapide des d\u00e9fauts.<\/li>\n<li><strong>Contr\u00f4le renforc\u00e9 :\u00a0<\/strong>Obtenez un contr\u00f4le granulaire et des informations en temps r\u00e9el sur votre infrastructure \u00e9lectrique, o\u00f9 que vous soyez.<\/li>\n<li><strong>Performance op\u00e9rationnelle :\u00a0<\/strong>Am\u00e9liorez l'utilisation de l'\u00e9nergie et minimisez les interventions manuelles gr\u00e2ce \u00e0 des attributs intelligents.<\/li>\n<li><strong>La r\u00e9silience :\u00a0<\/strong>Comptez sur un article d\u00e9velopp\u00e9 pour fonctionner sans faille dans des conditions extr\u00eames et exigeantes.<\/li>\n<li><strong>Conformit\u00e9 :\u00a0<\/strong>Lib\u00e9rer en toute confiance, en sachant que l'article satisfait aux crit\u00e8res internationaux en mati\u00e8re de s\u00e9curit\u00e9 et d'environnement.<\/li>\n<\/ul>\n<p>Dans un environnement o\u00f9 la connexion \u00e9lectrique d\u00e9termine le succ\u00e8s, le PDU DC intelligent OIT-1U300A d'Orient &amp; OIT s'impose comme un choix de haute efficacit\u00e9, intelligent et extr\u00eamement fiable, prot\u00e9geant vos proc\u00e9dures essentielles et garantissant le confort.<\/p>","protected":false},"excerpt":{"rendered":"<p>Ce PDU DC intelligent 1U personnalis\u00e9 \u00e0 haute efficacit\u00e9 (OIT-1U300A) assure une distribution fiable de l'alimentation -48V pour les syst\u00e8mes critiques. Dot\u00e9e d'une entr\u00e9e de 125A et de sorties modulaires de 63A, elle offre une gestion flexible de l'alimentation. La surveillance \u00e0 distance via Ethernet\/USB et une large plage de fonctionnement de -40~65\u00b0C assurent un contr\u00f4le robuste.<\/p>","protected":false},"featured_media":799,"template":"","meta":{"_kad_post_transparent":"default","_kad_post_title":"","_kad_post_layout":"default","_kad_post_sidebar_id":"","_kad_post_content_style":"default","_kad_post_vertical_padding":"default","_kad_post_feature":"","_kad_post_feature_position":"","_kad_post_header":false,"_kad_post_footer":false},"product_brand":[],"product_cat":[81],"product_tag":[106,105,104],"class_list":{"0":"post-798","1":"product","2":"type-product","3":"status-publish","4":"has-post-thumbnail","6":"product_cat-smart-power-distribution-units","7":"product_tag-custom-smart-pdu","8":"product_tag-power-distribution-units","9":"product_tag-smart-pdu","11":"first","12":"instock","13":"shipping-taxable","14":"product-type-simple","15":"entry","16":"content-bg","17":"loop-entry"},"_links":{"self":[{"href":"https:\/\/24smartcharge.com\/fr\/wp-json\/wp\/v2\/product\/798","targetHints":{"allow":["GET"]}}],"collection":[{"href":"https:\/\/24smartcharge.com\/fr\/wp-json\/wp\/v2\/product"}],"about":[{"href":"https:\/\/24smartcharge.com\/fr\/wp-json\/wp\/v2\/types\/product"}],"wp:featuredmedia":[{"embeddable":true,"href":"https:\/\/24smartcharge.com\/fr\/wp-json\/wp\/v2\/media\/799"}],"wp:attachment":[{"href":"https:\/\/24smartcharge.com\/fr\/wp-json\/wp\/v2\/media?parent=798"}],"wp:term":[{"taxonomy":"product_brand","embeddable":true,"href":"https:\/\/24smartcharge.com\/fr\/wp-json\/wp\/v2\/product_brand?post=798"},{"taxonomy":"product_cat","embeddable":true,"href":"https:\/\/24smartcharge.com\/fr\/wp-json\/wp\/v2\/product_cat?post=798"},{"taxonomy":"product_tag","embeddable":true,"href":"https:\/\/24smartcharge.com\/fr\/wp-json\/wp\/v2\/product_tag?post=798"}],"curies":[{"name":"wp","href":"https:\/\/api.w.org\/{rel}","templated":true}]}}