{"id":1857,"date":"2025-08-08T10:05:06","date_gmt":"2025-08-08T10:05:06","guid":{"rendered":"https:\/\/24smartcharge.com\/?post_type=product&#038;p=1857"},"modified":"2025-08-18T02:19:11","modified_gmt":"2025-08-18T02:19:11","slug":"ergotron-mobile-laptop-tablet-charging-cabinet","status":"publish","type":"product","link":"https:\/\/24smartcharge.com\/fr\/ergotron-mobile-laptop-tablet-charging-cabinet\/","title":{"rendered":"Ergotron Mobile Laptop &amp; Tablet Charging Cabinet"},"content":{"rendered":"<h3 id=\"-ergotron-mobile-laptop-tablet-charging-cabinet-the-ultimate-solution-for-device-management-\"><strong>Ergotron Mobile Laptop &amp; Tablet Charging Cabinet : La solution ultime pour la gestion des appareils<\/strong><\/h3>\n<p>Dans tout environnement \u00e9ducatif ou d'entreprise moderne, la gestion d'une flotte d'appareils tels que les ordinateurs portables, les tablettes et les Chromebooks repr\u00e9sente un d\u00e9fi de taille. Il est primordial de s'assurer que ces biens pr\u00e9cieux sont s\u00e9curis\u00e9s, enti\u00e8rement charg\u00e9s et pr\u00eats \u00e0 \u00eatre utilis\u00e9s quotidiennement. L'armoire de chargement mobile pour ordinateurs portables et tablettes d'Ergotron offre une solution compl\u00e8te et rationalis\u00e9e, con\u00e7ue pour simplifier la gestion des appareils tout en donnant la priorit\u00e9 \u00e0 la s\u00e9curit\u00e9, \u00e0 l'efficacit\u00e9 et \u00e0 la long\u00e9vit\u00e9. Cette station de charge robuste et intelligemment con\u00e7ue est plus qu'une simple unit\u00e9 de stockage ; c'est un outil essentiel pour toute organisation cherchant \u00e0 optimiser son flux de travail technologique.<\/p>\n<h3 id=\"-high-capacity-and-versatile-storage-\"><strong>Stockage de grande capacit\u00e9 et polyvalent<\/strong><\/h3>\n<p>L'une des caract\u00e9ristiques les plus remarquables de cette\u00a0<strong>Armoire de chargement<\/strong>\u00a0est sa flexibilit\u00e9 exceptionnelle. L'int\u00e9rieur est \u00e9quip\u00e9 de s\u00e9parateurs r\u00e9glables, ce qui vous permet de personnaliser la taille de la baie pour accueillir une grande vari\u00e9t\u00e9 d'appareils. Cette adaptabilit\u00e9 en fait un investissement \u00e0 l'\u00e9preuve du temps, capable d'accueillir vos technologies actuelles et celles \u00e0 venir.<\/p>\n<ul>\n<li><strong>Mode Tablette et Chromebook :<\/strong>\u00a0Configurez l'armoire pour stocker et charger en toute s\u00e9curit\u00e9 jusqu'\u00e0 40 tablettes ou Chromebooks.<\/li>\n<li><strong>Mode ordinateur portable :<\/strong>\u00a0Pour les appareils plus volumineux, l'armoire peut \u00eatre ajust\u00e9e pour accueillir jusqu'\u00e0 30 ordinateurs portables de taille normale.<\/li>\n<\/ul>\n<p>Cette conception universelle vous permet de g\u00e9rer une flotte mixte d'appareils de diff\u00e9rents fabricants (Microsoft, Apple, Dell, HP, etc.) au sein d'une seule unit\u00e9 organis\u00e9e. Le syst\u00e8me de gestion des c\u00e2bles propre et net garantit que chaque appareil a son emplacement d\u00e9sign\u00e9, \u00e9liminant ainsi l'encombrement des fils emm\u00eal\u00e9s et facilitant le branchement et le retrait des appareils par les utilisateurs.<\/p>\n<h3 id=\"-intelligent-and-efficient-charging-with-powershuttle-technology-\"><strong>Chargement intelligent et efficace gr\u00e2ce \u00e0 la technologie PowerShuttle<\/strong><\/h3>\n<p>Au c\u0153ur de cette armoire de chargement se trouve la technologie brevet\u00e9e PowerShuttle\u00ae d'Ergotron, un syst\u00e8me sophistiqu\u00e9 qui r\u00e9volutionne le processus de chargement. Au lieu d'utiliser une simple minuterie round-robin qui charge les appareils par lots, la technologie PowerShuttle\u00ae surveille intelligemment la consommation d'\u00e9nergie et optimise la charge de tous les appareils connect\u00e9s simultan\u00e9ment.<\/p>\n<p>Voici comment il am\u00e9liore l'efficacit\u00e9 et la s\u00e9curit\u00e9 :<\/p>\n<ul>\n<li><strong>Chargement plus rapide :<\/strong>\u00a0Ce syst\u00e8me peut charger des appareils jusqu'\u00e0 40% plus rapidement que les syst\u00e8mes concurrents de type round-robin. Cela signifie moins de temps d'arr\u00eat et plus de temps pour l'apprentissage et la productivit\u00e9.<\/li>\n<li><strong>Protection des circuits :<\/strong>\u00a0En g\u00e9rant la charge \u00e9lectrique, PowerShuttle\u00ae \u00e9vite la surcharge des circuits \u00e9lectriques et le d\u00e9clenchement intempestif des disjoncteurs, m\u00eame lorsque l'armoire est enti\u00e8rement charg\u00e9e. Pour ce faire, il d\u00e9tecte la consommation totale de courant et divise la puissance en groupes s\u00fbrs si la limite est sur le point d'\u00eatre d\u00e9pass\u00e9e.<\/li>\n<li><strong>Pas de minuterie manuelle :<\/strong>\u00a0L'ensemble du processus est automatis\u00e9, ce qui \u00e9limine le besoin de changer manuellement de prise ou de r\u00e9gler la minuterie. Il suffit de brancher l'armoire sur une simple prise murale standard, et elle s'occupe du reste.<\/li>\n<\/ul>\n<h3 id=\"-protecting-your-investment-enhanced-device-longevity-\"><strong>Prot\u00e9gez votre investissement : Am\u00e9lioration de la long\u00e9vit\u00e9 des appareils<\/strong><\/h3>\n<p>Les appareils \u00e9lectroniques g\u00e9n\u00e8rent une chaleur importante pendant la charge, et les temp\u00e9ratures excessives peuvent r\u00e9duire consid\u00e9rablement la sant\u00e9 de la batterie et raccourcir la dur\u00e9e de vie globale de l'appareil. C'est pourquoi la gamme Ergotron\u00a0<strong>Armoire de chargement<\/strong>\u00a0est con\u00e7u avec des ventilateurs int\u00e9gr\u00e9s et une conception ventil\u00e9e pour assurer un refroidissement optimal.<\/p>\n<p>Les portes en acier sont perfor\u00e9es pour permettre une circulation d'air continue, emp\u00eachant l'accumulation de chaleur dans l'espace clos. Ce syst\u00e8me de refroidissement actif maintient les batteries et les composants internes dans leur plage de temp\u00e9rature id\u00e9ale, les prot\u00e9geant ainsi des dommages et de la d\u00e9gradation li\u00e9s \u00e0 la chaleur. En prolongeant la dur\u00e9e de vie de vos appareils, l'armoire offre un retour sur investissement exceptionnel.<\/p>\n<h3 id=\"-robust-security-for-peace-of-mind-\"><strong>Une s\u00e9curit\u00e9 robuste pour la tranquillit\u00e9 d'esprit<\/strong><\/h3>\n<p>La s\u00e9curisation de dizaines d'appareils de valeur est une priorit\u00e9 absolue, et ce chariot de chargement est con\u00e7u pour offrir une protection maximale. L'armoire est dot\u00e9e d'un cadre en acier robuste et de portes en acier durables \u00e0 double charni\u00e8re qui s'ouvrent \u00e0 180 degr\u00e9s pour faciliter l'acc\u00e8s.<\/p>\n<p>La s\u00e9curit\u00e9 est encore renforc\u00e9e par un ensemble robuste de cl\u00e9s et de serrures, garantissant que seul le personnel autoris\u00e9 peut acc\u00e9der aux appareils. Pour une s\u00e9curit\u00e9 encore plus grande, le chariot peut \u00eatre fix\u00e9 au mur ou au sol \u00e0 l'aide d'un support optionnel, ce qui constitue une formidable d\u00e9fense contre le vol dans n'importe quel environnement. L'ensemble du chariot est test\u00e9 et certifi\u00e9 selon les normes UL, ce qui garantit qu'il r\u00e9pond aux exigences de s\u00e9curit\u00e9 strictes en mati\u00e8re d'\u00e9lectricit\u00e9, d'incendie et de risques physiques.<\/p>\n<h3 id=\"-effortless-mobility-and-user-friendly-design-\"><strong>Mobilit\u00e9 sans effort et conception conviviale<\/strong><\/h3>\n<p>Con\u00e7ue pour les environnements dynamiques tels que les \u00e9coles et les bureaux, cette\u00a0<strong>Armoire de chargement<\/strong>\u00a0est con\u00e7u pour la mobilit\u00e9. Il repose sur quatre roulettes durables, de qualit\u00e9 m\u00e9dicale, \u00e0 double blocage, qui glissent en douceur et sans bruit sur diff\u00e9rentes surfaces de sol. La poign\u00e9e int\u00e9gr\u00e9e offre une prise confortable pour faciliter le passage des portes et des couloirs. Sa conception compacte et l\u00e9g\u00e8re le rend nettement plus petit que de nombreux produits concurrents, ce qui lui permet de s'int\u00e9grer facilement dans les espaces restreints sans perturber le flux de travail.<\/p>\n<p>Mieux encore, l'appareil est livr\u00e9 enti\u00e8rement assembl\u00e9. Aucune installation complexe n'est n\u00e9cessaire. Il suffit de le d\u00e9baller, de le brancher et il est pr\u00eat \u00e0 recharger vos appareils, ce qui vous permet de gagner du temps et de vous \u00e9pargner des tracas.<\/p>\n<h3 id=\"-streamlined-it-management-\"><strong>Gestion simplifi\u00e9e des technologies de l'information<\/strong><\/h3>\n<p>Cette armoire de chargement est \u00e9galement un outil puissant pour les professionnels de l'informatique. Elle est \u00e9quip\u00e9e de c\u00e2bles Ethernet CAT6 pr\u00e9install\u00e9s et de supports de montage, ce qui permet une gestion compl\u00e8te des appareils. Ces c\u00e2bles \u00e0 haut d\u00e9bit permettent au personnel informatique d'envoyer des mises \u00e0 jour logicielles, d'effectuer des diagnostics et de r\u00e9imager les appareils pendant qu'ils sont stock\u00e9s en toute s\u00e9curit\u00e9 et qu'ils se rechargent pendant la nuit. Cette capacit\u00e9 de gestion centralis\u00e9e permet d'\u00e9conomiser d'innombrables heures de travail manuel, lib\u00e9rant ainsi le personnel informatique pour qu'il se concentre sur d'autres t\u00e2ches essentielles. Les c\u00e2bles CAT6 offrent un transfert de donn\u00e9es fiable et \u00e0 grande vitesse, garantissant que les mises \u00e0 jour sont effectu\u00e9es rapidement et efficacement sans interf\u00e9rence.<\/p>\n<p>L'armoire de chargement mobile pour ordinateurs portables et tablettes d'Ergotron est la solution compl\u00e8te pour toute organisation \u00e0 la recherche d'une solution efficace, s\u00e9curis\u00e9e et fiable pour la gestion de ses appareils mobiles.<\/p>","protected":false},"excerpt":{"rendered":"<div class=\"chat-container\">\n<div class=\"chat-view-container ng-star-inserted\">\n<div>\n<div class=\"chat-turn-container model render cdk-focused cdk-mouse-focused\" tabindex=\"-1\">\n<div class=\"model-prompt-container\" data-turn-role=\"Model\">\n<div class=\"turn-content\">\n<p class=\"ng-star-inserted\"><span class=\"ng-star-inserted\">Cette armoire de chargement mobile d'Ergotron stocke, transporte et charge en toute s\u00e9curit\u00e9 jusqu'\u00e0 30 ordinateurs portables ou 40 tablettes. Elle est dot\u00e9e de s\u00e9parateurs r\u00e9glables, de ventilateurs de refroidissement pour prolonger la dur\u00e9e de vie des batteries et de c\u00e2bles Ethernet CAT6 pr\u00e9install\u00e9s pour faciliter la gestion des appareils. Les portes verrouillables offrent une s\u00e9curit\u00e9 accrue.<\/span><\/p>\n<div class=\"turn-information ng-star-inserted\"><\/div>\n<\/div>\n<\/div>\n<div class=\"turn-footer ng-star-inserted\"><\/div>\n<\/div>\n<\/div>\n<\/div>\n<\/div>\n<footer class=\"not-zero-state ng-star-inserted\">\n<div class=\"mat-mdc-tooltip-trigger prompt-input-wrapper\">\n<div>\n<div class=\"prompt-input-wrapper-container\">\n<div class=\"text-wrapper\">\n<section class=\"text-and-attachments-wrapper\">\n<div class=\"text-input-wrapper\"><\/div>\n<\/section>\n<\/div>\n<\/div>\n<\/div>\n<\/div>\n<\/footer>","protected":false},"featured_media":2757,"template":"","meta":{"_kad_post_transparent":"default","_kad_post_title":"","_kad_post_layout":"default","_kad_post_sidebar_id":"","_kad_post_content_style":"default","_kad_post_vertical_padding":"default","_kad_post_feature":"","_kad_post_feature_position":"","_kad_post_header":false,"_kad_post_footer":false},"product_brand":[],"product_cat":[91,96,92,93,97,94,98,99,100],"product_tag":[122,277,120],"class_list":{"0":"post-1857","1":"product","2":"type-product","3":"status-publish","4":"has-post-thumbnail","6":"product_cat-charging-cabinets","7":"product_cat-12-watts-output","8":"product_cat-15-outputs","9":"product_cat-30-outputs","10":"product_cat-30-watts-output","11":"product_cat-45-outputs","12":"product_cat-65-watts-output","13":"product_cat-output-quantity","14":"product_cat-power-per-output","15":"product_tag-charging-cabinet","16":"product_tag-laptop-cart","17":"product_tag-secure-device-storage","19":"first","20":"instock","21":"shipping-taxable","22":"product-type-simple","23":"entry","24":"content-bg","25":"loop-entry"},"_links":{"self":[{"href":"https:\/\/24smartcharge.com\/fr\/wp-json\/wp\/v2\/product\/1857","targetHints":{"allow":["GET"]}}],"collection":[{"href":"https:\/\/24smartcharge.com\/fr\/wp-json\/wp\/v2\/product"}],"about":[{"href":"https:\/\/24smartcharge.com\/fr\/wp-json\/wp\/v2\/types\/product"}],"wp:featuredmedia":[{"embeddable":true,"href":"https:\/\/24smartcharge.com\/fr\/wp-json\/wp\/v2\/media\/2757"}],"wp:attachment":[{"href":"https:\/\/24smartcharge.com\/fr\/wp-json\/wp\/v2\/media?parent=1857"}],"wp:term":[{"taxonomy":"product_brand","embeddable":true,"href":"https:\/\/24smartcharge.com\/fr\/wp-json\/wp\/v2\/product_brand?post=1857"},{"taxonomy":"product_cat","embeddable":true,"href":"https:\/\/24smartcharge.com\/fr\/wp-json\/wp\/v2\/product_cat?post=1857"},{"taxonomy":"product_tag","embeddable":true,"href":"https:\/\/24smartcharge.com\/fr\/wp-json\/wp\/v2\/product_tag?post=1857"}],"curies":[{"name":"wp","href":"https:\/\/api.w.org\/{rel}","templated":true}]}}