{"id":1830,"date":"2025-08-08T09:19:02","date_gmt":"2025-08-08T09:19:02","guid":{"rendered":"https:\/\/24smartcharge.com\/?post_type=product&#038;p=1830"},"modified":"2025-08-18T02:11:59","modified_gmt":"2025-08-18T02:11:59","slug":"secure-uv-disinfecting-charging-cabinet-for-10-devices","status":"publish","type":"product","link":"https:\/\/24smartcharge.com\/fr\/secure-uv-disinfecting-charging-cabinet-for-10-devices\/","title":{"rendered":"Armoire de recharge s\u00e9curis\u00e9e \u00e0 d\u00e9sinfection UV pour 10 appareils"},"content":{"rendered":"<h2 id=\"intelligent-charging-for-peak-efficiency\">Chargement intelligent pour une efficacit\u00e9 maximale<\/h2>\n<p>Le pr\u00e9sent\u00a0<strong>Armoire de chargement<\/strong>\u00a0est con\u00e7u non seulement pour alimenter vos appareils, mais aussi pour le faire de la mani\u00e8re la plus intelligente possible. Le syst\u00e8me est construit autour d'une philosophie de simplicit\u00e9 et d'efficacit\u00e9, \u00e0 commencer par son panneau de commande intuitif \u00e0 touche unique.<\/p>\n<h3 id=\"simple-one-touch-operation\">Fonctionnement par simple pression d'une touche<\/h3>\n<p>Oubliez les programmations compliqu\u00e9es et les interfaces d\u00e9routantes. Un seul bouton suffit pour activer les cycles de charge et de d\u00e9sinfection. Cette facilit\u00e9 d'utilisation garantit que tout le monde peut utiliser l'armoire avec un minimum de formation, ce qui permet d'\u00e9conomiser du temps et des efforts. Pour des besoins plus sp\u00e9cifiques, les utilisateurs peuvent facilement personnaliser les dur\u00e9es de cycle gr\u00e2ce \u00e0 l'affichage num\u00e9rique clair, ce qui permet de r\u00e9gler et d'oublier.<\/p>\n<h3 id=\"smart-prioritized-charging\">Chargement intelligent et prioritaire<\/h3>\n<p>L'armoire est dot\u00e9e d'un mode de charge intelligent et continu qui identifie intelligemment les appareils dont le niveau de batterie est le plus bas et leur donne la priorit\u00e9. Cela signifie que l'\u00e9quipement qui a le plus besoin d'\u00eatre aliment\u00e9 l'est en premier, ce qui garantit un d\u00e9lai d'ex\u00e9cution plus rapide pour les appareils critiques. Cette technologie de charge cyclique permet non seulement de pr\u00e9parer vos appareils plus rapidement, mais elle favorise \u00e9galement une charge plus efficace, ce qui peut contribuer \u00e0 pr\u00e9server et \u00e0 prolonger la sant\u00e9 \u00e0 long terme des batteries de vos appareils.<\/p>\n<h2 id=\"advanced-uv-c-disinfection-for-a-safer-environment\">D\u00e9sinfection UV-C avanc\u00e9e pour un environnement plus s\u00fbr<\/h2>\n<p>Dans tout espace partag\u00e9, les appareils \u00e9lectroniques deviennent des points de contact majeurs pour les germes, les bact\u00e9ries et les virus. Cette\u00a0<strong>Armoire de chargement<\/strong>\u00a0s'attaque directement \u00e0 ce probl\u00e8me critique gr\u00e2ce \u00e0 son syst\u00e8me de d\u00e9sinfection UV-C int\u00e9gr\u00e9.<\/p>\n<p>Lorsque les portes sont ferm\u00e9es et qu'un cycle est lanc\u00e9, une puissante lumi\u00e8re UV-C baigne les appareils, neutralisant jusqu'\u00e0 99,9% des agents pathog\u00e8nes de surface sans utiliser de produits chimiques agressifs, de liquides ou de chaleur. Cette m\u00e9thode est sans danger pour tous les appareils \u00e9lectroniques et ne laisse aucun r\u00e9sidu, ce qui garantit que chaque appareil est non seulement compl\u00e8tement charg\u00e9, mais aussi hygi\u00e9niquement propre et sans danger pour l'utilisateur suivant. Cette fonction est inestimable dans les \u00e9coles, les h\u00f4pitaux et les entreprises en contact avec la client\u00e8le, o\u00f9 la sant\u00e9 et la s\u00e9curit\u00e9 sont primordiales.<\/p>\n<h2 id=\"uncompromised-security-and-durability\">S\u00e9curit\u00e9 et durabilit\u00e9 sans compromis<\/h2>\n<p>La protection de vos biens \u00e9lectroniques de valeur contre le vol et les dommages est une priorit\u00e9 absolue. Cette\u00a0<strong>Armoire de chargement<\/strong>\u00a0est dot\u00e9 de fonctions de s\u00e9curit\u00e9 robustes qui garantissent une totale tranquillit\u00e9 d'esprit.<\/p>\n<h3 id=\"secured-and-organized-storage\">Stockage s\u00e9curis\u00e9 et organis\u00e9<\/h3>\n<p>L'armoire est fabriqu\u00e9e \u00e0 partir de mat\u00e9riaux durables et dispose d'un ensemble de poign\u00e9es robustes \u00e0 cl\u00e9. Cette serrure permet un acc\u00e8s s\u00e9curis\u00e9 \u00e0 la baie de chargement principale, emp\u00eachant le retrait non autoris\u00e9 d'ordinateurs portables, de tablettes ou d'autres \u00e9quipements. Les prises de courant, situ\u00e9es \u00e0 l'arri\u00e8re de l'armoire, sont \u00e9galement s\u00e9curis\u00e9es, ce qui emp\u00eache toute manipulation des composants \u00e9lectriques. Les fen\u00eatres transparentes des portes permettent un contr\u00f4le visuel rapide de l'inventaire sans qu'il soit n\u00e9cessaire de d\u00e9verrouiller et d'ouvrir l'unit\u00e9.<\/p>\n<h3 id=\"customizable-for-maximum-versatility\">Personnalisable pour une polyvalence maximale<\/h3>\n<p>La technologie n'est jamais une solution unique, et ce n'est pas le cas.\u00a0<strong>Armoire de chargement<\/strong>\u00a0est con\u00e7u pour s'adapter \u00e0 vos besoins sp\u00e9cifiques. Les s\u00e9parateurs internes peuvent \u00eatre facilement r\u00e9arrang\u00e9s ou enti\u00e8rement retir\u00e9s pour accueillir une grande vari\u00e9t\u00e9 d'appareils, y compris :<\/p>\n<ul>\n<li>Ordinateurs portables<\/li>\n<li>Tablettes et iPads<\/li>\n<li>Casques VR<\/li>\n<li>Lecteurs de codes-barres<\/li>\n<li>Smartphones<\/li>\n<li>Et plus encore<\/li>\n<\/ul>\n<p>Cette incroyable flexibilit\u00e9 garantit que votre investissement reste pertinent m\u00eame si la technologie de votre organisation \u00e9volue. Il \u00e9limine l'encombrement en fournissant un logement propre et organis\u00e9 pour chaque appareil, ce qui \u00e9limine les c\u00e2bles en d\u00e9sordre et les chargeurs mal plac\u00e9s.<\/p>\n<h2 id=\"superior-safety-features\">Caract\u00e9ristiques de s\u00e9curit\u00e9 sup\u00e9rieures<\/h2>\n<p>Le chargement simultan\u00e9 de plusieurs appareils de grande puissance g\u00e9n\u00e8re une chaleur importante et n\u00e9cessite une gestion stable de l'\u00e9lectricit\u00e9. Cette armoire est \u00e9quip\u00e9e de plusieurs dispositifs de s\u00e9curit\u00e9 pour prot\u00e9ger \u00e0 la fois les appareils et l'unit\u00e9 elle-m\u00eame.<\/p>\n<ul>\n<li><strong>Syst\u00e8me de refroidissement intuitif :<\/strong>\u00a0Un syst\u00e8me de refroidissement int\u00e9gr\u00e9 avec ventilation lat\u00e9rale pr\u00e9vient activement la surchauffe, garantissant que tous les \u00e9quipements fonctionnent dans une plage de temp\u00e9rature s\u00fbre.<\/li>\n<li><strong>Protection de la tension :<\/strong>\u00a0Le syst\u00e8me fournit une protection de tension int\u00e9gr\u00e9e, prot\u00e9geant vos appareils \u00e9lectroniques sensibles contre les surtensions et les fluctuations de puissance potentiellement dommageables.<\/li>\n<li><strong>Construction durable :<\/strong>\u00a0Con\u00e7ue pour r\u00e9pondre aux exigences des environnements \u00e0 fort trafic, la structure robuste de l'armoire est con\u00e7ue pour une fiabilit\u00e9 et des performances durables.<\/li>\n<\/ul>\n<p>En int\u00e9grant ces fonctions critiques dans une unit\u00e9 centralis\u00e9e, cette armoire de chargement s\u00e9curis\u00e9e \u00e0 d\u00e9sinfection UV transforme la gestion des appareils d'une corv\u00e9e quotidienne en un processus transparent et automatis\u00e9. C'est la solution id\u00e9ale pour mettre de l'ordre, de la s\u00e9curit\u00e9 et de la propret\u00e9 dans votre \u00e9cosyst\u00e8me technologique.<\/p>","protected":false},"excerpt":{"rendered":"<div class=\"chat-turn-container model render cdk-focused cdk-mouse-focused\" tabindex=\"-1\">\n<div class=\"model-prompt-container\" data-turn-role=\"Model\">\n<div class=\"turn-content\">\n<p class=\"ng-star-inserted\"><span class=\"ng-star-inserted\">Cette armoire de chargement s\u00e9curis\u00e9e charge, stocke et utilise la lumi\u00e8re UV pour d\u00e9sinfecter jusqu'\u00e0 10 appareils. Elle est dot\u00e9e d'une commande \u00e0 touche unique, d'une serrure \u00e0 cl\u00e9 pour la s\u00e9curit\u00e9 et de s\u00e9parateurs personnalisables pour les ordinateurs portables, les tablettes et bien plus encore. Un syst\u00e8me de refroidissement int\u00e9gr\u00e9 emp\u00eache la surchauffe.<\/span><\/p>\n<div class=\"turn-information ng-star-inserted\"><\/div>\n<\/div>\n<\/div>\n<\/div>\n<div class=\"chat-turn-container render user\" tabindex=\"-1\">\n<div class=\"actions-container\">\n<div class=\"actions hover-or-edit\">\n<div><\/div>\n<\/div>\n<\/div>\n<div class=\"user-prompt-container\" data-turn-role=\"User\">\n<div class=\"turn-content\"><\/div>\n<\/div>\n<\/div>","protected":false},"featured_media":2754,"template":"","meta":{"_kad_post_transparent":"default","_kad_post_title":"","_kad_post_layout":"default","_kad_post_sidebar_id":"","_kad_post_content_style":"default","_kad_post_vertical_padding":"default","_kad_post_feature":"","_kad_post_feature_position":"","_kad_post_header":false,"_kad_post_footer":false},"product_brand":[],"product_cat":[91],"product_tag":[122,144,276],"class_list":{"0":"post-1830","1":"product","2":"type-product","3":"status-publish","4":"has-post-thumbnail","6":"product_cat-charging-cabinets","7":"product_tag-charging-cabinet","8":"product_tag-secure-charging-station","9":"product_tag-uv-sanitizer","11":"first","12":"instock","13":"shipping-taxable","14":"product-type-simple","15":"entry","16":"content-bg","17":"loop-entry"},"_links":{"self":[{"href":"https:\/\/24smartcharge.com\/fr\/wp-json\/wp\/v2\/product\/1830","targetHints":{"allow":["GET"]}}],"collection":[{"href":"https:\/\/24smartcharge.com\/fr\/wp-json\/wp\/v2\/product"}],"about":[{"href":"https:\/\/24smartcharge.com\/fr\/wp-json\/wp\/v2\/types\/product"}],"wp:featuredmedia":[{"embeddable":true,"href":"https:\/\/24smartcharge.com\/fr\/wp-json\/wp\/v2\/media\/2754"}],"wp:attachment":[{"href":"https:\/\/24smartcharge.com\/fr\/wp-json\/wp\/v2\/media?parent=1830"}],"wp:term":[{"taxonomy":"product_brand","embeddable":true,"href":"https:\/\/24smartcharge.com\/fr\/wp-json\/wp\/v2\/product_brand?post=1830"},{"taxonomy":"product_cat","embeddable":true,"href":"https:\/\/24smartcharge.com\/fr\/wp-json\/wp\/v2\/product_cat?post=1830"},{"taxonomy":"product_tag","embeddable":true,"href":"https:\/\/24smartcharge.com\/fr\/wp-json\/wp\/v2\/product_tag?post=1830"}],"curies":[{"name":"wp","href":"https:\/\/api.w.org\/{rel}","templated":true}]}}