{"id":1792,"date":"2025-08-08T08:58:16","date_gmt":"2025-08-08T08:58:16","guid":{"rendered":"https:\/\/24smartcharge.com\/?post_type=product&#038;p=1792"},"modified":"2025-08-18T01:57:39","modified_gmt":"2025-08-18T01:57:39","slug":"16-device-fast-charging-pd-charging-cabinet","status":"publish","type":"product","link":"https:\/\/24smartcharge.com\/fr\/16-device-fast-charging-pd-charging-cabinet\/","title":{"rendered":"Armoire de charge PD \u00e0 charge rapide pour 16 appareils"},"content":{"rendered":"<h2 id=\"the-ultimate-solution-for-device-management-the-16-device-fast-charging-pd-charging-cabinet\">La solution ultime pour la gestion des appareils : L'armoire de recharge PD \u00e0 charge rapide pour 16 appareils<\/h2>\n<p>Dans le monde num\u00e9rique d'aujourd'hui, qui \u00e9volue rapidement, que ce soit dans une salle de classe, un bureau ou un espace commercial, la gestion de plusieurs appareils \u00e9lectroniques peut repr\u00e9senter un d\u00e9fi de taille. Garder la trace des tablettes, des ordinateurs portables et des t\u00e9l\u00e9phones, s'assurer qu'ils sont toujours charg\u00e9s et maintenir leur s\u00e9curit\u00e9 et leur propret\u00e9 est un travail \u00e0 plein temps. C'est l\u00e0 que le\u00a0<strong>Armoire de charge PD \u00e0 charge rapide pour 16 appareils<\/strong>\u00a0transforme votre flux de travail en offrant une solution centralis\u00e9e, s\u00e9curis\u00e9e et hautement efficace pour alimenter et prot\u00e9ger vos pr\u00e9cieux \u00e9quipements technologiques. Cette solution robuste et intelligemment con\u00e7ue\u00a0<strong>Armoire de chargement<\/strong>\u00a0est plus qu'une simple source d'\u00e9nergie ; c'est un syst\u00e8me complet con\u00e7u pour la commodit\u00e9, la s\u00e9curit\u00e9 et les besoins modernes.<\/p>\n<h3 id=\"centralized-power-and-organization\">Pouvoir et organisation centralis\u00e9s<\/h3>\n<p>Dites adieu aux bureaux encombr\u00e9s, aux fils emm\u00eal\u00e9s et \u00e0 la recherche constante de prises murales disponibles. Cette\u00a0<strong>Armoire de chargement<\/strong>\u00a0peut accueillir jusqu'\u00e0 16 appareils, en les organisant proprement dans des baies individuelles num\u00e9rot\u00e9es. Son design bien pens\u00e9, mesurant 28,0 pouces de largeur, 15,7 pouces de hauteur et 17,3 pouces de profondeur, offre une solution de grande capacit\u00e9 avec un encombrement \u00e9tonnamment compact, ce qui permet de le placer facilement sur un comptoir ou de le s\u00e9curiser dans une zone d\u00e9sign\u00e9e. Les portes avant robustes et verrouillables offrent un niveau de s\u00e9curit\u00e9 essentiel, vous garantissant que vos appareils sont \u00e0 l'abri du vol ou d'une utilisation non autoris\u00e9e. La num\u00e9rotation claire au-dessus de chaque emplacement facilite la gestion des appareils, permettant aux utilisateurs d'identifier et de r\u00e9cup\u00e9rer rapidement l'appareil qui leur a \u00e9t\u00e9 attribu\u00e9, sans confusion.<\/p>\n<h3 id=\"advanced-fast-charging-with-smart-technology\">Chargement rapide avanc\u00e9 avec technologie intelligente<\/h3>\n<p>Au c\u0153ur de cette\u00a0<strong>Armoire de chargement<\/strong>\u00a0est un hub PD puissant et intelligent \u00e0 charge rapide. \"PD\", ou Power Delivery, est une norme de charge de pointe qui communique avec chaque appareil connect\u00e9 afin de lui fournir la quantit\u00e9 pr\u00e9cise d'\u00e9nergie dont il a besoin pour se recharger aussi rapidement et s\u00fbrement que possible. Cela signifie que vos appareils, des smartphones aux tablettes, seront mis sous tension en une fraction de temps par rapport aux chargeurs standard, minimisant ainsi les temps d'arr\u00eat et maximisant la productivit\u00e9.<\/p>\n<p>En outre, l'armoire est dot\u00e9e d'un\u00a0<strong>Cycle de charge intelligent<\/strong>. Lorsqu'il est branch\u00e9 sur une simple prise murale, il g\u00e8re intelligemment la distribution de l'\u00e9nergie vers les 16 ports. Ce syst\u00e8me sophistiqu\u00e9 \u00e9vite le risque de surcharge du circuit, un probl\u00e8me courant lorsqu'on tente de charger plusieurs appareils \u00e0 la fois. Il garantit une charge stable et efficace pour chaque appareil, sans n\u00e9cessiter d'installation \u00e9lectrique complexe ni craindre de d\u00e9clencher un disjoncteur.<\/p>\n<h3 id=\"uncompromising-safety-and-durability\">S\u00e9curit\u00e9 et durabilit\u00e9 sans compromis<\/h3>\n<p>Le chargement simultan\u00e9 de nombreux appareils \u00e9lectroniques de grande valeur exige que l'on mette l'accent sur la s\u00e9curit\u00e9. La s\u00e9curit\u00e9 est au c\u0153ur des pr\u00e9occupations.\u00a0<strong>Armoire de chargement<\/strong>\u00a0est con\u00e7u avec plusieurs couches de protection pour prot\u00e9ger \u00e0 la fois les utilisateurs et les appareils qu'il contient.<\/p>\n<ul>\n<li><strong>Syst\u00e8me de refroidissement intuitif :<\/strong>\u00a0La chaleur est l'ennemie de l'\u00e9lectronique. L'armoire est \u00e9quip\u00e9e d'un syst\u00e8me de refroidissement avanc\u00e9, avec de nombreuses fentes d'a\u00e9ration sur le dessus, les portes et les c\u00f4t\u00e9s pour assurer un flux d'air constant. Ce syst\u00e8me emp\u00eache les appareils de surchauffer pendant le cycle de charge, ce qui prot\u00e8ge leurs composants internes et prolonge leur dur\u00e9e de vie.<\/li>\n<li><strong>Protection de la tension :<\/strong>\u00a0Le circuit interne offre une protection solide contre les surtensions, les fluctuations de tension et les courts-circuits. Cette fonction agit comme un bouclier pour vos appareils \u00e9lectroniques sensibles, garantissant qu'ils re\u00e7oivent une alimentation propre et stable \u00e0 chaque fois.<\/li>\n<li><strong>Construction durable :<\/strong>\u00a0Fabriqu\u00e9e en acier de haute qualit\u00e9, cette station de charge est con\u00e7ue pour r\u00e9sister aux rigueurs d'une utilisation quotidienne dans des environnements tr\u00e8s fr\u00e9quent\u00e9s. Sa construction solide, son m\u00e9canisme de verrouillage s\u00e9curis\u00e9 et ses pieds robustes garantissent qu'elle restera un \u00e9l\u00e9ment fiable de votre infrastructure technologique pour les ann\u00e9es \u00e0 venir.<\/li>\n<\/ul>\n<h3 id=\"innovative-charge-and-clean-technology\">Technologie innovante \"Charge and Clean<\/h3>\n<p>\u00c0 une \u00e9poque o\u00f9 l'hygi\u00e8ne est plus importante que jamais, cette\u00a0<strong>Armoire de chargement<\/strong>\u00a0pr\u00e9sente un projet novateur de\u00a0<strong>Charger et nettoyer<\/strong>\u00a0caract\u00e9ristique. Les appareils partag\u00e9s peuvent \u00eatre un terrain propice \u00e0 la prolif\u00e9ration des germes et des bact\u00e9ries. Pour y rem\u00e9dier, l'armoire est \u00e9quip\u00e9e d'un puissant \u00e9clairage UV. Pendant que vos appareils se rechargent, ce syst\u00e8me d'assainissement par UV se met au travail et nettoie les surfaces de vos articles en seulement cinq minutes. Ce processus permet d'\u00e9liminer les agents pathog\u00e8nes nocifs sans utiliser de produits chimiques agressifs, offrant ainsi un environnement plus sain aux \u00e9tudiants, aux employ\u00e9s et aux clients. Il s'agit d'une solution deux-en-un transparente qui assainit votre technologie sans effort suppl\u00e9mentaire.<\/p>\n<h3 id=\"designed-for-simplicity-and-ease-of-use\">Con\u00e7u pour la simplicit\u00e9 et la facilit\u00e9 d'utilisation<\/h3>\n<p>Malgr\u00e9 ses caract\u00e9ristiques avanc\u00e9es, cette\u00a0<strong>Armoire de chargement<\/strong>\u00a0est incroyablement simple \u00e0 utiliser. L'ensemble du syst\u00e8me est con\u00e7u pour une fonctionnalit\u00e9 \"plug-and-play\". Il n'y a pas de programmes compliqu\u00e9s \u00e0 installer ou de param\u00e8tres \u00e0 configurer. Il suffit de placer vos appareils dans les baies, de les brancher sur les ports correspondants, de fermer les portes et d'allumer l'interrupteur principal situ\u00e9 \u00e0 l'arri\u00e8re. L'armoire s'occupe du reste, depuis le lancement du cycle de charge intelligent jusqu'\u00e0 la garantie que chaque appareil est aliment\u00e9 de mani\u00e8re s\u00fbre et efficace. Des poign\u00e9es lat\u00e9rales permettent de positionner ou de d\u00e9placer facilement l'armoire selon les besoins, ce qui la rend encore plus pratique.<\/p>\n<p>Le pr\u00e9sent\u00a0<strong>Armoire de charge PD \u00e0 charge rapide pour 16 appareils<\/strong>\u00a0est la solution tout-en-un d\u00e9finitive pour toute organisation cherchant \u00e0 rationaliser la gestion de ses appareils. Il offre une vitesse de charge sup\u00e9rieure, une gestion intelligente de l'alimentation, une s\u00e9curit\u00e9 de premier ordre et l'avantage suppl\u00e9mentaire de la d\u00e9sinfection aux UV, le tout dans un design durable et convivial. Investissez dans l'efficacit\u00e9, la s\u00e9curit\u00e9 et la tranquillit\u00e9 d'esprit.<\/p>","protected":false},"excerpt":{"rendered":"<div class=\"chat-container\">\n<div class=\"chat-view-container ng-star-inserted\">\n<div>\n<div class=\"chat-turn-container model render cdk-focused cdk-mouse-focused\" tabindex=\"-1\">\n<div class=\"model-prompt-container\" data-turn-role=\"Model\">\n<div class=\"turn-content\">\n<p class=\"ng-star-inserted\"><span class=\"ng-star-inserted\">Cette armoire de recharge facile \u00e0 utiliser stocke en toute s\u00e9curit\u00e9 et recharge rapidement jusqu'\u00e0 16 appareils \u00e0 la fois. Son cycle de charge intelligent, ses fonctions de s\u00e9curit\u00e9 et son nettoyage par UV en font une solution efficace et simple. Il suffit de brancher vos appareils pour qu'ils soient rapidement recharg\u00e9s et d\u00e9sinfect\u00e9s.<\/span><\/p>\n<\/div>\n<\/div>\n<\/div>\n<\/div>\n<\/div>\n<\/div>","protected":false},"featured_media":2743,"template":"","meta":{"_kad_post_transparent":"default","_kad_post_title":"","_kad_post_layout":"default","_kad_post_sidebar_id":"","_kad_post_content_style":"default","_kad_post_vertical_padding":"default","_kad_post_feature":"","_kad_post_feature_position":"","_kad_post_header":false,"_kad_post_footer":false},"product_brand":[],"product_cat":[91],"product_tag":[275,122,274],"class_list":{"0":"post-1792","1":"product","2":"type-product","3":"status-publish","4":"has-post-thumbnail","6":"product_cat-charging-cabinets","7":"product_tag-16-device-capacity","8":"product_tag-charging-cabinet","9":"product_tag-uv-cleaning","11":"first","12":"instock","13":"shipping-taxable","14":"product-type-simple","15":"entry","16":"content-bg","17":"loop-entry"},"_links":{"self":[{"href":"https:\/\/24smartcharge.com\/fr\/wp-json\/wp\/v2\/product\/1792","targetHints":{"allow":["GET"]}}],"collection":[{"href":"https:\/\/24smartcharge.com\/fr\/wp-json\/wp\/v2\/product"}],"about":[{"href":"https:\/\/24smartcharge.com\/fr\/wp-json\/wp\/v2\/types\/product"}],"wp:featuredmedia":[{"embeddable":true,"href":"https:\/\/24smartcharge.com\/fr\/wp-json\/wp\/v2\/media\/2743"}],"wp:attachment":[{"href":"https:\/\/24smartcharge.com\/fr\/wp-json\/wp\/v2\/media?parent=1792"}],"wp:term":[{"taxonomy":"product_brand","embeddable":true,"href":"https:\/\/24smartcharge.com\/fr\/wp-json\/wp\/v2\/product_brand?post=1792"},{"taxonomy":"product_cat","embeddable":true,"href":"https:\/\/24smartcharge.com\/fr\/wp-json\/wp\/v2\/product_cat?post=1792"},{"taxonomy":"product_tag","embeddable":true,"href":"https:\/\/24smartcharge.com\/fr\/wp-json\/wp\/v2\/product_tag?post=1792"}],"curies":[{"name":"wp","href":"https:\/\/api.w.org\/{rel}","templated":true}]}}