{"id":1786,"date":"2025-08-08T08:28:55","date_gmt":"2025-08-08T08:28:55","guid":{"rendered":"https:\/\/24smartcharge.com\/?post_type=product&#038;p=1786"},"modified":"2025-08-18T01:50:10","modified_gmt":"2025-08-18T01:50:10","slug":"30-device-uv-sanitizing-ac-charging-cabinet","status":"publish","type":"product","link":"https:\/\/24smartcharge.com\/fr\/30-device-uv-sanitizing-ac-charging-cabinet\/","title":{"rendered":"Armoire de recharge CA avec d\u00e9sinfection UV pour 30 appareils"},"content":{"rendered":"<h1 id=\"the-ultimate-solution-for-device-management-the-30-device-uv-sanitizing-ac-charging-cabinet\">La solution ultime pour la gestion des appareils : L'armoire de recharge CA avec d\u00e9sinfection UV pour 30 appareils<\/h1>\n<p>Dans le monde d'aujourd'hui, o\u00f9 les technologies \u00e9voluent rapidement, la gestion d'une flotte de tablettes, d'ordinateurs portables et d'autres appareils \u00e9lectroniques repr\u00e9sente un d\u00e9fi de taille pour les \u00e9coles, les bureaux, les \u00e9tablissements de soins de sant\u00e9 et toute autre organisation qui s'appuie sur une technologie partag\u00e9e. Garder les appareils charg\u00e9s, organis\u00e9s, s\u00e9curis\u00e9s et hygi\u00e9niques peut \u00eatre un cauchemar logistique. Le pr\u00e9sent\u00a0<strong>Armoire de chargement<\/strong>\u00a0est con\u00e7u pour r\u00e9soudre tous ces probl\u00e8mes en une seule solution \u00e9l\u00e9gante, mobile et tr\u00e8s efficace. Con\u00e7u pour stocker, charger et d\u00e9sinfecter en toute s\u00e9curit\u00e9 jusqu'\u00e0 30 appareils \u00e0 la fois, il s'agit de l'outil indispensable pour rationaliser votre flux de travail technologique et garantir que votre \u00e9quipement est toujours pr\u00eat et s\u00fbr \u00e0 l'emploi.<\/p>\n<h2 id=\"effortless-charging-for-maximum-productivity\">Chargement sans effort pour une productivit\u00e9 maximale<\/h2>\n<p>Dites adieu aux c\u00e2bles emm\u00eal\u00e9s, aux prises murales occup\u00e9es et au chaos de la recharge de plusieurs appareils. Cette\u00a0<strong>Armoire de chargement<\/strong>\u00a0constitue un p\u00f4le centralis\u00e9 et organis\u00e9 pour tous vos besoins en mati\u00e8re de charge.<\/p>\n<ul>\n<li><strong>Chargement \u00e0 haute capacit\u00e9 :<\/strong>\u00a0\u00c9quip\u00e9e de 30 prises CA, l'armoire peut alimenter simultan\u00e9ment jusqu'\u00e0 30 appareils, qu'il s'agisse de tablettes, de Chromebooks ou de petits ordinateurs portables. L'int\u00e9rieur est con\u00e7u avec soin, avec 30 baies individuelles, chacune avec sa propre source d'alimentation, ce qui garantit que chaque appareil a sa place attitr\u00e9e.<\/li>\n<li><strong>Cycle de charge intelligent :<\/strong>\u00a0La caract\u00e9ristique la plus importante de son syst\u00e8me d'alimentation est la technologie de charge intelligente. Lorsque vous branchez le chariot sur une seule prise murale, il g\u00e8re automatiquement la distribution de l'\u00e9nergie \u00e0 tous les appareils connect\u00e9s. Cela \u00e9vite de surcharger le circuit, ce qui est un risque courant lorsque l'on charge plusieurs appareils \u00e0 forte consommation en m\u00eame temps. Ce syst\u00e8me intelligent assure \u00e9galement une protection de la tension et favorise un cycle de charge, ce qui am\u00e9liore la dur\u00e9e de vie de la batterie et garantit un processus de charge plus efficace et plus s\u00fbr pour tous vos biens de valeur.<\/li>\n<li><strong>Simplicit\u00e9 d'une seule touche :<\/strong>\u00a0Fonctionnement de cette\u00a0<strong>Armoire de chargement<\/strong>\u00a0est incroyablement simple. Une simple touche suffit pour lancer le processus de chargement de tous les appareils connect\u00e9s. Il n'est pas n\u00e9cessaire de proc\u00e9der \u00e0 des r\u00e9glages ou \u00e0 une programmation compliqu\u00e9s. Il vous suffit de brancher vos appareils, d'appuyer sur un bouton et de vous \u00e9loigner en sachant que tout sera charg\u00e9 et pr\u00eat pour le lendemain.<\/li>\n<\/ul>\n<h2 id=\"advanced-uv-sanitization-for-a-healthier-environment\">Assainissement UV avanc\u00e9 pour un environnement plus sain<\/h2>\n<p>\u00c0 une \u00e9poque o\u00f9 l'hygi\u00e8ne est plus importante que jamais, cette\u00a0<strong>Armoire de chargement<\/strong>\u00a0va au-del\u00e0 de la simple charge. Il int\u00e8gre une puissante technologie de d\u00e9sinfection par UV-C pour garantir que vos appareils sont non seulement aliment\u00e9s, mais aussi propres.<\/p>\n<ul>\n<li><strong>Recharge et nettoyage simultan\u00e9s :<\/strong>\u00a0Les surfaces tr\u00e8s tactiles comme les claviers, les \u00e9crans et les bo\u00eetiers d'appareils sont des terrains propices \u00e0 la prolif\u00e9ration des germes. Cette armoire est dot\u00e9e d'un \u00e9clairage UV int\u00e9gr\u00e9 qui entre en action d\u00e8s que vos appareils sont rang\u00e9s.<\/li>\n<li><strong>Rapide et efficace :<\/strong>\u00a0Le cycle de d\u00e9sinfection par UV est remarquablement rapide, nettoyant les surfaces de vos articles en seulement cinq minutes. Ce processus permet de r\u00e9duire la pr\u00e9sence de germes et de bact\u00e9ries, favorisant ainsi un environnement plus sain pour les \u00e9tudiants, les employ\u00e9s et les clients. Il offre une tranquillit\u00e9 d'esprit et une protection suppl\u00e9mentaire dans tout espace partag\u00e9.<\/li>\n<\/ul>\n<h2 id=\"robust-security-and-durable-design\">S\u00e9curit\u00e9 robuste et conception durable<\/h2>\n<p>La protection de votre investissement est primordiale. Il s'agit\u00a0<strong>Armoire de chargement<\/strong>\u00a0est con\u00e7u dans un souci de s\u00e9curit\u00e9 et de durabilit\u00e9, ce qui garantit que vos appareils sont \u00e0 l'abri du vol et des dommages.<\/p>\n<ul>\n<li><strong>Construction solide :<\/strong>\u00a0L'armoire est fabriqu\u00e9e en acier de haute qualit\u00e9, offrant un bo\u00eetier robuste et durable qui peut r\u00e9sister aux exigences d'une utilisation quotidienne dans des environnements tr\u00e8s fr\u00e9quent\u00e9s. Son cadre robuste garantit une fiabilit\u00e9 \u00e0 long terme.<\/li>\n<li><strong>Syst\u00e8me de verrouillage s\u00e9curis\u00e9 :<\/strong>\u00a0La porte est \u00e9quip\u00e9e d'un m\u00e9canisme de verrouillage s\u00e9curis\u00e9 pour emp\u00eacher tout acc\u00e8s non autoris\u00e9. Vous pouvez ainsi stocker du mat\u00e9riel de valeur pendant la nuit ou dans des zones non s\u00e9curis\u00e9es en toute confiance. (Veuillez noter que les serrures ne sont pas incluses, ce qui vous permet de choisir la solution de verrouillage qui r\u00e9pond le mieux \u00e0 vos besoins en mati\u00e8re de s\u00e9curit\u00e9).<\/li>\n<li><strong>Ventil\u00e9 pour plus de s\u00e9curit\u00e9 :<\/strong>\u00a0La chaleur est l'ennemie de l'\u00e9lectronique. Pour garantir des performances et une long\u00e9vit\u00e9 optimales, l'armoire comporte des orifices de ventilation strat\u00e9giquement plac\u00e9s sur ses portes et ses panneaux. Ce syst\u00e8me de refroidissement passif fonctionne en conjonction avec le refroidissement interne intuitif du chariot pour dissiper la chaleur g\u00e9n\u00e9r\u00e9e pendant le cycle de charge, \u00e9vitant ainsi la surchauffe des appareils.<\/li>\n<\/ul>\n<h2 id=\"designed-for-mobility-and-convenience\">Con\u00e7u pour la mobilit\u00e9 et la commodit\u00e9<\/h2>\n<p>Le pr\u00e9sent\u00a0<strong>Armoire de chargement<\/strong>\u00a0n'est pas une simple bo\u00eete stationnaire, c'est une station de travail enti\u00e8rement mobile con\u00e7ue pour se d\u00e9placer l\u00e0 o\u00f9 vous en avez le plus besoin.<\/p>\n<ul>\n<li><strong>Transport sans effort :<\/strong>\u00a0Dot\u00e9e de quatre roues pivotantes robustes, l'armoire glisse en douceur sur diff\u00e9rents types de sols. Une poign\u00e9e ergonomique et confortable offre une excellente prise et un bon contr\u00f4le, ce qui facilite la navigation dans les couloirs, les entr\u00e9es de porte et les salles de classe. Transporter un ensemble complet de 30 appareils d'une salle de stockage \u00e0 plusieurs salles de classe n'a jamais \u00e9t\u00e9 aussi facile.<\/li>\n<li><strong>Propret\u00e9 et organisation :<\/strong>\u00a0Les s\u00e9parateurs int\u00e9rieurs ne se contentent pas de s\u00e9parer et de prot\u00e9ger chaque appareil, ils fonctionnent \u00e9galement avec un syst\u00e8me de gestion des c\u00e2bles int\u00e9gr\u00e9 qui permet de garder les fils bien rang\u00e9s et d\u00e9m\u00eal\u00e9s. Cette organisation m\u00e9ticuleuse permet de brancher et de d\u00e9brancher les appareils rapidement et sans probl\u00e8me.<\/li>\n<\/ul>\n<h3 id=\"-product-summary-\"><strong>R\u00e9sum\u00e9 du produit<\/strong><\/h3>\n<ul>\n<li><strong>Capacit\u00e9 :<\/strong>\u00a0Permet de stocker et de charger jusqu'\u00e0 30 appareils.<\/li>\n<li><strong>Puissance :<\/strong>\u00a0Comprend 30 prises d'alimentation en courant alternatif avec un cycle de charge intelligent pour \u00e9viter les surcharges.<\/li>\n<li><strong>Assainissement :<\/strong>\u00a0\u00c9quip\u00e9 d'un \u00e9clairage UV pour d\u00e9sinfecter les appareils pendant la charge.<\/li>\n<li><strong>La s\u00e9curit\u00e9 :<\/strong>\u00a0Construction en acier durable avec une porte s\u00e9curis\u00e9e et verrouillable.<\/li>\n<li><strong>Mobilit\u00e9 :<\/strong>\u00a0Comprend une poign\u00e9e de pouss\u00e9e et quatre roues pivotantes pour un transport facile.<\/li>\n<li><strong>Dimensions :<\/strong>\u00a023,1 pouces (L) x 25,9 pouces (P) x 37 pouces (H)<\/li>\n<li><strong>Poids :<\/strong>\u00a097 lb<\/li>\n<li><strong>Entr\u00e9e\/sortie :<\/strong>\u00a0100-120V AC, 50\/60Hz, 12A<\/li>\n<\/ul>\n<h3 id=\"-what-s-in-the-box-\"><strong>Que contient la bo\u00eete ?<\/strong><\/h3>\n<ul>\n<li>1x Charging Cart<\/li>\n<li>1x Poign\u00e9e<\/li>\n<li>4x Roues<\/li>\n<li>1x c\u00e2ble d'alimentation AC<\/li>\n<li>30x baies<\/li>\n<\/ul>","protected":false},"excerpt":{"rendered":"<div class=\"chat-container\">\n<div class=\"chat-view-container ng-star-inserted\">\n<div>\n<div class=\"chat-turn-container model render cdk-focused cdk-mouse-focused\" tabindex=\"-1\">\n<div class=\"model-prompt-container\" data-turn-role=\"Model\">\n<div class=\"turn-content\">\n<p class=\"ng-star-inserted\"><span class=\"ng-star-inserted\">Cette armoire de recharge s\u00e9curis\u00e9e et mobile permet de stocker et de recharger jusqu'\u00e0 30 appareils simultan\u00e9ment. Elle est \u00e9quip\u00e9e de prises CA, d'un cycle de charge intelligent pour \u00e9viter les surcharges et d'un \u00e9clairage UV int\u00e9gr\u00e9 pour d\u00e9sinfecter les appareils pendant qu'ils se rechargent, ce qui en fait une solution efficace pour la gestion des appareils \u00e9lectroniques.<\/span><\/p>\n<div class=\"turn-information ng-star-inserted\"><\/div>\n<\/div>\n<\/div>\n<div class=\"turn-footer ng-star-inserted\"><\/div>\n<\/div>\n<\/div>\n<\/div>\n<\/div>\n<footer class=\"not-zero-state ng-star-inserted\">\n<div class=\"mat-mdc-tooltip-trigger prompt-input-wrapper\">\n<div>\n<div class=\"prompt-input-wrapper-container\">\n<div class=\"text-wrapper\">\n<section class=\"text-and-attachments-wrapper\">\n<div class=\"text-input-wrapper\"><\/div>\n<\/section>\n<\/div>\n<\/div>\n<\/div>\n<\/div>\n<\/footer>","protected":false},"featured_media":2742,"template":"","meta":{"_kad_post_transparent":"default","_kad_post_title":"","_kad_post_layout":"default","_kad_post_sidebar_id":"","_kad_post_content_style":"default","_kad_post_vertical_padding":"default","_kad_post_feature":"","_kad_post_feature_position":"","_kad_post_header":false,"_kad_post_footer":false},"product_brand":[],"product_cat":[91],"product_tag":[273,122,272],"class_list":{"0":"post-1786","1":"product","2":"type-product","3":"status-publish","4":"has-post-thumbnail","6":"product_cat-charging-cabinets","7":"product_tag-30-device-storage","8":"product_tag-charging-cabinet","9":"product_tag-uv-sanitizing-cart","11":"first","12":"instock","13":"shipping-taxable","14":"product-type-simple","15":"entry","16":"content-bg","17":"loop-entry"},"_links":{"self":[{"href":"https:\/\/24smartcharge.com\/fr\/wp-json\/wp\/v2\/product\/1786","targetHints":{"allow":["GET"]}}],"collection":[{"href":"https:\/\/24smartcharge.com\/fr\/wp-json\/wp\/v2\/product"}],"about":[{"href":"https:\/\/24smartcharge.com\/fr\/wp-json\/wp\/v2\/types\/product"}],"wp:featuredmedia":[{"embeddable":true,"href":"https:\/\/24smartcharge.com\/fr\/wp-json\/wp\/v2\/media\/2742"}],"wp:attachment":[{"href":"https:\/\/24smartcharge.com\/fr\/wp-json\/wp\/v2\/media?parent=1786"}],"wp:term":[{"taxonomy":"product_brand","embeddable":true,"href":"https:\/\/24smartcharge.com\/fr\/wp-json\/wp\/v2\/product_brand?post=1786"},{"taxonomy":"product_cat","embeddable":true,"href":"https:\/\/24smartcharge.com\/fr\/wp-json\/wp\/v2\/product_cat?post=1786"},{"taxonomy":"product_tag","embeddable":true,"href":"https:\/\/24smartcharge.com\/fr\/wp-json\/wp\/v2\/product_tag?post=1786"}],"curies":[{"name":"wp","href":"https:\/\/api.w.org\/{rel}","templated":true}]}}