{"id":1777,"date":"2025-08-08T08:22:56","date_gmt":"2025-08-08T08:22:56","guid":{"rendered":"https:\/\/24smartcharge.com\/?post_type=product&#038;p=1777"},"modified":"2025-08-18T01:44:55","modified_gmt":"2025-08-18T01:44:55","slug":"uv-disinfecting-charging-cabinet-for-30-devices","status":"publish","type":"product","link":"https:\/\/24smartcharge.com\/fr\/uv-disinfecting-charging-cabinet-for-30-devices\/","title":{"rendered":"Armoire de chargement \u00e0 d\u00e9sinfection UV pour 30 appareils"},"content":{"rendered":"<h3 id=\"-streamline-your-device-management-with-the-advanced-uv-disinfecting-charging-cabinet-\"><strong>Rationalisez la gestion de vos appareils gr\u00e2ce \u00e0 l'armoire de chargement \u00e0 d\u00e9sinfection UV avanc\u00e9e<\/strong><\/h3>\n<p>Dans le monde d'aujourd'hui, o\u00f9 les technologies \u00e9voluent rapidement, la gestion de plusieurs appareils dans un cadre \u00e9ducatif ou professionnel peut repr\u00e9senter un d\u00e9fi de taille. Il est primordial de s'assurer que les ordinateurs portables, les tablettes et les t\u00e9l\u00e9phones sont non seulement compl\u00e8tement charg\u00e9s et stock\u00e9s en toute s\u00e9curit\u00e9, mais aussi hygi\u00e9niquement propres. Cette armoire de chargement \u00e0 d\u00e9sinfection UV est une solution tout-en-un con\u00e7ue pour r\u00e9pondre \u00e0 ces exigences modernes, offrant la capacit\u00e9 de charger, stocker et d\u00e9sinfecter jusqu'\u00e0 30 appareils simultan\u00e9ment. Sa construction robuste et ses fonctions intelligentes en font un outil indispensable pour les \u00e9coles, les bureaux, les \u00e9tablissements de sant\u00e9 et tout environnement o\u00f9 de nombreux appareils sont utilis\u00e9s en permanence.<\/p>\n<h3 id=\"-effortless-operation-and-intelligent-charging-\"><strong>Fonctionnement sans effort et chargement intelligent<\/strong><\/h3>\n<p>La simplicit\u00e9 et l'efficacit\u00e9 sont au c\u0153ur de la conception de cette armoire de chargement. Une simple pression suffit pour lancer les cycles de charge et de d\u00e9sinfection, ce qui la rend incroyablement conviviale. Vous avez la possibilit\u00e9 de personnaliser ces cycles en fonction de vos besoins sp\u00e9cifiques ou d'activer le \"mode de charge continue et intelligente\". Cette fonction intelligente donne la priorit\u00e9 aux appareils dont le niveau de batterie est le plus bas, afin qu'ils soient pr\u00eats \u00e0 l'emploi le plus rapidement possible.<\/p>\n<p>Le processus de chargement lui-m\u00eame est tr\u00e8s adaptable. Vous pouvez d\u00e9finir des intervalles de charge par incr\u00e9ments d'une heure, de une \u00e0 24 heures. Pour une approche plus directe, maintenez le bouton d'alimentation enfonc\u00e9 pendant trois secondes pour activer le mode de charge continue, qui fournit une alimentation ininterrompue jusqu'\u00e0 ce que chaque appareil soit 100% charg\u00e9. Cette polyvalence garantit que vos appareils sont toujours aliment\u00e9s et pr\u00eats \u00e0 faire face aux exigences de la journ\u00e9e.<\/p>\n<h3 id=\"-advanced-uv-c-disinfection-for-a-healthier-environment-\"><strong>D\u00e9sinfection UV-C avanc\u00e9e pour un environnement plus sain<\/strong><\/h3>\n<p>\u00c0 une \u00e9poque o\u00f9 l'hygi\u00e8ne est plus importante que jamais, cette armoire de chargement offre une solution efficace pour lutter contre la propagation des germes. Elle int\u00e8gre la technologie de la lumi\u00e8re UV-C pour d\u00e9sinfecter les surfaces des appareils qu'elle contient. La lumi\u00e8re UV-C est une m\u00e9thode \u00e9prouv\u00e9e pour \u00e9liminer un large \u00e9ventail de bact\u00e9ries et de virus en perturbant leur ADN, ce qui les rend inoffensifs. Ce processus de nettoyage non chimique permet de garder l'esprit tranquille, sachant que les appareils partag\u00e9s et manipul\u00e9s sont r\u00e9guli\u00e8rement d\u00e9sinfect\u00e9s, ce qui contribue \u00e0 cr\u00e9er un environnement plus sain pour les \u00e9tudiants, les employ\u00e9s et les clients.<\/p>\n<h3 id=\"-safety-as-a-top-priority-\"><strong>La s\u00e9curit\u00e9, une priorit\u00e9 absolue<\/strong><\/h3>\n<p>La conception de cette armoire de chargement int\u00e8gre plusieurs fonctions de s\u00e9curit\u00e9 essentielles pour prot\u00e9ger \u00e0 la fois l'utilisateur et les appareils qu'elle contient. Un syst\u00e8me de refroidissement intuitif est int\u00e9gr\u00e9 pour \u00e9viter toute surchauffe, m\u00eame lorsque l'armoire est enti\u00e8rement charg\u00e9e et que tous les appareils se rechargent simultan\u00e9ment. Il offre \u00e9galement une protection contre les surtensions afin de prot\u00e9ger vos appareils \u00e9lectroniques de valeur.<\/p>\n<p>Une mesure de s\u00e9curit\u00e9 essentielle est l'arr\u00eat automatique de l'\u00e9clairage UV-C. Les lampes UV-C s'\u00e9teignent imm\u00e9diatement lorsque les portes de l'armoire sont ouvertes. Les lampes UV-C s'\u00e9teignent imm\u00e9diatement lorsque les portes de l'armoire sont ouvertes, \u00e9vitant ainsi toute exposition accidentelle aux rayons UV. Cette fonction bien pens\u00e9e garantit que les puissantes propri\u00e9t\u00e9s d\u00e9sinfectantes de la lumi\u00e8re UV-C ne sont actives que lorsque l'armoire est bien ferm\u00e9e.<\/p>\n<h3 id=\"-durable-and-convenient-design-\"><strong>Conception durable et pratique<\/strong><\/h3>\n<p>Construite pour la long\u00e9vit\u00e9 et la facilit\u00e9 d'utilisation, cette armoire de charge mobile est con\u00e7ue pour r\u00e9sister aux rigueurs d'une utilisation quotidienne dans des environnements tr\u00e8s fr\u00e9quent\u00e9s. L'armoire est \u00e9quip\u00e9e de roulettes robustes qui permettent de la transporter facilement d'une pi\u00e8ce \u00e0 l'autre, ce qui en fait une v\u00e9ritable solution portable. La porte avant offre une vue claire des appareils \u00e0 l'int\u00e9rieur, ce qui permet un inventaire visuel rapide et un contr\u00f4le de l'\u00e9tat de charge. La s\u00e9curit\u00e9 est \u00e9galement assur\u00e9e par un m\u00e9canisme de verrouillage qui prot\u00e8ge les appareils stock\u00e9s contre tout acc\u00e8s non autoris\u00e9.<\/p>\n<p>Avec une hauteur de baie de 11 pouces et une largeur de 22,50 pouces, l'armoire peut accueillir une grande vari\u00e9t\u00e9 d'appareils, depuis les t\u00e9l\u00e9phones et les banques d'alimentation jusqu'aux ordinateurs portables de plus grande taille. L'espace de 2,25 pouces entre les s\u00e9parateurs et une prise CA d\u00e9di\u00e9e pour chaque emplacement garantissent qu'il y a suffisamment de place pour chaque appareil et son c\u00e2ble de charge. Le mod\u00e8le \u00e0 30 baies offre une capacit\u00e9 substantielle tout en conservant un encombrement raisonnable, avec des dimensions de 26,18 pouces en largeur, 21,65 pouces en profondeur et 43,7 pouces en hauteur.<\/p>\n<p>Cette armoire de chargement \u00e0 d\u00e9sinfection par UV est plus qu'une simple unit\u00e9 de stockage ; c'est un syst\u00e8me complet pour la gestion moderne des appareils. En combinant un chargement efficace, un stockage s\u00e9curis\u00e9 et une d\u00e9sinfection puissante, elle offre une solution pratique et essentielle pour maintenir un environnement productif et hygi\u00e9nique.<\/p>","protected":false},"excerpt":{"rendered":"<div class=\"model-prompt-container\" data-turn-role=\"Model\">\n<div class=\"turn-content\">\n<p class=\"ng-star-inserted\"><span class=\"ng-star-inserted\">Chargez, stockez et d\u00e9sinfectez jusqu'\u00e0 30 appareils. Cette armoire de recharge mobile utilise la lumi\u00e8re UV-C pour l'assainissement et dispose d'une fonction de recharge intelligente \u00e0 une touche pour donner la priorit\u00e9 aux appareils dont la batterie est la plus faible. Un syst\u00e8me de refroidissement intuitif et un \u00e9clairage UV \u00e0 arr\u00eat automatique garantissent la s\u00e9curit\u00e9.<\/span><\/p>\n<\/div>\n<\/div>","protected":false},"featured_media":2734,"template":"","meta":{"_kad_post_transparent":"default","_kad_post_title":"","_kad_post_layout":"default","_kad_post_sidebar_id":"","_kad_post_content_style":"default","_kad_post_vertical_padding":"default","_kad_post_feature":"","_kad_post_feature_position":"","_kad_post_header":false,"_kad_post_footer":false},"product_brand":[],"product_cat":[91],"product_tag":[271,122,270],"class_list":{"0":"post-1777","1":"product","2":"type-product","3":"status-publish","4":"has-post-thumbnail","6":"product_cat-charging-cabinets","7":"product_tag-30-device-cart","8":"product_tag-charging-cabinet","9":"product_tag-uv-disinfection","11":"first","12":"instock","13":"shipping-taxable","14":"product-type-simple","15":"entry","16":"content-bg","17":"loop-entry"},"_links":{"self":[{"href":"https:\/\/24smartcharge.com\/fr\/wp-json\/wp\/v2\/product\/1777","targetHints":{"allow":["GET"]}}],"collection":[{"href":"https:\/\/24smartcharge.com\/fr\/wp-json\/wp\/v2\/product"}],"about":[{"href":"https:\/\/24smartcharge.com\/fr\/wp-json\/wp\/v2\/types\/product"}],"wp:featuredmedia":[{"embeddable":true,"href":"https:\/\/24smartcharge.com\/fr\/wp-json\/wp\/v2\/media\/2734"}],"wp:attachment":[{"href":"https:\/\/24smartcharge.com\/fr\/wp-json\/wp\/v2\/media?parent=1777"}],"wp:term":[{"taxonomy":"product_brand","embeddable":true,"href":"https:\/\/24smartcharge.com\/fr\/wp-json\/wp\/v2\/product_brand?post=1777"},{"taxonomy":"product_cat","embeddable":true,"href":"https:\/\/24smartcharge.com\/fr\/wp-json\/wp\/v2\/product_cat?post=1777"},{"taxonomy":"product_tag","embeddable":true,"href":"https:\/\/24smartcharge.com\/fr\/wp-json\/wp\/v2\/product_tag?post=1777"}],"curies":[{"name":"wp","href":"https:\/\/api.w.org\/{rel}","templated":true}]}}