{"id":1727,"date":"2025-08-08T07:00:58","date_gmt":"2025-08-08T07:00:58","guid":{"rendered":"https:\/\/24smartcharge.com\/?post_type=product&#038;p=1727"},"modified":"2025-08-18T01:31:59","modified_gmt":"2025-08-18T01:31:59","slug":"secure-multi-device-tablet-chromebook-charging-cabinet","status":"publish","type":"product","link":"https:\/\/24smartcharge.com\/fr\/secure-multi-device-tablet-chromebook-charging-cabinet\/","title":{"rendered":"Armoire de chargement s\u00e9curis\u00e9e pour plusieurs ordinateurs portables et tablettes"},"content":{"rendered":"<h2 id=\"key-features\">Caract\u00e9ristiques principales<\/h2>\n<ul>\n<li><strong>Large compatibilit\u00e9<\/strong>\u00a0Fonctionne avec la plupart des tablettes, Chromebooks et appareils jusqu'\u00e0 12 pouces, y compris Microsoft Surface, iPad, tablettes Android et d'autres marques comme Apple, Samsung, Lenovo, HP, Dell et Asus.<\/li>\n<li><strong>Une conception efficace qui permet de gagner de la place<\/strong>\u00a0Armoire mince avec une porte coulissante lisse qui permet de garder les appareils accessibles et s\u00e9curis\u00e9s sans encombrer l'espace au sol.<\/li>\n<li><strong>Chargement facile des appareils<\/strong>\u00a0Les plateaux basculants Show &amp; Stow\u2122 vous permettent de charger et de d\u00e9charger rapidement les appareils. Les plateaux se r\u00e9tractent automatiquement pour un aspect propre et organis\u00e9.<\/li>\n<li><strong>Stockage s\u00e9curis\u00e9<\/strong>\u00a0Le support de verrouillage \u00e0 six points garantit la s\u00e9curit\u00e9 des appareils lorsqu'ils ne sont pas utilis\u00e9s.<\/li>\n<li><strong>Gestion des c\u00e2bles<\/strong>\u00a0Les clips de c\u00e2ble encliquetables maintiennent les cordons en place, \u00e9vitant les enchev\u00eatrements et facilitant les connexions.<\/li>\n<li><strong>Stockage d\u00e9di\u00e9 \u00e0 l'adaptateur CA<\/strong>\u00a0Un compartiment s\u00e9par\u00e9 pour les adaptateurs d'alimentation et les prises surdimensionn\u00e9es permet d'organiser les c\u00e2bles et d'\u00e9viter l'encombrement.<\/li>\n<li><strong>Installation simple<\/strong>\u00a0Comprend le gabarit de montage, le support et la quincaillerie pour une installation murale rapide.<\/li>\n<li><strong>S\u00e9curit\u00e9 certifi\u00e9e<\/strong>\u00a0Construit selon les normes UL et marqu\u00e9 CE pour la conformit\u00e9 avec les directives de s\u00e9curit\u00e9, EMC et RoHS.<\/li>\n<\/ul>\n<h2 id=\"benefits\">Avantages<\/h2>\n<p>Cette armoire de chargement offre un moyen propre et organis\u00e9 de garder les appareils charg\u00e9s et pr\u00eats \u00e0 l'emploi. Sa construction moderne et durable s'int\u00e8gre parfaitement \u00e0 tout environnement tout en offrant un acc\u00e8s rapide aux utilisateurs. Elle est id\u00e9ale pour les \u00e9tablissements d'enseignement, les entreprises ou tout autre endroit o\u00f9 plusieurs appareils doivent \u00eatre recharg\u00e9s efficacement et en toute s\u00e9curit\u00e9.<\/p>","protected":false},"excerpt":{"rendered":"<p>L'armoire de chargement Secure Multi-Device Tablet &amp; Chromebook permet de charger en toute s\u00e9curit\u00e9 et de mani\u00e8re organis\u00e9e jusqu'\u00e0 12\u2033 appareils de diff\u00e9rentes marques. Sa conception \u00e9l\u00e9gante et discr\u00e8te comprend une porte coulissante lisse, des plateaux inclinables pour un acc\u00e8s facile et un verrouillage s\u00e9curis\u00e9, ce qui la rend id\u00e9ale pour les salles de classe et les lieux de travail.<\/p>","protected":false},"featured_media":2729,"template":"","meta":{"_kad_post_transparent":"default","_kad_post_title":"","_kad_post_layout":"default","_kad_post_sidebar_id":"","_kad_post_content_style":"default","_kad_post_vertical_padding":"default","_kad_post_feature":"","_kad_post_feature_position":"","_kad_post_header":false,"_kad_post_footer":false},"product_brand":[],"product_cat":[91],"product_tag":[122,261,260],"class_list":{"0":"post-1727","1":"product","2":"type-product","3":"status-publish","4":"has-post-thumbnail","6":"product_cat-charging-cabinets","7":"product_tag-charging-cabinet","8":"product_tag-chromebook-charging-cabinet","9":"product_tag-tablet-charging-cabinet","11":"first","12":"instock","13":"shipping-taxable","14":"product-type-simple","15":"entry","16":"content-bg","17":"loop-entry"},"_links":{"self":[{"href":"https:\/\/24smartcharge.com\/fr\/wp-json\/wp\/v2\/product\/1727","targetHints":{"allow":["GET"]}}],"collection":[{"href":"https:\/\/24smartcharge.com\/fr\/wp-json\/wp\/v2\/product"}],"about":[{"href":"https:\/\/24smartcharge.com\/fr\/wp-json\/wp\/v2\/types\/product"}],"wp:featuredmedia":[{"embeddable":true,"href":"https:\/\/24smartcharge.com\/fr\/wp-json\/wp\/v2\/media\/2729"}],"wp:attachment":[{"href":"https:\/\/24smartcharge.com\/fr\/wp-json\/wp\/v2\/media?parent=1727"}],"wp:term":[{"taxonomy":"product_brand","embeddable":true,"href":"https:\/\/24smartcharge.com\/fr\/wp-json\/wp\/v2\/product_brand?post=1727"},{"taxonomy":"product_cat","embeddable":true,"href":"https:\/\/24smartcharge.com\/fr\/wp-json\/wp\/v2\/product_cat?post=1727"},{"taxonomy":"product_tag","embeddable":true,"href":"https:\/\/24smartcharge.com\/fr\/wp-json\/wp\/v2\/product_tag?post=1727"}],"curies":[{"name":"wp","href":"https:\/\/api.w.org\/{rel}","templated":true}]}}