{"id":1713,"date":"2025-08-08T06:48:32","date_gmt":"2025-08-08T06:48:32","guid":{"rendered":"https:\/\/24smartcharge.com\/?post_type=product&#038;p=1713"},"modified":"2025-08-18T01:27:44","modified_gmt":"2025-08-18T01:27:44","slug":"secure-multi-device-charging-cabinet-for-laptops-tablets","status":"publish","type":"product","link":"https:\/\/24smartcharge.com\/fr\/secure-multi-device-charging-cabinet-for-laptops-tablets\/","title":{"rendered":"Armoire de chargement s\u00e9curis\u00e9e pour ordinateurs portables et tablettes"},"content":{"rendered":"<h1 id=\"secure-multi-device-charging-cabinet-for-laptops-tablets\">Armoire de chargement s\u00e9curis\u00e9e pour ordinateurs portables et tablettes<\/h1>\n<p>Le\u00a0<strong>Armoire de chargement s\u00e9curis\u00e9e pour ordinateurs portables et tablettes<\/strong>\u00a0est con\u00e7u pour garder plusieurs appareils charg\u00e9s, en s\u00e9curit\u00e9 et organis\u00e9s dans une solution compacte. Id\u00e9al pour les salles de classe, les bureaux, les biblioth\u00e8ques ou tout autre espace partag\u00e9, il associe un stockage s\u00e9curis\u00e9 \u00e0 une charge efficace pour simplifier la gestion des appareils.<\/p>\n<h2 id=\"key-features\">Caract\u00e9ristiques principales<\/h2>\n<h3 id=\"-efficient-charging-\"><strong>Chargement efficace<\/strong><\/h3>\n<ul>\n<li>Charges jusqu'\u00e0\u00a0<strong>12 tablettes\/cahiers<\/strong>\u00a0ou\u00a0<strong>8 ordinateurs portables<\/strong>\u00a0simultan\u00e9ment.<\/li>\n<li>Brevet\u00e9e\u00a0<strong>Technologie PowerShuttle<\/strong>\u00a0garantit une charge s\u00fbre, rapide et optimis\u00e9e pour tous les appareils connect\u00e9s.<\/li>\n<\/ul>\n<h3 id=\"-adjustable-storage-\"><strong>Rangement r\u00e9glable<\/strong><\/h3>\n<ul>\n<li><strong>S\u00e9parateurs r\u00e9glables<\/strong>\u00a0permettent un espacement flexible pour s'adapter \u00e0 diff\u00e9rentes tailles d'appareils.<\/li>\n<li>Les emplacements num\u00e9rot\u00e9s facilitent l'organisation et le suivi des appareils.<\/li>\n<\/ul>\n<h3 id=\"-secure-design-\"><strong>Conception s\u00e9curis\u00e9e<\/strong><\/h3>\n<ul>\n<li>Portes robustes en acier avec\u00a0<strong>serrure \u00e0 cl\u00e9 \u00e0 trois points<\/strong>\u00a0assurer la s\u00e9curit\u00e9 des appareils.<\/li>\n<li>Possibilit\u00e9 d'ajouter un\u00a0<strong>cadenas<\/strong>\u00a0pour une protection suppl\u00e9mentaire.<\/li>\n<\/ul>\n<h3 id=\"-cooling-system-\"><strong>Syst\u00e8me de refroidissement<\/strong><\/h3>\n<ul>\n<li>Int\u00e9gr\u00e9\u00a0<strong>ventilateurs de refroidissement<\/strong>\u00a0\u00e9viter la surchauffe, ce qui prolonge la dur\u00e9e de vie de la batterie.<\/li>\n<\/ul>\n<h3 id=\"-ready-to-use-\"><strong>Pr\u00eat \u00e0 l'emploi<\/strong><\/h3>\n<ul>\n<li>Navires\u00a0<strong>enti\u00e8rement assembl\u00e9<\/strong>-Il suffit de le brancher et de commencer \u00e0 le charger.<\/li>\n<\/ul>\n<h3 id=\"-safety-certified-\"><strong>S\u00e9curit\u00e9 certifi\u00e9e<\/strong><\/h3>\n<ul>\n<li>R\u00e9unions\u00a0<strong>Normes de s\u00e9curit\u00e9 UL\/IEC<\/strong>\u00a0pour la protection de l'utilisateur et de l'\u00e9quipement.<\/li>\n<\/ul>\n<h2 id=\"benefits\">Avantages<\/h2>\n<ul>\n<li><strong>\u00c9conomie d'espace<\/strong>: Compacts et empilables, ils peuvent \u00eatre rang\u00e9s sur une table ou une \u00e9tag\u00e8re.<\/li>\n<li><strong>Gain de temps<\/strong>: Aucune installation complexe n'est n\u00e9cessaire - pr\u00eat \u00e0 l'emploi.<\/li>\n<li><strong>Support multi-appareils<\/strong>: Permet de g\u00e9rer diff\u00e9rents types et tailles d'appareils en une seule unit\u00e9.<\/li>\n<li><strong>Tranquillit\u00e9 d'esprit<\/strong>: Des serrures solides et une construction en acier prot\u00e8gent les \u00e9quipements de valeur.<\/li>\n<\/ul>\n<h2 id=\"ideal-for\">Id\u00e9al pour<\/h2>\n<ul>\n<li><strong>Les \u00e9coles<\/strong>: Gardez les appareils des \u00e9l\u00e8ves charg\u00e9s et s\u00e9curis\u00e9s entre les cours.<\/li>\n<li><strong>Bureaux<\/strong>: G\u00e9rer les ordinateurs portables et les tablettes des employ\u00e9s ou des visiteurs.<\/li>\n<li><strong>Biblioth\u00e8ques et laboratoires<\/strong>: Offrir une charge s\u00fbre et organis\u00e9e pour les appareils partag\u00e9s.<\/li>\n<\/ul>\n<p>Le\u00a0<strong>Armoire de recharge s\u00e9curis\u00e9e pour appareils multiples<\/strong>\u00a0est une solution fiable, durable et facile \u00e0 utiliser pour tous ceux qui ont besoin de stocker et de charger plusieurs ordinateurs portables ou tablettes en m\u00eame temps, rendant la gestion des appareils simple, s\u00fbre et efficace.<\/p>","protected":false},"excerpt":{"rendered":"<p>L'armoire de chargement s\u00e9curis\u00e9e pour ordinateurs portables et tablettes permet de charger efficacement et en toute s\u00e9curit\u00e9 jusqu'\u00e0 12 tablettes ou 8 ordinateurs portables. Dot\u00e9e de s\u00e9parateurs r\u00e9glables, d'un chargement rapide, de ventilateurs de refroidissement int\u00e9gr\u00e9s et d'un syst\u00e8me de verrouillage durable, cette armoire de chargement garantit un stockage s\u00fbr, organis\u00e9 et fiable des appareils.<\/p>","protected":false},"featured_media":2724,"template":"","meta":{"_kad_post_transparent":"default","_kad_post_title":"","_kad_post_layout":"default","_kad_post_sidebar_id":"","_kad_post_content_style":"default","_kad_post_vertical_padding":"default","_kad_post_feature":"","_kad_post_feature_position":"","_kad_post_header":false,"_kad_post_footer":false},"product_brand":[],"product_cat":[91],"product_tag":[122,147,120],"class_list":{"0":"post-1713","1":"product","2":"type-product","3":"status-publish","4":"has-post-thumbnail","6":"product_cat-charging-cabinets","7":"product_tag-charging-cabinet","8":"product_tag-multi-device-charging","9":"product_tag-secure-device-storage","11":"first","12":"instock","13":"shipping-taxable","14":"product-type-simple","15":"entry","16":"content-bg","17":"loop-entry"},"_links":{"self":[{"href":"https:\/\/24smartcharge.com\/fr\/wp-json\/wp\/v2\/product\/1713","targetHints":{"allow":["GET"]}}],"collection":[{"href":"https:\/\/24smartcharge.com\/fr\/wp-json\/wp\/v2\/product"}],"about":[{"href":"https:\/\/24smartcharge.com\/fr\/wp-json\/wp\/v2\/types\/product"}],"wp:featuredmedia":[{"embeddable":true,"href":"https:\/\/24smartcharge.com\/fr\/wp-json\/wp\/v2\/media\/2724"}],"wp:attachment":[{"href":"https:\/\/24smartcharge.com\/fr\/wp-json\/wp\/v2\/media?parent=1713"}],"wp:term":[{"taxonomy":"product_brand","embeddable":true,"href":"https:\/\/24smartcharge.com\/fr\/wp-json\/wp\/v2\/product_brand?post=1713"},{"taxonomy":"product_cat","embeddable":true,"href":"https:\/\/24smartcharge.com\/fr\/wp-json\/wp\/v2\/product_cat?post=1713"},{"taxonomy":"product_tag","embeddable":true,"href":"https:\/\/24smartcharge.com\/fr\/wp-json\/wp\/v2\/product_tag?post=1713"}],"curies":[{"name":"wp","href":"https:\/\/api.w.org\/{rel}","templated":true}]}}