{"id":1694,"date":"2025-08-08T06:13:59","date_gmt":"2025-08-08T06:13:59","guid":{"rendered":"https:\/\/24smartcharge.com\/?post_type=product&#038;p=1694"},"modified":"2025-08-18T01:32:18","modified_gmt":"2025-08-18T01:32:18","slug":"secure-multi-device-laptop-tablet-charging-cabinet-3","status":"publish","type":"product","link":"https:\/\/24smartcharge.com\/fr\/secure-multi-device-laptop-tablet-charging-cabinet-3\/","title":{"rendered":"Cabinet de chargement s\u00e9curis\u00e9 pour tablettes multi-appareils"},"content":{"rendered":"<h2 id=\"key-features\">Caract\u00e9ristiques principales<\/h2>\n<h3 id=\"universal-compatibility\">Compatibilit\u00e9 universelle<\/h3>\n<p>Prend en charge les ordinateurs portables, les tablettes et les Chromebooks jusqu'\u00e0 14\u2033, avec ou sans \u00e9tui de protection.<\/p>\n<h3 id=\"eco-smart-power-management\">Gestion intelligente de l'\u00e9nergie ECO<\/h3>\n<p>La charge intelligente \u00e9quilibre la puissance de tous les appareils connect\u00e9s, garantissant une utilisation s\u00fbre et efficace de l'\u00e9nergie.<\/p>\n<h3 id=\"ultra-secure\">Ultra s\u00e9curis\u00e9<\/h3>\n<p>Les appareils et les blocs d'alimentation sont stock\u00e9s dans des compartiments s\u00e9par\u00e9s et verrouillables avec des cadenas et des cl\u00e9s pour une protection maximale.<\/p>\n<h3 id=\"removable-dividers\">S\u00e9parateurs amovibles<\/h3>\n<p>Ajustez ou retirez facilement les s\u00e9parateurs pour ranger diff\u00e9rents appareils ou \u00e9quipements, tels que les kits STEM, les drones ou les robots.<\/p>\n<h3 id=\"top-storage\">Stockage sup\u00e9rieur<\/h3>\n<p>La surface sup\u00e9rieure plane et durable peut \u00eatre utilis\u00e9e pour contenir des articles suppl\u00e9mentaires dans des espaces limit\u00e9s.<\/p>\n<h3 id=\"robust-warranty\">Une garantie solide<\/h3>\n<p>Il b\u00e9n\u00e9ficie d'une garantie solide et d'une assistance client\u00e8le d\u00e9di\u00e9e pour une plus grande tranquillit\u00e9 d'esprit.<\/p>\n<h2 id=\"benefits\">Avantages<\/h2>\n<ul>\n<li><strong>Gain de temps :<\/strong>\u00a0Chargez plusieurs appareils \u00e0 la fois sans encombrement de c\u00e2bles.<\/li>\n<li><strong>Efficace en termes d'espace :<\/strong>\u00a0Consolide le stockage et le chargement dans une seule armoire compacte.<\/li>\n<li><strong>Polyvalent :<\/strong>\u00a0Convient \u00e0 une grande vari\u00e9t\u00e9 d'appareils et s'adapte \u00e0 l'\u00e9volution des besoins de stockage.<\/li>\n<li><strong>Fiable :<\/strong>\u00a0Con\u00e7us pour r\u00e9sister \u00e0 une utilisation quotidienne dans des environnements tr\u00e8s fr\u00e9quent\u00e9s.<\/li>\n<\/ul>\n<p>Le\u00a0<strong>Armoire de chargement<\/strong>\u00a0combine durabilit\u00e9, flexibilit\u00e9 et charge intelligente pour garder les appareils pr\u00eats \u00e0 l'emploi tout en prot\u00e9geant votre investissement technologique. Id\u00e9al pour les environnements o\u00f9 la charge s\u00e9curis\u00e9e, organis\u00e9e et simultan\u00e9e est essentielle.<\/p>","protected":false},"excerpt":{"rendered":"<p>L'armoire de chargement s\u00e9curis\u00e9e multi-appareils pour ordinateurs portables et tablettes permet de charger et de stocker efficacement et en toute s\u00e9curit\u00e9 jusqu'\u00e0 36 appareils, y compris les ordinateurs portables, les tablettes et les Chromebooks. Dot\u00e9e d'une compatibilit\u00e9 universelle, d'une gestion de l'alimentation ECO Smart, de s\u00e9parateurs amovibles et d'une s\u00e9curit\u00e9 robuste, elle est id\u00e9ale pour les \u00e9coles et les bureaux.<\/p>","protected":false},"featured_media":2714,"template":"","meta":{"_kad_post_transparent":"default","_kad_post_title":"","_kad_post_layout":"default","_kad_post_sidebar_id":"","_kad_post_content_style":"default","_kad_post_vertical_padding":"default","_kad_post_feature":"","_kad_post_feature_position":"","_kad_post_header":false,"_kad_post_footer":false},"product_brand":[],"product_cat":[91],"product_tag":[122,259,260],"class_list":{"0":"post-1694","1":"product","2":"type-product","3":"status-publish","4":"has-post-thumbnail","6":"product_cat-charging-cabinets","7":"product_tag-charging-cabinet","8":"product_tag-laptop-charging-cabinet","9":"product_tag-tablet-charging-cabinet","11":"first","12":"instock","13":"shipping-taxable","14":"product-type-simple","15":"entry","16":"content-bg","17":"loop-entry"},"_links":{"self":[{"href":"https:\/\/24smartcharge.com\/fr\/wp-json\/wp\/v2\/product\/1694","targetHints":{"allow":["GET"]}}],"collection":[{"href":"https:\/\/24smartcharge.com\/fr\/wp-json\/wp\/v2\/product"}],"about":[{"href":"https:\/\/24smartcharge.com\/fr\/wp-json\/wp\/v2\/types\/product"}],"wp:featuredmedia":[{"embeddable":true,"href":"https:\/\/24smartcharge.com\/fr\/wp-json\/wp\/v2\/media\/2714"}],"wp:attachment":[{"href":"https:\/\/24smartcharge.com\/fr\/wp-json\/wp\/v2\/media?parent=1694"}],"wp:term":[{"taxonomy":"product_brand","embeddable":true,"href":"https:\/\/24smartcharge.com\/fr\/wp-json\/wp\/v2\/product_brand?post=1694"},{"taxonomy":"product_cat","embeddable":true,"href":"https:\/\/24smartcharge.com\/fr\/wp-json\/wp\/v2\/product_cat?post=1694"},{"taxonomy":"product_tag","embeddable":true,"href":"https:\/\/24smartcharge.com\/fr\/wp-json\/wp\/v2\/product_tag?post=1694"}],"curies":[{"name":"wp","href":"https:\/\/api.w.org\/{rel}","templated":true}]}}