{"id":1686,"date":"2025-08-08T03:59:18","date_gmt":"2025-08-08T03:59:18","guid":{"rendered":"https:\/\/24smartcharge.com\/?post_type=product&#038;p=1686"},"modified":"2025-08-18T01:07:03","modified_gmt":"2025-08-18T01:07:03","slug":"secure-multi-device-laptop-tablet-charging-cabinet-2","status":"publish","type":"product","link":"https:\/\/24smartcharge.com\/fr\/secure-multi-device-laptop-tablet-charging-cabinet-2\/","title":{"rendered":"Armoire de recharge s\u00e9curis\u00e9e pour appareils multiples"},"content":{"rendered":"<h2 id=\"key-features\">Caract\u00e9ristiques principales<\/h2>\n<h3 id=\"universal-compatibility\">Compatibilit\u00e9 universelle<\/h3>\n<p>Chargez jusqu'\u00e0 30 ou 40 ordinateurs portables, tablettes, Chromebooks ou appareils similaires, qu'ils soient ou non dans des \u00e9tuis de protection. Des supports et des paniers flexibles permettent d'accueillir facilement des appareils de diff\u00e9rentes tailles.<\/p>\n<h3 id=\"smart-power-management\">Gestion intelligente de l'\u00e9nergie<\/h3>\n<p>\u00c9quip\u00e9 de\u00a0<strong>ECO Smart Charge\u2122<\/strong>\u00a0l'armoire de recharge distribue efficacement l'\u00e9nergie, \u00e9vitant ainsi les surcharges et prolongeant la dur\u00e9e de vie de la batterie de l'appareil.<\/p>\n<h3 id=\"secure-storage\">Stockage s\u00e9curis\u00e9<\/h3>\n<p>Un syst\u00e8me de verrouillage robuste avec un cadenas en acier inoxydable assure la s\u00e9curit\u00e9 des appareils. Des kits d'ancrage optionnels permettent de fixer l'armoire au sol pour une protection accrue.<\/p>\n<h3 id=\"space-saving-design\">Une conception peu encombrante<\/h3>\n<p>Grande capacit\u00e9 avec un faible encombrement - stockez et chargez tous les appareils et blocs d'alimentation dans une seule unit\u00e9 organis\u00e9e, minimisant ainsi l'encombrement.<\/p>\n<h3 id=\"easy-mobility\">Mobilit\u00e9 ais\u00e9e<\/h3>\n<p>La construction l\u00e9g\u00e8re, les roulettes rotatives \u00e0 360\u00b0 et les poign\u00e9es ergonomiques facilitent le d\u00e9placement de l'armoire de chargement dans les couloirs et les coins \u00e9troits.<\/p>\n<h3 id=\"affordable-and-durable\">Abordable et durable<\/h3>\n<p>Construit pour durer avec des mat\u00e9riaux de qualit\u00e9, il offre une excellente valeur au fil du temps sans compromettre les performances.<\/p>\n<h3 id=\"included-baskets-and-racks\">Paniers et supports inclus<\/h3>\n<p>Il est livr\u00e9 avec des paniers amovibles pour une distribution rapide et des supports en plastique pour les appareils plus volumineux, offrant ainsi des options de stockage flexibles.<\/p>\n<h3 id=\"warranty-and-support\">Garantie et assistance<\/h3>\n<p>Il b\u00e9n\u00e9ficie d'une garantie solide et d'un service client\u00e8le d\u00e9vou\u00e9 pour une plus grande tranquillit\u00e9 d'esprit.<\/p>\n<h2 id=\"benefits\">Avantages<\/h2>\n<ul>\n<li><strong>Gain de temps<\/strong>\u00a0- Collecter, charger et distribuer rapidement les appareils.<\/li>\n<li><strong>Renforcement de la s\u00e9curit\u00e9<\/strong>\u00a0- Gardez les appareils de valeur sous cl\u00e9 lorsqu'ils ne sont pas utilis\u00e9s.<\/li>\n<li><strong>Maximiser l'espace<\/strong>\u00a0- Stocker de nombreux appareils dans un espace r\u00e9duit.<\/li>\n<li><strong>Am\u00e9liore la dur\u00e9e de vie des appareils<\/strong>\u00a0- La charge intelligente \u00e9vite d'endommager la batterie.<\/li>\n<\/ul>\n<p>Le\u00a0<strong>Cabinet de recharge s\u00e9curis\u00e9 pour ordinateurs portables et tablettes multi-appareils<\/strong>\u00a0est le m\u00e9lange parfait de commodit\u00e9, de s\u00e9curit\u00e9 et d'efficacit\u00e9, id\u00e9al pour tout environnement o\u00f9 plusieurs appareils doivent \u00eatre g\u00e9r\u00e9s facilement.<\/p>","protected":false},"excerpt":{"rendered":"<p>L'armoire de chargement s\u00e9curis\u00e9e multi-appareils pour ordinateurs portables et tablettes permet de charger efficacement et en toute s\u00e9curit\u00e9 jusqu'\u00e0 30 ou 40 appareils. Dot\u00e9e d'une compatibilit\u00e9 universelle, d'une s\u00e9curit\u00e9 verrouillable, d'une gestion intelligente de l'alimentation et d'une mobilit\u00e9 ais\u00e9e, cette armoire de chargement durable est id\u00e9ale pour les \u00e9coles, les bureaux et les espaces de travail partag\u00e9s.<\/p>","protected":false},"featured_media":2707,"template":"","meta":{"_kad_post_transparent":"default","_kad_post_title":"","_kad_post_layout":"default","_kad_post_sidebar_id":"","_kad_post_content_style":"default","_kad_post_vertical_padding":"default","_kad_post_feature":"","_kad_post_feature_position":"","_kad_post_header":false,"_kad_post_footer":false},"product_brand":[],"product_cat":[91],"product_tag":[122,258,142],"class_list":{"0":"post-1686","1":"product","2":"type-product","3":"status-publish","4":"has-post-thumbnail","6":"product_cat-charging-cabinets","7":"product_tag-charging-cabinet","8":"product_tag-multi-device-charging-cabinet","9":"product_tag-secure-charging-cabinet","11":"first","12":"instock","13":"shipping-taxable","14":"product-type-simple","15":"entry","16":"content-bg","17":"loop-entry"},"_links":{"self":[{"href":"https:\/\/24smartcharge.com\/fr\/wp-json\/wp\/v2\/product\/1686","targetHints":{"allow":["GET"]}}],"collection":[{"href":"https:\/\/24smartcharge.com\/fr\/wp-json\/wp\/v2\/product"}],"about":[{"href":"https:\/\/24smartcharge.com\/fr\/wp-json\/wp\/v2\/types\/product"}],"wp:featuredmedia":[{"embeddable":true,"href":"https:\/\/24smartcharge.com\/fr\/wp-json\/wp\/v2\/media\/2707"}],"wp:attachment":[{"href":"https:\/\/24smartcharge.com\/fr\/wp-json\/wp\/v2\/media?parent=1686"}],"wp:term":[{"taxonomy":"product_brand","embeddable":true,"href":"https:\/\/24smartcharge.com\/fr\/wp-json\/wp\/v2\/product_brand?post=1686"},{"taxonomy":"product_cat","embeddable":true,"href":"https:\/\/24smartcharge.com\/fr\/wp-json\/wp\/v2\/product_cat?post=1686"},{"taxonomy":"product_tag","embeddable":true,"href":"https:\/\/24smartcharge.com\/fr\/wp-json\/wp\/v2\/product_tag?post=1686"}],"curies":[{"name":"wp","href":"https:\/\/api.w.org\/{rel}","templated":true}]}}