{"id":1669,"date":"2025-08-08T03:47:09","date_gmt":"2025-08-08T03:47:09","guid":{"rendered":"https:\/\/24smartcharge.com\/?post_type=product&#038;p=1669"},"modified":"2025-08-18T00:53:08","modified_gmt":"2025-08-18T00:53:08","slug":"secure-multi-device-laptop-tablet-charging-cabinet","status":"publish","type":"product","link":"https:\/\/24smartcharge.com\/fr\/secure-multi-device-laptop-tablet-charging-cabinet\/","title":{"rendered":"Cabinet de charge s\u00e9curis\u00e9 pour ordinateurs portables et tablettes multi-appareils"},"content":{"rendered":"<h2 id=\"key-features\">Caract\u00e9ristiques principales<\/h2>\n<h3 id=\"-universal-compatibility-\"><strong>Compatibilit\u00e9 universelle<\/strong><\/h3>\n<p>Capable de charger des ordinateurs portables, des tablettes, des Chromebooks et d'autres appareils avec ou sans \u00e9tui de protection. Des s\u00e9parateurs en acier amovibles permettent d'accueillir des \u00e9quipements plus grands ou de forme irr\u00e9guli\u00e8re, tels que des kits STEM, des drones ou des robots.<\/p>\n<h3 id=\"-safe-power-management-\"><strong>Gestion s\u00fbre de l'alimentation<\/strong><\/h3>\n<p>\u00c9quip\u00e9 de\u00a0<strong>ECO Safe Charge\u2122<\/strong>\u00a0l'armoire de recharge g\u00e8re le flux d'\u00e9nergie pour \u00e9viter les surcharges et r\u00e9duire le gaspillage d'\u00e9nergie, prolongeant ainsi la dur\u00e9e de vie de vos appareils.<\/p>\n<h3 id=\"-secure-storage-\"><strong>Stockage s\u00e9curis\u00e9<\/strong><\/h3>\n<p>Un syst\u00e8me de verrouillage robuste, compatible avec les cadenas, prot\u00e8ge les appareils et les blocs d'alimentation contre le vol ou l'utilisation non autoris\u00e9e, ce qui garantit la tranquillit\u00e9 d'esprit dans les environnements partag\u00e9s ou publics.<\/p>\n<h3 id=\"-flexible-power-system-\"><strong>Syst\u00e8me d'alimentation flexible<\/strong><\/h3>\n<p>La barrette d'alimentation de type rail coulisse pour s'adapter \u00e0 diff\u00e9rents types de cordons et tailles d'adaptateurs, ce qui simplifie la gestion des c\u00e2bles et garantit une charge nette et organis\u00e9e.<\/p>\n<h3 id=\"-durable-construction-\"><strong>Construction durable<\/strong><\/h3>\n<p>Construite avec de l'acier de haute qualit\u00e9 et des charni\u00e8res renforc\u00e9es, l'armoire de chargement est con\u00e7ue pour une utilisation quotidienne dans des environnements exigeants, offrant une fiabilit\u00e9 \u00e0 long terme.<\/p>\n<h3 id=\"-space-efficient-design-\"><strong>Conception efficace de l'espace<\/strong><\/h3>\n<p>Compacte mais spacieuse, l'armoire maximise la capacit\u00e9 tout en minimisant l'utilisation de l'espace au sol, ce qui permet de l'int\u00e9grer facilement dans n'importe quel agencement de pi\u00e8ce.<\/p>\n<h3 id=\"-long-term-value-\"><strong>Valeur \u00e0 long terme<\/strong><\/h3>\n<p>Gr\u00e2ce \u00e0 sa construction robuste et \u00e0 sa conception intelligente, l'armoire de chargement offre une solution rentable et \u00e0 long terme, r\u00e9duisant le besoin de remplacements ou de mises \u00e0 niveau fr\u00e9quents.<\/p>\n<h2 id=\"benefits-at-a-glance\">Les avantages en un coup d'\u0153il<\/h2>\n<ul>\n<li><strong>Chargez jusqu'\u00e0 32 appareils<\/strong>\u00a0simultan\u00e9ment<\/li>\n<li><strong>Prise en charge de diff\u00e9rentes tailles et marques<\/strong>\u00a0d'ordinateurs portables, de tablettes et de Chromebooks<\/li>\n<li><strong>S\u00e9parateurs amovibles<\/strong>\u00a0pour des besoins de stockage personnalis\u00e9s<\/li>\n<li><strong>Gestion intelligente de l'\u00e9nergie<\/strong>\u00a0prolonger la dur\u00e9e de vie de l'appareil<\/li>\n<li><strong>Portes en acier verrouillables<\/strong>\u00a0pour une s\u00e9curit\u00e9 maximale<\/li>\n<li><strong>Syst\u00e8me de c\u00e2bles organis\u00e9<\/strong>\u00a0pour faciliter l'acc\u00e8s et l'entretien<\/li>\n<li><strong>Conception durable et professionnelle<\/strong>\u00a0adapt\u00e9 \u00e0 de multiples secteurs d'activit\u00e9<\/li>\n<\/ul>\n<h2 id=\"ideal-applications\">Applications id\u00e9ales<\/h2>\n<ul>\n<li><strong>L'\u00e9ducation<\/strong>: Garder les appareils de la classe charg\u00e9s, organis\u00e9s et s\u00e9curis\u00e9s<\/li>\n<li><strong>Bureaux de l'entreprise<\/strong>: G\u00e9rer les ordinateurs portables et les tablettes pour les \u00e9quipes partag\u00e9es ou mobiles<\/li>\n<li><strong>Biblioth\u00e8ques et espaces publics<\/strong>: Fournir un syst\u00e8me de recharge s\u00fbr pour les appareils de la communaut\u00e9<\/li>\n<li><strong>Installations de formation<\/strong>: S'assurer que tous les \u00e9quipements sont aliment\u00e9s et pr\u00eats pour les sessions<\/li>\n<li><strong>Laboratoires et ateliers<\/strong>: Stocker et charger les outils sp\u00e9cialis\u00e9s et les technologies<\/li>\n<\/ul>\n<p>Le\u00a0<strong>Cabinet de recharge s\u00e9curis\u00e9 pour ordinateurs portables et tablettes multi-appareils<\/strong>\u00a0allie praticit\u00e9, s\u00e9curit\u00e9 et efficacit\u00e9, ce qui en fait un investissement essentiel pour tout environnement o\u00f9 plusieurs appareils ont besoin d'un stockage et d'une recharge fiables.<\/p>","protected":false},"excerpt":{"rendered":"<p>L'armoire de chargement s\u00e9curis\u00e9e pour ordinateurs portables et tablettes permet de charger efficacement et en toute s\u00e9curit\u00e9 jusqu'\u00e0 32 appareils, y compris les ordinateurs portables, les tablettes et les Chromebooks. Avec des s\u00e9parateurs en acier amovibles, un verrouillage s\u00e9curis\u00e9 et une gestion intelligente de l'alimentation, cette armoire de chargement garantit la protection, la flexibilit\u00e9 et la durabilit\u00e9 \u00e0 long terme.<\/p>","protected":false},"featured_media":2701,"template":"","meta":{"_kad_post_transparent":"default","_kad_post_title":"","_kad_post_layout":"default","_kad_post_sidebar_id":"","_kad_post_content_style":"default","_kad_post_vertical_padding":"default","_kad_post_feature":"","_kad_post_feature_position":"","_kad_post_header":false,"_kad_post_footer":false},"product_brand":[],"product_cat":[91,93],"product_tag":[122,258,142],"class_list":{"0":"post-1669","1":"product","2":"type-product","3":"status-publish","4":"has-post-thumbnail","6":"product_cat-charging-cabinets","7":"product_cat-30-outputs","8":"product_tag-charging-cabinet","9":"product_tag-multi-device-charging-cabinet","10":"product_tag-secure-charging-cabinet","12":"first","13":"instock","14":"shipping-taxable","15":"product-type-simple","16":"entry","17":"content-bg","18":"loop-entry"},"_links":{"self":[{"href":"https:\/\/24smartcharge.com\/fr\/wp-json\/wp\/v2\/product\/1669","targetHints":{"allow":["GET"]}}],"collection":[{"href":"https:\/\/24smartcharge.com\/fr\/wp-json\/wp\/v2\/product"}],"about":[{"href":"https:\/\/24smartcharge.com\/fr\/wp-json\/wp\/v2\/types\/product"}],"wp:featuredmedia":[{"embeddable":true,"href":"https:\/\/24smartcharge.com\/fr\/wp-json\/wp\/v2\/media\/2701"}],"wp:attachment":[{"href":"https:\/\/24smartcharge.com\/fr\/wp-json\/wp\/v2\/media?parent=1669"}],"wp:term":[{"taxonomy":"product_brand","embeddable":true,"href":"https:\/\/24smartcharge.com\/fr\/wp-json\/wp\/v2\/product_brand?post=1669"},{"taxonomy":"product_cat","embeddable":true,"href":"https:\/\/24smartcharge.com\/fr\/wp-json\/wp\/v2\/product_cat?post=1669"},{"taxonomy":"product_tag","embeddable":true,"href":"https:\/\/24smartcharge.com\/fr\/wp-json\/wp\/v2\/product_tag?post=1669"}],"curies":[{"name":"wp","href":"https:\/\/api.w.org\/{rel}","templated":true}]}}