{"id":1662,"date":"2025-08-08T03:30:54","date_gmt":"2025-08-08T03:30:54","guid":{"rendered":"https:\/\/24smartcharge.com\/?post_type=product&#038;p=1662"},"modified":"2025-08-15T10:27:34","modified_gmt":"2025-08-15T10:27:34","slug":"secure-multi-device-usb-c-charging-cabinet-for-tablets","status":"publish","type":"product","link":"https:\/\/24smartcharge.com\/fr\/secure-multi-device-usb-c-charging-cabinet-for-tablets\/","title":{"rendered":"Armoire de recharge USB-C s\u00e9curis\u00e9e multi-appareils pour tablettes"},"content":{"rendered":"<h2 id=\"-optimized-for-tablet-and-ipad-charging-\"><strong>Optimis\u00e9 pour le chargement des tablettes et des iPad<\/strong><\/h2>\n<p>Cette armoire de chargement est con\u00e7ue pour charger jusqu'\u00e0\u00a0<strong>10 tablettes ou iPads aliment\u00e9s en USB-C<\/strong>avec ou sans \u00e9tui de protection. Que vous g\u00e9riez des ensembles d'appareils pour une salle de classe, des tablettes pour des employ\u00e9s ou des \u00e9quipements hospitaliers, il garantit que chaque appareil re\u00e7oit une alimentation constante tout en restant organis\u00e9 et facile d'acc\u00e8s.<\/p>\n<p>Le syst\u00e8me de charge USB-C offre une alimentation plus rapide et plus efficace par rapport aux anciennes technologies de charge, garantissant que les appareils sont pr\u00eats \u00e0 \u00eatre utilis\u00e9s au moment voulu. La gestion intelligente des c\u00e2bles de l'armoire permet aux cordons de ne pas s'emm\u00ealer et d'\u00eatre bien en place, \u00e9vitant ainsi l'usure.<\/p>\n<h2 id=\"-compact-and-space-saving-design-\"><strong>Conception compacte et peu encombrante<\/strong><\/h2>\n<p>L'un des principaux avantages de cette armoire de chargement est son\u00a0<strong>faible encombrement<\/strong>. Il peut \u00eatre fix\u00e9 au mur ou plac\u00e9 sur un comptoir, transformant ainsi les espaces les plus restreints en centres de charge s\u00e9curis\u00e9s. Cette adaptabilit\u00e9 le rend parfait pour les environnements o\u00f9 l'espace au sol est limit\u00e9.<\/p>\n<p>Sa conception l\u00e9g\u00e8re mais robuste permet \u00e0 l'armoire de s'int\u00e9grer parfaitement dans les salles de classe, les bureaux ou les postes de travail sans encombrer l'espace. Malgr\u00e9 sa taille compacte, elle offre une capacit\u00e9 de charge compl\u00e8te pour 10 appareils, ce qui en fait un choix id\u00e9al pour les endroits o\u00f9 l'espace est limit\u00e9.<\/p>\n<h2 id=\"-security-you-can-trust-\"><strong>Une s\u00e9curit\u00e9 \u00e0 laquelle vous pouvez faire confiance<\/strong><\/h2>\n<p>Lorsqu'il s'agit de g\u00e9rer des appareils, la s\u00e9curit\u00e9 est une priorit\u00e9 absolue. L'armoire de chargement est \u00e9quip\u00e9e de\u00a0<strong>portes en acier verrouillables<\/strong>\u00a0et un\u00a0<strong>cadenas en acier inoxydable<\/strong>\u00a0pour prot\u00e9ger les appareils de valeur contre le vol ou l'acc\u00e8s non autoris\u00e9. Avec ses panneaux durables en acier perfor\u00e9, il offre \u00e0 la fois ventilation et visibilit\u00e9 tout en conservant sa solidit\u00e9 et sa s\u00e9curit\u00e9.<\/p>\n<p>Qu'elle soit install\u00e9e dans un couloir d'\u00e9cole tr\u00e8s fr\u00e9quent\u00e9 ou dans une salle informatique d'entreprise, cette armoire garantit que votre investissement est toujours prot\u00e9g\u00e9. Le syst\u00e8me de verrouillage et de cl\u00e9 assure la tranquillit\u00e9 d'esprit, tandis que sa construction robuste r\u00e9siste aux manipulations.<\/p>\n<h2 id=\"-versatile-storage-with-baskets-and-racks-\"><strong>Rangement polyvalent avec paniers et \u00e9tag\u00e8res<\/strong><\/h2>\n<p>L'armoire de chargement est livr\u00e9e en standard avec\u00a0<strong>deux paniers durables pour les appareils<\/strong>Chaque panier peut contenir plusieurs appareils, ce qui permet de d\u00e9ployer et de collecter rapidement et facilement les tablettes. Chaque panier peut contenir plusieurs appareils, ce qui rend le d\u00e9ploiement et la collecte rapides et faciles.<\/p>\n<p>Pour les tablettes plus grandes ou les \u00e9tuis de protection plus \u00e9pais, les paniers peuvent \u00eatre retir\u00e9s, et le syst\u00e8me d'ouverture de l'\u00e9tui inclus peut \u00eatre utilis\u00e9.\u00a0<strong>supports en plastique<\/strong>\u00a0peuvent \u00eatre utilis\u00e9s \u00e0 la place. Gr\u00e2ce \u00e0 ces options de stockage r\u00e9glables, l'armoire peut accueillir une grande vari\u00e9t\u00e9 d'appareils et d'accessoires, ce qui garantit la flexibilit\u00e9 n\u00e9cessaire pour r\u00e9pondre aux diff\u00e9rents besoins des utilisateurs.<\/p>\n<h2 id=\"-cable-management-made-simple-\"><strong>La gestion des c\u00e2bles en toute simplicit\u00e9<\/strong><\/h2>\n<p>La gestion de plusieurs c\u00e2bles de charge peut souvent \u00eatre source de d\u00e9sordre et de perte de temps. Cette armoire de chargement r\u00e9sout ce probl\u00e8me gr\u00e2ce \u00e0\u00a0<strong>fonctions int\u00e9gr\u00e9es de gestion des c\u00e2bles<\/strong>. Les c\u00e2bles sont achemin\u00e9s en toute s\u00e9curit\u00e9 \u00e0 travers l'armoire, ce qui \u00e9vite qu'ils ne s'emm\u00ealent et les maintient bien en place.<\/p>\n<p>La conception garantit \u00e9galement que chaque appareil dispose de son propre c\u00e2ble de charge, ce qui r\u00e9duit l'usure des ports et des connecteurs et am\u00e9liore la long\u00e9vit\u00e9 de vos appareils.<\/p>\n<h2 id=\"-durable-and-long-lasting-construction-\"><strong>Une construction durable et p\u00e9renne<\/strong><\/h2>\n<p>Construite en acier de haute qualit\u00e9 et renforc\u00e9e par des composants robustes, l'armoire de chargement est faite pour durer. Elle est con\u00e7ue pour r\u00e9sister \u00e0 une utilisation quotidienne intensive dans des environnements tr\u00e8s fr\u00e9quent\u00e9s, et offre un prix abordable \u00e0 long terme en minimisant le besoin de r\u00e9parations ou de remplacements.<\/p>\n<p>Le cadre robuste r\u00e9siste \u00e0 la flexion et aux dommages, tandis que la finition thermolaqu\u00e9e prot\u00e8ge contre les rayures, garantissant que l'armoire conserve son aspect professionnel au fil du temps.<\/p>\n<h2 id=\"-improved-workflow-and-efficiency-\"><strong>Am\u00e9lioration du flux de travail et de l'efficacit\u00e9<\/strong><\/h2>\n<p>En organisant, s\u00e9curisant et rechargeant plusieurs appareils en un seul endroit central, l'armoire de recharge rationalise la gestion des appareils. Les enseignants, le personnel informatique et les administrateurs gagnent du temps qu'ils auraient autrement pass\u00e9 \u00e0 rechercher des chargeurs, \u00e0 d\u00e9m\u00ealer des cordons ou \u00e0 remplacer des appareils perdus.<\/p>\n<p>Les paniers facilitent la distribution et la collecte des appareils, tandis que la conception compacte permet de centraliser le processus de charge et de le rendre accessible.<\/p>\n<h2 id=\"-ventilation-for-device-safety-\"><strong>Ventilation pour la s\u00e9curit\u00e9 des appareils<\/strong><\/h2>\n<p>La surchauffe peut \u00eatre un probl\u00e8me majeur lorsque l'on charge plusieurs appareils dans un espace confin\u00e9. Le syst\u00e8me de refroidissement de l'armoire de chargement\u00a0<strong>panneaux ventil\u00e9s<\/strong>\u00a0permettent une circulation optimale de l'air, ce qui contribue \u00e0 maintenir les appareils au frais pendant la charge. Cette conception r\u00e9duit le risque de dommages caus\u00e9s par la chaleur et garantit que les performances de charge ne sont pas compromises.<\/p>\n<h2 id=\"-ideal-for-multiple-environments-\"><strong>Id\u00e9al pour les environnements multiples<\/strong><\/h2>\n<p>La polyvalence de l'armoire de recharge USB-C s\u00e9curis\u00e9e multi-appareils pour tablettes lui permet de s'adapter \u00e0 de nombreux contextes :<\/p>\n<ul>\n<li><strong>\u00c9ducation :<\/strong>\u00a0Parfait pour les \u00e9coles et les universit\u00e9s qui g\u00e8rent des ensembles de tablettes en classe, permettant une distribution rapide des appareils et un stockage s\u00e9curis\u00e9 entre les classes.<\/li>\n<li><strong>Bureaux de l'entreprise :<\/strong>\u00a0Permet d'organiser et de charger les appareils de travail pour les r\u00e9unions, les pr\u00e9sentations ou l'utilisation par les employ\u00e9s.<\/li>\n<li><strong>Soins de sant\u00e9<\/strong>\u00a0Stocke et charge les tablettes utilis\u00e9es pour l'enregistrement des patients, les dossiers m\u00e9dicaux ou les soins au chevet des patients.<\/li>\n<li><strong>L'hospitalit\u00e9 :<\/strong>\u00a0Id\u00e9al pour les centres de conf\u00e9rence, les h\u00f4tels ou les lieux d'\u00e9v\u00e9nements proposant des tablettes ou des menus num\u00e9riques.<\/li>\n<li><strong>Vente au d\u00e9tail :<\/strong>\u00a0Les tablettes des points de vente restent charg\u00e9es et pr\u00eates pour les heures d'ouverture les plus charg\u00e9es.<\/li>\n<\/ul>\n<h2 id=\"-long-term-affordability-\"><strong>Abordabilit\u00e9 \u00e0 long terme<\/strong><\/h2>\n<p>Cette armoire de chargement offre un excellent rapport qualit\u00e9-prix en combinant une construction de qualit\u00e9 et une utilisation \u00e0 long terme. Sa construction robuste minimise les co\u00fbts de r\u00e9paration, tandis que les paniers et les supports inclus permettent de s'adapter sans n\u00e9cessiter d'achats suppl\u00e9mentaires. En centralisant la charge et le stockage, elle r\u00e9duit le risque de perte ou de d\u00e9t\u00e9rioration des appareils, ce qui permet d'\u00e9conomiser de l'argent \u00e0 long terme.<\/p>\n<h2 id=\"-easy-installation-and-setup-\"><strong>Facilit\u00e9 d'installation et de mise en \u0153uvre<\/strong><\/h2>\n<p>L'armoire de recharge est con\u00e7ue pour une installation sans probl\u00e8me. Qu'elle soit fix\u00e9e au mur ou pos\u00e9e sur un comptoir, l'installation est simple et l'armoire est pr\u00eate \u00e0 \u00eatre utilis\u00e9e imm\u00e9diatement. Les trous de montage pr\u00e9-perc\u00e9s et les supports s\u00fbrs garantissent la stabilit\u00e9, tandis que le syst\u00e8me de gestion des c\u00e2bles est simple \u00e0 configurer.<\/p>\n<h2 id=\"-warranty-and-support-\"><strong>Garantie et assistance<\/strong><\/h2>\n<p>Soutenu par un\u00a0<strong>une garantie solide<\/strong>\u00a0et soutenue par une \u00e9quipe de service \u00e0 la client\u00e8le d\u00e9vou\u00e9e, l'armoire de chargement garantit la protection de votre investissement. En cas de probl\u00e8me, une assistance professionnelle et des pi\u00e8ces de rechange sont imm\u00e9diatement disponibles.<\/p>\n<h2 id=\"-key-features-at-a-glance-\"><strong>Les principales caract\u00e9ristiques en un coup d'\u0153il<\/strong><\/h2>\n<ul>\n<li><strong>Capacit\u00e9 :<\/strong>\u00a0Charge jusqu'\u00e0 10 tablettes ou iPads USB-C, avec ou sans \u00e9tui.<\/li>\n<li><strong>La s\u00e9curit\u00e9 :<\/strong>\u00a0Portes en acier verrouillables avec cadenas en acier inoxydable<\/li>\n<li><strong>Options de stockage :<\/strong>\u00a0Comprend 2 paniers amovibles et des grilles en plastique<\/li>\n<li><strong>Gestion des c\u00e2bles :<\/strong>\u00a0Le syst\u00e8me int\u00e9gr\u00e9 permet d'organiser et de s\u00e9curiser les c\u00e2bles<\/li>\n<li><strong>Conception :<\/strong>\u00a0Compacte, elle peut \u00eatre mont\u00e9e sur un mur ou sur un comptoir<\/li>\n<li><strong>Ventilation :<\/strong>\u00a0Panneaux perfor\u00e9s pour la circulation de l'air et le refroidissement<\/li>\n<li><strong>Durabilit\u00e9 :<\/strong>\u00a0Construction en acier avec finition r\u00e9sistante aux rayures<\/li>\n<li><strong>Soutien :<\/strong>\u00a0Une garantie et un service apr\u00e8s-vente solides<\/li>\n<\/ul>\n<h2 id=\"-why-choose-the-secure-multi-device-usb-c-charging-cabinet-for-tablets-\"><strong>Pourquoi choisir l'armoire de recharge USB-C s\u00e9curis\u00e9e multi-appareils pour tablettes ?<\/strong><\/h2>\n<p>Dans un monde o\u00f9 les tablettes sont des outils essentiels pour l'apprentissage, le travail et le service \u00e0 la client\u00e8le, il est crucial de les charger, de les organiser et de les prot\u00e9ger. Cette armoire de chargement offre une commodit\u00e9 tout-en-un - s\u00e9curit\u00e9, chargement efficace et stockage flexible - tout en prenant un minimum d'espace.<\/p>\n<p>Sa conception r\u00e9fl\u00e9chie et sa construction durable en font un choix judicieux pour tout environnement o\u00f9 la technologie fait partie du flux de travail quotidien. Gr\u00e2ce \u00e0 la combinaison d'une s\u00e9curit\u00e9 robuste, d'un acc\u00e8s facile aux appareils et d'une performance de charge fiable, il garantit que vos appareils sont toujours pr\u00eats lorsque vous en avez besoin.<\/p>","protected":false},"excerpt":{"rendered":"<p>L'armoire de recharge USB-C s\u00e9curis\u00e9e multi-appareils pour tablettes offre une recharge s\u00fbre et efficace pour jusqu'\u00e0 10 tablettes ou iPads USB-C, avec ou sans \u00e9tui. Dot\u00e9e de portes en acier verrouillables, de paniers amovibles et d'un design compact, cette armoire de chargement est parfaite pour une gestion organis\u00e9e, s\u00e9curis\u00e9e et peu encombrante des appareils.<\/p>","protected":false},"featured_media":2524,"template":"","meta":{"_kad_post_transparent":"default","_kad_post_title":"","_kad_post_layout":"default","_kad_post_sidebar_id":"","_kad_post_content_style":"default","_kad_post_vertical_padding":"default","_kad_post_feature":"","_kad_post_feature_position":"","_kad_post_header":false,"_kad_post_footer":false},"product_brand":[],"product_cat":[91],"product_tag":[122,257,256],"class_list":{"0":"post-1662","1":"product","2":"type-product","3":"status-publish","4":"has-post-thumbnail","6":"product_cat-charging-cabinets","7":"product_tag-charging-cabinet","8":"product_tag-secure-device-charging","9":"product_tag-usb-c-tablet-storage","11":"first","12":"instock","13":"shipping-taxable","14":"product-type-simple","15":"entry","16":"content-bg","17":"loop-entry"},"_links":{"self":[{"href":"https:\/\/24smartcharge.com\/fr\/wp-json\/wp\/v2\/product\/1662","targetHints":{"allow":["GET"]}}],"collection":[{"href":"https:\/\/24smartcharge.com\/fr\/wp-json\/wp\/v2\/product"}],"about":[{"href":"https:\/\/24smartcharge.com\/fr\/wp-json\/wp\/v2\/types\/product"}],"wp:featuredmedia":[{"embeddable":true,"href":"https:\/\/24smartcharge.com\/fr\/wp-json\/wp\/v2\/media\/2524"}],"wp:attachment":[{"href":"https:\/\/24smartcharge.com\/fr\/wp-json\/wp\/v2\/media?parent=1662"}],"wp:term":[{"taxonomy":"product_brand","embeddable":true,"href":"https:\/\/24smartcharge.com\/fr\/wp-json\/wp\/v2\/product_brand?post=1662"},{"taxonomy":"product_cat","embeddable":true,"href":"https:\/\/24smartcharge.com\/fr\/wp-json\/wp\/v2\/product_cat?post=1662"},{"taxonomy":"product_tag","embeddable":true,"href":"https:\/\/24smartcharge.com\/fr\/wp-json\/wp\/v2\/product_tag?post=1662"}],"curies":[{"name":"wp","href":"https:\/\/api.w.org\/{rel}","templated":true}]}}