{"id":1658,"date":"2025-08-08T03:24:25","date_gmt":"2025-08-08T03:24:25","guid":{"rendered":"https:\/\/24smartcharge.com\/?post_type=product&#038;p=1658"},"modified":"2025-08-15T10:17:55","modified_gmt":"2025-08-15T10:17:55","slug":"secure-multi-device-charging-cabinet-for-tablets","status":"publish","type":"product","link":"https:\/\/24smartcharge.com\/fr\/secure-multi-device-charging-cabinet-for-tablets\/","title":{"rendered":"Armoire de recharge s\u00e9curis\u00e9e pour tablettes multi-appareils"},"content":{"rendered":"<h1 id=\"secure-multi-device-charging-cabinet-for-tablets\">Armoire de recharge s\u00e9curis\u00e9e pour tablettes multi-appareils<\/h1>\n<p>Le\u00a0<strong>Armoire de recharge s\u00e9curis\u00e9e pour tablettes multi-appareils<\/strong>\u00a0est une solution compacte, efficace et hautement s\u00e9curis\u00e9e con\u00e7ue pour charger, stocker et prot\u00e9ger plusieurs tablettes ou appareils portables dans un emplacement centralis\u00e9. Con\u00e7ue pour les \u00e9tablissements d'enseignement, les bureaux, les \u00e9tablissements de sant\u00e9 et tout environnement o\u00f9 les tablettes font partie des activit\u00e9s quotidiennes, cette armoire de chargement offre un \u00e9quilibre entre un design peu encombrant, une capacit\u00e9 de chargement rapide et une s\u00e9curit\u00e9 robuste.<\/p>\n<h2 id=\"-overview-\"><strong>Vue d'ensemble<\/strong><\/h2>\n<p>La gestion de plusieurs appareils peut repr\u00e9senter un d\u00e9fi logistique. L'armoire de chargement s\u00e9curis\u00e9e pour tablettes est con\u00e7ue pour rendre ce processus simple, s\u00fbr et peu encombrant. Capable de charger jusqu'\u00e0 8 tablettes simultan\u00e9ment, cette armoire offre un rangement organis\u00e9, une s\u00e9curit\u00e9 int\u00e9gr\u00e9e et un chargement \u00e0 grande vitesse, tout en conservant un encombrement minimal. Qu'elle soit mont\u00e9e sur un mur ou plac\u00e9e sur un comptoir, elle transforme n'importe quelle zone en un centre de gestion s\u00e9curis\u00e9e des appareils.<\/p>\n<h2 id=\"-key-features-\"><strong>Caract\u00e9ristiques principales<\/strong><\/h2>\n<h3 id=\"-1-tablet-and-handheld-device-compatibility-\"><strong>1. Compatibilit\u00e9 avec les tablettes et les appareils portables<\/strong><\/h3>\n<p>Cette armoire de chargement prend en charge une large gamme de tablettes aliment\u00e9es par Lightning, y compris les iPads, avec ou sans \u00e9tui de protection. Ses compartiments r\u00e9glables s'adaptent \u00e0 diff\u00e9rentes tailles d'appareils, ce qui garantit une grande flexibilit\u00e9 pour r\u00e9pondre aux diff\u00e9rents besoins des utilisateurs. Les fentes de chargement sont soigneusement dispos\u00e9es avec des c\u00e2bles pr\u00e9install\u00e9s, ce qui facilite l'insertion et le chargement des appareils sans encombrement de c\u00e2bles.<\/p>\n<h3 id=\"-2-small-footprint-maximum-efficiency-\"><strong>2. Faible encombrement, efficacit\u00e9 maximale<\/strong><\/h3>\n<p>Con\u00e7ue dans un souci d'\u00e9conomie d'espace, l'armoire de recharge peut \u00eatre fix\u00e9e au mur ou plac\u00e9e sur une surface. Elle transforme n'importe quel mur ou comptoir en une station de recharge s\u00e9curis\u00e9e sans occuper trop d'espace. Sa forme compacte la rend id\u00e9ale pour les environnements o\u00f9 l'espace est limit\u00e9, tels que les salles de classe, les salles du personnel ou les zones d'accueil.<\/p>\n<h3 id=\"-3-ultra-secure-locking-system-\"><strong>3. Syst\u00e8me de verrouillage ultra-s\u00e9curis\u00e9<\/strong><\/h3>\n<p>La s\u00e9curit\u00e9 est une priorit\u00e9 absolue. L'armoire de chargement est \u00e9quip\u00e9e d'un cadenas \u00e0 combinaison int\u00e9gr\u00e9, ce qui \u00e9limine le besoin de cl\u00e9s tout en dissuadant fortement les voleurs. Les appareils sont stock\u00e9s dans un compartiment verrouill\u00e9, prot\u00e9geant ainsi votre investissement d'un acc\u00e8s non autoris\u00e9. La construction robuste en acier ajoute une couche suppl\u00e9mentaire de durabilit\u00e9 et de protection.<\/p>\n<h3 id=\"-4-affordable-without-compromise-\"><strong>4. Abordable sans compromis<\/strong><\/h3>\n<p>La qualit\u00e9 et la s\u00e9curit\u00e9 ne sont pas forc\u00e9ment synonymes de prix \u00e9lev\u00e9. Cette armoire de chargement offre une solution \u00e9conomique sans sacrifier la qualit\u00e9 de construction ou les fonctions essentielles. C'est un choix id\u00e9al pour les organisations qui ont besoin d'une gestion efficace de leurs appareils tout en restant dans les limites de leur budget.<\/p>\n<h3 id=\"-5-efficient-2-4a-charging-for-every-slot-\"><strong>5. Chargement efficace de 2,4 A pour chaque emplacement<\/strong><\/h3>\n<p>Chaque port de charge d\u00e9livre jusqu'\u00e0 2,4 amp\u00e8res, ce qui permet \u00e0 tous les appareils de se charger rapidement et efficacement, m\u00eame lorsque les 8 baies sont utilis\u00e9es. Ainsi, vos tablettes sont pr\u00eates \u00e0 \u00eatre utilis\u00e9es lorsque vous en avez besoin, ce qui r\u00e9duit les temps d'arr\u00eat et am\u00e9liore la productivit\u00e9.<\/p>\n<h3 id=\"-6-robust-warranty-and-support-\"><strong>6. Une garantie et une assistance solides<\/strong><\/h3>\n<p>Pour une plus grande tranquillit\u00e9 d'esprit, l'armoire de chargement est assortie d'une garantie solide soutenue par une \u00e9quipe d'assistance \u00e0 la client\u00e8le d\u00e9vou\u00e9e. En cas de probl\u00e8me technique ou d'inqui\u00e9tude concernant le produit, une aide est imm\u00e9diatement disponible.<\/p>\n<h2 id=\"-design-build-quality-\"><strong>Qualit\u00e9 de la conception et de la construction<\/strong><\/h2>\n<p>L'armoire de chargement pr\u00e9sente un design \u00e9l\u00e9gant et moderne avec un bo\u00eetier m\u00e9tallique robuste. Le panneau avant comporte un motif perfor\u00e9 pour la ventilation, ce qui permet aux appareils de rester au frais pendant la charge. Un syst\u00e8me intuitif de num\u00e9rotation des emplacements permet aux utilisateurs d'identifier et de r\u00e9cup\u00e9rer rapidement les appareils qui leur sont attribu\u00e9s. Les indicateurs d'\u00e9tat vert et rouge facilitent le suivi de l'emplacement des appareils.<\/p>\n<p>L'int\u00e9rieur est bien organis\u00e9 et les c\u00e2bles de charge fixes sont achemin\u00e9s proprement \u00e0 travers chaque fente. Cela permet d'\u00e9viter les enchev\u00eatrements, de maintenir les c\u00e2bles en place et de conserver un aspect propre et professionnel.<\/p>\n<h2 id=\"-practical-applications-\"><strong>Applications pratiques<\/strong><\/h2>\n<ul>\n<li><strong>\u00c9ducation :<\/strong>\u00a0Les tablettes des \u00e9tudiants sont s\u00e9curis\u00e9es, charg\u00e9es et pr\u00eates pour les cours, ce qui permet de r\u00e9duire les temps d'arr\u00eat et d'\u00e9viter la perte d'appareils.<\/li>\n<li><strong>Affaires et entreprises :<\/strong>\u00a0Veille \u00e0 ce que les tablettes utilis\u00e9es pour les pr\u00e9sentations, les interactions avec les clients ou les op\u00e9rations quotidiennes soient toujours aliment\u00e9es.<\/li>\n<li><strong>Soins de sant\u00e9<\/strong>\u00a0Fournit une solution de stockage s\u00fbre et hygi\u00e9nique pour les tablettes utilis\u00e9es dans les soins aux patients, l'administration ou les diagnostics.<\/li>\n<li><strong>L'hospitalit\u00e9 :<\/strong>\u00a0Parfait pour les h\u00f4tels, les restaurants ou les centres de conf\u00e9rence qui proposent des tablettes pour l'utilisation par les clients ou les op\u00e9rations.<\/li>\n<li><strong>Vente au d\u00e9tail :<\/strong>\u00a0Les tablettes des points de vente sont charg\u00e9es et pr\u00eates \u00e0 l'emploi pendant les heures d'ouverture.<\/li>\n<\/ul>\n<h2 id=\"-benefits-at-a-glance-\"><strong>Les avantages en un coup d'\u0153il<\/strong><\/h2>\n<ol>\n<li><strong>Stockage organis\u00e9<\/strong>\u00a0- Des compartiments bien ordonn\u00e9s avec des fentes \u00e9tiquet\u00e9es facilitent le suivi des appareils.<\/li>\n<li><strong>Chargement rapide<\/strong>\u00a0- 2,4 A par port pour une charge simultan\u00e9e et efficace.<\/li>\n<li><strong>Haute s\u00e9curit\u00e9<\/strong>\u00a0- La serrure \u00e0 combinaison et la construction durable prot\u00e8gent contre le vol.<\/li>\n<li><strong>Taille compacte<\/strong>\u00a0- S'installe facilement sur les comptoirs ou se fixe au mur pour une meilleure efficacit\u00e9 \u00e9nerg\u00e9tique.<\/li>\n<li><strong>Compatibilit\u00e9 polyvalente<\/strong>\u00a0- Fonctionne avec divers appareils aliment\u00e9s par la technologie Lightning.<\/li>\n<li><strong>Gestion des c\u00e2bles<\/strong>\u00a0- Le passage des c\u00e2bles int\u00e9gr\u00e9 permet de garder l'int\u00e9rieur bien rang\u00e9.<\/li>\n<\/ol>\n<h2 id=\"-why-choose-this-charging-cabinet-\"><strong>Pourquoi choisir cette armoire de chargement ?<\/strong><\/h2>\n<p>Dans les environnements o\u00f9 le temps, la s\u00e9curit\u00e9 des appareils et l'efficacit\u00e9 sont importants, l'armoire de chargement multi-appareils s\u00e9curis\u00e9e pour tablettes offre une solution compl\u00e8te. Elle minimise les probl\u00e8mes li\u00e9s \u00e0 la gestion de plusieurs chargeurs et prises de courant tout en prot\u00e9geant vos appareils. Sa conception conviviale garantit un acc\u00e8s facile en cas de besoin et un stockage s\u00e9curis\u00e9 lorsqu'elle n'est pas utilis\u00e9e.<\/p>\n<p>Pour les institutions et les entreprises qui d\u00e9pendent quotidiennement des tablettes, cette armoire de chargement offre fiabilit\u00e9, rapidit\u00e9 et tranquillit\u00e9 d'esprit, ce qui en fait un investissement essentiel pour une gestion rationalis\u00e9e des appareils.<\/p>","protected":false},"excerpt":{"rendered":"<p>L'armoire de chargement s\u00e9curis\u00e9e multi-appareils pour tablettes permet de charger simultan\u00e9ment et de mani\u00e8re organis\u00e9e jusqu'\u00e0 8 appareils. Avec un design compact, une charge efficace de 2,4 A et une serrure \u00e0 combinaison, elle permet de garder les tablettes en s\u00e9curit\u00e9, aliment\u00e9es et pr\u00eates \u00e0 l'emploi tout en \u00e9conomisant de l'espace dans les salles de classe, les bureaux ou les espaces publics.<\/p>","protected":false},"featured_media":2514,"template":"","meta":{"_kad_post_transparent":"default","_kad_post_title":"","_kad_post_layout":"default","_kad_post_sidebar_id":"","_kad_post_content_style":"default","_kad_post_vertical_padding":"default","_kad_post_feature":"","_kad_post_feature_position":"","_kad_post_header":false,"_kad_post_footer":false},"product_brand":[],"product_cat":[91],"product_tag":[122,120,161],"class_list":{"0":"post-1658","1":"product","2":"type-product","3":"status-publish","4":"has-post-thumbnail","6":"product_cat-charging-cabinets","7":"product_tag-charging-cabinet","8":"product_tag-secure-device-storage","9":"product_tag-tablet-charging-station","11":"first","12":"instock","13":"shipping-taxable","14":"product-type-simple","15":"entry","16":"content-bg","17":"loop-entry"},"_links":{"self":[{"href":"https:\/\/24smartcharge.com\/fr\/wp-json\/wp\/v2\/product\/1658","targetHints":{"allow":["GET"]}}],"collection":[{"href":"https:\/\/24smartcharge.com\/fr\/wp-json\/wp\/v2\/product"}],"about":[{"href":"https:\/\/24smartcharge.com\/fr\/wp-json\/wp\/v2\/types\/product"}],"wp:featuredmedia":[{"embeddable":true,"href":"https:\/\/24smartcharge.com\/fr\/wp-json\/wp\/v2\/media\/2514"}],"wp:attachment":[{"href":"https:\/\/24smartcharge.com\/fr\/wp-json\/wp\/v2\/media?parent=1658"}],"wp:term":[{"taxonomy":"product_brand","embeddable":true,"href":"https:\/\/24smartcharge.com\/fr\/wp-json\/wp\/v2\/product_brand?post=1658"},{"taxonomy":"product_cat","embeddable":true,"href":"https:\/\/24smartcharge.com\/fr\/wp-json\/wp\/v2\/product_cat?post=1658"},{"taxonomy":"product_tag","embeddable":true,"href":"https:\/\/24smartcharge.com\/fr\/wp-json\/wp\/v2\/product_tag?post=1658"}],"curies":[{"name":"wp","href":"https:\/\/api.w.org\/{rel}","templated":true}]}}