{"id":1642,"date":"2025-08-08T02:42:29","date_gmt":"2025-08-08T02:42:29","guid":{"rendered":"https:\/\/24smartcharge.com\/?post_type=product&#038;p=1642"},"modified":"2025-08-15T09:51:15","modified_gmt":"2025-08-15T09:51:15","slug":"secure-portable-5-device-charging-cabinet","status":"publish","type":"product","link":"https:\/\/24smartcharge.com\/fr\/secure-portable-5-device-charging-cabinet\/","title":{"rendered":"Armoire de recharge portable s\u00e9curis\u00e9e pour 5 appareils"},"content":{"rendered":"<p><strong>Une portabilit\u00e9 in\u00e9gal\u00e9e et un encombrement r\u00e9duit<\/strong><\/p>\n<p>L'une des caract\u00e9ristiques les plus marquantes de cette armoire de chargement est sa portabilit\u00e9 exceptionnelle. Con\u00e7ue pour l'utilisateur moderne et mobile, elle est dot\u00e9e d'une poign\u00e9e robuste et confortable qui permet de transporter sans effort un ensemble complet de cinq tablettes. Imaginez un enseignant transportant facilement des appareils de la salle de classe \u00e0 la biblioth\u00e8que, un formateur d'entreprise d\u00e9pla\u00e7ant des tablettes entre les salles de r\u00e9union ou un responsable de service sur le terrain d\u00e9ployant des appareils \u00e0 une \u00e9quipe sur place. La construction l\u00e9g\u00e8re mais durable garantit que vous pouvez d\u00e9placer votre technologie l\u00e0 o\u00f9 elle est le plus n\u00e9cessaire, sans effort ni tracas. Cette capacit\u00e9 \"CarryOn\" transforme la fa\u00e7on dont vous d\u00e9ployez et r\u00e9cup\u00e9rez les appareils, transformant une t\u00e2che encombrante en une action simple, en un seul voyage.<\/p>\n<p>En outre, l'armoire de recharge pr\u00e9sente un encombrement r\u00e9duit impressionnant. Dans les environnements o\u00f9 l'espace est compt\u00e9, tels qu'une salle de classe bond\u00e9e, un bureau compact ou un comptoir de vente au d\u00e9tail tr\u00e8s fr\u00e9quent\u00e9, cette unit\u00e9 convient parfaitement. Sa conception bien pens\u00e9e lui permet de s'adapter \u00e0 votre environnement. Vous pouvez le placer sur n'importe quel comptoir, bureau ou \u00e9tag\u00e8re sans qu'il ne soit g\u00eanant. Cette capacit\u00e9 \u00e0 transformer n'importe quelle petite surface en un centre de charge et de stockage s\u00e9curis\u00e9 en fait un atout inestimable, optimisant votre espace tout en gardant vos appareils organis\u00e9s et accessibles. Les d\u00e9coupes circulaires uniques sur les panneaux lat\u00e9raux ne sont pas seulement un choix stylistique ; elles fournissent une ventilation essentielle, permettant \u00e0 la chaleur de se dissiper lorsque les appareils se chargent, prot\u00e9geant ainsi leurs batteries et leurs composants internes de la surchauffe.<\/p>\n<p><strong>Stockage ultra-s\u00e9curis\u00e9 pour une tranquillit\u00e9 d'esprit totale<\/strong><\/p>\n<p>La s\u00e9curit\u00e9 est primordiale lorsqu'il s'agit de g\u00e9rer plusieurs appareils co\u00fbteux. Cette armoire de chargement offre une solution ultra-s\u00e9curis\u00e9e pour prot\u00e9ger votre investissement contre le vol et l'acc\u00e8s non autoris\u00e9. La station est construite avec un cadre solide et durable et comporte une porte transparente \u00e0 charni\u00e8re qui peut \u00eatre verrouill\u00e9e \u00e0 l'aide d'un cadenas en acier inoxydable. Ce m\u00e9canisme de verrouillage robuste garantit que vos iPads et tablettes sont en s\u00e9curit\u00e9 lorsqu'ils ne sont pas utilis\u00e9s, que ce soit pendant la nuit dans une salle de classe, dans un espace de bureau partag\u00e9 ou dans un environnement public. La porte transparente offre l'avantage suppl\u00e9mentaire de permettre un contr\u00f4le visuel rapide de l'inventaire, de sorte que vous pouvez voir en un coup d'\u0153il que tous les appareils sont pr\u00e9sents et comptabilis\u00e9s sans avoir besoin de d\u00e9verrouiller l'unit\u00e9. Cette combinaison de s\u00e9curit\u00e9 physique et de commodit\u00e9 pratique vous apporte la tranquillit\u00e9 d'esprit dont vous avez besoin.<\/p>\n<p><strong>Chargement sans effort et compatibilit\u00e9 universelle<\/strong><\/p>\n<p>\u00c0 la base, il s'agit d'une puissante armoire de recharge USB-C \u00e0 5 appareils, con\u00e7ue pour une efficacit\u00e9 maximale. Elle \u00e9limine l'encombrement et le chaos des chargeurs individuels et des c\u00e2bles emm\u00eal\u00e9s en fournissant cinq ports de charge d\u00e9di\u00e9s dans un emplacement centralis\u00e9. La station est con\u00e7ue pour \u00eatre compatible avec une large gamme d'appareils, notamment divers mod\u00e8les d'iPad et d'autres tablettes, avec ou sans leur \u00e9tui de protection. Les s\u00e9parateurs de baies internes sont espac\u00e9s pour s'adapter \u00e0 la plupart des \u00e9tuis standard, vous \u00e9vitant ainsi la t\u00e2che fastidieuse de les retirer avant la charge. Cet \u00e9l\u00e9ment de conception bien pens\u00e9 rationalise le processus de chargement, le rendant plus rapide et plus convivial pour tout le monde.<\/p>\n<p>L'int\u00e9rieur est dot\u00e9 d'un syst\u00e8me intelligent de gestion des c\u00e2bles qui permet de maintenir les c\u00e2bles de charge propres, bien rang\u00e9s et correctement positionn\u00e9s pour chaque appareil. Cela permet non seulement de cr\u00e9er une apparence propre et organis\u00e9e, mais aussi de prot\u00e9ger les c\u00e2bles contre les dommages, l'effilochage et l'enchev\u00eatrement, ce qui prolonge leur dur\u00e9e de vie et vous permet d'\u00e9conomiser de l'argent sur les remplacements. Il suffit de glisser un appareil dans son emplacement et de le brancher pour qu'il soit charg\u00e9 et pr\u00eat pour sa prochaine utilisation.<\/p>\n<p><strong>Un prix abordable \u00e0 long terme et une garantie solide<\/strong><\/p>\n<p>Investir dans cette armoire de chargement est une d\u00e9cision financi\u00e8re intelligente. Elle repr\u00e9sente un prix abordable \u00e0 long terme en offrant une qualit\u00e9 et une durabilit\u00e9 exceptionnelles, con\u00e7ues pour durer. En emp\u00eachant le vol des appareils, en r\u00e9duisant les dommages caus\u00e9s par un stockage inad\u00e9quat et en prot\u00e9geant les c\u00e2bles de charge, l'armoire vous permet de r\u00e9aliser d'importantes \u00e9conomies au fil du temps. Vous n'avez pas \u00e0 sacrifier la qualit\u00e9 pour le prix ; cette station constitue une solution de gestion des appareils de premier ordre qui offre un retour sur investissement \u00e9vident.<\/p>\n<p>La confiance dans un produit est un gage de qualit\u00e9. Cette armoire de chargement b\u00e9n\u00e9ficie d'une garantie solide et d'une \u00e9quipe d'assistance \u00e0 la client\u00e8le d\u00e9vou\u00e9e. En cas de probl\u00e8me, vous pouvez \u00eatre assur\u00e9 qu'une aide est disponible. Cet engagement en faveur de la qualit\u00e9 des produits et de la satisfaction des clients garantit que vous n'achetez pas seulement un produit, mais une solution fiable et \u00e0 long terme, soutenue par une \u00e9quipe qui s'en porte garante.<\/p>","protected":false},"excerpt":{"rendered":"<div class=\"chat-turn-container model render cdk-focused cdk-mouse-focused\" tabindex=\"-1\">\n<div class=\"model-prompt-container\" data-turn-role=\"Model\">\n<div class=\"turn-content\">\n<p class=\"ng-star-inserted\"><span class=\"ng-star-inserted\">Cette armoire de chargement ultra-s\u00e9curis\u00e9e permet de charger et de stocker jusqu'\u00e0 5 iPad ou tablettes. Sa conception compacte et l\u00e9g\u00e8re avec une poign\u00e9e la rend facile \u00e0 transporter. L'unit\u00e9 peut \u00eatre verrouill\u00e9e \u00e0 l'aide d'un cadenas, ce qui garantit la s\u00e9curit\u00e9 de vos appareils. Une solution abordable et peu encombrante pour tous les environnements.<\/span><\/p>\n<\/div>\n<\/div>\n<\/div>","protected":false},"featured_media":2490,"template":"","meta":{"_kad_post_transparent":"default","_kad_post_title":"","_kad_post_layout":"default","_kad_post_sidebar_id":"","_kad_post_content_style":"default","_kad_post_vertical_padding":"default","_kad_post_feature":"","_kad_post_feature_position":"","_kad_post_header":false,"_kad_post_footer":false},"product_brand":[],"product_cat":[91],"product_tag":[254,122,255],"class_list":{"0":"post-1642","1":"product","2":"type-product","3":"status-publish","4":"has-post-thumbnail","6":"product_cat-charging-cabinets","7":"product_tag-5-device-charging-station","8":"product_tag-charging-cabinet","9":"product_tag-portable-secure","11":"first","12":"instock","13":"shipping-taxable","14":"product-type-simple","15":"entry","16":"content-bg","17":"loop-entry"},"_links":{"self":[{"href":"https:\/\/24smartcharge.com\/fr\/wp-json\/wp\/v2\/product\/1642","targetHints":{"allow":["GET"]}}],"collection":[{"href":"https:\/\/24smartcharge.com\/fr\/wp-json\/wp\/v2\/product"}],"about":[{"href":"https:\/\/24smartcharge.com\/fr\/wp-json\/wp\/v2\/types\/product"}],"wp:featuredmedia":[{"embeddable":true,"href":"https:\/\/24smartcharge.com\/fr\/wp-json\/wp\/v2\/media\/2490"}],"wp:attachment":[{"href":"https:\/\/24smartcharge.com\/fr\/wp-json\/wp\/v2\/media?parent=1642"}],"wp:term":[{"taxonomy":"product_brand","embeddable":true,"href":"https:\/\/24smartcharge.com\/fr\/wp-json\/wp\/v2\/product_brand?post=1642"},{"taxonomy":"product_cat","embeddable":true,"href":"https:\/\/24smartcharge.com\/fr\/wp-json\/wp\/v2\/product_cat?post=1642"},{"taxonomy":"product_tag","embeddable":true,"href":"https:\/\/24smartcharge.com\/fr\/wp-json\/wp\/v2\/product_tag?post=1642"}],"curies":[{"name":"wp","href":"https:\/\/api.w.org\/{rel}","templated":true}]}}