{"id":1626,"date":"2025-08-08T02:25:44","date_gmt":"2025-08-08T02:25:44","guid":{"rendered":"https:\/\/24smartcharge.com\/?post_type=product&#038;p=1626"},"modified":"2025-08-15T09:17:45","modified_gmt":"2025-08-15T09:17:45","slug":"universal-secure-wall-mount-charging-cabinet","status":"publish","type":"product","link":"https:\/\/24smartcharge.com\/fr\/universal-secure-wall-mount-charging-cabinet\/","title":{"rendered":"Armoire de recharge murale universelle et s\u00e9curis\u00e9e"},"content":{"rendered":"<p><strong>Compatibilit\u00e9 universelle in\u00e9gal\u00e9e pour un paysage d'appareils diversifi\u00e9<\/strong><\/p>\n<p>L'une des plus grandes forces de cette armoire de recharge est sa profonde compatibilit\u00e9 universelle. Nous ne vivons plus dans un monde d'appareils standardis\u00e9s. Une m\u00eame classe peut utiliser simultan\u00e9ment des iPads, des Chromebooks et d'autres marques de tablettes. De m\u00eame, un bureau peut d\u00e9ployer un m\u00e9lange de smartphones et de tablettes appartenant \u00e0 l'entreprise pour diverses t\u00e2ches. Ce produit s'adapte sans effort \u00e0 cette diversit\u00e9. Con\u00e7u pour \u00eatre agnostique, il peut charger pratiquement tous les appareils mobiles, des petits t\u00e9l\u00e9phones aux grandes tablettes. Cette flexibilit\u00e9 garantit que votre investissement reste pertinent et fonctionnel, m\u00eame si les besoins technologiques de votre entreprise \u00e9voluent. Vous n'aurez pas \u00e0 acheter une nouvelle station de charge \u00e0 chaque fois que vous mettrez \u00e0 niveau ou diversifierez vos appareils.<\/p>\n<p>En outre, la conception aborde intelligemment le probl\u00e8me pratique des \u00e9tuis de protection. Retirer un appareil de son \u00e9tui pour le recharger est fastidieux, augmente le risque de dommages et ralentit le d\u00e9ploiement. Cette armoire de chargement est con\u00e7ue pour accueillir la plupart des appareils dans leur \u00e9tui de protection, y compris les \u00e9tuis \u00e9pais et robustes souvent utilis\u00e9s dans les \u00e9coles ou sur le terrain. Cela est possible gr\u00e2ce \u00e0 son int\u00e9rieur adaptable, qui peut \u00eatre configur\u00e9 \u00e0 l'aide des paniers ou des racks m\u00e9talliques inclus. Disponible en configurations pour 10 ou 15 appareils, cette armoire de chargement vous permet de choisir la capacit\u00e9 qui correspond parfaitement \u00e0 l'\u00e9chelle de vos besoins, en veillant \u00e0 ce que chaque appareil dispose d'un emplacement d\u00e9di\u00e9 et s\u00e9curis\u00e9.<\/p>\n<p><strong>Une s\u00e9curit\u00e9 renforc\u00e9e pour une totale tranquillit\u00e9 d'esprit<\/strong><\/p>\n<p>Les tablettes et les appareils mobiles de votre entreprise repr\u00e9sentent un investissement financier important, et il est primordial de le prot\u00e9ger. L'armoire de chargement murale universelle et s\u00e9curis\u00e9e est construite avec la s\u00e9curit\u00e9 comme principe de base. L'unit\u00e9 est fabriqu\u00e9e en acier durable de haute qualit\u00e9, cr\u00e9ant ainsi une formidable barri\u00e8re contre les acc\u00e8s non autoris\u00e9s et les dommages accidentels. La porte en acier massif, lorsqu'elle est ferm\u00e9e, s\u00e9curise compl\u00e8tement les appareils \u00e0 l'int\u00e9rieur.<\/p>\n<p>Pour une plus grande tranquillit\u00e9 d'esprit, l'armoire est dot\u00e9e d'un m\u00e9canisme de verrouillage robuste. Elle est con\u00e7ue pour \u00eatre s\u00e9curis\u00e9e \u00e0 l'aide d'un cadenas robuste, garantissant que seul le personnel autoris\u00e9 disposant d'une cl\u00e9 peut acc\u00e9der \u00e0 la technologie de valeur stock\u00e9e \u00e0 l'int\u00e9rieur. Il s'agit donc d'une solution id\u00e9ale pour laisser les appareils se recharger pendant la nuit dans une salle de classe, les stocker en toute s\u00e9curit\u00e9 dans une arri\u00e8re-boutique ou les prot\u00e9ger dans un espace semi-public. La dissuasion visuelle de la serrure elle-m\u00eame, associ\u00e9e \u00e0 la robustesse de l'armoire, r\u00e9duit consid\u00e9rablement le risque de vol. Ce niveau de s\u00e9curit\u00e9 signifie que vous pouvez d\u00e9ployer votre technologie en toute confiance, en sachant qu'elle est prot\u00e9g\u00e9e en permanence.<\/p>\n<p><strong>Une conception intelligente et peu encombrante pour tous les environnements<\/strong><\/p>\n<p>L'espace d'une salle de classe, d'un comptoir de vente ou d'un mur de bureau est pr\u00e9cieux. Cette armoire de recharge a \u00e9t\u00e9 con\u00e7ue avec un encombrement minimal pour s'int\u00e9grer parfaitement \u00e0 votre espace existant sans le perturber. Son esth\u00e9tique moderne et \u00e9l\u00e9gante, avec une porte blanche et un corps gris fonc\u00e9 professionnel, lui permet de se fondre dans n'importe quel environnement professionnel ou \u00e9ducatif.<\/p>\n<p>Le v\u00e9ritable g\u00e9nie de l'armoire r\u00e9side dans sa polyvalence. Il peut \u00eatre solidement mont\u00e9 sur un mur, ce qui permet d'\u00e9loigner l'ensemble du syst\u00e8me du sol et des comptoirs et de lib\u00e9rer un espace de travail pr\u00e9cieux. C'est la solution id\u00e9ale pour les salles de classe ou les couloirs tr\u00e8s fr\u00e9quent\u00e9s o\u00f9 l'espace au sol est limit\u00e9. Par ailleurs, sa structure stable et compacte lui permet d'\u00eatre plac\u00e9 directement sur un comptoir, un bureau ou toute autre surface plane, offrant ainsi un acc\u00e8s imm\u00e9diat l\u00e0 o\u00f9 il est le plus n\u00e9cessaire. Cette adaptabilit\u00e9 lui permet de convenir \u00e0 une vaste gamme d'applications, depuis les biblioth\u00e8ques et les laboratoires jusqu'aux salles du personnel et aux bureaux de service. Le rev\u00eatement en acier perfor\u00e9 n'est pas seulement un choix de design ; il assure une ventilation passive, permettant \u00e0 l'air de circuler librement et de dissiper la chaleur g\u00e9n\u00e9r\u00e9e pendant la charge, ce qui contribue \u00e0 prot\u00e9ger les batteries des appareils et \u00e0 prolonger leur dur\u00e9e de vie.<\/p>\n<p><strong>Red\u00e9finition de l'organisation et de l'efficacit\u00e9<\/strong><\/p>\n<p>Au-del\u00e0 du chargement et de la s\u00e9curit\u00e9, cette armoire de chargement excelle dans l'organisation. \u00c0 l'int\u00e9rieur de l'armoire, vous trouverez un syst\u00e8me con\u00e7u pour rationaliser le processus de distribution et de collecte des appareils. L'unit\u00e9 est livr\u00e9e en standard avec des paniers aux couleurs vives. Ces paniers, \u00e0 la fois l\u00e9gers et r\u00e9sistants, permettent de regrouper les appareils, ce qui rend le d\u00e9ploiement incroyablement efficace. Un enseignant, par exemple, peut simplement saisir un panier contenant cinq tablettes et le remettre \u00e0 un groupe d'\u00e9l\u00e8ves, puis les r\u00e9cup\u00e9rer tout aussi facilement. Ce syst\u00e8me permet de gagner un temps pr\u00e9cieux et de s'assurer que les appareils sont manipul\u00e9s en toute s\u00e9curit\u00e9.<\/p>\n<p>Pour les appareils de dimensions plus importantes ou non standard, les paniers peuvent \u00eatre facilement retir\u00e9s et remplac\u00e9s par les supports m\u00e9talliques inclus. Ces supports offrent un espace de stockage \u00e0 fente ouverte qui peut accueillir des appareils plus \u00e9pais ou ceux dont les bo\u00eetiers sont encombrants, d\u00e9montrant ainsi l'engagement de l'armoire \u00e0 l'\u00e9gard d'une v\u00e9ritable universalit\u00e9. L'int\u00e9rieur est \u00e9galement dot\u00e9 d'un syst\u00e8me sophistiqu\u00e9 de gestion des c\u00e2bles. Que ce soit en utilisant les barrettes d'alimentation internes ou le c\u00e2blage USB direct, tous les c\u00e2bles sont bien rang\u00e9s et hors de port\u00e9e. Cela \u00e9vite l'enchev\u00eatrement des c\u00e2bles, facilite le branchement des appareils et prot\u00e8ge les c\u00e2bles eux-m\u00eames de l'usure, ce qui contribue \u00e0 la fiabilit\u00e9 \u00e0 long terme du syst\u00e8me et \u00e0 son prix abordable. Ce souci d'organisation transforme la logistique quotidienne, faisant de la gestion des appareils un processus fluide et ordonn\u00e9.<\/p>","protected":false},"excerpt":{"rendered":"<div class=\"model-prompt-container\" data-turn-role=\"Model\">\n<div class=\"turn-content\">\n<p class=\"ng-star-inserted\"><span class=\"ng-star-inserted\">Cette armoire de recharge s\u00e9curis\u00e9e et compacte permet de recharger jusqu'\u00e0 15 appareils. Son design universel s'adapte aux tablettes et aux t\u00e9l\u00e9phones, avec ou sans \u00e9tui, et utilise des paniers et des supports amovibles pour l'organisation. La porte en acier verrouillable prot\u00e8ge les appareils, ce qui la rend id\u00e9ale pour une installation murale ou de comptoir peu encombrante.<\/span><\/p>\n<div class=\"turn-information ng-star-inserted\"><\/div>\n<\/div>\n<\/div>\n<div class=\"turn-footer ng-star-inserted\"><\/div>","protected":false},"featured_media":2452,"template":"","meta":{"_kad_post_transparent":"default","_kad_post_title":"","_kad_post_layout":"default","_kad_post_sidebar_id":"","_kad_post_content_style":"default","_kad_post_vertical_padding":"default","_kad_post_feature":"","_kad_post_feature_position":"","_kad_post_header":false,"_kad_post_footer":false},"product_brand":[],"product_cat":[91],"product_tag":[122,140,144],"class_list":{"0":"post-1626","1":"product","2":"type-product","3":"status-publish","4":"has-post-thumbnail","6":"product_cat-charging-cabinets","7":"product_tag-charging-cabinet","8":"product_tag-multi-device-charger","9":"product_tag-secure-charging-station","11":"first","12":"instock","13":"shipping-taxable","14":"product-type-simple","15":"entry","16":"content-bg","17":"loop-entry"},"_links":{"self":[{"href":"https:\/\/24smartcharge.com\/fr\/wp-json\/wp\/v2\/product\/1626","targetHints":{"allow":["GET"]}}],"collection":[{"href":"https:\/\/24smartcharge.com\/fr\/wp-json\/wp\/v2\/product"}],"about":[{"href":"https:\/\/24smartcharge.com\/fr\/wp-json\/wp\/v2\/types\/product"}],"wp:featuredmedia":[{"embeddable":true,"href":"https:\/\/24smartcharge.com\/fr\/wp-json\/wp\/v2\/media\/2452"}],"wp:attachment":[{"href":"https:\/\/24smartcharge.com\/fr\/wp-json\/wp\/v2\/media?parent=1626"}],"wp:term":[{"taxonomy":"product_brand","embeddable":true,"href":"https:\/\/24smartcharge.com\/fr\/wp-json\/wp\/v2\/product_brand?post=1626"},{"taxonomy":"product_cat","embeddable":true,"href":"https:\/\/24smartcharge.com\/fr\/wp-json\/wp\/v2\/product_cat?post=1626"},{"taxonomy":"product_tag","embeddable":true,"href":"https:\/\/24smartcharge.com\/fr\/wp-json\/wp\/v2\/product_tag?post=1626"}],"curies":[{"name":"wp","href":"https:\/\/api.w.org\/{rel}","templated":true}]}}