{"id":1606,"date":"2025-08-08T01:45:15","date_gmt":"2025-08-08T01:45:15","guid":{"rendered":"https:\/\/24smartcharge.com\/?post_type=product&#038;p=1606"},"modified":"2025-08-08T01:45:15","modified_gmt":"2025-08-08T01:45:15","slug":"20u-heavy-duty-liquid-cooling-cabinet-for-server-racks","status":"publish","type":"product","link":"https:\/\/24smartcharge.com\/fr\/20u-heavy-duty-liquid-cooling-cabinet-for-server-racks\/","title":{"rendered":"Armoire 20U \u00e0 refroidissement liquide pour baies de serveurs"},"content":{"rendered":"<h3 id=\"the-apex-of-high-density-cooling-the-20u-heavy-duty-liquid-cooling-cabinet\">L'apog\u00e9e du refroidissement haute densit\u00e9 : L'armoire de refroidissement liquide 20U \u00e0 haut rendement<\/h3>\n<p>Dans l'\u00e9volution incessante du traitement des donn\u00e9es, les demandes de puissance de calcul augmentent \u00e0 un rythme sans pr\u00e9c\u00e9dent. Cette mont\u00e9e en puissance, due aux progr\u00e8s de l'intelligence artificielle, de l'apprentissage automatique, du calcul \u00e0 haute performance (HPC) et de l'analyse de donn\u00e9es denses, a engendr\u00e9 un d\u00e9fi majeur : la gestion thermique. Les m\u00e9thodes traditionnelles de refroidissement par air atteignent de plus en plus leurs limites physiques et \u00e9conomiques, s'av\u00e9rant inadapt\u00e9es aux densit\u00e9s thermiques des CPU et GPU modernes. En r\u00e9ponse \u00e0 ce besoin critique, nous sommes fiers de pr\u00e9senter l'armoire de refroidissement liquide 20U Heavy-Duty, une solution sophistiqu\u00e9e, robuste et hautement efficace con\u00e7ue pour h\u00e9berger et refroidir les configurations de serveurs les plus puissantes d'aujourd'hui et de demain. Il ne s'agit pas simplement d'une baie de serveur, mais d'un \u00e9cosyst\u00e8me m\u00e9ticuleusement con\u00e7u pour des performances thermiques sup\u00e9rieures, une int\u00e9grit\u00e9 structurelle in\u00e9gal\u00e9e et une fiabilit\u00e9 op\u00e9rationnelle \u00e0 long terme.<\/p>\n<p><strong>Une efficacit\u00e9 de refroidissement sans pr\u00e9c\u00e9dent<\/strong><\/p>\n<p>Au c\u0153ur de cette armoire se trouve un syst\u00e8me de refroidissement liquide de pointe, centr\u00e9 sur un \u00e9changeur de chaleur tubulaire haute performance. Ce syst\u00e8me est con\u00e7u pour combattre directement la chaleur \u00e0 sa source, ce qui permet d'am\u00e9liorer consid\u00e9rablement l'efficacit\u00e9 par rapport au refroidissement \u00e0 l'air ambiant. En utilisant le liquide comme moyen de transfert, qui est beaucoup plus efficace que l'air pour absorber et transporter la chaleur, cette armoire peut maintenir des temp\u00e9ratures de fonctionnement optimales, m\u00eame pour le mat\u00e9riel le plus exigeant. Avec un d\u00e9bit minimum de liquide de 2,0 m\u00e8tres cubes par heure et une pression maximale de 10 bars, le syst\u00e8me est \u00e9quip\u00e9 pour g\u00e9rer facilement des charges thermiques importantes, garantissant ainsi que vos composants critiques restent stables et fonctionnent de mani\u00e8re optimale.<\/p>\n<p>Cette conception thermique avanc\u00e9e fait de l'armoire une base id\u00e9ale pour diverses strat\u00e9gies de refroidissement liquide, depuis les plaques froides directes sur la puce jusqu'\u00e0 des concepts plus avanc\u00e9s. Sa construction et sa capacit\u00e9 exceptionnelles en font un choix avant-gardiste, parfaitement adapt\u00e9 \u00e0 la fonction d'armoire de commande.\u00a0<strong>Armoire de refroidissement par immersion de liquide<\/strong>. La robustesse du cadre et sa capacit\u00e9 de charge massive en font l'enceinte parfaite et s\u00fbre pour le d\u00e9ploiement de syst\u00e8mes de refroidissement par immersion, qui repr\u00e9sentent le summum de la technologie de gestion thermique. En choisissant cette armoire, vous ne vous contentez pas de r\u00e9soudre les probl\u00e8mes de refroidissement actuels, vous investissez dans une plate-forme pr\u00eate pour l'avenir de la conception thermique des centres de donn\u00e9es.<\/p>\n<p><strong>Con\u00e7u pour les charges extr\u00eames et la durabilit\u00e9<\/strong><\/p>\n<p>La d\u00e9signation \"Heavy-Duty\" n'est pas un simple terme de marketing, c'est la promesse d'une profonde int\u00e9grit\u00e9 structurelle. Cette armoire affiche une capacit\u00e9 de charge statique colossale de 1 800 kg (pr\u00e8s de 4 000 livres). Cette immense r\u00e9sistance permet aux responsables de centres de donn\u00e9es de peupler en toute confiance le rack avec les configurations les plus denses et les plus lourdes de serveurs, de ch\u00e2ssis de lames et de baies de stockage sans se soucier le moins du monde de la stabilit\u00e9 de la structure. Cette solidit\u00e9 repose sur des mat\u00e9riaux de construction de premi\u00e8re qualit\u00e9, principalement de l'acier galvanis\u00e9 \u00e0 chaud (SGCC) et des composites Al-Zn. Ce choix de mat\u00e9riaux permet d'obtenir un rapport poids\/r\u00e9sistance exceptionnel et offre une protection sup\u00e9rieure contre la corrosion et l'usure environnementale, garantissant ainsi une dur\u00e9e de vie longue et fiable.<\/p>\n<p>L'ing\u00e9nierie m\u00e9ticuleuse s'\u00e9tend \u00e0 chaque d\u00e9tail de sa construction. Le corps principal de l'armoire est forg\u00e9 \u00e0 partir d'un acier \u00e9pais de 2,00 mm, tandis que la porte est d'une \u00e9paisseur de 1,2 mm, ce qui permet d'obtenir une enceinte rigide, s\u00fbre et durable. L'ensemble de la structure est recouvert d'une \u00e9l\u00e9gante couche de poudre noire \u00e9lectrostatique, qui lui conf\u00e8re non seulement une esth\u00e9tique professionnelle adapt\u00e9e \u00e0 tout centre de donn\u00e9es moderne, mais ajoute \u00e9galement une couche de protection r\u00e9sistante contre les rayures, les \u00e9raflures et l'exposition aux produits chimiques. Du cadre renforc\u00e9 aux charni\u00e8res combin\u00e9es, chaque composant a \u00e9t\u00e9 choisi pour sa long\u00e9vit\u00e9 et ses performances, incarnant ainsi l'argument de vente cl\u00e9 d'un fonctionnement n\u00e9cessitant peu d'entretien.<\/p>\n<p><strong>Conception intelligente pour une int\u00e9gration et un fonctionnement sans faille<\/strong><\/p>\n<p>Au-del\u00e0 de sa puissance et de sa r\u00e9sistance brutes, l'armoire 20U est con\u00e7ue pour \u00eatre intelligente et facile \u00e0 utiliser. Elle fonctionne sur une plage de tension flexible de 380V-480V et incorpore un PLC (Programmable Logic Controller) comme composant principal. Cette intelligence int\u00e9gr\u00e9e permet une surveillance pr\u00e9cise et un contr\u00f4le automatis\u00e9 des param\u00e8tres du syst\u00e8me de refroidissement. Les administrateurs peuvent affiner les performances, surveiller les temp\u00e9ratures en temps r\u00e9el et recevoir des alertes, garantissant ainsi un fonctionnement optimal du syst\u00e8me tout en minimisant la consommation d'\u00e9nergie et la n\u00e9cessit\u00e9 d'une surveillance manuelle.<\/p>\n<p>La conception physique, avec des dimensions de 800 mm en largeur, 1100 mm en profondeur et 2000 mm en hauteur, offre un espace g\u00e9n\u00e9reux. L'espace vertical de 20U est compl\u00e9t\u00e9 par la largeur et la profondeur suppl\u00e9mentaires, qui permettent une gestion simplifi\u00e9e des c\u00e2bles et un acheminement ais\u00e9 des tuyaux de refroidissement, \u00e9vitant ainsi l'obstruction du flux d'air et garantissant la facilit\u00e9 d'entretien. Les portes avant et arri\u00e8re pr\u00e9sentent un motif de perforation hexagonal moderne, qui facilite la circulation de l'air auxiliaire et permet une inspection visuelle rapide du mat\u00e9riel interne sans ouvrir l'armoire. Pour la mobilit\u00e9 et la stabilit\u00e9, l'unit\u00e9 est \u00e9quip\u00e9e de roulettes robustes qui facilitent sa mise en place et de pieds robustes qui la mettent \u00e0 niveau et l'ancrent en toute s\u00e9curit\u00e9 une fois qu'elle est en place. Cette combinaison judicieuse de caract\u00e9ristiques garantit que l'armoire peut \u00eatre int\u00e9gr\u00e9e de mani\u00e8re transparente dans n'importe quel environnement de centre de donn\u00e9es, nouveau ou existant, avec un minimum de perturbations.<\/p>","protected":false},"excerpt":{"rendered":"<div class=\"model-prompt-container\" data-turn-role=\"Model\">\n<div class=\"turn-content\">\n<p class=\"ng-star-inserted\"><span class=\"ng-star-inserted\">Cette armoire de refroidissement liquide 20U est une solution robuste pour votre centre de donn\u00e9es. Supportant une charge statique de 1800 kg, elle est \u00e9quip\u00e9e d'un \u00e9changeur de chaleur tubulaire efficace pour un refroidissement fiable et n\u00e9cessitant peu d'entretien du serveur. Elle est fabriqu\u00e9e en acier SGCC durable avec une finition \u00e9l\u00e9gante en poudre noire.<\/span><\/p>\n<div class=\"turn-information ng-star-inserted\"><\/div>\n<\/div>\n<\/div>\n<div class=\"turn-footer ng-star-inserted\"><\/div>","protected":false},"featured_media":1613,"template":"","meta":{"_kad_post_transparent":"default","_kad_post_title":"","_kad_post_layout":"default","_kad_post_sidebar_id":"","_kad_post_content_style":"default","_kad_post_vertical_padding":"default","_kad_post_feature":"","_kad_post_feature_position":"","_kad_post_header":false,"_kad_post_footer":false},"product_brand":[],"product_cat":[86],"product_tag":[250,249,248],"class_list":{"0":"post-1606","1":"product","2":"type-product","3":"status-publish","4":"has-post-thumbnail","6":"product_cat-liquid-cooling-cabinets","7":"product_tag-cold-plate-cooling","8":"product_tag-data-center-rack","9":"product_tag-liquid-cooling-cabinet","11":"first","12":"instock","13":"shipping-taxable","14":"product-type-simple","15":"entry","16":"content-bg","17":"loop-entry"},"_links":{"self":[{"href":"https:\/\/24smartcharge.com\/fr\/wp-json\/wp\/v2\/product\/1606","targetHints":{"allow":["GET"]}}],"collection":[{"href":"https:\/\/24smartcharge.com\/fr\/wp-json\/wp\/v2\/product"}],"about":[{"href":"https:\/\/24smartcharge.com\/fr\/wp-json\/wp\/v2\/types\/product"}],"wp:featuredmedia":[{"embeddable":true,"href":"https:\/\/24smartcharge.com\/fr\/wp-json\/wp\/v2\/media\/1613"}],"wp:attachment":[{"href":"https:\/\/24smartcharge.com\/fr\/wp-json\/wp\/v2\/media?parent=1606"}],"wp:term":[{"taxonomy":"product_brand","embeddable":true,"href":"https:\/\/24smartcharge.com\/fr\/wp-json\/wp\/v2\/product_brand?post=1606"},{"taxonomy":"product_cat","embeddable":true,"href":"https:\/\/24smartcharge.com\/fr\/wp-json\/wp\/v2\/product_cat?post=1606"},{"taxonomy":"product_tag","embeddable":true,"href":"https:\/\/24smartcharge.com\/fr\/wp-json\/wp\/v2\/product_tag?post=1606"}],"curies":[{"name":"wp","href":"https:\/\/api.w.org\/{rel}","templated":true}]}}