{"id":1597,"date":"2025-08-08T01:12:45","date_gmt":"2025-08-08T01:12:45","guid":{"rendered":"https:\/\/24smartcharge.com\/?post_type=product&#038;p=1597"},"modified":"2025-08-08T01:18:20","modified_gmt":"2025-08-08T01:18:20","slug":"smart-home-office-immersion-cooling-systems","status":"publish","type":"product","link":"https:\/\/24smartcharge.com\/fr\/smart-home-office-immersion-cooling-systems\/","title":{"rendered":"Syst\u00e8mes de refroidissement par immersion pour la maison et le bureau intelligents"},"content":{"rendered":"<h3 id=\"embrace-the-future-of-thermal-management-with-smart-home-office-immersion-cooling-systems\">Adoptez l'avenir de la gestion thermique avec les syst\u00e8mes de refroidissement par immersion intelligents pour la maison et le bureau<\/h3>\n<p>\u00c0 une \u00e9poque d\u00e9finie par des processeurs puissants, des cartes graphiques hautes performances et les demandes incessantes d'applications gourmandes en donn\u00e9es, une gestion thermique efficace n'est plus un luxe, c'est une n\u00e9cessit\u00e9. Plus les appareils \u00e9lectroniques sont puissants, plus ils g\u00e9n\u00e8rent de la chaleur, ce qui peut entra\u00eener un ralentissement thermique, une r\u00e9duction de la dur\u00e9e de vie des composants et une d\u00e9faillance potentielle du mat\u00e9riel. Le refroidissement par air traditionnel atteint ses limites, et bien que le refroidissement par eau standard offre une am\u00e9lioration, la solution ultime r\u00e9side dans une technologie plus avanc\u00e9e, plus efficace et plus \u00e9l\u00e9gante. Nous vous pr\u00e9sentons les syst\u00e8mes r\u00e9volutionnaires de refroidissement par immersion Smart Home &amp; Office, une solution de pointe con\u00e7ue pour apporter une technologie de refroidissement de niveau professionnel dans vos espaces personnels et professionnels.<\/p>\n<p>Ce syst\u00e8me m\u00e9ticuleusement con\u00e7u repr\u00e9sente le summum de la gestion thermique, offrant des performances in\u00e9gal\u00e9es, un fonctionnement silencieux et un contr\u00f4le intelligent. C'est le choix d\u00e9finitif pour les passionn\u00e9s de technologie, les joueurs haut de gamme, les mineurs de crypto-monnaie et les petites entreprises qui cherchent \u00e0 maximiser les performances et la long\u00e9vit\u00e9 de leur pr\u00e9cieux mat\u00e9riel \u00e9lectronique.<\/p>\n<h4 id=\"-unparalleled-cooling-performance-through-immersion-\"><strong>Une performance de refroidissement in\u00e9gal\u00e9e gr\u00e2ce \u00e0 l'immersion<\/strong><\/h4>\n<p>Au c\u0153ur de ce produit se trouve le principe du refroidissement par immersion monophas\u00e9. Contrairement aux refroidisseurs \u00e0 air qui se d\u00e9battent avec un transfert de chaleur inefficace ou des boucles d'eau personnalis\u00e9es complexes, nos syst\u00e8mes de refroidissement par immersion immergent vos composants g\u00e9n\u00e9rateurs de chaleur directement dans un liquide de refroidissement di\u00e9lectrique sp\u00e9cialis\u00e9 et non conducteur. Cette m\u00e9thode offre une conductivit\u00e9 thermique nettement sup\u00e9rieure, car le liquide est en contact direct avec 100% de la surface du composant, ce qui permet d'\u00e9vacuer la chaleur instantan\u00e9ment et uniform\u00e9ment.<\/p>\n<p>Le syst\u00e8me est un kit complet, comprenant une unit\u00e9 primaire d'une capacit\u00e9 de 40 litres de volume de liquide de refroidissement, ce qui garantit qu'elle peut g\u00e9rer l'importante production thermique des installations les plus exigeantes. Le fluide di\u00e9lectrique chauff\u00e9 est ensuite mis en circulation par une pompe durable et de haute qualit\u00e9 - un composant essentiel du syst\u00e8me - vers un refroidisseur sec externe. Cet \u00e9changeur de chaleur, dot\u00e9 de tubes en cuivre \u00e0 surface \u00e9lev\u00e9e et d'un ventilateur de grand diam\u00e8tre, dissipe efficacement la chaleur collect\u00e9e dans l'air ambiant, avant de renvoyer le liquide non conducteur refroidi dans le r\u00e9servoir pour r\u00e9p\u00e9ter le cycle. Cette boucle continue et efficace maintient vos composants \u00e0 des temp\u00e9ratures optimales et stables, bien inf\u00e9rieures \u00e0 ce qu'un refroidissement conventionnel peut atteindre.<\/p>\n<h4 id=\"-intelligent-user-friendly-and-quiet-by-design-\"><strong>Intelligent, convivial et silencieux de par sa conception<\/strong><\/h4>\n<p>Ce qui distingue v\u00e9ritablement ces syst\u00e8mes de refroidissement par immersion, c'est leur int\u00e9gration de la technologie intelligente. \u00c9quip\u00e9 de capteurs IoT avanc\u00e9s, le syst\u00e8me surveille intelligemment les charges thermiques en temps r\u00e9el et proc\u00e8de \u00e0 des ajustements intelligents du processus de refroidissement. Votre mat\u00e9riel re\u00e7oit ainsi le niveau pr\u00e9cis de refroidissement requis, ce qui optimise simultan\u00e9ment la consommation d'\u00e9nergie et les performances.<\/p>\n<p>L'exp\u00e9rience de l'utilisateur est transparente et intuitive, gr\u00e2ce \u00e0 une interface tactile \u00e9l\u00e9gante et int\u00e9gr\u00e9e sur le panneau sup\u00e9rieur. Ce centre de commande permet de surveiller facilement les temp\u00e9ratures, le d\u00e9bit du liquide de refroidissement et l'\u00e9tat du syst\u00e8me, tout en offrant des options de contr\u00f4le manuel. Un \u00e9cran secondaire pratique, situ\u00e9 \u00e0 l'avant de l'unit\u00e9, permet d'afficher la temp\u00e9rature en un coup d'\u0153il, pour que vous soyez toujours inform\u00e9.<\/p>\n<p>L'un des avantages les plus significatifs pour un environnement domestique ou professionnel est le niveau de bruit remarquablement bas. Fonctionnant \u00e0 seulement 30 dBA, le syst\u00e8me est aussi silencieux qu'un murmure. Dites adieu au vrombissement g\u00eanant de plusieurs ventilateurs \u00e0 haut r\u00e9gime. Que vous soyez dans une session de jeu n\u00e9cessitant une grande concentration, que vous fassiez le rendu d'un mod\u00e8le 3D complexe ou que vous fassiez fonctionner un petit serveur dans votre bureau, nos syst\u00e8mes de refroidissement par immersion remplissent leurs puissantes fonctions dans un silence quasi total.<\/p>\n<h4 id=\"-elegant-design-and-practical-portability-\"><strong>Design \u00e9l\u00e9gant et portabilit\u00e9 pratique<\/strong><\/h4>\n<p>Con\u00e7u pour \u00eatre \u00e0 la fois performant et esth\u00e9tique, le syst\u00e8me pr\u00e9sente un design \u00e9pur\u00e9 et minimaliste avec une finition blanche qui s'int\u00e8gre parfaitement dans tout d\u00e9cor moderne de maison ou de bureau. Son faible encombrement, 410 mm (L) x 354 mm (l) x 536 mm (H), lui permet d'\u00eatre d\u00e9ploy\u00e9 sans occuper un espace excessif.<\/p>\n<p>Reconnaissant le besoin de flexibilit\u00e9, l'unit\u00e9 est con\u00e7ue pour la portabilit\u00e9. Il repose sur de solides roulettes, ce qui vous permet de d\u00e9placer sans effort le syst\u00e8me de 36 kg pour l'entretien, le d\u00e9m\u00e9nagement ou la reconfiguration de votre espace de travail. Ce m\u00e9lange de forme et de fonction en fait un compl\u00e9ment pratique et sophistiqu\u00e9 \u00e0 tout environnement de haute technologie.<\/p>\n<h4 id=\"-versatile-applications-\"><strong>Applications polyvalentes<\/strong><\/h4>\n<p>La puissance et l'efficacit\u00e9 de ces syst\u00e8mes de refroidissement par immersion ouvrent des perspectives dans un large \u00e9ventail d'applications :<\/p>\n<ul>\n<li><strong>Jeux sur PC haut de gamme et overclocking :<\/strong>\u00a0Poussez votre CPU et votre GPU \u00e0 leurs limites absolues sans risque de surchauffe. R\u00e9alisez des overclocks plus \u00e9lev\u00e9s et plus stables et \u00e9liminez l'\u00e9tranglement thermique nuisible aux performances pour une exp\u00e9rience de jeu des plus fluides.<\/li>\n<li><strong>Exploitation mini\u00e8re de crypto-monnaies :<\/strong>\u00a0Maximisez votre hashrate et votre rentabilit\u00e9 en gardant vos mineurs ASIC ou vos plateformes GPU au frais et stables 24 heures sur 24, 7 jours sur 7. Son fonctionnement silencieux le rend id\u00e9al pour les installations mini\u00e8res \u00e0 domicile.<\/li>\n<li><strong>Cr\u00e9ation de contenu et postes de travail professionnels :<\/strong>\u00a0Pour les monteurs vid\u00e9o, les artistes 3D et les ing\u00e9nieurs effectuant des simulations intensives, ce syst\u00e8me garantit des performances optimales pendant les longs temps de rendu et les calculs complexes, ce qui stimule la productivit\u00e9.<\/li>\n<li><strong>Petites entreprises et informatique de pointe :<\/strong>\u00a0D\u00e9ployez un serveur puissant mais silencieux dans un environnement de bureau sans avoir besoin d'une salle de serveurs d\u00e9di\u00e9e et bruyante. C'est la solution id\u00e9ale pour les baies de serveurs de petite taille et les applications informatiques de p\u00e9riph\u00e9rie.<\/li>\n<\/ul>","protected":false},"excerpt":{"rendered":"<div class=\"chat-container\">\n<div class=\"chat-view-container ng-star-inserted\">\n<div>\n<div class=\"chat-turn-container model render cdk-focused cdk-mouse-focused\" tabindex=\"-1\">\n<div class=\"model-prompt-container\" data-turn-role=\"Model\">\n<div class=\"turn-content\">\n<p class=\"ng-star-inserted\"><span class=\"ng-star-inserted\">Discover our quiet (30dBA) and compact Smart Home &amp; Office Immersion Cooling Systems. Featuring IoT sensors for smart adjustments and a 40L capacity for specialized coolant, this portable unit is perfect for high-performance electronics. Advanced water and air cooling for optimal efficiency.<\/span><\/p>\n<div class=\"turn-information ng-star-inserted\"><\/div>\n<\/div>\n<\/div>\n<div class=\"turn-footer ng-star-inserted\"><\/div>\n<\/div>\n<\/div>\n<\/div>\n<\/div>\n<footer class=\"not-zero-state ng-star-inserted\">\n<div class=\"mat-mdc-tooltip-trigger prompt-input-wrapper\">\n<div>\n<div class=\"prompt-input-wrapper-container\">\n<div class=\"text-wrapper\">\n<section class=\"text-and-attachments-wrapper\">\n<div class=\"text-input-wrapper\"><\/div>\n<\/section>\n<\/div>\n<\/div>\n<\/div>\n<\/div>\n<\/footer>","protected":false},"featured_media":1601,"template":"","meta":{"_kad_post_transparent":"default","_kad_post_title":"","_kad_post_layout":"default","_kad_post_sidebar_id":"","_kad_post_content_style":"default","_kad_post_vertical_padding":"default","_kad_post_feature":"","_kad_post_feature_position":"","_kad_post_header":false,"_kad_post_footer":false},"product_brand":[],"product_cat":[85],"product_tag":[238,246,245],"class_list":{"0":"post-1597","1":"product","2":"type-product","3":"status-publish","4":"has-post-thumbnail","6":"product_cat-immersion-cooling-systems","7":"product_tag-immersion-cooling-systems","8":"product_tag-liquid-cooling","9":"product_tag-smart-home-cooler","11":"first","12":"instock","13":"shipping-taxable","14":"product-type-simple","15":"entry","16":"content-bg","17":"loop-entry"},"_links":{"self":[{"href":"https:\/\/24smartcharge.com\/fr\/wp-json\/wp\/v2\/product\/1597","targetHints":{"allow":["GET"]}}],"collection":[{"href":"https:\/\/24smartcharge.com\/fr\/wp-json\/wp\/v2\/product"}],"about":[{"href":"https:\/\/24smartcharge.com\/fr\/wp-json\/wp\/v2\/types\/product"}],"wp:featuredmedia":[{"embeddable":true,"href":"https:\/\/24smartcharge.com\/fr\/wp-json\/wp\/v2\/media\/1601"}],"wp:attachment":[{"href":"https:\/\/24smartcharge.com\/fr\/wp-json\/wp\/v2\/media?parent=1597"}],"wp:term":[{"taxonomy":"product_brand","embeddable":true,"href":"https:\/\/24smartcharge.com\/fr\/wp-json\/wp\/v2\/product_brand?post=1597"},{"taxonomy":"product_cat","embeddable":true,"href":"https:\/\/24smartcharge.com\/fr\/wp-json\/wp\/v2\/product_cat?post=1597"},{"taxonomy":"product_tag","embeddable":true,"href":"https:\/\/24smartcharge.com\/fr\/wp-json\/wp\/v2\/product_tag?post=1597"}],"curies":[{"name":"wp","href":"https:\/\/api.w.org\/{rel}","templated":true}]}}