{"id":1587,"date":"2025-08-08T01:01:51","date_gmt":"2025-08-08T01:01:51","guid":{"rendered":"https:\/\/24smartcharge.com\/?post_type=product&#038;p=1587"},"modified":"2025-08-08T01:07:15","modified_gmt":"2025-08-08T01:07:15","slug":"high-pressure-immersion-cooling-systems-for-data-centers","status":"publish","type":"product","link":"https:\/\/24smartcharge.com\/fr\/high-pressure-immersion-cooling-systems-for-data-centers\/","title":{"rendered":"Syst\u00e8mes de refroidissement par immersion \u00e0 haute pression pour centres de donn\u00e9es"},"content":{"rendered":"<h3 id=\"revolutionizing-thermal-management-an-introduction-to-high-pressure-immersion-cooling-systems\">R\u00e9volutionner la gestion thermique : Introduction aux syst\u00e8mes de refroidissement par immersion \u00e0 haute pression<\/h3>\n<p>Dans le monde en constante acc\u00e9l\u00e9ration de la transformation num\u00e9rique, les exigences impos\u00e9es \u00e0 l'infrastructure informatique augmentent de fa\u00e7on exponentielle. De l'intelligence artificielle et de l'apprentissage automatique au calcul haute performance (HPC), aux services cloud et \u00e0 l'analyse de donn\u00e9es \u00e0 grande \u00e9chelle, la puissance de traitement requise pousse le mat\u00e9riel traditionnel \u00e0 ses limites absolues. L'une des principales cons\u00e9quences de cette intensification est la g\u00e9n\u00e9ration de quantit\u00e9s de chaleur sans pr\u00e9c\u00e9dent. Pendant des d\u00e9cennies, les centres de donn\u00e9es se sont appuy\u00e9s sur des m\u00e9thodes de refroidissement \u00e0 base d'air - un syst\u00e8me de ventilateurs, de refroidisseurs et d'unit\u00e9s de climatisation de salles informatiques (CRAC) - pour g\u00e9rer cette charge thermique. Cependant, \u00e0 mesure que la densit\u00e9 des serveurs et la consommation d'\u00e9nergie montent en fl\u00e8che, l'air, dont la conductivit\u00e9 thermique est intrins\u00e8quement faible, s'av\u00e8re \u00eatre une solution inefficace et non durable. L'industrie est confront\u00e9e \u00e0 un goulot d'\u00e9tranglement thermique qui menace d'\u00e9touffer l'innovation et de porter les co\u00fbts d'exploitation \u00e0 des niveaux ing\u00e9rables.<\/p>\n<p>C'est l\u00e0 qu'un changement de paradigme dans la gestion thermique n'est pas seulement b\u00e9n\u00e9fique, mais essentiel. Nous sommes fiers de pr\u00e9senter nos syst\u00e8mes de refroidissement par immersion \u00e0 haute pression, une solution transformatrice con\u00e7ue pour r\u00e9pondre aux d\u00e9fis d'aujourd'hui et aux exigences de demain. Cette technologie d\u00e9passe les limites de l'air en immergeant directement le mat\u00e9riel informatique dans un fluide di\u00e9lectrique non conducteur sp\u00e9cialement formul\u00e9. En mettant le fluide de refroidissement en contact direct avec les composants g\u00e9n\u00e9rateurs de chaleur, nos syst\u00e8mes offrent un niveau d'efficacit\u00e9 thermique que le refroidissement par air ne peut tout simplement pas \u00e9galer. Il en r\u00e9sulte une consommation d'\u00e9nergie consid\u00e9rablement r\u00e9duite, une densit\u00e9 mat\u00e9rielle accrue, une meilleure fiabilit\u00e9 de l'\u00e9quipement et une empreinte environnementale nettement plus faible.<\/p>\n<p><img fetchpriority=\"high\" decoding=\"async\" class=\"size-full wp-image-1592\" src=\"https:\/\/24smartcharge.com\/wp-content\/uploads\/2025\/08\/Hf24a5e8fd2e94b66b2633f4279c607efw.jpg\" alt=\"Syst\u00e8mes de refroidissement par immersion \u00e0 haute pression pour centres de donn\u00e9es\" width=\"1000\" height=\"1000\" srcset=\"https:\/\/24smartcharge.com\/wp-content\/uploads\/2025\/08\/Hf24a5e8fd2e94b66b2633f4279c607efw.jpg 1000w, https:\/\/24smartcharge.com\/wp-content\/uploads\/2025\/08\/Hf24a5e8fd2e94b66b2633f4279c607efw-300x300.jpg 300w, https:\/\/24smartcharge.com\/wp-content\/uploads\/2025\/08\/Hf24a5e8fd2e94b66b2633f4279c607efw-150x150.jpg 150w, https:\/\/24smartcharge.com\/wp-content\/uploads\/2025\/08\/Hf24a5e8fd2e94b66b2633f4279c607efw-768x768.jpg 768w, https:\/\/24smartcharge.com\/wp-content\/uploads\/2025\/08\/Hf24a5e8fd2e94b66b2633f4279c607efw-600x600.jpg 600w, https:\/\/24smartcharge.com\/wp-content\/uploads\/2025\/08\/Hf24a5e8fd2e94b66b2633f4279c607efw-100x100.jpg 100w\" sizes=\"(max-width: 1000px) 100vw, 1000px\" \/><\/p>\n<h4 id=\"-engineered-for-scalability-and-performance-\"><strong>Con\u00e7u pour l'\u00e9volutivit\u00e9 et la performance<\/strong><\/h4>\n<p>Le c\u0153ur de notre offre est une conception modulaire et hautement \u00e9volutive, con\u00e7ue pour s'adapter \u00e0 n'importe quelle \u00e9chelle op\u00e9rationnelle. Comme le montrent les images ci-contre, l'\u00e9l\u00e9ment de base est une unit\u00e9 de refroidissement autonome et mobile. Chaque unit\u00e9 individuelle, construite \u00e0 partir d'un mat\u00e9riau durable et \u00e9quip\u00e9e de roulettes robustes, peut \u00eatre d\u00e9ploy\u00e9e et entretenue sans effort. Cette modularit\u00e9 est la cl\u00e9 de son incroyable polyvalence.<\/p>\n<p>Pour les op\u00e9rations de croissance, ces unit\u00e9s peuvent \u00eatre int\u00e9gr\u00e9es de mani\u00e8re transparente dans des syst\u00e8mes de rayonnage vertical, comme illustr\u00e9. Cela permet d'augmenter consid\u00e9rablement la densit\u00e9 de calcul sans \u00e9tendre l'empreinte physique du centre de donn\u00e9es. En empilant les unit\u00e9s sur trois niveaux ou plus, les op\u00e9rateurs peuvent maximiser l'utilisation de l'espace vertical, un avantage essentiel dans les environnements co\u00fbteux des centres de donn\u00e9es. Cette approche modulaire, bas\u00e9e sur les racks, permet un mod\u00e8le \"pay-as-you-grow\", o\u00f9 la capacit\u00e9 de refroidissement peut \u00eatre ajout\u00e9e pr\u00e9cis\u00e9ment quand et o\u00f9 elle est n\u00e9cessaire, \u00e9liminant ainsi les d\u00e9penses initiales massives en capital associ\u00e9es \u00e0 l'infrastructure de refroidissement traditionnelle.<\/p>\n<p>L'expression ultime de cette \u00e9volutivit\u00e9 est son application dans les centres de donn\u00e9es conteneuris\u00e9s. Les images montrent des rang\u00e9es enti\u00e8res de nos\u00a0<strong>Syst\u00e8mes de refroidissement par immersion<\/strong>\u00a0Les syst\u00e8mes sont dispos\u00e9s de mani\u00e8re ordonn\u00e9e dans un conteneur d'exp\u00e9dition standard, cr\u00e9ant ainsi un centre de donn\u00e9es puissant, autonome et rapidement d\u00e9ployable \u00e0 la demande. Il s'agit d'une solution id\u00e9ale pour l'informatique de pointe, la reprise apr\u00e8s sinistre ou la fourniture de ressources informatiques dans des endroits \u00e9loign\u00e9s o\u00f9 la construction d'installations traditionnelles serait peu pratique, voire impossible.<\/p>\n<h4 id=\"-key-features-and-advanced-technology-\"><strong>Caract\u00e9ristiques principales et technologie avanc\u00e9e<\/strong><\/h4>\n<p>Au c\u0153ur de chaque unit\u00e9 se trouve un \u00e9cosyst\u00e8me sophistiqu\u00e9 de composants con\u00e7us pour \u00eatre fiables et performants. L'un des principaux arguments de vente de notre syst\u00e8me est son\u00a0<strong>R\u00e9sistance \u00e0 la haute pression<\/strong>. Cette construction robuste assure l'int\u00e9grit\u00e9 absolue de l'environnement scell\u00e9, en g\u00e9rant en toute s\u00e9curit\u00e9 la dynamique thermique du liquide de refroidissement et en garantissant un fonctionnement sans fuite et sans entretien pour les ann\u00e9es \u00e0 venir.<\/p>\n<p>Le processus de transfert thermique est g\u00e9r\u00e9 par un syst\u00e8me \u00e0 haute efficacit\u00e9.\u00a0<strong>\u00c9changeur de chaleur \u00e0 ailettes<\/strong>. Ce composant crucial prend la chaleur absorb\u00e9e par le volume de 160 litres de liquide de refroidissement di\u00e9lectrique et la transf\u00e8re efficacement \u00e0 une boucle d'eau secondaire, \u00e9liminant ainsi la chaleur de l'environnement informatique. Le syst\u00e8me est contr\u00f4l\u00e9 par un\u00a0<strong>Contr\u00f4leur logique programmable (PLC)<\/strong>Le syst\u00e8me de refroidissement est le cerveau du syst\u00e8me, qui automatise et optimise le processus de refroidissement pour une efficacit\u00e9 et une fiabilit\u00e9 maximales. Les techniciens peuvent surveiller les performances et recevoir des diagnostics d'un seul coup d'\u0153il gr\u00e2ce \u00e0 l'\u00e9cran clair de l'ordinateur.\u00a0<strong>\u00c9cran OLED de 1,32<\/strong>tandis que la fonction\u00a0<strong>Commutateur Ethernet 100Mbps<\/strong>\u00a0fournit une connectivit\u00e9 r\u00e9seau pour une gestion \u00e0 distance compl\u00e8te, une surveillance et une int\u00e9gration transparente avec les logiciels existants de gestion de l'infrastructure du centre de donn\u00e9es (DCIM).<\/p>\n<p>Con\u00e7u pour les r\u00e9seaux \u00e9lectriques des centres de donn\u00e9es modernes, le syst\u00e8me accepte une entr\u00e9e triphas\u00e9e 350V-480V tout en consommant seulement 400W de puissance. Cette consommation remarquablement faible, surtout si on la compare aux kilowatts requis par les unit\u00e9s CRAC pour une charge de refroidissement \u00e9quivalente, est la pierre angulaire de l'incroyable efficacit\u00e9 \u00e9nerg\u00e9tique du syst\u00e8me et de sa capacit\u00e9 \u00e0 r\u00e9duire radicalement le ratio PUE (Power Usage Effectiveness) d'une installation.<\/p>\n<h4 id=\"-versatile-applications-for-a-new-era-of-computing-\"><strong>Des applications polyvalentes pour une nouvelle \u00e8re informatique<\/strong><\/h4>\n<p>Bien que con\u00e7ues pour les centres de donn\u00e9es modernes, les applications de nos syst\u00e8mes d'information sont tr\u00e8s utiles.\u00a0<strong>Syst\u00e8mes de refroidissement par immersion<\/strong>\u00a0sont vastes et vari\u00e9s. Ils sont la solution id\u00e9ale pour :<\/p>\n<ul>\n<li><strong>Centres de donn\u00e9es \u00e0 grande \u00e9chelle :<\/strong>\u00a0Surmontez les limites de puissance et de densit\u00e9, r\u00e9duisez les co\u00fbts d'\u00e9lectricit\u00e9 et construisez des installations plus \u00e9cologiques et plus durables.<\/li>\n<li><strong>Fermes d'extraction de crypto-monnaies :<\/strong>\u00a0Maximisez le hashrate et la rentabilit\u00e9 en poussant en toute s\u00e9curit\u00e9 le mat\u00e9riel \u00e0 son maximum de performance dans un environnement stable et frais. Le profil \u00e0 haute densit\u00e9 et \u00e0 faible consommation d'\u00e9nergie est parfaitement adapt\u00e9 \u00e0 ces op\u00e9rations exigeantes.<\/li>\n<li><strong>Informatique de pointe :<\/strong>\u00a0D\u00e9ployer de puissantes ressources de calcul au plus pr\u00e8s de la source de g\u00e9n\u00e9ration des donn\u00e9es, qu'il s'agisse d'une usine, d'un magasin ou d'un centre de t\u00e9l\u00e9communications.<\/li>\n<li><strong>Calcul \u00e0 haute performance (HPC) :<\/strong>\u00a0Fournit le refroidissement stable et intense requis par les instituts de recherche, les soci\u00e9t\u00e9s de mod\u00e9lisation financi\u00e8re et les studios d'animation qui s'appuient sur des grappes denses de CPU et de GPU.<\/li>\n<li><strong>Environnements de bureau et d'usine :<\/strong>\u00a0Prenez en charge des postes de travail localis\u00e9s de grande puissance ou de petites grappes de serveurs sans avoir besoin d'une salle de serveurs d\u00e9di\u00e9e et bruyante.<\/li>\n<\/ul>","protected":false},"excerpt":{"rendered":"<div class=\"chat-container\">\n<div class=\"chat-view-container ng-star-inserted\">\n<div>\n<div class=\"chat-turn-container model render cdk-focused cdk-mouse-focused\" tabindex=\"-1\">\n<div class=\"model-prompt-container\" data-turn-role=\"Model\">\n<div class=\"turn-content\">\n<p class=\"ng-star-inserted\"><span class=\"ng-star-inserted\">Refroidissez efficacement votre centre de donn\u00e9es avec nos syst\u00e8mes de refroidissement par immersion \u00e0 haute pression. Ces unit\u00e9s modulaires et \u00e9volutives sont id\u00e9ales pour les fermes de serveurs et les installations en conteneurs. Gr\u00e2ce \u00e0 leur r\u00e9sistance \u00e0 la haute pression et \u00e0 leur mobilit\u00e9, ils constituent une solution de refroidissement polyvalente pour diverses applications.<\/span><\/p>\n<div class=\"turn-information ng-star-inserted\"><\/div>\n<\/div>\n<\/div>\n<div class=\"turn-footer ng-star-inserted\"><\/div>\n<\/div>\n<\/div>\n<\/div>\n<\/div>\n<footer class=\"not-zero-state ng-star-inserted\">\n<div class=\"mat-mdc-tooltip-trigger prompt-input-wrapper\">\n<div>\n<div class=\"prompt-input-wrapper-container\">\n<div class=\"text-wrapper\">\n<section class=\"text-and-attachments-wrapper\">\n<div class=\"text-input-wrapper\"><\/div>\n<\/section>\n<\/div>\n<\/div>\n<\/div>\n<\/div>\n<\/footer>","protected":false},"featured_media":1592,"template":"","meta":{"_kad_post_transparent":"default","_kad_post_title":"","_kad_post_layout":"default","_kad_post_sidebar_id":"","_kad_post_content_style":"default","_kad_post_vertical_padding":"default","_kad_post_feature":"","_kad_post_feature_position":"","_kad_post_header":false,"_kad_post_footer":false},"product_brand":[],"product_cat":[85],"product_tag":[244,238,243],"class_list":{"0":"post-1587","1":"product","2":"type-product","3":"status-publish","4":"has-post-thumbnail","6":"product_cat-immersion-cooling-systems","7":"product_tag-data-center-cooling","8":"product_tag-immersion-cooling-systems","9":"product_tag-oil-cooler-radiator","11":"first","12":"instock","13":"shipping-taxable","14":"product-type-simple","15":"entry","16":"content-bg","17":"loop-entry"},"_links":{"self":[{"href":"https:\/\/24smartcharge.com\/fr\/wp-json\/wp\/v2\/product\/1587","targetHints":{"allow":["GET"]}}],"collection":[{"href":"https:\/\/24smartcharge.com\/fr\/wp-json\/wp\/v2\/product"}],"about":[{"href":"https:\/\/24smartcharge.com\/fr\/wp-json\/wp\/v2\/types\/product"}],"wp:featuredmedia":[{"embeddable":true,"href":"https:\/\/24smartcharge.com\/fr\/wp-json\/wp\/v2\/media\/1592"}],"wp:attachment":[{"href":"https:\/\/24smartcharge.com\/fr\/wp-json\/wp\/v2\/media?parent=1587"}],"wp:term":[{"taxonomy":"product_brand","embeddable":true,"href":"https:\/\/24smartcharge.com\/fr\/wp-json\/wp\/v2\/product_brand?post=1587"},{"taxonomy":"product_cat","embeddable":true,"href":"https:\/\/24smartcharge.com\/fr\/wp-json\/wp\/v2\/product_cat?post=1587"},{"taxonomy":"product_tag","embeddable":true,"href":"https:\/\/24smartcharge.com\/fr\/wp-json\/wp\/v2\/product_tag?post=1587"}],"curies":[{"name":"wp","href":"https:\/\/api.w.org\/{rel}","templated":true}]}}