{"id":1586,"date":"2025-08-08T00:50:56","date_gmt":"2025-08-08T00:50:56","guid":{"rendered":"https:\/\/24smartcharge.com\/?post_type=product&#038;p=1586"},"modified":"2025-08-08T00:56:49","modified_gmt":"2025-08-08T00:56:49","slug":"high-power-immersion-cooling-systems-for-computers","status":"publish","type":"product","link":"https:\/\/24smartcharge.com\/fr\/high-power-immersion-cooling-systems-for-computers\/","title":{"rendered":"Syst\u00e8mes de refroidissement par immersion de grande puissance pour ordinateurs"},"content":{"rendered":"<h3 id=\"revolutionize-your-computing-with-high-power-immersion-cooling-systems\">R\u00e9volutionnez votre informatique avec des syst\u00e8mes de refroidissement par immersion de grande puissance<\/h3>\n<p>Dans la qu\u00eate incessante de puissance de calcul, des centres de donn\u00e9es tentaculaires au calcul scientifique de haute performance, le d\u00e9fi de la gestion thermique est devenu un goulot d'\u00e9tranglement critique. Les m\u00e9thodes traditionnelles de refroidissement par air atteignent de plus en plus leurs limites, se r\u00e9v\u00e9lant inefficaces, bruyantes et co\u00fbteuses face \u00e0 la chaleur extr\u00eame g\u00e9n\u00e9r\u00e9e par les processeurs modernes \u00e0 haute densit\u00e9. Voici l'avenir de la gestion thermique : les syst\u00e8mes de refroidissement par immersion haute puissance. Cette technologie de pointe repr\u00e9sente un changement de paradigme, offrant une solution puissante, efficace et silencieuse pour lib\u00e9rer tout le potentiel de votre mat\u00e9riel informatique. En immergeant compl\u00e8tement les composants \u00e9lectroniques dans un fluide di\u00e9lectrique sp\u00e9cialement formul\u00e9, ces syst\u00e8mes offrent un niveau de refroidissement que l'air ne pourrait jamais atteindre.<\/p>\n<p>Cette unit\u00e9 autonome, con\u00e7ue par des professionnels, est destin\u00e9e \u00e0 relever les d\u00e9fis thermiques les plus exigeants. Avec une formidable capacit\u00e9 de traitement d'un\u00a0<strong>Charge thermique de 30 kW<\/strong>Il est con\u00e7u pour les applications o\u00f9 la performance et la fiabilit\u00e9 ne sont pas n\u00e9gociables. L'architecture du syst\u00e8me t\u00e9moigne d'une ing\u00e9nierie sophistiqu\u00e9e, int\u00e9grant un r\u00e9servoir robuste, un \u00e9changeur de chaleur interne avanc\u00e9 et une surveillance conviviale dans un ch\u00e2ssis \u00e9l\u00e9gant et mobile.<\/p>\n<h3 id=\"a-closer-look-at-superior-design-and-functionality\">Un examen plus approfondi de la conception et de la fonctionnalit\u00e9 sup\u00e9rieures<\/h3>\n<p>Au c\u0153ur de ce syst\u00e8me se trouve le principe du refroidissement par immersion en une seule phase. Contrairement aux syst\u00e8mes \u00e0 deux phases qui impliquent l'\u00e9bullition du liquide de refroidissement, cette m\u00e9thode fait circuler un liquide di\u00e9lectrique qui reste \u00e0 l'\u00e9tat fluide, absorbant directement la chaleur des composants. Cette approche est non seulement plus simple et plus rentable, mais aussi plus facile \u00e0 entretenir. Le processus est \u00e9l\u00e9gamment simple : vos serveurs, vos GPU ou tout autre mat\u00e9riel haute performance sont plac\u00e9s directement dans le r\u00e9servoir, qui est rempli d'un liquide di\u00e9lectrique non conducteur. Ce fluide, qui peut \u00eatre un hydrocarbure synth\u00e9tique ou une huile de synth\u00e8se, a une conductivit\u00e9 thermique bien sup\u00e9rieure \u00e0 celle de l'air, ce qui lui permet d'absorber et de transf\u00e9rer la chaleur avec une efficacit\u00e9 remarquable.<\/p>\n<p>Le fluide chauff\u00e9 circule ensuite dans l'\u00e9changeur de chaleur int\u00e9gr\u00e9, visible sous la forme d'une paire de tuyaux flexibles et ondul\u00e9s en cuivre et en aluminium. Ces mat\u00e9riaux sont choisis pour leur excellente conductivit\u00e9 thermique. Cet \u00e9changeur de chaleur est connect\u00e9, via les ports externes, \u00e0 la boucle d'eau d'un \u00e9tablissement ou \u00e0 un refroidisseur sec externe, o\u00f9 la chaleur est dissip\u00e9e. Le fluide refroidi est ensuite renvoy\u00e9 dans le r\u00e9servoir, cr\u00e9ant ainsi un cycle de refroidissement continu et tr\u00e8s efficace.<\/p>\n<p>Ce syst\u00e8me tout-en-un est con\u00e7u pour \u00eatre facile \u00e0 utiliser et \u00e0 int\u00e9grer. Il est dot\u00e9 d'un affichage num\u00e9rique clair de la temp\u00e9rature sur le panneau avant, ce qui permet de surveiller en temps r\u00e9el la temp\u00e9rature du fluide et de garantir des conditions de fonctionnement optimales. L'unit\u00e9 est \u00e9galement \u00e9quip\u00e9e de roulettes robustes, ce qui permet de la d\u00e9placer et de la placer facilement dans votre \u00e9tablissement. Le design blanc, propre et ferm\u00e9 prot\u00e8ge non seulement les composants internes, mais contribue \u00e9galement \u00e0 un environnement plus organis\u00e9 et plus professionnel.<\/p>\n<h3 id=\"unparalleled-advantages-of-immersion-cooling\">Avantages in\u00e9gal\u00e9s du refroidissement par immersion<\/h3>\n<p>Le passage \u00e0 une solution de refroidissement par immersion offre une multitude d'avantages qui vont bien au-del\u00e0 de la simple r\u00e9duction de la temp\u00e9rature.<\/p>\n<ul>\n<li><strong>Performances accrues et potentiel d'overclocking :<\/strong>\u00a0En maintenant le mat\u00e9riel \u00e0 des temp\u00e9ratures de fonctionnement stables et basses, ces syst\u00e8mes \u00e9liminent l'\u00e9tranglement thermique. Cela permet aux CPU et aux GPU de fonctionner en permanence \u00e0 leur meilleur niveau de performance. Pour les passionn\u00e9s et les mineurs de crypto-monnaie, cet environnement thermique stable lib\u00e8re un potentiel d'overclocking significatif, poussant le mat\u00e9riel au-del\u00e0 de ses sp\u00e9cifications standard pour maximiser le rendement de calcul et la rentabilit\u00e9.<\/li>\n<li><strong>Des \u00e9conomies d'\u00e9nergie et de co\u00fbts consid\u00e9rables :<\/strong>\u00a0Le refroidissement par immersion est beaucoup plus efficace sur le plan \u00e9nerg\u00e9tique que le refroidissement par air traditionnel. Il \u00e9limine le besoin de composants \u00e9nergivores tels que les ventilateurs de serveurs, les climatiseurs de salles d'ordinateurs (CRAC) et les gros appareils de traitement de l'air. Cela peut conduire \u00e0 une r\u00e9duction de la consommation d'\u00e9nergie de refroidissement allant jusqu'\u00e0 95% et \u00e0 une am\u00e9lioration significative de l'efficacit\u00e9 de l'utilisation de l'\u00e9nergie (PUE), une mesure cl\u00e9 de l'efficacit\u00e9 des centres de donn\u00e9es. Il en r\u00e9sulte une diminution substantielle des d\u00e9penses d'exploitation et un co\u00fbt total de possession plus faible.<\/li>\n<li><strong>Augmentation de la densit\u00e9 du mat\u00e9riel et de l'efficacit\u00e9 de l'espace :<\/strong>\u00a0L'efficacit\u00e9 du liquide en mati\u00e8re de dissipation de la chaleur permet de serrer les composants beaucoup plus \u00e9troitement les uns contre les autres. Cette technologie permet d'obtenir des densit\u00e9s de puissance de rack beaucoup plus \u00e9lev\u00e9es, ce qui permet aux centres de donn\u00e9es et aux installations informatiques de maximiser leur puissance de calcul dans un espace physique plus r\u00e9duit. Pour les d\u00e9ploiements d'informatique de pointe dans les zones urbaines o\u00f9 l'espace est limit\u00e9, il s'agit d'un avantage qui change la donne.<\/li>\n<li><strong>Fonctionnement silencieux :<\/strong>\u00a0L'un des avantages les plus imm\u00e9diatement perceptibles est le fonctionnement quasi-silencieux. En supprimant le besoin de ventilateurs \u00e0 grande vitesse, ces syst\u00e8mes cr\u00e9ent un environnement de travail nettement plus silencieux, ce qui constitue un avantage majeur pour les centres de donn\u00e9es et les laboratoires de recherche situ\u00e9s dans des bureaux.<\/li>\n<li><strong>Am\u00e9lioration de la fiabilit\u00e9 et de la long\u00e9vit\u00e9 du mat\u00e9riel :<\/strong>\u00a0Le fluide di\u00e9lectrique prot\u00e8ge les composants \u00e9lectroniques sensibles des risques environnementaux tels que la poussi\u00e8re, l'humidit\u00e9 et les vibrations. Cette protection, combin\u00e9e \u00e0 l'\u00e9limination du stress thermique d\u00fb aux fluctuations de temp\u00e9rature, r\u00e9duit consid\u00e9rablement l'usure, ce qui allonge la dur\u00e9e de vie du mat\u00e9riel et r\u00e9duit les co\u00fbts de maintenance.<\/li>\n<\/ul>\n<h3 id=\"applications-across-high-stakes-industries\">Applications dans les secteurs \u00e0 fort enjeu<\/h3>\n<p>L'immense puissance et l'efficacit\u00e9 de ce syst\u00e8me de refroidissement par immersion de 30 kW en font la solution id\u00e9ale pour une large gamme d'applications exigeantes :<\/p>\n<ul>\n<li><strong>Centres de donn\u00e9es :<\/strong>\u00a0Pour les centres de donn\u00e9es d'entreprise confront\u00e9s \u00e0 des densit\u00e9s de puissance et des co\u00fbts \u00e9nerg\u00e9tiques croissants, le refroidissement par immersion offre une voie durable vers l'expansion et l'efficacit\u00e9.<\/li>\n<li><strong>Calcul \u00e0 haute performance (HPC) :<\/strong>\u00a0Dans des domaines tels que la recherche scientifique, la mod\u00e9lisation financi\u00e8re et les simulations d'ing\u00e9nierie qui s'appuient sur des superordinateurs, cette technologie de refroidissement est essentielle pour g\u00e9rer la chaleur extr\u00eame g\u00e9n\u00e9r\u00e9e par des calculs complexes.<\/li>\n<li><strong>Exploitation mini\u00e8re de crypto-monnaies :<\/strong>\u00a0La rentabilit\u00e9 du minage de crypto-monnaies est directement li\u00e9e au taux de hachage et au co\u00fbt de l'\u00e9nergie. Le refroidissement par immersion permet aux mineurs d'overclocker en toute s\u00e9curit\u00e9 leurs ASIC et GPU pour obtenir des performances maximales tout en r\u00e9duisant consid\u00e9rablement les factures d'\u00e9lectricit\u00e9, ce qui constitue un avantage concurrentiel d\u00e9cisif.<\/li>\n<li><strong>Intelligence artificielle et apprentissage automatique :<\/strong>\u00a0Les charges de travail d'IA et de ML n\u00e9cessitent une puissance de traitement massive et soutenue. Le refroidissement par immersion garantit que le mat\u00e9riel sous-jacent peut fonctionner de mani\u00e8re fiable sans d\u00e9gradation thermique, ce qui acc\u00e9l\u00e8re l'innovation et la d\u00e9couverte.<\/li>\n<\/ul>","protected":false},"excerpt":{"rendered":"<div class=\"model-prompt-container\" data-turn-role=\"Model\">\n<div class=\"turn-content\">\n<p class=\"ng-star-inserted\"><span class=\"ng-star-inserted\">Ce syst\u00e8me de refroidissement par immersion haute puissance g\u00e8re une charge thermique allant jusqu'\u00e0 30 kW. Solution compl\u00e8te, ce r\u00e9servoir autonome immerge le mat\u00e9riel pour un refroidissement sup\u00e9rieur. Il est dot\u00e9 d'un dissipateur thermique robuste en cuivre et en aluminium et d'un affichage num\u00e9rique de la temp\u00e9rature pour une surveillance en temps r\u00e9el.<\/span><\/p>\n<div class=\"turn-information ng-star-inserted\"><\/div>\n<\/div>\n<\/div>\n<div class=\"turn-footer ng-star-inserted\"><\/div>","protected":false},"featured_media":1588,"template":"","meta":{"_kad_post_transparent":"default","_kad_post_title":"","_kad_post_layout":"default","_kad_post_sidebar_id":"","_kad_post_content_style":"default","_kad_post_vertical_padding":"default","_kad_post_feature":"","_kad_post_feature_position":"","_kad_post_header":false,"_kad_post_footer":false},"product_brand":[],"product_cat":[85],"product_tag":[238,241,242],"class_list":{"0":"post-1586","1":"product","2":"type-product","3":"status-publish","4":"has-post-thumbnail","6":"product_cat-immersion-cooling-systems","7":"product_tag-immersion-cooling-systems","8":"product_tag-liquid-heatsink","9":"product_tag-server-cooling","11":"first","12":"instock","13":"shipping-taxable","14":"product-type-simple","15":"entry","16":"content-bg","17":"loop-entry"},"_links":{"self":[{"href":"https:\/\/24smartcharge.com\/fr\/wp-json\/wp\/v2\/product\/1586","targetHints":{"allow":["GET"]}}],"collection":[{"href":"https:\/\/24smartcharge.com\/fr\/wp-json\/wp\/v2\/product"}],"about":[{"href":"https:\/\/24smartcharge.com\/fr\/wp-json\/wp\/v2\/types\/product"}],"wp:featuredmedia":[{"embeddable":true,"href":"https:\/\/24smartcharge.com\/fr\/wp-json\/wp\/v2\/media\/1588"}],"wp:attachment":[{"href":"https:\/\/24smartcharge.com\/fr\/wp-json\/wp\/v2\/media?parent=1586"}],"wp:term":[{"taxonomy":"product_brand","embeddable":true,"href":"https:\/\/24smartcharge.com\/fr\/wp-json\/wp\/v2\/product_brand?post=1586"},{"taxonomy":"product_cat","embeddable":true,"href":"https:\/\/24smartcharge.com\/fr\/wp-json\/wp\/v2\/product_cat?post=1586"},{"taxonomy":"product_tag","embeddable":true,"href":"https:\/\/24smartcharge.com\/fr\/wp-json\/wp\/v2\/product_tag?post=1586"}],"curies":[{"name":"wp","href":"https:\/\/api.w.org\/{rel}","templated":true}]}}