{"id":1569,"date":"2025-08-07T10:12:31","date_gmt":"2025-08-07T10:12:31","guid":{"rendered":"https:\/\/24smartcharge.com\/?post_type=product&#038;p=1569"},"modified":"2025-08-07T10:14:59","modified_gmt":"2025-08-07T10:14:59","slug":"customizable-6300a-low-voltage-power-switchgear","status":"publish","type":"product","link":"https:\/\/24smartcharge.com\/fr\/customizable-6300a-low-voltage-power-switchgear\/","title":{"rendered":"Appareils de commutation basse tension 6300A personnalisables"},"content":{"rendered":"<h3 id=\"the-definitive-solution-for-high-capacity-power-distribution-the-customizable-6300a-low-voltage-power-switchgear\">La solution d\u00e9finitive pour la distribution d'\u00e9nergie \u00e0 haute capacit\u00e9 : L'appareillage basse tension personnalisable 6300A<\/h3>\n<p>Au c\u0153ur de chaque installation industrielle moderne, de chaque centre de donn\u00e9es et de chaque b\u00e2timent commercial de grande envergure se trouve un syst\u00e8me critique responsable de la distribution s\u00fbre et efficace de l'\u00e9nergie \u00e9lectrique : l'appareillage de commutation basse tension. Il ne s'agit pas d'un simple composant, mais du syst\u00e8me nerveux central d'une installation \u00e9lectrique, qui garantit que l'\u00e9nergie est achemin\u00e9e, contr\u00f4l\u00e9e et prot\u00e9g\u00e9e de mani\u00e8re fiable depuis l'arriv\u00e9e principale jusqu'\u00e0 toutes les charges en aval. Nous pr\u00e9sentons un appareillage de commutation basse tension de pointe, enti\u00e8rement personnalisable, con\u00e7u de mani\u00e8re experte pour g\u00e9rer des charges exigeantes allant jusqu'\u00e0 6300 amp\u00e8res, offrant une s\u00e9curit\u00e9, une fiabilit\u00e9 et un contr\u00f4le in\u00e9gal\u00e9s pour les applications les plus critiques.<\/p>\n<p><strong>Con\u00e7u pour la performance et la s\u00e9curit\u00e9<\/strong><\/p>\n<p>L'objectif principal d'un appareillage de connexion est triple : prot\u00e9ger l'\u00e9quipement \u00e9lectrique, isoler les circuits pour une maintenance en toute s\u00e9curit\u00e9 et contr\u00f4ler le flux d'\u00e9nergie. Notre appareillage de commutation excelle dans tous ces domaines gr\u00e2ce \u00e0 une conception m\u00e9ticuleuse et \u00e0 l'utilisation de composants de premi\u00e8re qualit\u00e9. La base de ce syst\u00e8me est son bo\u00eetier robuste, construit \u00e0 partir d'acier lamin\u00e9 \u00e0 froid SPCC de haute qualit\u00e9. Ce mat\u00e9riau offre une int\u00e9grit\u00e9 structurelle exceptionnelle, prot\u00e9geant les composants internes sensibles des facteurs environnementaux et des contraintes m\u00e9caniques. Comme le montrent les images de la cha\u00eene de montage, ces armoires sont construites pour durer, avec un rev\u00eatement professionnel en poudre dont la couleur peut \u00eatre personnalis\u00e9e pour r\u00e9pondre aux exigences de votre \u00e9tablissement. La conception r\u00e9fl\u00e9chie comprend des caract\u00e9ristiques telles que des avertissements de s\u00e9curit\u00e9 clairs et bien visibles, indiquant la pr\u00e9sence de circuits \u00e0 haute \u00e9nergie et imposant un acc\u00e8s autoris\u00e9, soulignant ainsi l'engagement en faveur de la s\u00e9curit\u00e9 op\u00e9rationnelle.<\/p>\n<p><strong>A l'int\u00e9rieur de la centrale : Des composants et un assemblage de qualit\u00e9 sup\u00e9rieure<\/strong><\/p>\n<p>En ouvrant la porte de l'armoire, on d\u00e9couvre une classe de ma\u00eetre en mati\u00e8re d'ing\u00e9nierie \u00e9lectrique et d'assemblage. La premi\u00e8re image donne un aper\u00e7u d\u00e9taill\u00e9 de l'agencement interne, o\u00f9 l'organisation et la qualit\u00e9 sont primordiales. L'\u00e9pine dorsale de la distribution \u00e9lectrique est le syst\u00e8me de barres de cuivre robustes, con\u00e7u pour transporter d'\u00e9normes courants avec une perte thermique minimale. Le courant passe par des disjoncteurs \u00e0 bo\u00eetier moul\u00e9 (MCCB) de haute qualit\u00e9, tels que ceux de la s\u00e9rie ComPact de Schneider Electric, mondialement reconnus. Ces disjoncteurs constituent la premi\u00e8re ligne de d\u00e9fense, offrant une protection r\u00e9glable et fiable contre les surcharges et les courts-circuits, prot\u00e9geant ainsi les machines co\u00fbteuses en aval et assurant la continuit\u00e9 de l'exploitation.<\/p>\n<p>Le c\u00e2blage \u00e0 l'int\u00e9rieur de l'armoire t\u00e9moigne de notre engagement en mati\u00e8re de qualit\u00e9. Chaque c\u00e2ble est coup\u00e9, termin\u00e9 et \u00e9tiquet\u00e9 avec pr\u00e9cision pour faciliter l'identification. L'utilisation d'un code couleur distinct pour les phases, les fils neutres et les fils de terre est conforme aux normes internationales, ce qui simplifie consid\u00e9rablement l'installation, la mise en service et la maintenance future. Les fils sont proprement achemin\u00e9s dans des canaux d\u00e9di\u00e9s et fix\u00e9s, ce qui \u00e9vite l'abrasion et garantit une fiabilit\u00e9 \u00e0 long terme. Ce niveau de professionnalisme minimise le risque de d\u00e9faillance des connexions et am\u00e9liore la s\u00e9curit\u00e9 globale du syst\u00e8me.<\/p>\n<p><strong>Contr\u00f4le et personnalisation avanc\u00e9s<\/strong><\/p>\n<p>Plus qu'une simple unit\u00e9 de distribution d'\u00e9nergie, il s'agit d'un centre intelligent de gestion \u00e9lectrique. Les panneaux avant des armoires \u00e9lectriques sont \u00e9quip\u00e9s d'\u00e9crans tactiles modernes \u00e0 interface homme-machine (IHM) et de voyants LED clairs (rouge, vert et orange). Cela permet aux op\u00e9rateurs de surveiller en temps r\u00e9el les param\u00e8tres critiques tels que la tension, le courant, le facteur de puissance et la consommation d'\u00e9nergie. Il peut \u00e9galement fournir des alertes et des diagnostics imm\u00e9diats en cas de d\u00e9faillance, ce qui permet un d\u00e9pannage rapide et r\u00e9duit les temps d'arr\u00eat.<\/p>\n<p>La flexibilit\u00e9 est un principe de conception essentiel. Avec une gamme de courants nominaux allant de 10A \u00e0 6300A et une tension nominale de 380V-440V, cet appareillage peut \u00eatre adapt\u00e9 \u00e0 une extraordinaire vari\u00e9t\u00e9 d'applications. Qu'il s'agisse d'\u00e9quiper un petit atelier de fabrication ou un centre de donn\u00e9es de grande envergure, le syst\u00e8me peut \u00eatre configur\u00e9 selon vos sp\u00e9cifications exactes. La personnalisation s'\u00e9tend \u00e0 la taille physique de l'armoire, au nombre et \u00e0 la puissance des d\u00e9parts, au type de disjoncteurs utilis\u00e9s et au niveau d'int\u00e9gration de la surveillance et du contr\u00f4le. Notre capacit\u00e9 \u00e0 fournir des solutions OEM signifie que nous pouvons produire cet appareillage de commutation de haute qualit\u00e9 sous votre marque, en r\u00e9pondant aux besoins sp\u00e9cifiques de votre march\u00e9.<\/p>\n<p><strong>Certifi\u00e9 pour une confiance globale<\/strong><\/p>\n<p>Afin de s'adapter au march\u00e9 mondial, notre appareillage de commutation basse tension est con\u00e7u et fabriqu\u00e9 pour r\u00e9pondre aux normes de s\u00e9curit\u00e9 et de qualit\u00e9 les plus strictes au monde. Il d\u00e9tient des certifications cl\u00e9s, notamment CE (Conformit\u00e9 europ\u00e9enne) pour le march\u00e9 europ\u00e9en, UL (Underwriters Laboratories) pour l'Am\u00e9rique du Nord et CCC (China Compulsory Certificate) pour le march\u00e9 chinois. Ces certifications ne sont pas de simples tampons sur une page ; elles repr\u00e9sentent un processus rigoureux de test et de validation, vous donnant la certitude absolue que vous investissez dans un produit dont la s\u00e9curit\u00e9 et la fiabilit\u00e9 sont v\u00e9rifiables.<\/p>\n<p><strong>Applications dans tous les secteurs d'activit\u00e9<\/strong><\/p>\n<p>La polyvalence et la robustesse de cet appareillage en font le choix id\u00e9al pour un large \u00e9ventail de secteurs, notamment :<\/p>\n<ul>\n<li><strong>Fabrication industrielle :<\/strong>\u00a0Alimenter les machines lourdes, les centres de contr\u00f4le des moteurs et les lignes de production o\u00f9 la fiabilit\u00e9 est directement li\u00e9e au chiffre d'affaires.<\/li>\n<li><strong>Centres de donn\u00e9es :<\/strong>\u00a0Garantir une alimentation propre et ininterrompue pour les serveurs et les syst\u00e8mes de refroidissement, pour lesquels le moindre temps d'arr\u00eat est inacceptable.<\/li>\n<li><strong>Immobilier commercial :<\/strong>\u00a0Gestion de la distribution \u00e9lectrique pour les gratte-ciel, les centres commerciaux et les grands complexes de bureaux.<\/li>\n<li><strong>Infrastructures critiques :<\/strong>\u00a0R\u00e9pondre aux besoins op\u00e9rationnels des a\u00e9roports, des h\u00f4pitaux, des usines de traitement des eaux et des syst\u00e8mes de transport.<\/li>\n<li><strong>\u00c9nergies renouvelables :<\/strong>\u00a0Consolider et distribuer l'\u00e9nergie produite par les fermes solaires et les \u00e9oliennes.<\/li>\n<\/ul>","protected":false},"excerpt":{"rendered":"<div class=\"chat-view-container ng-star-inserted\">\n<div>\n<div class=\"chat-turn-container model render cdk-focused cdk-mouse-focused\" tabindex=\"-1\">\n<div class=\"model-prompt-container\" data-turn-role=\"Model\">\n<div class=\"turn-content\">\n<p class=\"ng-star-inserted\"><span class=\"ng-star-inserted\">Cet appareillage de commutation basse tension personnalisable est con\u00e7u pour des courants allant jusqu'\u00e0 6300A. Log\u00e9 dans un bo\u00eetier en acier durable avec un c\u00e2blage bien organis\u00e9 et des disjoncteurs de premi\u00e8re qualit\u00e9, il assure une distribution et une protection fiables de l'\u00e9nergie pour les applications industrielles ou commerciales.<\/span><\/p>\n<div class=\"turn-information ng-star-inserted\"><\/div>\n<\/div>\n<\/div>\n<div class=\"turn-footer ng-star-inserted\"><\/div>\n<\/div>\n<\/div>\n<\/div>\n<footer class=\"not-zero-state ng-star-inserted\">\n<div class=\"mat-mdc-tooltip-trigger prompt-input-wrapper\">\n<div>\n<div class=\"prompt-input-wrapper-container\">\n<div class=\"text-wrapper\">\n<section class=\"text-and-attachments-wrapper\">\n<div class=\"text-input-wrapper\"><\/div>\n<\/section>\n<\/div>\n<\/div>\n<\/div>\n<\/div>\n<\/footer>","protected":false},"featured_media":1570,"template":"","meta":{"_kad_post_transparent":"default","_kad_post_title":"","_kad_post_layout":"default","_kad_post_sidebar_id":"","_kad_post_content_style":"default","_kad_post_vertical_padding":"default","_kad_post_feature":"","_kad_post_feature_position":"","_kad_post_header":false,"_kad_post_footer":false},"product_brand":[],"product_cat":[83],"product_tag":[236,237,229],"class_list":{"0":"post-1569","1":"product","2":"type-product","3":"status-publish","4":"has-post-thumbnail","6":"product_cat-switchgear","7":"product_tag-electrical-distribution-panel","8":"product_tag-low-voltage-circuit-breaker","9":"product_tag-switchgear","11":"first","12":"instock","13":"shipping-taxable","14":"product-type-simple","15":"entry","16":"content-bg","17":"loop-entry"},"_links":{"self":[{"href":"https:\/\/24smartcharge.com\/fr\/wp-json\/wp\/v2\/product\/1569","targetHints":{"allow":["GET"]}}],"collection":[{"href":"https:\/\/24smartcharge.com\/fr\/wp-json\/wp\/v2\/product"}],"about":[{"href":"https:\/\/24smartcharge.com\/fr\/wp-json\/wp\/v2\/types\/product"}],"wp:featuredmedia":[{"embeddable":true,"href":"https:\/\/24smartcharge.com\/fr\/wp-json\/wp\/v2\/media\/1570"}],"wp:attachment":[{"href":"https:\/\/24smartcharge.com\/fr\/wp-json\/wp\/v2\/media?parent=1569"}],"wp:term":[{"taxonomy":"product_brand","embeddable":true,"href":"https:\/\/24smartcharge.com\/fr\/wp-json\/wp\/v2\/product_brand?post=1569"},{"taxonomy":"product_cat","embeddable":true,"href":"https:\/\/24smartcharge.com\/fr\/wp-json\/wp\/v2\/product_cat?post=1569"},{"taxonomy":"product_tag","embeddable":true,"href":"https:\/\/24smartcharge.com\/fr\/wp-json\/wp\/v2\/product_tag?post=1569"}],"curies":[{"name":"wp","href":"https:\/\/api.w.org\/{rel}","templated":true}]}}