{"id":1563,"date":"2025-08-07T10:03:24","date_gmt":"2025-08-07T10:03:24","guid":{"rendered":"https:\/\/24smartcharge.com\/?post_type=product&#038;p=1563"},"modified":"2025-08-07T10:03:24","modified_gmt":"2025-08-07T10:03:24","slug":"3-phase-power-distribution-switchgear-cabinet","status":"publish","type":"product","link":"https:\/\/24smartcharge.com\/fr\/3-phase-power-distribution-switchgear-cabinet\/","title":{"rendered":"Armoire de distribution d'\u00e9nergie triphas\u00e9e"},"content":{"rendered":"<h3 id=\"-introducing-the-ultimate-3-phase-power-distribution-switchgear-cabinet-unmatched-reliability-for-critical-operations-\"><strong>Pr\u00e9sentation de l'armoire \u00e9lectrique de distribution triphas\u00e9e ultime : Fiabilit\u00e9 in\u00e9gal\u00e9e pour les op\u00e9rations critiques<\/strong><\/h3>\n<p>Dans les environnements actuels \u00e0 forte demande, qu'il s'agisse de centres de donn\u00e9es critiques ou de complexes industriels en pleine effervescence, le besoin d'une distribution d'\u00e9nergie stable, efficace et fiable est primordial. Un seul point de d\u00e9faillance dans votre cha\u00eene d'alimentation peut entra\u00eener des temps d'arr\u00eat catastrophiques, des pertes financi\u00e8res et des perturbations op\u00e9rationnelles. Nous pr\u00e9sentons un\u00a0<strong>Appareillage<\/strong>\u00a0L'armoire de distribution \u00e9lectrique triphas\u00e9e est une solution con\u00e7ue pour \u00e9liminer ces risques. Cette unit\u00e9 n'est pas un simple composant, c'est le c\u0153ur robuste de votre infrastructure \u00e9lectrique, con\u00e7u pour des performances sup\u00e9rieures, une s\u00e9curit\u00e9 sans compromis et une personnalisation compl\u00e8te pour r\u00e9pondre aux exigences uniques de votre application.<\/p>\n<h4 id=\"-engineered-for-high-stakes-environments-\"><strong>Con\u00e7u pour les environnements \u00e0 forts enjeux<\/strong><\/h4>\n<p>Cette armoire de distribution d'\u00e9nergie est con\u00e7ue pour servir de syst\u00e8me nerveux central pour vos besoins de transmission d'\u00e9nergie \u00e9lectrique. Sa conception et ses capacit\u00e9s en font le choix id\u00e9al pour une gamme vari\u00e9e d'applications o\u00f9 les performances ne peuvent \u00eatre compromises :<\/p>\n<ul>\n<li><strong>Centres de donn\u00e9es informatiques et baies de serveurs :<\/strong>\u00a0Dans un secteur o\u00f9 le temps de fonctionnement se mesure en fractions de seconde, cette armoire de commutation fournit l'alimentation propre, coh\u00e9rente et \u00e0 haute densit\u00e9 n\u00e9cessaire pour prot\u00e9ger les \u00e9quipements informatiques sensibles. Son format rack standard permet une int\u00e9gration transparente dans les salles de donn\u00e9es existantes, tandis que ses capacit\u00e9s de surveillance avanc\u00e9es offrent le contr\u00f4le granulaire n\u00e9cessaire \u00e0 la gestion d'environnements de serveurs complexes.<\/li>\n<li><strong>Zones industrielles :<\/strong>\u00a0Les usines de fabrication, les installations de traitement et les ateliers utilisent des machines puissantes qui n\u00e9cessitent une alimentation triphas\u00e9e importante et stable. Cette armoire est con\u00e7ue pour supporter de lourdes charges inductives et offre une protection solide contre les surintensit\u00e9s et les d\u00e9fauts, garantissant ainsi la s\u00e9curit\u00e9 de votre personnel et la long\u00e9vit\u00e9 de votre pr\u00e9cieux \u00e9quipement.<\/li>\n<li><strong>Centres commerciaux et de t\u00e9l\u00e9communications :<\/strong>\u00a0Pour les grands b\u00e2timents, les centraux de t\u00e9l\u00e9communications et les centres d'exploitation de r\u00e9seaux, cette armoire sert de plaque tournante centralis\u00e9e et intelligente pour la gestion et la distribution du flux \u00e9lectrique. Son \u00e9volutivit\u00e9 garantit qu'elle peut prendre en charge votre infrastructure au fur et \u00e0 mesure que vos besoins op\u00e9rationnels augmentent et \u00e9voluent au fil du temps.<\/li>\n<\/ul>\n<h4 id=\"-unparalleled-technical-specifications-and-features-\"><strong>Sp\u00e9cifications et caract\u00e9ristiques techniques in\u00e9gal\u00e9es<\/strong><\/h4>\n<p>Sous son apparence \u00e9l\u00e9gante et professionnelle se cache un concentr\u00e9 d'ing\u00e9nierie con\u00e7u pour des performances et une durabilit\u00e9 optimales.<\/p>\n<ul>\n<li><strong>Capacit\u00e9 de puissance large :<\/strong>\u00a0L'armoire fonctionne sur un syst\u00e8me triphas\u00e9 avec une tension nominale de 415V\/480V, ce qui la rend compatible avec les normes mondiales d'alimentation industrielle et commerciale. Plus impressionnant encore, elle pr\u00e9sente une plage de courant nominal exceptionnellement large, allant de 400 A \u00e0 un \u00e9norme 6300 A. Cette remarquable \u00e9volutivit\u00e9 signifie que la m\u00eame conception de base peut \u00eatre configur\u00e9e pour une entreprise de taille moyenne ou une installation industrielle \u00e0 grande \u00e9chelle, assurant ainsi la p\u00e9rennit\u00e9 de votre investissement.<\/li>\n<li><strong>Une construction et un savoir-faire de qualit\u00e9 sup\u00e9rieure :<\/strong>\u00a0Fabriqu\u00e9e en t\u00f4le de haute qualit\u00e9 et durable, cette armoire est con\u00e7ue pour r\u00e9sister aux rigueurs de n'importe quel environnement op\u00e9rationnel. L'am\u00e9nagement int\u00e9rieur, visible dans les images d\u00e9taill\u00e9es, t\u00e9moigne d'un travail m\u00e9ticuleux. Le c\u00e2blage est parfaitement organis\u00e9 et les composants sont logiquement dispos\u00e9s sur des rails DIN. Les barres omnibus et le c\u00e2blage cod\u00e9s par couleur (g\u00e9n\u00e9ralement rouge, jaune, bleu pour les phases et vert\/jaune pour la terre) simplifient l'installation, le d\u00e9pannage et l'entretien de routine, r\u00e9duisant ainsi le risque d'erreur humaine.<\/li>\n<li><strong>Surveillance intelligente avanc\u00e9e :<\/strong>\u00a0Certaines configurations sont dot\u00e9es d'une interface homme-machine (IHM) \u00e0 \u00e9cran tactile de grande taille et conviviale. Cet outil puissant permet de surveiller en temps r\u00e9el et d'un seul coup d'\u0153il les param\u00e8tres d'alimentation critiques tels que la tension, le courant par phase, la consommation d'\u00e9nergie (kW) et l'\u00e9tat du syst\u00e8me. Il permet des diagnostics avanc\u00e9s, l'enregistrement des alarmes et la gestion \u00e0 distance, ce qui donne aux administrateurs du syst\u00e8me un contr\u00f4le complet et une vue d'ensemble de leur infrastructure \u00e9lectrique.<\/li>\n<li><strong>S\u00e9curit\u00e9 et fiabilit\u00e9 certifi\u00e9es :<\/strong>\u00a0Votre tranquillit\u00e9 d'esprit est notre priorit\u00e9. Cette armoire \u00e9lectrique est certifi\u00e9e CCC et ETL, ce qui confirme sa conformit\u00e9 aux normes internationales strictes en mati\u00e8re de s\u00e9curit\u00e9 et de qualit\u00e9. Ces certifications garantissent que le produit a subi des tests rigoureux en mati\u00e8re de s\u00e9curit\u00e9 \u00e9lectrique, de performances et d'int\u00e9grit\u00e9 de la construction, ce qui en fait un choix fiable pour un d\u00e9ploiement dans des environnements r\u00e9glement\u00e9s et soucieux de la s\u00e9curit\u00e9.<\/li>\n<\/ul>\n<h4 id=\"-the-power-of-complete-customization-oem-\"><strong>La puissance de la personnalisation compl\u00e8te (OEM)<\/strong><\/h4>\n<p>Nous sommes conscients qu'il n'existe pas deux exigences identiques en mati\u00e8re de puissance. Ce produit est propos\u00e9 en tant que solution OEM (Original Equipment Manufacturer) enti\u00e8rement personnalisable, ce qui vous permet d'adapter chaque aspect \u00e0 vos sp\u00e9cifications pr\u00e9cises.<\/p>\n<ul>\n<li><strong>Personnalisable Dimensions :<\/strong>\u00a0Qu'il s'agisse de faire entrer l'unit\u00e9 dans un espace restreint ou de l'adapter \u00e0 la profondeur des racks de serveurs existants, la taille peut \u00eatre enti\u00e8rement personnalis\u00e9e.<\/li>\n<li><strong>Options en mati\u00e8re d'esth\u00e9tique et d'image de marque :<\/strong>\u00a0La couleur de l'armoire peut \u00eatre sp\u00e9cifi\u00e9e pour correspondre \u00e0 la conception de votre centre de donn\u00e9es ou aux directives de votre entreprise en mati\u00e8re d'image de marque. En tant que produit OEM, elle peut \u00eatre marqu\u00e9e du logo et de la plaque signal\u00e9tique de votre entreprise.<\/li>\n<li><strong>Interfaces configurables :<\/strong>\u00a0Le v\u00e9ritable pouvoir de personnalisation se trouve \u00e0 l'int\u00e9rieur. Vous pouvez sp\u00e9cifier la configuration exacte des composants internes, y compris le nombre et le calibre des disjoncteurs, le type de bornes de sortie, les points de contr\u00f4le sp\u00e9cifiques et l'inclusion de dispositifs de protection contre les surtensions.<\/li>\n<li><strong>Quantit\u00e9 de commande flexible :<\/strong>\u00a0Avec une quantit\u00e9 minimale de commande (QM) d'une seule pi\u00e8ce, nous pouvons prendre en charge tous les projets, qu'il s'agisse d'un projet unique ou d'un d\u00e9ploiement \u00e0 grande \u00e9chelle de plusieurs unit\u00e9s, avec le m\u00eame d\u00e9vouement et la m\u00eame pr\u00e9cision.<\/li>\n<\/ul>\n<p>Cette armoire de distribution \u00e9lectrique triphas\u00e9e repr\u00e9sente le summum de la gestion moderne de l'\u00e9nergie. Elle t\u00e9moigne d'une ing\u00e9nierie de qualit\u00e9, offrant une combinaison rare de puissance brute, de contr\u00f4le intelligent, de s\u00e9curit\u00e9 certifi\u00e9e et de flexibilit\u00e9 in\u00e9gal\u00e9e. En int\u00e9grant cette armoire dans votre installation, vous ne vous contentez pas d'installer une pi\u00e8ce de mat\u00e9riel ; vous investissez dans une base de fiabilit\u00e9 et d'efficacit\u00e9 qui assurera votre succ\u00e8s pour les ann\u00e9es \u00e0 venir. Contactez-nous d\u00e8s aujourd'hui pour discuter de vos besoins sp\u00e9cifiques en mati\u00e8re de distribution d'\u00e9nergie et laissez nos experts concevoir la solution d'appareillage \u00e9lectrique id\u00e9ale pour vous.<\/p>","protected":false},"excerpt":{"rendered":"<div class=\"model-prompt-container\" data-turn-role=\"Model\">\n<div class=\"turn-content\">\n<p class=\"ng-star-inserted\"><span class=\"ng-star-inserted\">Cette robuste armoire de distribution triphas\u00e9e est con\u00e7ue pour la distribution d'\u00e9nergie \u00e0 forte demande dans les centres de donn\u00e9es et les environnements industriels. Construite en t\u00f4le avec une taille et une couleur personnalisables, elle g\u00e8re 415V\/480V et 400A-6300A pour une transmission fiable de l'\u00e9nergie \u00e9lectrique. Id\u00e9ale pour vos besoins en baies de serveurs.<\/span><\/p>\n<div class=\"turn-information ng-star-inserted\"><\/div>\n<\/div>\n<\/div>\n<div class=\"turn-footer ng-star-inserted\"><\/div>","protected":false},"featured_media":1564,"template":"","meta":{"_kad_post_transparent":"default","_kad_post_title":"","_kad_post_layout":"default","_kad_post_sidebar_id":"","_kad_post_content_style":"default","_kad_post_vertical_padding":"default","_kad_post_feature":"","_kad_post_feature_position":"","_kad_post_header":false,"_kad_post_footer":false},"product_brand":[],"product_cat":[83],"product_tag":[174,234,229],"class_list":{"0":"post-1563","1":"product","2":"type-product","3":"status-publish","4":"has-post-thumbnail","6":"product_cat-switchgear","7":"product_tag-data-center-power","8":"product_tag-power-distribution-cabinet","9":"product_tag-switchgear","11":"first","12":"instock","13":"shipping-taxable","14":"product-type-simple","15":"entry","16":"content-bg","17":"loop-entry"},"_links":{"self":[{"href":"https:\/\/24smartcharge.com\/fr\/wp-json\/wp\/v2\/product\/1563","targetHints":{"allow":["GET"]}}],"collection":[{"href":"https:\/\/24smartcharge.com\/fr\/wp-json\/wp\/v2\/product"}],"about":[{"href":"https:\/\/24smartcharge.com\/fr\/wp-json\/wp\/v2\/types\/product"}],"wp:featuredmedia":[{"embeddable":true,"href":"https:\/\/24smartcharge.com\/fr\/wp-json\/wp\/v2\/media\/1564"}],"wp:attachment":[{"href":"https:\/\/24smartcharge.com\/fr\/wp-json\/wp\/v2\/media?parent=1563"}],"wp:term":[{"taxonomy":"product_brand","embeddable":true,"href":"https:\/\/24smartcharge.com\/fr\/wp-json\/wp\/v2\/product_brand?post=1563"},{"taxonomy":"product_cat","embeddable":true,"href":"https:\/\/24smartcharge.com\/fr\/wp-json\/wp\/v2\/product_cat?post=1563"},{"taxonomy":"product_tag","embeddable":true,"href":"https:\/\/24smartcharge.com\/fr\/wp-json\/wp\/v2\/product_tag?post=1563"}],"curies":[{"name":"wp","href":"https:\/\/api.w.org\/{rel}","templated":true}]}}