{"id":1534,"date":"2025-08-07T08:49:20","date_gmt":"2025-08-07T08:49:20","guid":{"rendered":"https:\/\/24smartcharge.com\/?post_type=product&#038;p=1534"},"modified":"2025-08-07T08:50:17","modified_gmt":"2025-08-07T08:50:17","slug":"main-power-distribution-panel-switchgear-400a-6300a","status":"publish","type":"product","link":"https:\/\/24smartcharge.com\/fr\/main-power-distribution-panel-switchgear-400a-6300a\/","title":{"rendered":"Tableau de distribution de l'alimentation principale 400A-6300A"},"content":{"rendered":"<p>Dans le monde actuel d\u00e9pendant de l'\u00e9lectricit\u00e9, la n\u00e9cessit\u00e9 d'une distribution d'\u00e9nergie robuste, fiable et s\u00fbre est primordiale. Qu'il s'agisse des baies de serveurs d'un centre de donn\u00e9es ou des machines lourdes d'un complexe industriel, l'int\u00e9grit\u00e9 du syst\u00e8me \u00e9lectrique est \u00e0 la base de toutes les op\u00e9rations. Nous sommes fiers de pr\u00e9senter notre tableau de distribution de l'alimentation principale, une solution compl\u00e8te con\u00e7ue pour r\u00e9pondre aux normes les plus \u00e9lev\u00e9es en mati\u00e8re de performance, de s\u00e9curit\u00e9 et d'adaptabilit\u00e9. Cet appareillage de pointe est con\u00e7u pour \u00eatre le syst\u00e8me nerveux central de l'infrastructure \u00e9lectrique de votre installation, assurant une distribution d'\u00e9nergie transparente et prot\u00e9g\u00e9e pour vos actifs les plus critiques.<\/p>\n<p><strong>Con\u00e7u pour des performances et une fiabilit\u00e9 in\u00e9gal\u00e9es<\/strong><\/p>\n<p>Au c\u0153ur de sa conception, ce tableau de distribution de l'alimentation principale est construit pour l'excellence. Il offre une large gamme op\u00e9rationnelle, avec une tension nominale de 415V\/480V et une impressionnante capacit\u00e9 de courant nominal personnalisable de 400A \u00e0 6300A. Cette large gamme garantit que notre appareillage de commutation peut \u00eatre pr\u00e9cis\u00e9ment adapt\u00e9 aux exigences de charge sp\u00e9cifiques de diverses applications, qu'il s'agisse d'une entreprise de taille moyenne ou d'une installation industrielle \u00e0 grande \u00e9chelle. La disponibilit\u00e9 de diff\u00e9rentes configurations de courant, y compris 600A, 800A, 1200A et 3000A selon les besoins, permet d'obtenir un syst\u00e8me de gestion de l'\u00e9nergie hautement personnalis\u00e9. Cette flexibilit\u00e9 permet d'\u00e9viter la suring\u00e9nierie et les co\u00fbts associ\u00e9s tout en garantissant que le syst\u00e8me peut g\u00e9rer la charge \u00e9lectrique d\u00e9sign\u00e9e sans compromis.<\/p>\n<p>L'architecture interne de cet appareillage de commutation t\u00e9moigne d'une ing\u00e9nierie sup\u00e9rieure. Comme le montrent les images d\u00e9taill\u00e9es de l'int\u00e9rieur, l'agencement est m\u00e9ticuleusement organis\u00e9 pour des performances et une s\u00e9curit\u00e9 optimales. Les barres omnibus robustes sont soigneusement dispos\u00e9es et solidement mont\u00e9es pour g\u00e9rer efficacement les courants \u00e9lev\u00e9s tout en minimisant l'accumulation de chaleur. Le c\u00e2blage est m\u00e9thodiquement achemin\u00e9 et termin\u00e9 par des connecteurs de haute qualit\u00e9, ce qui t\u00e9moigne d'un engagement envers l'artisanat qui se traduit par une fiabilit\u00e9 \u00e0 long terme et une facilit\u00e9 d'entretien. La s\u00e9paration claire des phases, indiqu\u00e9e par un code couleur (jaune, vert, rouge), simplifie l'inspection et r\u00e9duit le risque de d\u00e9fauts \u00e9lectriques. Cette conception interne propre et accessible est une caract\u00e9ristique essentielle pour tout environnement \u00e0 fort enjeu o\u00f9 les temps d'arr\u00eat ne sont pas envisageables.<\/p>\n<figure id=\"attachment_1536\" aria-describedby=\"caption-attachment-1536\" style=\"width: 800px\" class=\"wp-caption alignnone\"><img fetchpriority=\"high\" decoding=\"async\" class=\"size-full wp-image-1536\" src=\"https:\/\/24smartcharge.com\/wp-content\/uploads\/2025\/08\/Hd88ee03094e743808bd90c35718cd4baX.png\" alt=\"Tableau de distribution de l&#039;alimentation principale 400A-6300A\" width=\"800\" height=\"800\" srcset=\"https:\/\/24smartcharge.com\/wp-content\/uploads\/2025\/08\/Hd88ee03094e743808bd90c35718cd4baX.png 800w, https:\/\/24smartcharge.com\/wp-content\/uploads\/2025\/08\/Hd88ee03094e743808bd90c35718cd4baX-300x300.png 300w, https:\/\/24smartcharge.com\/wp-content\/uploads\/2025\/08\/Hd88ee03094e743808bd90c35718cd4baX-150x150.png 150w, https:\/\/24smartcharge.com\/wp-content\/uploads\/2025\/08\/Hd88ee03094e743808bd90c35718cd4baX-768x768.png 768w, https:\/\/24smartcharge.com\/wp-content\/uploads\/2025\/08\/Hd88ee03094e743808bd90c35718cd4baX-600x600.png 600w, https:\/\/24smartcharge.com\/wp-content\/uploads\/2025\/08\/Hd88ee03094e743808bd90c35718cd4baX-100x100.png 100w\" sizes=\"(max-width: 800px) 100vw, 800px\" \/><figcaption id=\"caption-attachment-1536\" class=\"wp-caption-text\">Tableau de distribution de l'alimentation principale 400A-6300A<\/figcaption><\/figure>\n<p><strong>Construction robuste et protection sup\u00e9rieure<\/strong><\/p>\n<p>La durabilit\u00e9 est un attribut non n\u00e9gociable pour les \u00e9quipements \u00e9lectriques de qualit\u00e9 industrielle. Cet appareillage de commutation est construit en acier et en fer de haute qualit\u00e9, offrant un bo\u00eetier robuste et r\u00e9sistant qui peut supporter les rigueurs d'environnements exigeants. L'ensemble de la structure est recouvert d'un rev\u00eatement en poudre durable, qui lui conf\u00e8re non seulement une finition gris clair professionnelle, mais offre \u00e9galement une excellente protection contre la corrosion, les rayures et les contaminants environnementaux. Cette construction robuste garantit la long\u00e9vit\u00e9 de l'appareillage et prot\u00e8ge les composants critiques qu'il abrite.<\/p>\n<p>Pour prot\u00e9ger \u00e0 la fois l'\u00e9quipement et le personnel, cet appareillage de commutation affiche un niveau de protection impressionnant de IP65\/IP54. L'indice IP65 signifie que le bo\u00eetier est totalement \u00e9tanche \u00e0 la poussi\u00e8re et qu'il est prot\u00e9g\u00e9 contre les jets d'eau \u00e0 basse pression provenant de n'importe quelle direction, ce qui le rend adapt\u00e9 \u00e0 une installation dans des environnements o\u00f9 la poussi\u00e8re et l'humidit\u00e9 sont pr\u00e9dominantes. L'indice IP54 garantit une protection contre la p\u00e9n\u00e9tration de la poussi\u00e8re et les \u00e9claboussures d'eau. Ce niveau \u00e9lev\u00e9 de protection garantit que les composants internes restent \u00e0 l'abri des contaminants nocifs, ce qui assure l'int\u00e9grit\u00e9 op\u00e9rationnelle et renforce la s\u00e9curit\u00e9. Les syst\u00e8mes de disjoncteurs optionnels peuvent \u00eatre personnalis\u00e9s pour fournir une protection pr\u00e9cise contre les surintensit\u00e9s et les courts-circuits, afin de s\u00e9curiser davantage votre r\u00e9seau \u00e9lectrique.<\/p>\n<p><strong>Con\u00e7u pour les applications modernes<\/strong><\/p>\n<p>Le champ d'application de cet appareillage de commutation pour panneau de distribution d'alimentation principale est vaste, avec un accent particulier sur les secteurs \u00e0 forte demande tels que les centres de donn\u00e9es, les armoires de serveurs et les zones industrielles g\u00e9n\u00e9rales. Dans un centre de donn\u00e9es, o\u00f9 le temps de fonctionnement se mesure en fractions de pourcentage, notre appareillage de commutation fournit l'\u00e9nergie stable et propre n\u00e9cessaire au fonctionnement des serveurs 24 heures sur 24 et 7 jours sur 7. Sa conception modulaire, avec plusieurs compartiments dot\u00e9s de commandes et d'indicateurs individuels, permet une distribution cibl\u00e9e de l'\u00e9nergie \u00e0 diff\u00e9rents racks ou zones de serveurs. L'int\u00e9gration d'interfaces homme-machine (IHM) modernes, telles que des panneaux \u00e0 \u00e9cran tactile et des indicateurs d'\u00e9tat LED clairs, permet une surveillance et un contr\u00f4le intuitifs de l'ensemble du syst\u00e8me \u00e9lectrique.<\/p>\n<p>Dans un environnement industriel, cet appareillage est tout aussi \u00e0 l'aise pour g\u00e9rer la distribution de l'\u00e9nergie aux machines lourdes, aux lignes de production et aux syst\u00e8mes de contr\u00f4le. Les panneaux avant sont dispos\u00e9s de fa\u00e7on logique et comportent des poign\u00e9es, des interrupteurs et des \u00e9crans de contr\u00f4le faciles \u00e0 utiliser, ce qui permet aux op\u00e9rateurs de l'usine d'avoir une visibilit\u00e9 et un contr\u00f4le clairs sur le r\u00e9seau de distribution \u00e9lectrique. Les panneaux ventil\u00e9s utilis\u00e9s dans la conception contribuent \u00e0 la gestion thermique, un facteur crucial lorsqu'il s'agit d'applications \u00e0 courant \u00e9lev\u00e9.<\/p>\n<p><strong>Personnalisation et flexibilit\u00e9 (OEM\/ODM)<\/strong><\/p>\n<p>Nous comprenons qu'il n'existe pas deux projets identiques. C'est pourquoi nous offrons un support OEM et ODM complet, permettant \u00e0 nos tableaux de distribution d'\u00e9nergie principale d'\u00eatre enti\u00e8rement personnalis\u00e9s en fonction de vos sp\u00e9cifications exactes. Qu'il s'agisse de la taille globale de l'armoire, avec une dimension standard optionnelle de 2200<em>800<\/em>600 mm, \u00e0 la marque et au type de disjoncteurs utilis\u00e9s, chaque aspect peut \u00eatre personnalis\u00e9. Vous pouvez personnaliser la couleur pour qu'elle corresponde \u00e0 la marque ou au code de s\u00e9curit\u00e9 de votre installation, s\u00e9lectionner des interfaces de surveillance et de contr\u00f4le sp\u00e9cifiques et configurer l'agencement interne pour r\u00e9pondre \u00e0 votre sch\u00e9ma unique de c\u00e2blage et de distribution d'\u00e9nergie. Notre \u00e9quipe d'ing\u00e9nieurs travaillera en \u00e9troite collaboration avec vous pour d\u00e9velopper une solution d'appareillage qui s'int\u00e8gre parfaitement \u00e0 votre projet, offrant des performances et des fonctionnalit\u00e9s qui r\u00e9pondent parfaitement \u00e0 vos besoins.<\/p>","protected":false},"excerpt":{"rendered":"<div class=\"model-prompt-container\" data-turn-role=\"Model\">\n<div class=\"turn-content\">\n<p class=\"ng-star-inserted\"><span class=\"ng-star-inserted\">Ce robuste tableau de distribution de l'alimentation principale est id\u00e9al pour les centres de donn\u00e9es et les applications industrielles. Construit en acier peint par poudrage pour une plus grande durabilit\u00e9, il g\u00e8re des courants de 400A \u00e0 6300A. Dot\u00e9 de barres omnibus internes et d'un c\u00e2blage organis\u00e9, cet appareillage de commutation assure une gestion s\u00fbre et fiable de l'\u00e9nergie.<\/span><\/p>\n<div class=\"turn-information ng-star-inserted\"><\/div>\n<\/div>\n<\/div>\n<div class=\"turn-footer ng-star-inserted\"><\/div>","protected":false},"featured_media":1536,"template":"","meta":{"_kad_post_transparent":"default","_kad_post_title":"","_kad_post_layout":"default","_kad_post_sidebar_id":"","_kad_post_content_style":"default","_kad_post_vertical_padding":"default","_kad_post_feature":"","_kad_post_feature_position":"","_kad_post_header":false,"_kad_post_footer":false},"product_brand":[],"product_cat":[83],"product_tag":[231,230,229],"class_list":{"0":"post-1534","1":"product","2":"type-product","3":"status-publish","4":"has-post-thumbnail","6":"product_cat-switchgear","7":"product_tag-electrical-panel","8":"product_tag-power-distribution","9":"product_tag-switchgear","11":"first","12":"instock","13":"shipping-taxable","14":"product-type-simple","15":"entry","16":"content-bg","17":"loop-entry"},"_links":{"self":[{"href":"https:\/\/24smartcharge.com\/fr\/wp-json\/wp\/v2\/product\/1534","targetHints":{"allow":["GET"]}}],"collection":[{"href":"https:\/\/24smartcharge.com\/fr\/wp-json\/wp\/v2\/product"}],"about":[{"href":"https:\/\/24smartcharge.com\/fr\/wp-json\/wp\/v2\/types\/product"}],"wp:featuredmedia":[{"embeddable":true,"href":"https:\/\/24smartcharge.com\/fr\/wp-json\/wp\/v2\/media\/1536"}],"wp:attachment":[{"href":"https:\/\/24smartcharge.com\/fr\/wp-json\/wp\/v2\/media?parent=1534"}],"wp:term":[{"taxonomy":"product_brand","embeddable":true,"href":"https:\/\/24smartcharge.com\/fr\/wp-json\/wp\/v2\/product_brand?post=1534"},{"taxonomy":"product_cat","embeddable":true,"href":"https:\/\/24smartcharge.com\/fr\/wp-json\/wp\/v2\/product_cat?post=1534"},{"taxonomy":"product_tag","embeddable":true,"href":"https:\/\/24smartcharge.com\/fr\/wp-json\/wp\/v2\/product_tag?post=1534"}],"curies":[{"name":"wp","href":"https:\/\/api.w.org\/{rel}","templated":true}]}}