{"id":1506,"date":"2025-08-07T08:37:05","date_gmt":"2025-08-07T08:37:05","guid":{"rendered":"https:\/\/24smartcharge.com\/?post_type=product&#038;p=1506"},"modified":"2025-08-07T08:37:06","modified_gmt":"2025-08-07T08:37:06","slug":"lv-power-distribution-switchgear-cabinet","status":"publish","type":"product","link":"https:\/\/24smartcharge.com\/fr\/lv-power-distribution-switchgear-cabinet\/","title":{"rendered":"Armoire de distribution d'\u00e9nergie BT"},"content":{"rendered":"<h3 id=\"-introducing-the-ultimate-solution-in-power-management-the-lv-power-distribution-switchgear-cabinet-\"><strong>La solution ultime en mati\u00e8re de gestion de l'\u00e9nergie : L'armoire de distribution \u00e9lectrique BT<\/strong><\/h3>\n<p>Dans le monde actuel d\u00e9pendant de l'\u00e9lectricit\u00e9, l'int\u00e9grit\u00e9 de votre syst\u00e8me de distribution d'\u00e9nergie n'est pas seulement une exigence technique, c'est le fondement de l'ensemble de vos op\u00e9rations. Pour les installations critiques telles que les centres de donn\u00e9es, les fermes de serveurs et les installations industrielles de pointe, une interruption de l'alimentation \u00e9lectrique peut entra\u00eener une perte de donn\u00e9es catastrophique, des arr\u00eats d'exploitation et un impact financier important. Nous sommes fiers de pr\u00e9senter notre premi\u00e8re armoire de distribution d'\u00e9nergie basse tension (BT), une solution de pointe m\u00e9ticuleusement con\u00e7ue pour offrir une s\u00e9curit\u00e9, une fiabilit\u00e9 et une efficacit\u00e9 in\u00e9gal\u00e9es pour vos besoins en \u00e9nergie les plus exigeants. Il ne s'agit pas d'un simple coffret de distribution d'\u00e9nergie, mais d'un syst\u00e8me de commutation complet con\u00e7u pour l'avenir de l'infrastructure industrielle et technologique.<\/p>\n<h3 id=\"-engineered-for-uncompromising-performance-and-safety-\"><strong>Con\u00e7u pour des performances et une s\u00e9curit\u00e9 sans compromis<\/strong><\/h3>\n<p>Au c\u0153ur de notre philosophie de conception se trouve un engagement in\u00e9branlable en faveur de la qualit\u00e9 et de la s\u00e9curit\u00e9. Cet appareillage de distribution d'\u00e9nergie est log\u00e9 dans une armoire robuste en acier \u00e0 panneaux multiples, avec une finition noire mate professionnelle aussi durable qu'\u00e9l\u00e9gante. La conception modulaire, avec une armoire d'entr\u00e9e principale et plusieurs armoires de distribution de sortie, offre une flexibilit\u00e9 et une \u00e9volutivit\u00e9 incroyables. Au fur et \u00e0 mesure que vos besoins op\u00e9rationnels augmentent, ce syst\u00e8me de commutation peut s'\u00e9tendre avec vous, garantissant ainsi un investissement \u00e0 l'\u00e9preuve du temps.<\/p>\n<p>La s\u00e9curit\u00e9 est primordiale dans tout environnement \u00e0 haute intensit\u00e9. Les portes de l'armoire sont clairement marqu\u00e9es par des symboles d'avertissement haute tension universellement reconnus et par le message \"NON-PROFESSIONNELS N'OUVREZ PAS\", ce qui garantit que seul le personnel qualifi\u00e9 effectue la maintenance. L'armoire elle-m\u00eame affiche un niveau de protection IP54\/IP65 impressionnant, qui certifie sa r\u00e9sistance \u00e0 la p\u00e9n\u00e9tration de la poussi\u00e8re et aux projections d'eau de toutes les directions. Nos appareillages conviennent donc \u00e0 un large \u00e9ventail d'environnements de travail, des salles blanches des centres de donn\u00e9es aux ateliers industriels les plus exigeants.<\/p>\n<h3 id=\"-a-deep-dive-into-premium-components-\"><strong>Une plong\u00e9e en profondeur dans les composants de premi\u00e8re qualit\u00e9<\/strong><\/h3>\n<p>La v\u00e9ritable excellence de cet appareillage r\u00e9side dans son int\u00e9rieur m\u00e9ticuleusement organis\u00e9, qui comprend des composants provenant de fabricants de renomm\u00e9e mondiale, garantissant des performances et une long\u00e9vit\u00e9 optimales.<\/p>\n<p><strong>Commande d'alimentation principale - Le disjoncteur pneumatique NOARK (ACB) :<\/strong>\u00a0La section d'arriv\u00e9e primaire est command\u00e9e par un formidable disjoncteur de puissance CA basse tension NOARK. En tant que principale porte d'entr\u00e9e de l'\u00e9lectricit\u00e9 dans votre installation, ce disjoncteur assure une protection critique contre les surintensit\u00e9s et sert de principal moyen de d\u00e9connexion. Il est dot\u00e9 d'une unit\u00e9 de contr\u00f4le num\u00e9rique sophistiqu\u00e9e avec un \u00e9cran LCD intuitif, permettant de surveiller en temps r\u00e9el les param\u00e8tres \u00e9lectriques cl\u00e9s tels que le courant, la tension et le facteur de puissance. Avec des commandes \u00e0 bouton-poussoir robustes pour le fonctionnement manuel et un indicateur d'\u00e9tat m\u00e9canique clair, ce disjoncteur offre \u00e0 la fois une protection intelligente avanc\u00e9e et des capacit\u00e9s de neutralisation manuelle fiables.<\/p>\n<p><strong>Syst\u00e8me de barres omnibus \u00e0 haute int\u00e9grit\u00e9 :<\/strong>\u00a0La distribution de courants pouvant aller de 400 A \u00e0 un immense 6000 A n\u00e9cessite un chemin de conduction parfaitement con\u00e7u. Notre appareillage de commutation utilise un syst\u00e8me de barres en cuivre tr\u00e8s r\u00e9sistant, con\u00e7u de mani\u00e8re experte et soutenu de mani\u00e8re rigide pour supporter d'\u00e9normes contraintes \u00e9lectriques et m\u00e9caniques. Les phases sont clairement organis\u00e9es et s\u00e9par\u00e9es, ce qui minimise le risque de d\u00e9faillance et simplifie les proc\u00e9dures de maintenance. Cette colonne vert\u00e9brale robuste garantit une perte de puissance minimale et une efficacit\u00e9 maximale lorsque l'\u00e9lectricit\u00e9 est achemin\u00e9e vers les diff\u00e9rents circuits sortants.<\/p>\n<p><strong>Protection de pr\u00e9cision des circuits sortants - Fusibles Siemens SITOR :<\/strong>\u00a0Les sections de d\u00e9part sont un mod\u00e8le de distribution d'\u00e9nergie organis\u00e9e. Chaque panneau vertical est dens\u00e9ment peupl\u00e9 de points de connexion, prot\u00e9g\u00e9s par des fusibles \u00e0 semi-conducteurs SITOR de Siemens \u00e0 haute performance. Il ne s'agit pas de fusibles standard, mais de dispositifs \u00e0 action ultra-rapide sp\u00e9cialement con\u00e7us pour prot\u00e9ger les \u00e9quipements \u00e9lectroniques sensibles, tels que les serveurs et les syst\u00e8mes de contr\u00f4le, contre les effets n\u00e9fastes des courts-circuits. Leur temps de r\u00e9ponse rapide permet d'isoler instantan\u00e9ment les d\u00e9fauts, ce qui \u00e9vite les pannes en cascade et prot\u00e8ge vos actifs les plus pr\u00e9cieux. Les circuits sont clairement identifi\u00e9s et leur c\u00e2blage est cod\u00e9 par couleur (jaune, orange, marron), conform\u00e9ment aux normes internationales, ce qui garantit la clart\u00e9 lors de l'installation et de l'entretien.<\/p>\n<p><strong>Protection essentielle contre les surtensions - CITEL SPD :<\/strong>\u00a0Dans un monde o\u00f9 les r\u00e9seaux \u00e9lectriques sont instables et les conditions m\u00e9t\u00e9orologiques impr\u00e9visibles, les pics de tension transitoires et les surtensions constituent une menace constante. Pour prot\u00e9ger l'ensemble de votre syst\u00e8me, notre appareillage de commutation int\u00e8gre un dispositif de protection contre les surtensions (SPD) haute performance de CITEL. Ce dispositif agit comme un gardien, d\u00e9tectant instantan\u00e9ment et d\u00e9tournant les surtensions nocives de votre \u00e9quipement sensible, fournissant une couche essentielle de d\u00e9fense contre les coups de foudre et les surtensions de commutation.<\/p>\n<p><strong>Gestion intelligente de l'environnement :<\/strong>\u00a0La long\u00e9vit\u00e9 et la fiabilit\u00e9 des composants \u00e9lectriques sont directement li\u00e9es \u00e0 leur environnement de fonctionnement. Pour garantir des conditions optimales \u00e0 l'int\u00e9rieur de l'armoire, un thermostat int\u00e9gr\u00e9 est install\u00e9. Ce dispositif intelligent surveille en permanence la temp\u00e9rature interne et active les ventilateurs de refroidissement (visiblement mont\u00e9s en haut de l'armoire) pour dissiper la chaleur pendant les p\u00e9riodes de forte charge. Cela permet d'\u00e9viter la surchauffe, de pr\u00e9server la dur\u00e9e de vie des composants et de garantir des performances constantes. Tous les c\u00e2bles de commande sont m\u00e9ticuleusement achemin\u00e9s par des borniers \u00e9tiquet\u00e9s, ce qui t\u00e9moigne d'une qualit\u00e9 de construction qui privil\u00e9gie la pr\u00e9cision et la facilit\u00e9 d'entretien.<\/p>\n<h3 id=\"-applications-the-powerhouse-for-modern-industry-\"><strong>Applications : Le moteur de l'industrie moderne<\/strong><\/h3>\n<p>Cet appareillage de distribution d'\u00e9nergie BT est la solution id\u00e9ale pour une multitude d'applications critiques :<\/p>\n<ul>\n<li><strong>Centres de donn\u00e9es et armoires de serveurs :<\/strong>\u00a0En tant qu'\u00e9pine dorsale de l'\u00e9conomie num\u00e9rique, les centres de donn\u00e9es n'exigent rien de moins qu'une alimentation \u00e9lectrique parfaite et ininterrompue. La combinaison d'un ACB haute capacit\u00e9, de fusibles SITOR ultra-rapides et d'une protection int\u00e9gr\u00e9e contre les surtensions fait de ce tableau de distribution le meilleur choix pour garantir la disponibilit\u00e9 et l'int\u00e9grit\u00e9 des serveurs, des baies de stockage et des \u00e9quipements de r\u00e9seau.<\/li>\n<li><strong>Automatisation industrielle et fabrication :<\/strong>\u00a0Dans les environnements industriels, cet appareillage peut alimenter de mani\u00e8re fiable les machines lourdes, les lignes de production automatis\u00e9es, les centres de contr\u00f4le des moteurs et les usines de transformation. Son bo\u00eetier robuste, class\u00e9 IP, prot\u00e8ge de la poussi\u00e8re et de l'humidit\u00e9, garantissant un fonctionnement fiable dans des environnements difficiles.<\/li>\n<li><strong>Infrastructures critiques :<\/strong>\u00a0Les installations telles que les h\u00f4pitaux, les institutions financi\u00e8res et les centres de t\u00e9l\u00e9communications, o\u00f9 les pannes de courant ne sont pas envisageables, peuvent compter sur la fiabilit\u00e9 et les fonctions de protection avanc\u00e9es de ce syst\u00e8me de commutation complet.<\/li>\n<\/ul>\n<h3 id=\"-customization-to-meet-your-exact-needs-\"><strong>Personnalisation pour r\u00e9pondre \u00e0 vos besoins exacts<\/strong><\/h3>\n<p>Nous comprenons que chaque projet a des exigences uniques. C'est pourquoi cet appareillage de distribution d'\u00e9nergie est propos\u00e9 avec un support complet pour la personnalisation OEM et ODM. De la configuration sp\u00e9cifique des circuits sortants aux couleurs et \u00e0 la marque personnalis\u00e9es, notre \u00e9quipe travaillera avec vous pour construire une solution d'appareillage de commutation qui s'aligne parfaitement sur vos sp\u00e9cifications techniques et vos objectifs op\u00e9rationnels. Avec une tension nominale polyvalente de 208V-480V et une capacit\u00e9 de courant allant de 400A \u00e0 6000A, cette plateforme est adaptable \u00e0 presque toutes les applications basse tension dans le monde entier.<\/p>\n<p>Choisissez l'armoire de distribution de puissance BT pour une solution d'\u00e9lite dans la gestion de l'\u00e9nergie \u00e9lectrique - o\u00f9 une conception intelligente, des composants de premi\u00e8re qualit\u00e9 et une construction robuste convergent pour offrir le summum de la s\u00e9curit\u00e9 et de la fiabilit\u00e9.<\/p>","protected":false},"excerpt":{"rendered":"<div class=\"chat-container\">\n<div class=\"chat-view-container ng-star-inserted\">\n<div>\n<div class=\"chat-turn-container model render cdk-focused cdk-mouse-focused\" tabindex=\"-1\">\n<div class=\"model-prompt-container\" data-turn-role=\"Model\">\n<div class=\"turn-content\">\n<p class=\"ng-star-inserted\"><span class=\"ng-star-inserted\">Cet appareillage de distribution d'\u00e9nergie BT de qualit\u00e9 industrielle assure une gestion fiable de l'\u00e9nergie. Con\u00e7u pour les centres de donn\u00e9es et les applications industrielles, il utilise des disjoncteurs et des fusibles de premi\u00e8re qualit\u00e9 dans un bo\u00eetier en acier robuste pour une s\u00e9curit\u00e9 maximale et une distribution \u00e9lectrique efficace \u00e0 courant \u00e9lev\u00e9.<\/span><\/p>\n<div class=\"turn-information ng-star-inserted\"><\/div>\n<\/div>\n<\/div>\n<div class=\"turn-footer ng-star-inserted\"><\/div>\n<\/div>\n<\/div>\n<\/div>\n<\/div>\n<footer class=\"not-zero-state ng-star-inserted\">\n<div class=\"mat-mdc-tooltip-trigger prompt-input-wrapper\">\n<div>\n<div class=\"prompt-input-wrapper-container\">\n<div class=\"text-wrapper\">\n<section class=\"text-and-attachments-wrapper\">\n<div class=\"text-input-wrapper\"><\/div>\n<\/section>\n<\/div>\n<\/div>\n<\/div>\n<\/div>\n<\/footer>","protected":false},"featured_media":1527,"template":"","meta":{"_kad_post_transparent":"default","_kad_post_title":"","_kad_post_layout":"default","_kad_post_sidebar_id":"","_kad_post_content_style":"default","_kad_post_vertical_padding":"default","_kad_post_feature":"","_kad_post_feature_position":"","_kad_post_header":false,"_kad_post_footer":false},"product_brand":[],"product_cat":[83],"product_tag":[176,172,229],"class_list":{"0":"post-1506","1":"product","2":"type-product","3":"status-publish","4":"has-post-thumbnail","6":"product_cat-switchgear","7":"product_tag-data-center","8":"product_tag-power-distribution-unit","9":"product_tag-switchgear","11":"first","12":"instock","13":"shipping-taxable","14":"product-type-simple","15":"entry","16":"content-bg","17":"loop-entry"},"_links":{"self":[{"href":"https:\/\/24smartcharge.com\/fr\/wp-json\/wp\/v2\/product\/1506","targetHints":{"allow":["GET"]}}],"collection":[{"href":"https:\/\/24smartcharge.com\/fr\/wp-json\/wp\/v2\/product"}],"about":[{"href":"https:\/\/24smartcharge.com\/fr\/wp-json\/wp\/v2\/types\/product"}],"wp:featuredmedia":[{"embeddable":true,"href":"https:\/\/24smartcharge.com\/fr\/wp-json\/wp\/v2\/media\/1527"}],"wp:attachment":[{"href":"https:\/\/24smartcharge.com\/fr\/wp-json\/wp\/v2\/media?parent=1506"}],"wp:term":[{"taxonomy":"product_brand","embeddable":true,"href":"https:\/\/24smartcharge.com\/fr\/wp-json\/wp\/v2\/product_brand?post=1506"},{"taxonomy":"product_cat","embeddable":true,"href":"https:\/\/24smartcharge.com\/fr\/wp-json\/wp\/v2\/product_cat?post=1506"},{"taxonomy":"product_tag","embeddable":true,"href":"https:\/\/24smartcharge.com\/fr\/wp-json\/wp\/v2\/product_tag?post=1506"}],"curies":[{"name":"wp","href":"https:\/\/api.w.org\/{rel}","templated":true}]}}