{"id":1497,"date":"2025-08-07T07:30:12","date_gmt":"2025-08-07T07:30:12","guid":{"rendered":"https:\/\/24smartcharge.com\/?post_type=product&#038;p=1497"},"modified":"2025-08-07T07:30:12","modified_gmt":"2025-08-07T07:30:12","slug":"oit-3-outlet-rackmount-basic-power-distribution-unit-30a","status":"publish","type":"product","link":"https:\/\/24smartcharge.com\/fr\/oit-3-outlet-rackmount-basic-power-distribution-unit-30a\/","title":{"rendered":"OIT Unit\u00e9 de distribution d'alimentation de base \u00e0 3 prises pour montage en rack, 30A"},"content":{"rendered":"<h3 id=\"oit-3-outlet-rackmount-basic-power-distribution-unit-30a\">OIT Unit\u00e9 de distribution d'alimentation de base \u00e0 3 prises pour montage en rack, 30A<\/h3>\n<p>Dans tout environnement professionnel o\u00f9 une alimentation fiable n'est pas seulement une commodit\u00e9 mais une n\u00e9cessit\u00e9 critique - comme dans les centres de donn\u00e9es, les salles de serveurs et les environnements industriels - la gestion et la distribution efficaces de l'\u00e9lectricit\u00e9 sont primordiales. L'unit\u00e9 de distribution d'alimentation de base \u00e0 3 prises pour montage en rack d'OIT, 30A, est con\u00e7ue pour r\u00e9pondre \u00e0 ces exigences, en offrant une solution robuste, s\u00fbre et intelligente pour l'alimentation des \u00e9quipements critiques. Cette unit\u00e9 est plus qu'une simple multiprise, c'est un composant fondamental d'une infrastructure \u00e9lectrique bien organis\u00e9e et prot\u00e9g\u00e9e, con\u00e7ue pour les professionnels qui ne peuvent pas se permettre de temps d'arr\u00eat.<\/p>\n<h4 id=\"-high-capacity-and-reliable-power-distribution-\"><strong>Distribution d'\u00e9nergie fiable et de grande capacit\u00e9<\/strong><\/h4>\n<p>Le c\u0153ur de cette unit\u00e9 de distribution d'alimentation de base est sa capacit\u00e9 de gestion de la puissance substantielle. Avec un courant nominal de 30A et une tension nominale de 250V, cette PDU est con\u00e7ue pour alimenter simultan\u00e9ment plusieurs appareils \u00e0 forte consommation sans faiblir. Cette capacit\u00e9 \u00e9lev\u00e9e en fait un choix id\u00e9al pour les environnements de racks denses remplis de serveurs, de commutateurs r\u00e9seau, de baies de stockage et d'autres \u00e9quipements informatiques vitaux.<\/p>\n<p>L'appareil se connecte \u00e0 la source d'alimentation par l'interm\u00e9diaire d'un cordon d'alimentation robuste se terminant par une fiche IEC 60309 bleue de qualit\u00e9 industrielle. Ce type de connecteur \"\u00e0 broche et \u00e0 douille\" est mondialement reconnu pour sa s\u00e9curit\u00e9 et sa fiabilit\u00e9 dans les applications \u00e0 courant \u00e9lev\u00e9. Contrairement aux fiches domestiques standard, le connecteur IEC 60309 offre une connexion plus s\u00fbre et verrouill\u00e9e, emp\u00eachant les d\u00e9connexions accidentelles qui pourraient entra\u00eener des arr\u00eats catastrophiques de l'\u00e9quipement. Le code couleur bleu indique sp\u00e9cifiquement sa tension et sa fr\u00e9quence nominales, une caract\u00e9ristique de s\u00e9curit\u00e9 essentielle dans les environnements industriels complexes.<\/p>\n<p>L'alimentation \u00e9lectrique de votre \u00e9quipement est assur\u00e9e par trois prises IEC C13. La norme IEC C13 est la norme universelle pour la grande majorit\u00e9 des \u00e9quipements informatiques, ce qui garantit une compatibilit\u00e9 parfaite d\u00e8s la sortie de la bo\u00eete. Cela permet des connexions directes et s\u00e9curis\u00e9es aux serveurs, routeurs et autres p\u00e9riph\u00e9riques r\u00e9seau, \u00e9liminant ainsi le besoin d'adaptateurs encombrants et garantissant une configuration de rack propre et organis\u00e9e.<\/p>\n<h4 id=\"-intelligent-monitoring-and-enhanced-safety-\"><strong>Surveillance intelligente et s\u00e9curit\u00e9 accrue<\/strong><\/h4>\n<p>L'unit\u00e9 PDU pour rack d'OIT se distingue par ses fonctions intelligentes int\u00e9gr\u00e9es qui assurent une surveillance et une protection cruciales. L'unit\u00e9 est \u00e9quip\u00e9e d'un \u00e9cran num\u00e9rique clair et lumineux qui mesure en temps r\u00e9el les param\u00e8tres \u00e9lectriques essentiels. L'\u00e9cran affiche clairement la tension (V) et le courant (A) consomm\u00e9s par l'\u00e9quipement connect\u00e9. Cette surveillance d'un coup d'\u0153il est indispensable pour les gestionnaires de centres de donn\u00e9es et les professionnels de l'informatique. En suivant la consommation \u00e9lectrique, les administrateurs peuvent \u00e9quilibrer efficacement les charges pour \u00e9viter les surcharges des circuits, planifier les besoins futurs en capacit\u00e9 et diagnostiquer les probl\u00e8mes d'alimentation potentiels avant qu'ils ne s'aggravent.<\/p>\n<p>La s\u00e9curit\u00e9 est encore renforc\u00e9e par un disjoncteur int\u00e9gr\u00e9. Ce composant vital prot\u00e8ge en permanence votre \u00e9quipement co\u00fbteux contre les surintensit\u00e9s et les courts-circuits potentiellement dommageables. En cas de d\u00e9faut \u00e9lectrique, le disjoncteur se d\u00e9clenche automatiquement, coupant le courant et prot\u00e9geant votre mat\u00e9riel de dommages irr\u00e9versibles. Le disjoncteur est situ\u00e9 derri\u00e8re un couvercle transparent, qui emp\u00eache tout d\u00e9clenchement accidentel ou toute manipulation, tout en permettant un acc\u00e8s facile lorsqu'une r\u00e9initialisation est n\u00e9cessaire.<\/p>\n<h4 id=\"-designed-for-professional-environments-\"><strong>Con\u00e7u pour les environnements professionnels<\/strong><\/h4>\n<p>La conception physique de cette unit\u00e9 de distribution d'alimentation de base est con\u00e7ue pour une int\u00e9gration transparente dans les syst\u00e8mes de racks professionnels. Les sp\u00e9cifications confirment son adh\u00e9sion au format standard de rack 19 pouces avec une hauteur de 1U (483 mm x 44,5 mm x 44,5 mm). Ce format standardis\u00e9 lui permet d'\u00eatre mont\u00e9 horizontalement dans n'importe quel rack ou armoire de serveur aux normes EIA, occupant un minimum d'espace tout en offrant une utilit\u00e9 maximale.<\/p>\n<p>Construite avec un ch\u00e2ssis m\u00e9tallique durable, cette unit\u00e9 PDU est con\u00e7ue pour r\u00e9sister aux rigueurs des environnements industriels et des centres de donn\u00e9es. Le bo\u00eetier robuste assure non seulement une durabilit\u00e9 \u00e0 long terme, mais contribue \u00e9galement \u00e0 la dissipation de la chaleur, ce qui contribue \u00e0 la stabilit\u00e9 et \u00e0 la long\u00e9vit\u00e9 globales de l'unit\u00e9. Sa plage de temp\u00e9rature de fonctionnement sp\u00e9cifi\u00e9e de 0\u00b0C \u00e0 50\u00b0C confirme sa fiabilit\u00e9 dans les conditions contr\u00f4l\u00e9es, mais intensives en chaleur, d'une salle de serveurs typique.<\/p>\n<h4 id=\"-versatile-applications-\"><strong>Applications polyvalentes<\/strong><\/h4>\n<p>Bien que parfaitement adapt\u00e9e aux centres de donn\u00e9es, la nature robuste et la puissance nominale \u00e9lev\u00e9e de cette PDU en font une solution polyvalente pour une large gamme d'applications, notamment :<\/p>\n<ul>\n<li><strong>Transmission de puissance industrielle :<\/strong>\u00a0Alimenter en toute s\u00e9curit\u00e9 les machines, les panneaux de contr\u00f4le et les \u00e9quipements d'essai dans l'atelier.<\/li>\n<li><strong>T\u00e9l\u00e9communications :<\/strong>\u00a0Fournir une alimentation fiable et centralis\u00e9e aux commutateurs de r\u00e9seau et aux dispositifs de communication dans les armoires de t\u00e9l\u00e9communication.<\/li>\n<li><strong>Production audio\/vid\u00e9o :<\/strong>\u00a0Organiser la distribution de l'\u00e9nergie dans les baies AV pour les amplificateurs, les tables de mixage et d'autres \u00e9quipements de sonorisation ou d'enregistrement.<\/li>\n<li><strong>Environnements de laboratoire et de recherche :<\/strong>\u00a0Alimentez en toute confiance les instruments de test et de mesure \u00e9lectroniques sensibles.<\/li>\n<\/ul>\n<h4 id=\"-certified-for-safety-and-compliance-\"><strong>Certifi\u00e9 pour la s\u00e9curit\u00e9 et la conformit\u00e9<\/strong><\/h4>\n<p>Cette unit\u00e9 de distribution d'\u00e9nergie OIT est accompagn\u00e9e d'une s\u00e9rie de certifications qui soulignent sa qualit\u00e9 et sa s\u00e9curit\u00e9.<\/p>\n<ul>\n<li><strong>Marque ETL Listed :<\/strong>\u00a0Cela indique que le produit a \u00e9t\u00e9 test\u00e9 par Intertek et qu'il est conforme aux normes de s\u00e9curit\u00e9 nord-am\u00e9ricaines.<\/li>\n<li><strong>CCC (China Compulsory Certification) :<\/strong>\u00a0Cette marque atteste de la conformit\u00e9 aux normes de s\u00e9curit\u00e9 chinoises, prot\u00e9geant ainsi la s\u00e9curit\u00e9 des consommateurs et la s\u00e9curit\u00e9 nationale.<\/li>\n<li><strong>RoHS (Restriction of Hazardous Substances) :<\/strong>\u00a0Cette directive europ\u00e9enne certifie que la PDU est exempte de mat\u00e9riaux dangereux sp\u00e9cifiques, ce qui la rend plus respectueuse de l'environnement et plus s\u00fbre \u00e0 manipuler.<\/li>\n<\/ul>\n<p>Ces certifications, associ\u00e9es \u00e0 une garantie d'un an, vous donnent l'assurance d'investir dans un produit non seulement efficace, mais aussi s\u00fbr, fiable et conforme aux normes internationales.<\/p>","protected":false},"excerpt":{"rendered":"<div class=\"chat-container\">\n<div class=\"chat-view-container ng-star-inserted\">\n<div>\n<div class=\"chat-turn-container model render cdk-focused cdk-mouse-focused\" tabindex=\"-1\">\n<div class=\"model-prompt-container\" data-turn-role=\"Model\">\n<div class=\"turn-content\">\n<p class=\"ng-star-inserted\"><span class=\"ng-star-inserted\">Cette unit\u00e9 de distribution d'\u00e9nergie de base \u00e0 montage en rack \u00e0 3 prises d'OIT est id\u00e9ale pour la transmission de l'\u00e9nergie dans l'industrie. Con\u00e7ue pour 30 A et 250 V, elle dispose d'un \u00e9cran num\u00e9rique pour surveiller la tension et le courant, ainsi que d'un disjoncteur pour la s\u00e9curit\u00e9. Il s'agit d'une solution fiable pour la gestion de l'alimentation dans un rack de serveurs.<\/span><\/p>\n<div class=\"turn-information ng-star-inserted\"><\/div>\n<\/div>\n<\/div>\n<div class=\"turn-footer ng-star-inserted\"><\/div>\n<\/div>\n<\/div>\n<\/div>\n<\/div>\n<footer class=\"not-zero-state ng-star-inserted\">\n<div class=\"mat-mdc-tooltip-trigger prompt-input-wrapper\">\n<div>\n<div class=\"prompt-input-wrapper-container\">\n<div class=\"text-wrapper\">\n<section class=\"text-and-attachments-wrapper\">\n<div class=\"text-input-wrapper\"><\/div>\n<\/section>\n<\/div>\n<\/div>\n<\/div>\n<\/div>\n<\/footer>","protected":false},"featured_media":1498,"template":"","meta":{"_kad_post_transparent":"default","_kad_post_title":"","_kad_post_layout":"default","_kad_post_sidebar_id":"","_kad_post_content_style":"default","_kad_post_vertical_padding":"default","_kad_post_feature":"","_kad_post_feature_position":"","_kad_post_header":false,"_kad_post_footer":false},"product_brand":[],"product_cat":[82],"product_tag":[223,224,217],"class_list":{"0":"post-1497","1":"product","2":"type-product","3":"status-publish","4":"has-post-thumbnail","6":"product_cat-basic-power-distribution-units","7":"product_tag-3-socket-pdu","8":"product_tag-30a-rack-power-strip","9":"product_tag-basic-power-distribution-unit","11":"first","12":"instock","13":"shipping-taxable","14":"product-type-simple","15":"entry","16":"content-bg","17":"loop-entry"},"_links":{"self":[{"href":"https:\/\/24smartcharge.com\/fr\/wp-json\/wp\/v2\/product\/1497","targetHints":{"allow":["GET"]}}],"collection":[{"href":"https:\/\/24smartcharge.com\/fr\/wp-json\/wp\/v2\/product"}],"about":[{"href":"https:\/\/24smartcharge.com\/fr\/wp-json\/wp\/v2\/types\/product"}],"wp:featuredmedia":[{"embeddable":true,"href":"https:\/\/24smartcharge.com\/fr\/wp-json\/wp\/v2\/media\/1498"}],"wp:attachment":[{"href":"https:\/\/24smartcharge.com\/fr\/wp-json\/wp\/v2\/media?parent=1497"}],"wp:term":[{"taxonomy":"product_brand","embeddable":true,"href":"https:\/\/24smartcharge.com\/fr\/wp-json\/wp\/v2\/product_brand?post=1497"},{"taxonomy":"product_cat","embeddable":true,"href":"https:\/\/24smartcharge.com\/fr\/wp-json\/wp\/v2\/product_cat?post=1497"},{"taxonomy":"product_tag","embeddable":true,"href":"https:\/\/24smartcharge.com\/fr\/wp-json\/wp\/v2\/product_tag?post=1497"}],"curies":[{"name":"wp","href":"https:\/\/api.w.org\/{rel}","templated":true}]}}