{"id":1487,"date":"2025-08-07T07:23:48","date_gmt":"2025-08-07T07:23:48","guid":{"rendered":"https:\/\/24smartcharge.com\/?post_type=product&#038;p=1487"},"modified":"2025-08-07T07:23:48","modified_gmt":"2025-08-07T07:23:48","slug":"50a-6-outlet-c19-basic-power-distribution-unit","status":"publish","type":"product","link":"https:\/\/24smartcharge.com\/fr\/50a-6-outlet-c19-basic-power-distribution-unit\/","title":{"rendered":"Unit\u00e9 de distribution d'alimentation de base C19 50A \u00e0 6 prises"},"content":{"rendered":"<h3 id=\"-reliable-high-current-power-for-critical-environments-the-50a-6-outlet-c19-basic-power-distribution-unit-\"><strong>Une alimentation fiable \u00e0 courant \u00e9lev\u00e9 pour les environnements critiques : L'unit\u00e9 de distribution d'alimentation de base C19 50A \u00e0 6 prises<\/strong><\/h3>\n<p>Dans le monde de l'informatique \u00e0 haute densit\u00e9, de l'automatisation industrielle et de l'infrastructure informatique critique, le besoin d'une distribution d'\u00e9nergie fiable et robuste est primordial. Chaque connexion, chaque composant et chaque watt de puissance contribue au fonctionnement sans faille des syst\u00e8mes vitaux. C'est dans ce contexte que les\u00a0<strong>Unit\u00e9 de distribution d'alimentation de base C19 50A \u00e0 6 prises<\/strong>\u00a0excelle, offrant une solution simple, puissante et exceptionnellement fiable pour g\u00e9rer l'alimentation \u00e0 courant \u00e9lev\u00e9 dans les baies de serveurs, les armoires de donn\u00e9es et les coffrets industriels. Con\u00e7ue pour les environnements exigeant des performances sans compromis, cette PDU offre une capacit\u00e9 d'alimentation substantielle avec la simplicit\u00e9 et la fiabilit\u00e9 requises par les applications critiques.<\/p>\n<h3 id=\"-the-power-of-simplicity-what-is-a-basic-power-distribution-unit-\"><strong>Le pouvoir de la simplicit\u00e9 : Qu'est-ce qu'une unit\u00e9 de distribution d'\u00e9nergie de base ?<\/strong><\/h3>\n<p>Dans un march\u00e9 rempli de solutions d'alimentation complexes et lourdes de fonctionnalit\u00e9s, la\u00a0<strong>Unit\u00e9 de distribution d'\u00e9nergie de base<\/strong>\u00a0se distingue par son \u00e9l\u00e9gante simplicit\u00e9 et sa concentration in\u00e9branlable sur sa mission principale : fournir de mani\u00e8re fiable une alimentation \u00e9lectrique \u00e0 partir d'une source unique \u00e0 plusieurs appareils. Contrairement aux PDU \u00e0 compteur ou \u00e0 commutation qui ajoutent des couches de gestion de r\u00e9seau et de contr\u00f4le \u00e0 distance, une PDU de base fournit un chemin d'alimentation direct et non g\u00e9r\u00e9. Cette philosophie de conception pr\u00e9sente un avantage significatif : une fiabilit\u00e9 in\u00e9gal\u00e9e. En \u00e9liminant les composants \u00e9lectroniques internes complexes et les interfaces r\u00e9seau, le nombre de points de d\u00e9faillance potentiels est consid\u00e9rablement r\u00e9duit, ce qui garantit une alimentation continue et stable \u00e0 l'\u00e9quipement connect\u00e9. Pour les applications o\u00f9 le temps de fonctionnement n'est pas n\u00e9gociable, cette approche \"basique\" n'est pas une limitation ; c'est une caract\u00e9ristique qui garantit la performance et la tranquillit\u00e9 d'esprit.<\/p>\n<h3 id=\"-engineered-for-high-demand-applications-\"><strong>Con\u00e7u pour les applications \u00e0 forte demande<\/strong><\/h3>\n<p>Cette unit\u00e9 PDU est con\u00e7ue pour g\u00e9rer facilement les \u00e9quipements les plus gourmands en \u00e9nergie. Ses sp\u00e9cifications \u00e9lectriques cl\u00e9s t\u00e9moignent de ses capacit\u00e9s robustes :<\/p>\n<ul>\n<li><strong>Amp\u00e9rage \u00e9lev\u00e9 :<\/strong>\u00a0Avec un\u00a0<strong>courant nominal de 50A<\/strong>Gr\u00e2ce \u00e0 sa conception, cet appareil est con\u00e7u pour des applications \u00e0 forte charge, d\u00e9passant de loin la capacit\u00e9 des barrettes d'alimentation standard de bureau ou grand public.<\/li>\n<li><strong>Capacit\u00e9 de tension \u00e9lev\u00e9e :<\/strong>\u00a0Op\u00e9rer \u00e0 un\u00a0<strong>tension nominale de 240V<\/strong>Il est donc parfaitement adapt\u00e9 \u00e0 l'alimentation des serveurs d'entreprise, des grands commutateurs de r\u00e9seau et des baies de stockage qui n\u00e9cessitent une tension plus \u00e9lev\u00e9e pour une efficacit\u00e9 et une densit\u00e9 de puissance accrues.<\/li>\n<li><strong>Capacit\u00e9 d'alimentation importante :<\/strong>\u00a0La combinaison de 50A et 240V fournit une capacit\u00e9 de puissance totale de\u00a0<strong>12 000VA (12kVA)<\/strong>. Cela permet \u00e0 une seule PDU de prendre en charge plusieurs appareils haute performance, ce qui simplifie la gestion de l'alimentation des racks et r\u00e9duit le nombre de circuits n\u00e9cessaires.<\/li>\n<\/ul>\n<p>L'unit\u00e9 pr\u00e9sente les caract\u00e9ristiques suivantes\u00a0<strong>six sorties C19<\/strong>Le connecteur IEC 60320 C19 est le standard de l'industrie pour la connexion de serveurs et d'\u00e9quipements de r\u00e9seau de haute puissance. Le connecteur IEC 60320 C19 est sp\u00e9cialement con\u00e7u pour des courants plus \u00e9lev\u00e9s que le connecteur C13 plus courant, ce qui garantit une connexion s\u00fbre et s\u00e9curis\u00e9e pour les \u00e9quipements qui consomment beaucoup d'\u00e9nergie.<\/p>\n<h3 id=\"-robust-physical-construction-for-demanding-environments-\"><strong>Construction physique robuste pour les environnements exigeants<\/strong><\/h3>\n<p>Les unit\u00e9s de distribution d'\u00e9nergie dans les centres de donn\u00e9es et les environnements industriels doivent \u00eatre capables de r\u00e9sister aux rigueurs de ces environnements. Cette\u00a0<strong>Unit\u00e9 de distribution d'\u00e9nergie de base<\/strong>\u00a0est construit en m\u00e9tal durable de haute qualit\u00e9, offrant un ch\u00e2ssis robuste qui prot\u00e8ge les composants internes des chocs physiques et garantit une durabilit\u00e9 \u00e0 long terme. La finition noire \u00e9l\u00e9gante n'est pas seulement esth\u00e9tique, elle est aussi standard pour une int\u00e9gration transparente avec d'autres \u00e9quipements mont\u00e9s en rack.<\/p>\n<p>Con\u00e7ue pour une flexibilit\u00e9 d'installation maximale, l'unit\u00e9 est dot\u00e9e de supports de montage int\u00e9gr\u00e9s, ce qui facilite son installation dans les racks et les armoires de serveurs standard de 19 pouces. Son facteur de forme permet un montage vertical (0U), ce qui \u00e9conomise de l'espace pr\u00e9cieux pour les serveurs et les commutateurs, ou un montage horizontal (1U\/2U), en fonction de la configuration sp\u00e9cifique du rack et des pr\u00e9f\u00e9rences de l'utilisateur. Le ch\u00e2ssis int\u00e8gre \u00e9galement des perforations de ventilation pour faciliter la circulation passive de l'air, ce qui permet de dissiper la chaleur et de maintenir une temp\u00e9rature interne optimale, contribuant ainsi \u00e0 la long\u00e9vit\u00e9 de l'unit\u00e9 et \u00e0 la fiabilit\u00e9 de ses performances dans sa plage de fonctionnement sp\u00e9cifi\u00e9e.\u00a0<strong>0\u00b0C \u00e0 50\u00b0C<\/strong>.<\/p>\n<h3 id=\"-versatility-across-multiple-industries-\"><strong>Polyvalence dans plusieurs secteurs d'activit\u00e9<\/strong><\/h3>\n<p>Bien que cette PDU soit naturellement adapt\u00e9e aux centres de donn\u00e9es, sa conception robuste et sa capacit\u00e9 de puissance \u00e9lev\u00e9e en font une solution id\u00e9ale pour une large gamme d'applications :<\/p>\n<ul>\n<li><strong>Centres de donn\u00e9es et armoires \u00e0 serveurs :<\/strong>\u00a0Sa principale application est la distribution de l'\u00e9nergie aux baies de serveurs, aux baies de stockage et aux commutateurs de r\u00e9seau, ce qui permet des d\u00e9ploiements \u00e0 haute densit\u00e9.<\/li>\n<li><strong>Automatisation industrielle :<\/strong>\u00a0Dans les usines et les environnements industriels, il peut \u00eatre utilis\u00e9 pour alimenter les panneaux de contr\u00f4le, les \u00e9quipements de fabrication et les syst\u00e8mes de traitement qui n\u00e9cessitent une alimentation fiable de 240V.<\/li>\n<li><strong>T\u00e9l\u00e9communications :<\/strong>\u00a0Il convient \u00e0 l'alimentation des \u00e9quipements dans les armoires de r\u00e9seau et les centres de communication.<\/li>\n<li><strong>Laboratoires d'essai et de d\u00e9veloppement :<\/strong>\u00a0Fournit une source d'alimentation fiable pour les bancs d'essai et les \u00e9quipements de recherche qui ont des exigences \u00e9lev\u00e9es en mati\u00e8re de puissance.<\/li>\n<\/ul>\n<h3 id=\"-global-safety-and-compliance-\"><strong>S\u00e9curit\u00e9 et conformit\u00e9 au niveau mondial<\/strong><\/h3>\n<p>Pour garantir son aptitude \u00e0 \u00eatre d\u00e9ploy\u00e9e sur les march\u00e9s mondiaux, cette unit\u00e9 PDU b\u00e9n\u00e9ficie d'une s\u00e9rie compl\u00e8te de certifications en mati\u00e8re de s\u00e9curit\u00e9 et d'environnement :<\/p>\n<ul>\n<li><strong>CE :<\/strong>\u00a0R\u00e9pond aux normes de sant\u00e9, de s\u00e9curit\u00e9 et de protection de l'environnement pour les produits vendus dans l'Espace \u00e9conomique europ\u00e9en.<\/li>\n<li><strong>RoHS :<\/strong>\u00a0Conforme \u00e0 la directive sur la limitation des substances dangereuses, garantissant l'absence de mat\u00e9riaux nocifs tels que le plomb et le mercure.<\/li>\n<li><strong>ASA :<\/strong>\u00a0Certifi\u00e9 conforme aux normes de s\u00e9curit\u00e9 requises pour le march\u00e9 australien.<\/li>\n<li><strong>ETL :<\/strong>\u00a0Reconnu par Intertek comme r\u00e9pondant aux normes de s\u00e9curit\u00e9 nord-am\u00e9ricaines, ce qui \u00e9quivaut \u00e0 la marque UL.<\/li>\n<\/ul>\n<p>Cet \u00e9ventail de certifications, combin\u00e9 \u00e0 une\u00a0<strong>Garantie de 1 an<\/strong>Le syst\u00e8me de gestion de l'information de l'Union europ\u00e9enne (UE), d\u00e9montre un engagement en faveur de la qualit\u00e9, de la s\u00e9curit\u00e9 et de la fiabilit\u00e9, permettant un d\u00e9ploiement en toute confiance dans n'importe quel environnement professionnel.<\/p>\n<h3 id=\"-customization-for-your-unique-needs-\"><strong>Personnalisation pour vos besoins uniques<\/strong><\/h3>\n<p>Sachant que chaque projet a des exigences uniques, cette\u00a0<strong>Unit\u00e9 de distribution d'\u00e9nergie de base<\/strong>\u00a0est disponible avec\u00a0<strong>OEM (Original Equipment Manufacturer) et ODM (Original Design Manufacturer)<\/strong>\u00a0des options. Cela permet aux clients de demander des personnalisations en termes de taille, de couleur et de marque pour s'adapter parfaitement \u00e0 leur infrastructure ou \u00e0 leur identit\u00e9 de marque. Cette flexibilit\u00e9 en fait un excellent choix pour les int\u00e9grateurs de syst\u00e8mes, les revendeurs \u00e0 valeur ajout\u00e9e et les d\u00e9ploiements d'entreprises \u00e0 grande \u00e9chelle qui n\u00e9cessitent une solution d'alimentation sur mesure.<\/p>","protected":false},"excerpt":{"rendered":"<div class=\"chat-container\">\n<div class=\"chat-view-container ng-star-inserted\">\n<div>\n<div class=\"chat-turn-container model render cdk-focused cdk-mouse-focused\" tabindex=\"-1\">\n<div class=\"model-prompt-container\" data-turn-role=\"Model\">\n<div class=\"turn-content\">\n<p class=\"ng-star-inserted\"><span class=\"ng-star-inserted\">Cette unit\u00e9 de distribution d'alimentation de base montable en rack fournit une alimentation fiable aux centres de donn\u00e9es et aux armoires de serveurs. Elle comporte 6 prises C19, un courant nominal de 50A et une tension nominale de 240V. Id\u00e9ale pour les applications industrielles et de transmission d'\u00e9nergie \u00e9lectrique, elle fonctionne de 0\u00b0C \u00e0 50\u00b0C.<\/span><\/p>\n<\/div>\n<\/div>\n<\/div>\n<\/div>\n<\/div>\n<\/div>","protected":false},"featured_media":1492,"template":"","meta":{"_kad_post_transparent":"default","_kad_post_title":"","_kad_post_layout":"default","_kad_post_sidebar_id":"","_kad_post_content_style":"default","_kad_post_vertical_padding":"default","_kad_post_feature":"","_kad_post_feature_position":"","_kad_post_header":false,"_kad_post_footer":false},"product_brand":[],"product_cat":[82],"product_tag":[217,184,173],"class_list":{"0":"post-1487","1":"product","2":"type-product","3":"status-publish","4":"has-post-thumbnail","6":"product_cat-basic-power-distribution-units","7":"product_tag-basic-power-distribution-unit","8":"product_tag-data-center-pdu","9":"product_tag-rackmount-pdu","11":"first","12":"instock","13":"shipping-taxable","14":"product-type-simple","15":"entry","16":"content-bg","17":"loop-entry"},"_links":{"self":[{"href":"https:\/\/24smartcharge.com\/fr\/wp-json\/wp\/v2\/product\/1487","targetHints":{"allow":["GET"]}}],"collection":[{"href":"https:\/\/24smartcharge.com\/fr\/wp-json\/wp\/v2\/product"}],"about":[{"href":"https:\/\/24smartcharge.com\/fr\/wp-json\/wp\/v2\/types\/product"}],"wp:featuredmedia":[{"embeddable":true,"href":"https:\/\/24smartcharge.com\/fr\/wp-json\/wp\/v2\/media\/1492"}],"wp:attachment":[{"href":"https:\/\/24smartcharge.com\/fr\/wp-json\/wp\/v2\/media?parent=1487"}],"wp:term":[{"taxonomy":"product_brand","embeddable":true,"href":"https:\/\/24smartcharge.com\/fr\/wp-json\/wp\/v2\/product_brand?post=1487"},{"taxonomy":"product_cat","embeddable":true,"href":"https:\/\/24smartcharge.com\/fr\/wp-json\/wp\/v2\/product_cat?post=1487"},{"taxonomy":"product_tag","embeddable":true,"href":"https:\/\/24smartcharge.com\/fr\/wp-json\/wp\/v2\/product_tag?post=1487"}],"curies":[{"name":"wp","href":"https:\/\/api.w.org\/{rel}","templated":true}]}}