{"id":1486,"date":"2025-08-07T07:18:08","date_gmt":"2025-08-07T07:18:08","guid":{"rendered":"https:\/\/24smartcharge.com\/?post_type=product&#038;p=1486"},"modified":"2025-08-07T07:18:08","modified_gmt":"2025-08-07T07:18:08","slug":"50a-8-outlet-c13-basic-power-distribution-unit","status":"publish","type":"product","link":"https:\/\/24smartcharge.com\/fr\/50a-8-outlet-c13-basic-power-distribution-unit\/","title":{"rendered":"Unit\u00e9 de distribution d'alimentation de base C13 50A \u00e0 8 prises"},"content":{"rendered":"<h1 id=\"-harnessing-high-capacity-power-an-in-depth-look-at-the-50a-8-outlet-c13-basic-power-distribution-unit-\"><strong>Exploiter la puissance \u00e0 haute capacit\u00e9 : Un examen approfondi de l'unit\u00e9 de distribution d'alimentation de base C13 50A \u00e0 8 prises<\/strong><\/h1>\n<p>Dans le monde de l'informatique \u00e0 haute densit\u00e9 et des op\u00e9rations industrielles, une distribution d'\u00e9nergie fiable et efficace n'est pas seulement une commodit\u00e9 - c'est le fondement sur lequel tous les syst\u00e8mes critiques sont construits. La d\u00e9faillance d'un seul composant d'alimentation peut entra\u00eener des temps d'arr\u00eat catastrophiques, des pertes de donn\u00e9es et un impact financier important. C'est pourquoi le choix du mat\u00e9riel de distribution d'\u00e9nergie est l'une des d\u00e9cisions les plus cruciales pour tout professionnel de l'informatique ou gestionnaire d'installations. Les\u00a0<strong>Unit\u00e9 de distribution d'alimentation de base C13 50A \u00e0 8 prises<\/strong>\u00a0est con\u00e7ue pr\u00e9cis\u00e9ment pour ces environnements exigeants, offrant une solution robuste, s\u00fbre et hautement fiable pour distribuer l'alimentation \u00e0 haute intensit\u00e9 \u00e0 plusieurs appareils. Con\u00e7ue comme un composant fondamental pour les centres de donn\u00e9es, les salles de serveurs, les armoires r\u00e9seau et les postes de travail industriels, cette unit\u00e9 PDU t\u00e9moigne d'une ing\u00e9nierie, d'une s\u00e9curit\u00e9 et d'une fiabilit\u00e9 sup\u00e9rieures.<\/p>\n<h3 id=\"-unmatched-power-delivery-for-mission-critical-equipment-\"><strong>Une alimentation in\u00e9gal\u00e9e pour les \u00e9quipements critiques<\/strong><\/h3>\n<p>Au c\u0153ur de cette\u00a0<strong>Unit\u00e9 de distribution d'\u00e9nergie de base<\/strong>\u00a0est sa formidable capacit\u00e9 de traitement de la puissance. Avec un\u00a0<strong>courant nominal de 50A<\/strong>\u00a0et un\u00a0<strong>tension nominale de 240V<\/strong>Il est con\u00e7u pour prendre en charge les racks de serveurs et les armoires d'\u00e9quipement remplis d'appareils \u00e0 forte consommation. Ce niveau de puissance est essentiel pour faire fonctionner simultan\u00e9ment plusieurs serveurs, baies de stockage, commutateurs r\u00e9seau et autres \u00e9quipements informatiques gourmands en \u00e9nergie, sans risquer de surcharger l'unit\u00e9.<\/p>\n<p>Cette puissance impressionnante est d\u00e9livr\u00e9e par un c\u00e2ble d'entr\u00e9e int\u00e9gr\u00e9 de haute qualit\u00e9 et un ensemble de prises. L'appareil est dot\u00e9 d'un\u00a0<strong>Fiche L6-50P<\/strong>La fiche d'alimentation est une norme pour les applications \u00e0 haute puissance, assurant une connexion s\u00fbre et stable \u00e0 la source d'alimentation. La construction moul\u00e9e sous pression de la prise garantit sa durabilit\u00e9 et sa long\u00e9vit\u00e9, m\u00eame en cas d'utilisation r\u00e9p\u00e9t\u00e9e. Le cordon d'alimentation est \u00e9pais,\u00a0<strong>C\u00e2ble en cuivre 3G*8AWG<\/strong>La longueur du c\u00e2ble est d'environ 6 pieds. L'utilisation d'un c\u00e2blage en cuivre de calibre 8 est essentielle pour un circuit de 50 A, car il minimise la chute de tension sur la distance et r\u00e9duit l'accumulation de chaleur, garantissant que les appareils connect\u00e9s re\u00e7oivent une alimentation stable et propre pour des performances optimales et une longue dur\u00e9e de vie.<\/p>\n<h3 id=\"-versatile-connectivity-and-intelligent-design-\"><strong>Connectivit\u00e9 polyvalente et conception intelligente<\/strong><\/h3>\n<p>Le c\u00f4t\u00e9 sortie de cette PDU pr\u00e9sente les caract\u00e9ristiques suivantes\u00a0<strong>huit prises IEC C13 conformes aux normes industrielles<\/strong>. La prise C13 est la norme universelle pour une vaste gamme d'\u00e9quipements informatiques, y compris les serveurs, les PC, les moniteurs et les \u00e9quipements de r\u00e9seau. Cette compatibilit\u00e9 g\u00e9n\u00e9ralis\u00e9e garantit que vous pouvez connecter un large \u00e9ventail d'appareils directement \u00e0 l'unit\u00e9 PDU sans avoir besoin d'adaptateurs, ce qui simplifie la construction et la maintenance des racks. La disposition des huit prises est optimis\u00e9e pour une gestion propre des c\u00e2bles dans les limites \u00e9troites d'un rack de serveur.<\/p>\n<p>La conception physique de l'unit\u00e9 PDU est con\u00e7ue pour une int\u00e9gration transparente dans les environnements professionnels. Avec des dimensions d'environ\u00a0<strong>293mm x 52mm x 28mm<\/strong>Son profil \u00e9l\u00e9gant et \u00e9troit permet des options de montage vari\u00e9es. Il est \u00e9quip\u00e9 de supports de montage robustes \u00e0 chaque extr\u00e9mit\u00e9, ce qui le rend id\u00e9al pour les applications suivantes\u00a0<strong>Montage vertical 0U<\/strong>\u00a0sur le c\u00f4t\u00e9 d'un rack, ce qui permet d'\u00e9conomiser de l'espace horizontal pr\u00e9cieux pour d'autres \u00e9quipements. Il peut \u00e9galement \u00eatre facilement install\u00e9 horizontalement si la configuration du rack l'exige. Ce gain d'espace est inestimable dans les d\u00e9ploiements \u00e0 haute densit\u00e9 o\u00f9 chaque centim\u00e8tre d'espace de rack compte.<\/p>\n<h3 id=\"-a-commitment-to-uncompromising-safety-and-durability-\"><strong>Un engagement pour une s\u00e9curit\u00e9 et une durabilit\u00e9 sans compromis<\/strong><\/h3>\n<p>Lorsqu'il s'agit d'\u00e9lectricit\u00e9 \u00e0 haute intensit\u00e9, la s\u00e9curit\u00e9 est primordiale. Cette\u00a0<strong>Unit\u00e9 de distribution d'\u00e9nergie de base<\/strong>\u00a0est con\u00e7u \u00e0 partir de la base avec plusieurs couches de protection pour prot\u00e9ger \u00e0 la fois votre \u00e9quipement et votre personnel.<\/p>\n<p><strong>Protection contre les surcharges :<\/strong>\u00a0Le dispositif de s\u00e9curit\u00e9 le plus important est le\u00a0<strong>Disjoncteur 63A<\/strong>. Ce disjoncteur surveille en permanence le courant consomm\u00e9 par les appareils connect\u00e9s. En cas de surcharge ou de court-circuit - conditions susceptibles d'endommager gravement vos appareils \u00e9lectroniques ou de cr\u00e9er un risque d'incendie - le disjoncteur se d\u00e9clenche instantan\u00e9ment, coupant le flux d'\u00e9lectricit\u00e9. Cette protection automatique \u00e9vite les pannes catastrophiques et constitue une exigence fondamentale pour toute unit\u00e9 PDU de qualit\u00e9 professionnelle. Le disjoncteur est con\u00e7u avec un actionneur de type interrupteur, qui est souvent prot\u00e9g\u00e9 par un couvercle transparent afin d'\u00e9viter les chocs ou les d\u00e9sactivations accidentelles.<\/p>\n<p><strong>Mat\u00e9riaux de construction de qualit\u00e9 sup\u00e9rieure :<\/strong>\u00a0Le bo\u00eetier de la PDU est fabriqu\u00e9 \u00e0 partir d'un mat\u00e9riau de type\u00a0<strong>Module PC ininflammable class\u00e9 UL94V-0<\/strong>. Il s'agit de l'indice d'inflammabilit\u00e9 le plus \u00e9lev\u00e9 pour les plastiques, ce qui signifie que le mat\u00e9riau s'\u00e9teint de lui-m\u00eame dans les 10 secondes qui suivent la disparition de la source de flamme. Cette propri\u00e9t\u00e9 ignifuge est absolument essentielle dans un centre de donn\u00e9es, o\u00f9 les \u00e9quipements fonctionnent 24 heures sur 24 et 7 jours sur 7 et o\u00f9 le risque d'incendie, aussi minime soit-il, doit \u00eatre att\u00e9nu\u00e9 le plus efficacement possible.<\/p>\n<p><strong>Certifications internationales :<\/strong>\u00a0Renfor\u00e7ant encore son engagement en faveur de la s\u00e9curit\u00e9 et de la qualit\u00e9, cette PDU d\u00e9tient de nombreuses certifications internationales, notamment\u00a0<strong>CE, RoHS et SAA<\/strong>.<\/p>\n<ul>\n<li><strong>CE :<\/strong>\u00a0Indique la conformit\u00e9 aux normes de sant\u00e9, de s\u00e9curit\u00e9 et de protection de l'environnement pour les produits vendus dans l'Espace \u00e9conomique europ\u00e9en.<\/li>\n<li><strong>RoHS :<\/strong>\u00a0Il limite l'utilisation de certains mat\u00e9riaux dangereux pr\u00e9sents dans les produits \u00e9lectriques et \u00e9lectroniques, ce qui en fait un choix respectueux de l'environnement.<\/li>\n<li><strong>ASA :<\/strong>\u00a0Une marque d'approbation des autorit\u00e9s australiennes charg\u00e9es de la s\u00e9curit\u00e9 \u00e9lectrique, d\u00e9montrant la conformit\u00e9 \u00e0 leurs normes de s\u00e9curit\u00e9 rigoureuses.<\/li>\n<\/ul>\n<h3 id=\"-the-simplicity-and-reliability-of-a-basic-pdu-\"><strong>La simplicit\u00e9 et la fiabilit\u00e9 d'une PDU de base<\/strong><\/h3>\n<p>Sur un march\u00e9 o\u00f9 l'on trouve un large \u00e9ventail de types d'unit\u00e9s PDU (y compris les unit\u00e9s mesur\u00e9es, surveill\u00e9es et commut\u00e9es), cette unit\u00e9 se d\u00e9marque comme \u00e9tant une unit\u00e9 PDU de pointe.\u00a0<strong>Unit\u00e9 de distribution d'\u00e9nergie de base<\/strong>. Sa force r\u00e9side dans sa simplicit\u00e9 et sa fiabilit\u00e9 in\u00e9branlable. Il est con\u00e7u pour remplir une fonction sans faille : distribuer l'\u00e9nergie de mani\u00e8re s\u00fbre et efficace. En renon\u00e7ant \u00e0 des fonctions complexes de mise en r\u00e9seau et de gestion \u00e0 distance, il \u00e9limine les points de d\u00e9faillance potentiels associ\u00e9s au micrologiciel ou \u00e0 la connectivit\u00e9 r\u00e9seau. Pour les applications o\u00f9 le besoin principal est une alimentation \u00e9lectrique fiable sans n\u00e9cessiter de comptage par prise ou de commutation \u00e0 distance, une PDU de base est la solution la plus fiable et la plus rentable. Il s'agit d'un composant qui constitue l'\u00e9pine dorsale \u00e9lectrique essentielle de toute infrastructure informatique robuste.<\/p>\n<h3 id=\"-conclusion-the-professional-s-choice-for-power-distribution-\"><strong>Conclusion : Le choix des professionnels pour la distribution de l'\u00e9nergie<\/strong><\/h3>\n<p>Le\u00a0<strong>Unit\u00e9 de distribution d'alimentation de base C13 50A \u00e0 8 prises<\/strong>\u00a0est plus qu'une simple multiprise ; c'est un \u00e9l\u00e9ment vital de l'infrastructure con\u00e7u pour la performance, la s\u00e9curit\u00e9 et la fiabilit\u00e9. En combinant une alimentation de haute capacit\u00e9, une connectivit\u00e9 polyvalente avec huit prises C13, une conception robuste et peu encombrante, et une suite compl\u00e8te de fonctions de s\u00e9curit\u00e9 - de son disjoncteur de 63A \u00e0 son bo\u00eetier ignifug\u00e9 UL94V-0 - il offre la tranquillit\u00e9 d'esprit de savoir que vos syst\u00e8mes critiques sont aliment\u00e9s en toute s\u00e9curit\u00e9. C'est le choix id\u00e9al pour les administrateurs de centres de donn\u00e9es, les ing\u00e9nieurs r\u00e9seau et les gestionnaires d'installations industrielles qui exigent une solution d'alimentation fondamentale sans compromis.<\/p>","protected":false},"excerpt":{"rendered":"<div class=\"chat-container\">\n<div class=\"chat-view-container ng-star-inserted\">\n<div>\n<div class=\"chat-turn-container model render cdk-focused cdk-mouse-focused\" tabindex=\"-1\">\n<div class=\"model-prompt-container\" data-turn-role=\"Model\">\n<div class=\"turn-content\">\n<p class=\"ng-star-inserted\"><span class=\"ng-star-inserted\">Cette unit\u00e9 de distribution d'alimentation de base de 50A distribue de mani\u00e8re fiable l'alimentation \u00e0 8 prises IEC C13. Log\u00e9e dans un module PC ininflammable et prot\u00e9g\u00e9e par un disjoncteur de 63A, elle est id\u00e9ale pour les applications industrielles et les centres de donn\u00e9es, assurant une transmission s\u00fbre et efficace de l'\u00e9nergie pour votre \u00e9quipement.<\/span><\/p>\n<div class=\"turn-information ng-star-inserted\"><\/div>\n<\/div>\n<\/div>\n<div class=\"turn-footer ng-star-inserted\"><\/div>\n<\/div>\n<\/div>\n<\/div>\n<\/div>\n<footer class=\"not-zero-state ng-star-inserted\">\n<div class=\"mat-mdc-tooltip-trigger prompt-input-wrapper\">\n<div>\n<div class=\"prompt-input-wrapper-container\">\n<div class=\"text-wrapper\">\n<section class=\"text-and-attachments-wrapper\">\n<div class=\"text-input-wrapper\"><\/div>\n<\/section>\n<\/div>\n<\/div>\n<\/div>\n<\/div>\n<\/footer>","protected":false},"featured_media":1488,"template":"","meta":{"_kad_post_transparent":"default","_kad_post_title":"","_kad_post_layout":"default","_kad_post_sidebar_id":"","_kad_post_content_style":"default","_kad_post_vertical_padding":"default","_kad_post_feature":"","_kad_post_feature_position":"","_kad_post_header":false,"_kad_post_footer":false},"product_brand":[],"product_cat":[82],"product_tag":[222,217,221],"class_list":{"0":"post-1486","1":"product","2":"type-product","3":"status-publish","4":"has-post-thumbnail","6":"product_cat-basic-power-distribution-units","7":"product_tag-8-way-c13-power-strip","8":"product_tag-basic-power-distribution-unit","9":"product_tag-datacenter-pdu","11":"first","12":"instock","13":"shipping-taxable","14":"product-type-simple","15":"entry","16":"content-bg","17":"loop-entry"},"_links":{"self":[{"href":"https:\/\/24smartcharge.com\/fr\/wp-json\/wp\/v2\/product\/1486","targetHints":{"allow":["GET"]}}],"collection":[{"href":"https:\/\/24smartcharge.com\/fr\/wp-json\/wp\/v2\/product"}],"about":[{"href":"https:\/\/24smartcharge.com\/fr\/wp-json\/wp\/v2\/types\/product"}],"wp:featuredmedia":[{"embeddable":true,"href":"https:\/\/24smartcharge.com\/fr\/wp-json\/wp\/v2\/media\/1488"}],"wp:attachment":[{"href":"https:\/\/24smartcharge.com\/fr\/wp-json\/wp\/v2\/media?parent=1486"}],"wp:term":[{"taxonomy":"product_brand","embeddable":true,"href":"https:\/\/24smartcharge.com\/fr\/wp-json\/wp\/v2\/product_brand?post=1486"},{"taxonomy":"product_cat","embeddable":true,"href":"https:\/\/24smartcharge.com\/fr\/wp-json\/wp\/v2\/product_cat?post=1486"},{"taxonomy":"product_tag","embeddable":true,"href":"https:\/\/24smartcharge.com\/fr\/wp-json\/wp\/v2\/product_tag?post=1486"}],"curies":[{"name":"wp","href":"https:\/\/api.w.org\/{rel}","templated":true}]}}