{"id":1473,"date":"2025-08-07T06:48:15","date_gmt":"2025-08-07T06:48:15","guid":{"rendered":"https:\/\/24smartcharge.com\/?post_type=product&#038;p=1473"},"modified":"2025-08-07T07:02:09","modified_gmt":"2025-08-07T07:02:09","slug":"6-outlet-rackmount-basic-power-distribution-unit-w-surge","status":"publish","type":"product","link":"https:\/\/24smartcharge.com\/fr\/6-outlet-rackmount-basic-power-distribution-unit-w-surge\/","title":{"rendered":"Unit\u00e9 de distribution d'alimentation de base \u00e0 montage en rack avec 6 prises et surtension"},"content":{"rendered":"<h2 id=\"the-professional-solution-for-centralized-rack-power\">La solution professionnelle pour l'alimentation centralis\u00e9e des baies<\/h2>\n<p>Dans tout environnement professionnel o\u00f9 la technologie est concentr\u00e9e, des salles de serveurs et des centres de donn\u00e9es aux studios d'enregistrement et aux centres de s\u00e9curit\u00e9, une gestion efficace et s\u00fbre de l'alimentation est primordiale. Les\u00a0<strong>Unit\u00e9 de distribution d'alimentation de base \u00e0 montage en rack \u00e0 6 prises<\/strong>\u00a0est con\u00e7u pour \u00eatre le composant de base de votre rack d'\u00e9quipement, fournissant une source d'alimentation fiable, organis\u00e9e et prot\u00e9g\u00e9e pour tous vos appareils critiques. Cette unit\u00e9 d\u00e9passe les limites des barrettes d'alimentation standard, en offrant une conception robuste et montable en rack, ainsi que des fonctions de protection essentielles con\u00e7ues pour les environnements \u00e9lectroniques \u00e0 haute densit\u00e9. C'est la solution d\u00e9finitive pour \u00e9liminer l'encombrement des c\u00e2bles, simplifier le contr\u00f4le de l'alimentation et prot\u00e9ger vos pr\u00e9cieux investissements.<\/p>\n<h2 id=\"robust-design-for-demanding-environments\">Conception robuste pour les environnements exigeants<\/h2>\n<p>Con\u00e7ue pour durer, cette unit\u00e9 de distribution d'alimentation (PDU) est constitu\u00e9e d'un bo\u00eetier robuste enti\u00e8rement m\u00e9tallique. Le ch\u00e2ssis rigide est con\u00e7u pour r\u00e9sister aux exigences physiques des environnements commerciaux et industriels, en r\u00e9sistant \u00e0 la flexion et en prot\u00e9geant les composants internes contre les chocs. La finition blanche \u00e9pur\u00e9e offre une esth\u00e9tique professionnelle qui s'harmonise avec n'importe quel rack d'\u00e9quipement standard, tout en am\u00e9liorant la visibilit\u00e9 dans les armoires de serveurs faiblement \u00e9clair\u00e9es.<\/p>\n<h3 id=\"seamless-1u-rack-integration\">Int\u00e9gration transparente dans un rack 1U<\/h3>\n<p>Con\u00e7ue dans un souci d'\u00e9conomie d'espace, cette PDU pr\u00e9sente un profil vertical mince de 1U (1,75 pouce). Cette taille standard permet de l'int\u00e9grer de mani\u00e8re transparente dans n'importe quel rack ou armoire de serveur de 19 pouces aux normes EIA, sans consommer l'espace pr\u00e9cieux n\u00e9cessaire aux serveurs, aux commutateurs ou aux autres composants essentiels. Les oreilles de montage en rack int\u00e9gr\u00e9es font partie du ch\u00e2ssis principal, ce qui permet une installation s\u00fbre et stable. La conception \u00e0 fente des oreilles offre une l\u00e9g\u00e8re flexibilit\u00e9 dans le montage, garantissant un ajustement parfait \u00e0 chaque fois. En consolidant l'alimentation dans cette seule unit\u00e9, vous \u00e9liminez le besoin de plusieurs barrettes d'alimentation, ce qui lib\u00e8re de l'espace et cr\u00e9e un environnement de rack plus propre, mieux organis\u00e9 et mieux ventil\u00e9.<\/p>\n<h2 id=\"advanced-surge-and-circuit-protection\">Protection avanc\u00e9e contre les surtensions et les circuits<\/h2>\n<p>L'\u00e9lectronique moderne est incroyablement sensible aux fluctuations de l'alimentation \u00e9lectrique. Une surtension soudaine, qu'elle soit due \u00e0 la foudre, \u00e0 une commutation du r\u00e9seau \u00e9lectrique ou au cycle d'une machine lourde, peut infliger des dommages irr\u00e9versibles aux serveurs, au mat\u00e9riel de r\u00e9seau et \u00e0 d'autres \u00e9quipements essentiels. Cette unit\u00e9 de distribution d'alimentation de base est \u00e9quip\u00e9e d'une suite de protection avanc\u00e9e pour cr\u00e9er un abri s\u00fbr pour vos appareils.<\/p>\n<h3 id=\"integrated-surge-protection-device-spd-\">Dispositif de protection contre les surtensions int\u00e9gr\u00e9 (SPD)<\/h3>\n<p>Au c\u0153ur de ses capacit\u00e9s de protection se trouve un dispositif de protection contre les surtensions (SPD) int\u00e9gr\u00e9. Ce circuit est sp\u00e9cialement con\u00e7u pour d\u00e9tecter et d\u00e9tourner les tensions excessives de l'\u00e9quipement connect\u00e9, en bloquant les transitoires nuisibles avant qu'ils ne causent des dommages.<\/p>\n<p>Un indicateur d'\u00e9tat \"SPD Surge Protector\" permet de confirmer imm\u00e9diatement et d'un seul coup d'\u0153il que les fonctions de protection sont actives et fonctionnent correctement. Le voyant vert indique que votre \u00e9quipement est prot\u00e9g\u00e9, ce qui vous offre une tranquillit\u00e9 d'esprit et \u00e9limine toute incertitude quant \u00e0 l'\u00e9tat de fonctionnement de l'unit\u00e9.<\/p>\n<h3 id=\"overcurrent-and-short-circuit-safeguards\">Mesures de protection contre les surintensit\u00e9s et les courts-circuits<\/h3>\n<p>En plus de la protection contre les surtensions, cette unit\u00e9 PDU int\u00e8gre des protections cruciales contre les surintensit\u00e9s et les courts-circuits. La protection contre les surintensit\u00e9s, g\u00e9r\u00e9e par un disjoncteur int\u00e9gr\u00e9 de 15 A, emp\u00eache l'unit\u00e9 de consommer plus d'amp\u00e9rage qu'elle ne peut en g\u00e9rer en toute s\u00e9curit\u00e9, prot\u00e9geant ainsi l'unit\u00e9 PDU elle-m\u00eame et votre \u00e9quipement contre les \u00e9v\u00e9nements thermiques dangereux. Dans le cas d'une d\u00e9faillance critique ou d'un dispositif d\u00e9fectueux cr\u00e9ant un court-circuit, l'unit\u00e9 coupe instantan\u00e9ment l'alimentation afin d'\u00e9viter les dommages en cascade et de r\u00e9duire le risque d'incendie.<\/p>\n<h2 id=\"intuitive-control-and-versatile-application\">Contr\u00f4le intuitif et application polyvalente<\/h2>\n<p>Cette PDU est con\u00e7ue non seulement pour la protection, mais aussi pour le confort d'utilisation.<\/p>\n<h3 id=\"centralized-master-control\">Contr\u00f4le centralis\u00e9<\/h3>\n<p>Un grand interrupteur \u00e0 bascule rouge sert de commande principale de marche\/arr\u00eat pour les six prises. Cela vous permet de mettre sous tension tous les appareils connect\u00e9s simultan\u00e9ment pour un red\u00e9marrage, une maintenance ou un arr\u00eat complet. L'interrupteur s'illumine lorsqu'il est en position \"ON\", ce qui permet de visualiser clairement l'\u00e9tat de l'alimentation, qui est facilement visible de l'autre c\u00f4t\u00e9 de la pi\u00e8ce.<\/p>\n<h3 id=\"six-high-density-outlets\">Six prises de courant \u00e0 haute densit\u00e9<\/h3>\n<p>L'unit\u00e9 est \u00e9quip\u00e9e de six prises NEMA 5-15R standard, offrant un nombre suffisant de connexions pour une configuration de rack typique. Les prises sont espac\u00e9es de fa\u00e7on \u00e0 pouvoir accueillir une vari\u00e9t\u00e9 de tailles de fiches sans obstruer les prises adjacentes. La mise \u00e0 la terre standard garantit un chemin \u00e9lectrique s\u00fbr pour toutes les fiches \u00e0 trois broches connect\u00e9es.<\/p>\n<h3 id=\"broad-application-suitability\">Large \u00e9ventail d'applications<\/h3>\n<p>Bien qu'il soit parfaitement \u00e0 sa place dans un centre de donn\u00e9es, la polyvalence de ce syst\u00e8me est un atout majeur.\u00a0<strong>Unit\u00e9 de distribution d'\u00e9nergie de base<\/strong>\u00a0en fait un choix id\u00e9al pour un large \u00e9ventail d'applications, notamment :<\/p>\n<ul>\n<li><strong>Informatique et r\u00e9seaux :<\/strong>\u00a0Alimentation des serveurs, des routeurs, des commutateurs de r\u00e9seau, des panneaux de brassage et des pare-feu.<\/li>\n<li><strong>S\u00e9curit\u00e9 et surveillance :<\/strong>\u00a0Centralisation de l'alimentation des DVR, NVR et des \u00e9quipements de surveillance associ\u00e9s.<\/li>\n<li><strong>Production audiovisuelle :<\/strong>\u00a0Organisation de l'alimentation des amplificateurs, m\u00e9langeurs, processeurs de signaux et autres \u00e9quipements audiovisuels mont\u00e9s en rack.<\/li>\n<li><strong>Laboratoires et essais :<\/strong>\u00a0Fournir une alimentation fiable et mise \u00e0 la terre pour les instruments scientifiques sensibles et les bancs d'essai.<\/li>\n<li><strong>Maison et bureau intelligents :<\/strong>\u00a0Alimentation des dispositifs de stockage en r\u00e9seau (NAS), des syst\u00e8mes domotiques et d'autres appareils \u00e9lectroniques centralis\u00e9s.<\/li>\n<\/ul>\n<h2 id=\"key-specifications\">Principales sp\u00e9cifications<\/h2>\n<ul>\n<li><strong>Facteur de forme :<\/strong>\u00a0Montage horizontal en rack 1U<\/li>\n<li><strong>Prises de courant :<\/strong>\u00a06 x NEMA 5-15R (Standard 3-Prong US)<\/li>\n<li><strong>Prise d'entr\u00e9e :<\/strong>\u00a0NEMA 5-15P sur le cordon d'alimentation attach\u00e9<\/li>\n<li><strong>Courant nominal :<\/strong>\u00a015A<\/li>\n<li><strong>Tension nominale :<\/strong>\u00a0120V<\/li>\n<li><strong>Protection Suite :<\/strong>\u00a0Protection contre les surtensions (SPD), protection contre les surintensit\u00e9s, protection contre les courts-circuits<\/li>\n<li><strong>Contr\u00f4le :<\/strong>\u00a0Interrupteur principal marche\/arr\u00eat \u00e9clair\u00e9 \u00e0 bascule<\/li>\n<li><strong>Indicateurs :<\/strong>\u00a0Interrupteur d'alimentation (rouge), \u00e9tat du SPD (vert)<\/li>\n<li><strong>Le logement :<\/strong>\u00a0Bo\u00eetier enti\u00e8rement m\u00e9tallique<\/li>\n<li><strong>Mise \u00e0 la terre :<\/strong>\u00a0Mise \u00e0 la terre standard<\/li>\n<\/ul>\n<p>En combinant une distribution d'\u00e9nergie fiable, des protections de s\u00e9curit\u00e9 essentielles et une conception durable et peu encombrante, cette unit\u00e9 PDU \u00e0 6 prises pour montage en rack est le composant indispensable pour r\u00e9aliser une installation d'\u00e9quipement professionnelle, organis\u00e9e et s\u00e9curis\u00e9e.<\/p>","protected":false},"excerpt":{"rendered":"<div class=\"chat-container\">\n<div class=\"chat-view-container ng-star-inserted\">\n<div>\n<div class=\"chat-turn-container model render cdk-focused cdk-mouse-focused\" tabindex=\"-1\">\n<div class=\"model-prompt-container\" data-turn-role=\"Model\">\n<div class=\"turn-content\">\n<p class=\"ng-star-inserted\"><span class=\"ng-star-inserted\">Cette unit\u00e9 de distribution d'alimentation de base \u00e0 montage en rack 1U fournit une alimentation fiable avec 6 prises. Elle est dot\u00e9e d'une capacit\u00e9 de 15 A et d'un dispositif de protection contre les surtensions (SPD) int\u00e9gr\u00e9 avec un voyant lumineux pour prot\u00e9ger les appareils \u00e9lectroniques sensibles. Un interrupteur marche\/arr\u00eat \u00e9clair\u00e9 offre un contr\u00f4le pratique pour tout rack ou armoire de serveur.<\/span><\/p>\n<div class=\"turn-information ng-star-inserted\"><\/div>\n<\/div>\n<\/div>\n<div class=\"turn-footer ng-star-inserted\"><\/div>\n<\/div>\n<\/div>\n<\/div>\n<\/div>\n<footer class=\"not-zero-state ng-star-inserted\">\n<div class=\"mat-mdc-tooltip-trigger prompt-input-wrapper\">\n<div>\n<div class=\"prompt-input-wrapper-container\">\n<div class=\"text-wrapper\">\n<section class=\"text-and-attachments-wrapper\">\n<div class=\"text-input-wrapper\"><\/div>\n<\/section>\n<\/div>\n<\/div>\n<\/div>\n<\/div>\n<\/footer>","protected":false},"featured_media":1480,"template":"","meta":{"_kad_post_transparent":"default","_kad_post_title":"","_kad_post_layout":"default","_kad_post_sidebar_id":"","_kad_post_content_style":"default","_kad_post_vertical_padding":"default","_kad_post_feature":"","_kad_post_feature_position":"","_kad_post_header":false,"_kad_post_footer":false},"product_brand":[],"product_cat":[82],"product_tag":[220,217,219],"class_list":{"0":"post-1473","1":"product","2":"type-product","3":"status-publish","4":"has-post-thumbnail","6":"product_cat-basic-power-distribution-units","7":"product_tag-1u-rack-mount-pdu","8":"product_tag-basic-power-distribution-unit","9":"product_tag-surge-protector-power-strip","11":"first","12":"instock","13":"shipping-taxable","14":"product-type-simple","15":"entry","16":"content-bg","17":"loop-entry"},"_links":{"self":[{"href":"https:\/\/24smartcharge.com\/fr\/wp-json\/wp\/v2\/product\/1473","targetHints":{"allow":["GET"]}}],"collection":[{"href":"https:\/\/24smartcharge.com\/fr\/wp-json\/wp\/v2\/product"}],"about":[{"href":"https:\/\/24smartcharge.com\/fr\/wp-json\/wp\/v2\/types\/product"}],"wp:featuredmedia":[{"embeddable":true,"href":"https:\/\/24smartcharge.com\/fr\/wp-json\/wp\/v2\/media\/1480"}],"wp:attachment":[{"href":"https:\/\/24smartcharge.com\/fr\/wp-json\/wp\/v2\/media?parent=1473"}],"wp:term":[{"taxonomy":"product_brand","embeddable":true,"href":"https:\/\/24smartcharge.com\/fr\/wp-json\/wp\/v2\/product_brand?post=1473"},{"taxonomy":"product_cat","embeddable":true,"href":"https:\/\/24smartcharge.com\/fr\/wp-json\/wp\/v2\/product_cat?post=1473"},{"taxonomy":"product_tag","embeddable":true,"href":"https:\/\/24smartcharge.com\/fr\/wp-json\/wp\/v2\/product_tag?post=1473"}],"curies":[{"name":"wp","href":"https:\/\/api.w.org\/{rel}","templated":true}]}}