{"id":1444,"date":"2025-08-07T03:58:46","date_gmt":"2025-08-07T03:58:46","guid":{"rendered":"https:\/\/24smartcharge.com\/?post_type=product&#038;p=1444"},"modified":"2025-08-07T06:07:17","modified_gmt":"2025-08-07T06:07:17","slug":"32a-12-outlet-smart-power-distribution-unit-with-monitoring","status":"publish","type":"product","link":"https:\/\/24smartcharge.com\/fr\/32a-12-outlet-smart-power-distribution-unit-with-monitoring\/","title":{"rendered":"Unit\u00e9 de distribution d'\u00e9nergie intelligente 32A 12 prises avec surveillance"},"content":{"rendered":"<h1 id=\"elevate-your-power-management-with-the-32a-12-outlet-monitored-smart-power-distribution-unit\">Am\u00e9liorez votre gestion de l'\u00e9nergie avec l'unit\u00e9 de distribution d'\u00e9nergie intelligente 32A 12 prises surveill\u00e9es<\/h1>\n<p>Dans les environnements informatiques et industriels critiques d'aujourd'hui, la gestion de l'alimentation va bien au-del\u00e0 de la simple distribution. Elle exige de l'intelligence, de la visibilit\u00e9 et une protection solide. L'introduction d'un\u00a0<strong>Unit\u00e9 de distribution d'\u00e9nergie intelligente<\/strong>\u00a0(Cette unit\u00e9 est con\u00e7ue pour fournir un contr\u00f4le pr\u00e9cis et une surveillance compl\u00e8te de vos actifs les plus pr\u00e9cieux. Con\u00e7ue pour les baies de serveurs \u00e0 haute densit\u00e9, les centres de donn\u00e9es et les applications industrielles, cette unit\u00e9 associe une alimentation \u00e9lectrique de grande capacit\u00e9 \u00e0 un ensemble de fonctions intelligentes pour garantir un temps de fonctionnement maximal, une efficacit\u00e9 op\u00e9rationnelle et une tranquillit\u00e9 d'esprit.<\/p>\n<h3 id=\"-high-capacity-and-reliable-power-distribution-\"><strong>Distribution d'\u00e9nergie fiable et de grande capacit\u00e9<\/strong><\/h3>\n<p>Cette PDU est con\u00e7ue pour g\u00e9rer des charges \u00e9lectriques exigeantes avec une fiabilit\u00e9 in\u00e9branlable.<\/p>\n<ul>\n<li><strong>Puissance \u00e9lev\u00e9e :<\/strong>\u00a0Avec un nombre substantiel de\u00a0<strong>32A courant d'entr\u00e9e<\/strong>\u00a0et une plage de tension de fonctionnement polyvalente de 220V-250V, cette PDU est parfaitement adapt\u00e9e \u00e0 l'alimentation des racks remplis de serveurs haute performance, de commutateurs r\u00e9seau et de baies de stockage.<\/li>\n<li><strong>Nombre g\u00e9n\u00e9reux de sorties :<\/strong>\u00a0Il comprend\u00a0<strong>12 prises de type UK (BS 1363)<\/strong>Cette conception minimise le besoin de multiplier les multiprises, moins fiables, et rationalise l'infrastructure \u00e9lectrique de l'armoire. Cette conception minimise le besoin de multiples barrettes d'alimentation moins fiables, rationalisant ainsi l'infrastructure d'alimentation de votre armoire.<\/li>\n<li><strong>Entr\u00e9e industrielle robuste :<\/strong>\u00a0L'alimentation \u00e9lectrique de l'appareil est assur\u00e9e par un c\u00e2ble durable de 1,8 m\u00e8tre qui se termine par une prise de courant.\u00a0<strong>prise normalis\u00e9e IEC 60309 32A<\/strong>. Ce connecteur bleu \u00e0 haut amp\u00e9rage garantit une connexion s\u00e9curis\u00e9e et verrouill\u00e9e, \u00e9vitant ainsi les d\u00e9connexions accidentelles qui pourraient entra\u00eener des temps d'arr\u00eat catastrophiques.<\/li>\n<li><strong>Qualit\u00e9 de construction sup\u00e9rieure :<\/strong>\u00a0Le ch\u00e2ssis est fabriqu\u00e9 \u00e0 partir d'un mat\u00e9riau robuste\u00a0<strong>coque en alliage d'aluminium<\/strong>qui non seulement offre une durabilit\u00e9 exceptionnelle, mais contribue \u00e9galement \u00e0 la dissipation de la chaleur. Les modules de sortie sont fabriqu\u00e9s en\u00a0<strong>mat\u00e9riau PC ininflammable class\u00e9 UL94V-0<\/strong>La norme de r\u00e9sistance au feu la plus \u00e9lev\u00e9e, qui garantit la s\u00e9curit\u00e9 de vos installations de grande valeur.<\/li>\n<\/ul>\n<h3 id=\"-advanced-monitoring-for-proactive-control-\"><strong>Surveillance avanc\u00e9e pour un contr\u00f4le proactif<\/strong><\/h3>\n<p>Ce qui distingue vraiment cet appareil, c'est sa capacit\u00e9 \u00e0 servir d'outil d'aide \u00e0 la d\u00e9cision.\u00a0<strong>Unit\u00e9 de distribution d'\u00e9nergie intelligente<\/strong>. Il transforme une simple multiprise en un hub intelligent pour une gestion de l'alimentation bas\u00e9e sur les donn\u00e9es.<\/p>\n<ul>\n<li><strong>\u00c9cran LCD embarqu\u00e9 :<\/strong>\u00a0Un \u00e9cran LCD cristallin sur le module de contr\u00f4le offre une visibilit\u00e9 imm\u00e9diate, sur le rack, des mesures critiques de l'alimentation. D'un simple coup d'\u0153il, les techniciens peuvent surveiller :\n<ul>\n<li><strong>Tension (U) :<\/strong>\u00a0S'assurer que l'alimentation \u00e9lectrique est stable et dans les limites de la tol\u00e9rance.<\/li>\n<li><strong>Courant total (I) :<\/strong>\u00a0Suivre la charge en temps r\u00e9el sur la PDU.<\/li>\n<li><strong>Puissance totale (P) :<\/strong>\u00a0Voir la puissance totale consomm\u00e9e par les appareils connect\u00e9s.<\/li>\n<li><strong>Consommation d'\u00e9nergie (kWh) :<\/strong>\u00a0Contr\u00f4ler l'utilisation de l'\u00e9nergie accumul\u00e9e pour une facturation pr\u00e9cise, une r\u00e9trofacturation au niveau du d\u00e9partement ou une analyse de l'efficacit\u00e9.<\/li>\n<\/ul>\n<\/li>\n<li><strong>Interface locale intuitive :<\/strong>\u00a0En utilisant les boutons UP, DOWN et MENU, les utilisateurs peuvent naviguer parmi les options d'affichage et configurer les param\u00e8tres de base directement \u00e0 partir de l'unit\u00e9, ce qui rend l'installation initiale et les diagnostics sur site rapides et faciles.<\/li>\n<\/ul>\n<h3 id=\"-comprehensive-remote-management-and-integration-\"><strong>Int\u00e9gration et gestion \u00e0 distance compl\u00e8tes<\/strong><\/h3>\n<p>Cette PDU est \u00e9quip\u00e9e de puissantes capacit\u00e9s de mise en r\u00e9seau qui permettent une surveillance et un contr\u00f4le \u00e0 distance complets, favorisant une approche proactive de la gestion du centre de donn\u00e9es.<\/p>\n<ul>\n<li><strong>Connectivit\u00e9 r\u00e9seau :<\/strong>\u00a0Les ports Ethernet RJ45 int\u00e9gr\u00e9s permettent \u00e0 la PDU de se connecter directement \u00e0 votre r\u00e9seau. Les administrateurs peuvent ainsi acc\u00e9der \u00e0 toutes les donn\u00e9es de surveillance \u00e0 partir d'une console de gestion centrale, d'un navigateur Web ou de protocoles tels que SNMP. Cet acc\u00e8s \u00e0 distance est essentiel pour identifier les probl\u00e8mes potentiels, \u00e9quilibrer les charges d'alimentation entre les phases et les PDU, et planifier les besoins de capacit\u00e9 futurs sans avoir besoin d'\u00eatre physiquement pr\u00e9sent.<\/li>\n<li><strong>Capacit\u00e9 de mise en cascade :<\/strong>\u00a0L'\u00e9quipe d\u00e9di\u00e9e\u00a0<strong>Ports CASCADE IN\/OUT<\/strong>\u00a0sont une caract\u00e9ristique remarquable pour les d\u00e9ploiements \u00e0 grande \u00e9chelle. Elles vous permettent de relier plusieurs PDU entre elles, cr\u00e9ant ainsi une hi\u00e9rarchie ma\u00eetre\/esclave. Cela r\u00e9duit consid\u00e9rablement le nombre d'adresses IP et de ports de commutation r\u00e9seau n\u00e9cessaires pour g\u00e9rer une rang\u00e9e enti\u00e8re de racks, ce qui simplifie votre architecture r\u00e9seau et r\u00e9duit le co\u00fbt total de possession.<\/li>\n<li><strong>Surveillance de l'environnement :<\/strong>\u00a0L'\u00e9quipe d\u00e9di\u00e9e\u00a0<strong>Port T\/H (temp\u00e9rature\/humidit\u00e9)<\/strong>\u00a0permet de connecter des capteurs environnementaux en option. En surveillant la temp\u00e9rature et l'humidit\u00e9 \u00e0 l'int\u00e9rieur du rack, vous pouvez pr\u00e9venir les dommages caus\u00e9s aux \u00e9quipements par la surchauffe et garantir des conditions de fonctionnement optimales, en recevant des alertes en cas de d\u00e9passement des seuils.<\/li>\n<\/ul>\n<h3 id=\"-multi-layered-equipment-protection-\"><strong>Protection de l'\u00e9quipement \u00e0 plusieurs niveaux<\/strong><\/h3>\n<p>La protection des \u00e9quipements informatiques sensibles et co\u00fbteux est primordiale. Cette unit\u00e9 PDU intelligente int\u00e8gre plusieurs couches de protection contre les menaces \u00e9lectriques courantes.<\/p>\n<ul>\n<li><strong>Protection int\u00e9gr\u00e9e contre les surtensions (SPD) :<\/strong>\u00a0L'appareil est dot\u00e9 d'un\u00a0<strong>Dispositif de protection contre les surtensions<\/strong>La protection est assur\u00e9e par un voyant lumineux d\u00e9di\u00e9 \"SPD\". Ce composant essentiel prot\u00e8ge tous les \u00e9quipements connect\u00e9s contre les pics de tension, les transitoires et les surtensions \u00e9lectriques dommageables, qui peuvent \u00eatre caus\u00e9s par la foudre, la commutation des services publics ou d'autres \u00e9v\u00e9nements \u00e9lectriques en amont.<\/li>\n<li><strong>Protection contre les surcharges :<\/strong>\u00a0Pour \u00e9viter les situations dangereuses et prot\u00e9ger l'unit\u00e9 PDU elle-m\u00eame, l'unit\u00e9 comprend une protection int\u00e9gr\u00e9e contre les surcharges. Si le courant total consomm\u00e9 par les appareils connect\u00e9s d\u00e9passe la limite de s\u00e9curit\u00e9 de 32A, le disjoncteur interne de l'unit\u00e9 PDU se d\u00e9clenche, coupant instantan\u00e9ment l'alimentation des prises et \u00e9vitant tout dommage \u00e0 l'\u00e9quipement ou tout risque d'incendie.<\/li>\n<\/ul>\n<p>Cette unit\u00e9 de distribution d'alimentation intelligente 32A \u00e0 12 prises avec surveillance est plus qu'un simple composant, c'est une solution compl\u00e8te pour la gestion moderne de l'alimentation. En fournissant une alimentation fiable et de grande capacit\u00e9 tout en offrant une surveillance locale et \u00e0 distance granulaire, une \u00e9volutivit\u00e9 de niveau entreprise et une protection robuste contre les surtensions, il fournit les outils n\u00e9cessaires pour maintenir le temps de fonctionnement, optimiser l'utilisation des ressources et prot\u00e9ger votre infrastructure critique. C'est la base intelligente de tout centre de donn\u00e9es, salle de serveurs ou armoire de commande industrielle s\u00e9rieux.<\/p>","protected":false},"excerpt":{"rendered":"<div class=\"chat-container\">\n<div class=\"chat-view-container ng-star-inserted\">\n<div>\n<div class=\"chat-turn-container model render cdk-focused cdk-mouse-focused\" tabindex=\"-1\">\n<div class=\"model-prompt-container\" data-turn-role=\"Model\">\n<div class=\"turn-content\">\n<p class=\"ng-star-inserted\"><span class=\"ng-star-inserted\">Cette unit\u00e9 de distribution d'\u00e9nergie intelligente de 32 A fournit 12 prises de courant pour l'industrie et les centres de donn\u00e9es. Elle est \u00e9quip\u00e9e d'un \u00e9cran LCD pour la surveillance en temps r\u00e9el de la tension et du courant, d'une connectivit\u00e9 r\u00e9seau pour la gestion \u00e0 distance et d'une protection int\u00e9gr\u00e9e contre les surtensions. Elle est log\u00e9e dans une coque en alliage d'aluminium durable.<\/span><\/p>\n<div class=\"turn-information ng-star-inserted\"><\/div>\n<\/div>\n<\/div>\n<div class=\"turn-footer ng-star-inserted\"><\/div>\n<\/div>\n<\/div>\n<\/div>\n<\/div>\n<footer class=\"not-zero-state ng-star-inserted\">\n<div class=\"mat-mdc-tooltip-trigger prompt-input-wrapper\">\n<div>\n<div class=\"prompt-input-wrapper-container\">\n<div class=\"text-wrapper\">\n<section class=\"text-and-attachments-wrapper\">\n<div class=\"text-input-wrapper\"><\/div>\n<\/section>\n<\/div>\n<\/div>\n<\/div>\n<\/div>\n<\/footer>","protected":false},"featured_media":1451,"template":"","meta":{"_kad_post_transparent":"default","_kad_post_title":"","_kad_post_layout":"default","_kad_post_sidebar_id":"","_kad_post_content_style":"default","_kad_post_vertical_padding":"default","_kad_post_feature":"","_kad_post_feature_position":"","_kad_post_header":false,"_kad_post_footer":false},"product_brand":[],"product_cat":[81],"product_tag":[181,193,216],"class_list":{"0":"post-1444","1":"product","2":"type-product","3":"status-publish","4":"has-post-thumbnail","6":"product_cat-smart-power-distribution-units","7":"product_tag-rack-pdu","8":"product_tag-smart-power-distribution-unit","9":"product_tag-surge-protection","11":"first","12":"instock","13":"shipping-taxable","14":"product-type-simple","15":"entry","16":"content-bg","17":"loop-entry"},"_links":{"self":[{"href":"https:\/\/24smartcharge.com\/fr\/wp-json\/wp\/v2\/product\/1444","targetHints":{"allow":["GET"]}}],"collection":[{"href":"https:\/\/24smartcharge.com\/fr\/wp-json\/wp\/v2\/product"}],"about":[{"href":"https:\/\/24smartcharge.com\/fr\/wp-json\/wp\/v2\/types\/product"}],"wp:featuredmedia":[{"embeddable":true,"href":"https:\/\/24smartcharge.com\/fr\/wp-json\/wp\/v2\/media\/1451"}],"wp:attachment":[{"href":"https:\/\/24smartcharge.com\/fr\/wp-json\/wp\/v2\/media?parent=1444"}],"wp:term":[{"taxonomy":"product_brand","embeddable":true,"href":"https:\/\/24smartcharge.com\/fr\/wp-json\/wp\/v2\/product_brand?post=1444"},{"taxonomy":"product_cat","embeddable":true,"href":"https:\/\/24smartcharge.com\/fr\/wp-json\/wp\/v2\/product_cat?post=1444"},{"taxonomy":"product_tag","embeddable":true,"href":"https:\/\/24smartcharge.com\/fr\/wp-json\/wp\/v2\/product_tag?post=1444"}],"curies":[{"name":"wp","href":"https:\/\/api.w.org\/{rel}","templated":true}]}}