{"id":1436,"date":"2025-08-07T03:51:23","date_gmt":"2025-08-07T03:51:23","guid":{"rendered":"https:\/\/24smartcharge.com\/?post_type=product&#038;p=1436"},"modified":"2025-08-07T03:57:17","modified_gmt":"2025-08-07T03:57:17","slug":"orient-32a-rackmount-smart-power-distribution-unit","status":"publish","type":"product","link":"https:\/\/24smartcharge.com\/fr\/orient-32a-rackmount-smart-power-distribution-unit\/","title":{"rendered":"Orient 32A Rackmount Smart Power Distribution Unit (unit\u00e9 de distribution d'alimentation intelligente)"},"content":{"rendered":"<h2 id=\"elevate-your-power-management-with-the-orient-32a-rackmount-smart-power-distribution-unit\">Am\u00e9liorez votre gestion de l'\u00e9nergie avec l'unit\u00e9 de distribution d'\u00e9nergie intelligente Orient 32A Rackmount<\/h2>\n<p>Dans l'environnement exigeant des centres de donn\u00e9es et des salles de serveurs modernes, une distribution d'\u00e9nergie fiable et intelligente n'est pas seulement une n\u00e9cessit\u00e9, mais l'\u00e9pine dorsale de l'int\u00e9grit\u00e9 op\u00e9rationnelle. Les\u00a0<strong>Orient 32A Rackmount Smart Power Distribution Unit (unit\u00e9 de distribution d'alimentation intelligente)<\/strong>\u00a0est con\u00e7u pour r\u00e9pondre et d\u00e9passer ces exigences critiques, en offrant une solution sophistiqu\u00e9e, robuste et hautement efficace pour g\u00e9rer l'alimentation de votre infrastructure informatique vitale. Con\u00e7u pour une int\u00e9gration transparente dans les racks de serveurs standard, ce\u00a0<strong>Unit\u00e9 de distribution d'\u00e9nergie intelligente<\/strong>\u00a0est la pierre angulaire de tout environnement informatique \u00e0 haute densit\u00e9, garantissant des performances optimales, une s\u00e9curit\u00e9 accrue et un contr\u00f4le in\u00e9gal\u00e9.<\/p>\n<h3 id=\"superior-construction-and-design\">Superior Construction and Design<\/h3>\n<p>La qualit\u00e9 de construction exceptionnelle de l'Orient 32A Smart PDU est au c\u0153ur de ses pr\u00e9occupations. Le ch\u00e2ssis est construit en alliage d'aluminium de haute qualit\u00e9, un mat\u00e9riau r\u00e9put\u00e9 pour ses propri\u00e9t\u00e9s avantageuses dans les applications exigeantes. Contrairement aux alternatives en plastique, l'alliage d'aluminium offre une r\u00e9sistance sup\u00e9rieure, garantissant que l'unit\u00e9 PDU peut supporter les rigueurs d'un environnement de centre de donn\u00e9es tr\u00e8s actif. Son excellente conductivit\u00e9 thermique facilite la dissipation efficace de la chaleur, un facteur crucial pour maintenir des temp\u00e9ratures de fonctionnement optimales dans un rack de serveurs tr\u00e8s dense. Cela permet de r\u00e9duire les co\u00fbts de refroidissement et de prolonger la dur\u00e9e de vie de l'unit\u00e9 PDU et des \u00e9quipements connect\u00e9s. De plus, la r\u00e9sistance \u00e0 la corrosion inh\u00e9rente \u00e0 l'aluminium garantit une durabilit\u00e9 et une fiabilit\u00e9 \u00e0 long terme, m\u00eame dans des conditions environnementales variables.<\/p>\n<p>Le design \u00e9l\u00e9gant \u00e0 montage vertical est optimis\u00e9 pour une installation peu encombrante dans les racks de serveurs, une caract\u00e9ristique essentielle dans les environnements \u00e0 haute densit\u00e9 o\u00f9 chaque centim\u00e8tre d'espace est pr\u00e9cieux. Les nombreuses prises sont intelligemment espac\u00e9es pour accueillir une vari\u00e9t\u00e9 de fiches et d'adaptateurs d'alimentation, garantissant ainsi une configuration de c\u00e2blage propre et organis\u00e9e. Cette conception r\u00e9fl\u00e9chie am\u00e9liore non seulement la circulation de l'air, mais simplifie \u00e9galement la maintenance et les mises \u00e0 niveau de l'\u00e9quipement.<\/p>\n<h3 id=\"intelligent-monitoring-and-control\">Surveillance et contr\u00f4le intelligents<\/h3>\n<p>Ce qui fait la particularit\u00e9 de cette\u00a0<strong>Unit\u00e9 de distribution d'\u00e9nergie intelligente<\/strong>\u00a0Le plus important, c'est sa capacit\u00e9 d'intelligence. Bien plus qu'une simple distribution d'\u00e9nergie, cette unit\u00e9 PDU permet de surveiller \u00e0 distance et en temps r\u00e9el les param\u00e8tres critiques de l'alimentation. L'\u00e9cran num\u00e9rique int\u00e9gr\u00e9 fournit des informations d'un coup d'\u0153il sur le courant total de la charge et la tension d'entr\u00e9e, ce qui permet de v\u00e9rifier imm\u00e9diatement l'\u00e9tat de la situation sur place.<\/p>\n<p>Cette PDU permet aux responsables de centres de donn\u00e9es de :<\/p>\n<ul>\n<li><strong>Consommation \u00e9lectrique du moniteur :<\/strong>\u00a0Suivez les param\u00e8tres \u00e9lectriques cl\u00e9s en temps r\u00e9el pour comprendre les sch\u00e9mas d'utilisation de l'\u00e9nergie et prendre des d\u00e9cisions \u00e9clair\u00e9es sur l'optimisation de l'\u00e9nergie. Ce niveau de surveillance granulaire permet d'identifier les serveurs sous-utilis\u00e9s et les possibilit\u00e9s d'\u00e9conomies d'\u00e9nergie.<\/li>\n<li><strong>Pr\u00e9venir les surcharges :<\/strong>\u00a0En surveillant en permanence la consommation de courant, l'unit\u00e9 PDU aide \u00e0 pr\u00e9venir les surcharges de circuit et les temps d'arr\u00eat potentiels. Des seuils d\u00e9finissables par l'utilisateur peuvent \u00eatre d\u00e9finis pour d\u00e9clencher des alertes lorsque la consommation approche des niveaux critiques, ce qui permet une intervention proactive.<\/li>\n<li><strong>Am\u00e9liorer la planification des capacit\u00e9s :<\/strong>\u00a0Des donn\u00e9es pr\u00e9cises sur la consommation d'\u00e9nergie sont inestimables pour une planification efficace de la capacit\u00e9. Comprendre la consommation d'\u00e9nergie de chaque rack permet un provisionnement plus pr\u00e9cis des ressources et \u00e9vite les d\u00e9penses inutiles li\u00e9es au surprovisionnement.<\/li>\n<li><strong>Am\u00e9liorer le temps de disponibilit\u00e9 :<\/strong>\u00a0Les unit\u00e9s PDU intelligentes sont des atouts strat\u00e9giques pour garantir une disponibilit\u00e9 maximale. En offrant une vision claire de la consommation d'\u00e9nergie et en permettant une gestion \u00e0 distance, elles jouent un r\u00f4le crucial dans le maintien de la continuit\u00e9 de l'activit\u00e9.<\/li>\n<\/ul>\n<h3 id=\"remote-management-and-accessibility\">Gestion \u00e0 distance et accessibilit\u00e9<\/h3>\n<p>Dans le monde interconnect\u00e9 d'aujourd'hui, la capacit\u00e9 \u00e0 g\u00e9rer l'infrastructure \u00e0 distance est primordiale. L'unit\u00e9 Orient 32A Smart PDU est \u00e9quip\u00e9e d'une connectivit\u00e9 r\u00e9seau qui permet aux administrateurs d'acc\u00e9der \u00e0 l'unit\u00e9 et de la g\u00e9rer depuis n'importe quel endroit disposant d'une connexion Internet. Cette capacit\u00e9 d'acc\u00e8s \u00e0 distance change la donne pour les centres de donn\u00e9es, car elle permet aux professionnels de l'informatique de surveiller l'alimentation, de configurer les param\u00e8tres et m\u00eame de red\u00e9marrer les \u00e9quipements suspendus sans avoir besoin d'\u00eatre physiquement pr\u00e9sents. Cela permet non seulement d'am\u00e9liorer les temps de r\u00e9ponse aux incidents critiques, mais aussi d'augmenter de mani\u00e8re significative la productivit\u00e9 du personnel.<\/p>\n<h3 id=\"safety-and-reliability-certified\">Certifi\u00e9 en mati\u00e8re de s\u00e9curit\u00e9 et de fiabilit\u00e9<\/h3>\n<p>La fiabilit\u00e9 et la s\u00e9curit\u00e9 ne sont pas n\u00e9gociables dans un environnement de centre de donn\u00e9es. Cette unit\u00e9 PDU Orient est soutenue par une s\u00e9rie compl\u00e8te de certifications, notamment CE, ROHS, CCC et UL, ce qui vous donne l'assurance qu'elle r\u00e9pond aux normes internationales strictes en mati\u00e8re de s\u00e9curit\u00e9, de qualit\u00e9 et de respect de l'environnement.<\/p>\n<ul>\n<li><strong>Certification CE<\/strong>\u00a0indique la conformit\u00e9 aux normes de sant\u00e9, de s\u00e9curit\u00e9 et de protection de l'environnement pour les produits vendus dans l'Espace \u00e9conomique europ\u00e9en (EEE).<\/li>\n<li><strong>RoHS (Restriction of Hazardous Substances)<\/strong>\u00a0garantit que le produit est exempt de mati\u00e8res dangereuses sp\u00e9cifiques, contribuant ainsi \u00e0 un environnement plus s\u00fbr.<\/li>\n<li><strong>CCC (Certification obligatoire de la Chine)<\/strong>\u00a0est une marque obligatoire pour de nombreux produits vendus sur le march\u00e9 chinois, signifiant la conformit\u00e9 aux normes de s\u00e9curit\u00e9 chinoises.<\/li>\n<li><strong>UL (Underwriters Laboratories)<\/strong>\u00a0La certification signifie que le produit a \u00e9t\u00e9 test\u00e9 pour r\u00e9pondre \u00e0 des exigences de s\u00e9curit\u00e9 sp\u00e9cifiques et d\u00e9finies, contribuant \u00e0 pr\u00e9venir les incendies, les chocs \u00e9lectriques et d'autres dangers.<\/li>\n<\/ul>\n<p>Fonctionnant dans une plage de tension de 220-250V et offrant un courant nominal robuste de 16\/32A, cette unit\u00e9 PDU est con\u00e7ue pour r\u00e9pondre aux demandes d'alimentation des serveurs et des \u00e9quipements de r\u00e9seau modernes et performants. L'unit\u00e9 est assortie d'une garantie d'un an, ce qui offre une plus grande tranquillit\u00e9 d'esprit et d\u00e9montre l'engagement d'Orient en mati\u00e8re de qualit\u00e9 et de satisfaction de la client\u00e8le.<\/p>","protected":false},"excerpt":{"rendered":"<div class=\"model-prompt-container\" data-turn-role=\"Model\">\n<div class=\"turn-content\">\n<p class=\"ng-star-inserted\"><span class=\"ng-star-inserted\">Cette unit\u00e9 de distribution d'alimentation Orient 32A Rackmount Smart Power Distribution Unit offre une gestion fiable de l'alimentation pour les racks de serveurs. Construite en aluminium durable, cette PDU dispose de plusieurs prises et d'un \u00e9cran num\u00e9rique pour une surveillance en temps r\u00e9el. Il s'agit d'une unit\u00e9 de distribution d'alimentation intelligente id\u00e9ale pour les centres de donn\u00e9es.<\/span><\/p>\n<\/div>\n<\/div>","protected":false},"featured_media":1445,"template":"","meta":{"_kad_post_transparent":"default","_kad_post_title":"","_kad_post_layout":"default","_kad_post_sidebar_id":"","_kad_post_content_style":"default","_kad_post_vertical_padding":"default","_kad_post_feature":"","_kad_post_feature_position":"","_kad_post_header":false,"_kad_post_footer":false},"product_brand":[],"product_cat":[81],"product_tag":[215,173,193],"class_list":{"0":"post-1436","1":"product","2":"type-product","3":"status-publish","4":"has-post-thumbnail","6":"product_cat-smart-power-distribution-units","7":"product_tag-32a-monitored-pdu","8":"product_tag-rackmount-pdu","9":"product_tag-smart-power-distribution-unit","11":"first","12":"instock","13":"shipping-taxable","14":"product-type-simple","15":"entry","16":"content-bg","17":"loop-entry"},"_links":{"self":[{"href":"https:\/\/24smartcharge.com\/fr\/wp-json\/wp\/v2\/product\/1436","targetHints":{"allow":["GET"]}}],"collection":[{"href":"https:\/\/24smartcharge.com\/fr\/wp-json\/wp\/v2\/product"}],"about":[{"href":"https:\/\/24smartcharge.com\/fr\/wp-json\/wp\/v2\/types\/product"}],"wp:featuredmedia":[{"embeddable":true,"href":"https:\/\/24smartcharge.com\/fr\/wp-json\/wp\/v2\/media\/1445"}],"wp:attachment":[{"href":"https:\/\/24smartcharge.com\/fr\/wp-json\/wp\/v2\/media?parent=1436"}],"wp:term":[{"taxonomy":"product_brand","embeddable":true,"href":"https:\/\/24smartcharge.com\/fr\/wp-json\/wp\/v2\/product_brand?post=1436"},{"taxonomy":"product_cat","embeddable":true,"href":"https:\/\/24smartcharge.com\/fr\/wp-json\/wp\/v2\/product_cat?post=1436"},{"taxonomy":"product_tag","embeddable":true,"href":"https:\/\/24smartcharge.com\/fr\/wp-json\/wp\/v2\/product_tag?post=1436"}],"curies":[{"name":"wp","href":"https:\/\/api.w.org\/{rel}","templated":true}]}}