{"id":1435,"date":"2025-08-07T03:50:06","date_gmt":"2025-08-07T03:50:06","guid":{"rendered":"https:\/\/24smartcharge.com\/?post_type=product&#038;p=1435"},"modified":"2025-08-07T03:50:06","modified_gmt":"2025-08-07T03:50:06","slug":"rackmount-smart-power-distribution-unit-8-outlet-15a","status":"publish","type":"product","link":"https:\/\/24smartcharge.com\/fr\/rackmount-smart-power-distribution-unit-8-outlet-15a\/","title":{"rendered":"Unit\u00e9 de distribution d'alimentation intelligente pour montage en rack, 8 prises, 15A"},"content":{"rendered":"<h2 id=\"-unlock-advanced-control-and-unparalleled-insight-with-the-rackmount-smart-power-distribution-unit-8-outlet-15a-\"><strong>Contr\u00f4le avanc\u00e9 et visibilit\u00e9 in\u00e9gal\u00e9e gr\u00e2ce \u00e0 l'unit\u00e9 de distribution d'alimentation intelligente \u00e0 montage en rack, 8 prises, 15A<\/strong><\/h2>\n<p>Dans le monde moderne des infrastructures informatiques, des salles de serveurs et des centres de donn\u00e9es, la gestion fiable de l'alimentation n'est pas seulement une commodit\u00e9, c'est le fondement de la continuit\u00e9 op\u00e9rationnelle. Chaque \u00e9quipement, depuis les commutateurs du r\u00e9seau central jusqu'aux serveurs haute performance et aux baies de stockage, d\u00e9pend d'une source d'alimentation stable et g\u00e9r\u00e9e intelligemment. Cette\u00a0<strong>Unit\u00e9 de distribution d'\u00e9nergie intelligente pour montage en rack<\/strong>\u00a0est con\u00e7ue pour \u00eatre le syst\u00e8me nerveux central de l'\u00e9cosyst\u00e8me \u00e9lectrique de votre rack. D\u00e9passant largement les capacit\u00e9s d'une barrette d'alimentation classique, cette PDU avanc\u00e9e offre un contr\u00f4le \u00e0 distance granulaire, une surveillance en temps r\u00e9el et une suite de fonctions intelligentes con\u00e7ues pour maximiser le temps de fonctionnement, am\u00e9liorer l'efficacit\u00e9 \u00e9nerg\u00e9tique et renforcer la s\u00e9curit\u00e9 de vos actifs critiques.<\/p>\n<p>Con\u00e7u pour les professionnels de l'informatique, les administrateurs de syst\u00e8mes et les op\u00e9rateurs de centres de donn\u00e9es qui exigent pr\u00e9cision et fiabilit\u00e9, cet appareil rackable 1U offre huit prises contr\u00f4lables individuellement avec une capacit\u00e9 d'alimentation robuste de 15 A. Il s'agit d'un outil strat\u00e9gique qui transforme la r\u00e9solution r\u00e9active des probl\u00e8mes en une gestion proactive de l'infrastructure. Il s'agit d'un outil strat\u00e9gique qui transforme la r\u00e9solution r\u00e9active des probl\u00e8mes en une gestion proactive de l'infrastructure, vous permettant de prendre le contr\u00f4le de votre environnement \u00e9lectrique depuis n'importe o\u00f9 dans le monde.<\/p>\n<h3 id=\"-intelligent-remote-management-your-rack-your-rules-\"><strong>T\u00e9l\u00e9gestion intelligente : Votre rack, vos r\u00e8gles<\/strong><\/h3>\n<p>La caract\u00e9ristique principale de cette\u00a0<strong>Unit\u00e9 de distribution d'\u00e9nergie intelligente<\/strong>\u00a0est sa puissante capacit\u00e9 de gestion \u00e0 distance bas\u00e9e sur le r\u00e9seau. En connectant la PDU \u00e0 votre r\u00e9seau via son port Ethernet RJ45, vous acc\u00e9dez \u00e0 une nouvelle dimension de contr\u00f4le sur votre mat\u00e9riel connect\u00e9.<\/p>\n<ul>\n<li><strong>Contr\u00f4le individuel des sorties :<\/strong>\u00a0Dites adieu \u00e0 l'\u00e8re de la commutation de l'alimentation en tout ou rien. Cette PDU vous permet de contr\u00f4ler ind\u00e9pendamment chacune des huit prises. Gr\u00e2ce \u00e0 une interface web intuitive, vous pouvez \u00e0 distance allumer, \u00e9teindre ou red\u00e9marrer n'importe quel appareil connect\u00e9. Cette capacit\u00e9 est inestimable pour r\u00e9soudre les probl\u00e8mes de serveurs et d'\u00e9quipements r\u00e9seau gel\u00e9s ou qui ne r\u00e9pondent pas. Au lieu de d\u00e9p\u00eacher un technicien sur le site physique - un processus co\u00fbteux et chronophage - vous pouvez effectuer un red\u00e9marrage en quelques clics, ce qui r\u00e9duit consid\u00e9rablement le temps moyen de r\u00e9tablissement (MTTR) et garantit que les services sont r\u00e9tablis en quelques minutes, et non en quelques heures.<\/li>\n<li><strong>Mise sous tension s\u00e9quentielle :<\/strong>\u00a0Pr\u00e9venez les effets n\u00e9fastes des surcharges de courant d'appel gr\u00e2ce \u00e0 un s\u00e9quen\u00e7age de l'alimentation d\u00e9fini par l'utilisateur. Lorsque plusieurs \u00e9quipements \u00e0 forte consommation sont mis sous tension simultan\u00e9ment, la surtension qui en r\u00e9sulte peut d\u00e9clencher le disjoncteur principal et mettre l'ensemble du rack hors tension. Avec cette PDU intelligente, vous pouvez configurer un d\u00e9lai de mise sous tension sp\u00e9cifique pour chaque prise, ce qui garantit que l'infrastructure centrale, comme les commutateurs r\u00e9seau et les syst\u00e8mes de stockage, est enti\u00e8rement initialis\u00e9e avant que les serveurs qui en d\u00e9pendent ne soient mis en ligne. Cette approche \u00e9chelonn\u00e9e garantit un processus de mise sous tension fluide et stable \u00e0 chaque fois.<\/li>\n<li><strong>Cyclage d'alimentation programm\u00e9 :<\/strong>\u00a0Automatisez votre gestion de l'alimentation pour am\u00e9liorer l'efficacit\u00e9 \u00e9nerg\u00e9tique et effectuer la maintenance de routine sans effort. Cr\u00e9ez des programmes personnalis\u00e9s pour mettre hors tension les \u00e9quipements non essentiels pendant les heures creuses, les week-ends ou les jours f\u00e9ri\u00e9s, et les remettre automatiquement sous tension avant la reprise de l'activit\u00e9. Cela permet non seulement de r\u00e9aliser d'importantes \u00e9conomies sur les co\u00fbts \u00e9nerg\u00e9tiques, mais aussi de contribuer \u00e0 un fonctionnement informatique plus \u00e9cologique et plus durable.<\/li>\n<\/ul>\n<h3 id=\"-comprehensive-monitoring-for-proactive-management-\"><strong>Un suivi complet pour une gestion proactive<\/strong><\/h3>\n<p>La connaissance, c'est le pouvoir, et cette\u00a0<strong>Unit\u00e9 de distribution d'\u00e9nergie intelligente<\/strong>\u00a0en fournit une multitude. Le panneau avant comporte trois \u00e9crans LED num\u00e9riques lumineux et faciles \u00e0 lire, qui fournissent un aper\u00e7u en temps r\u00e9el de l'\u00e9tat de votre environnement \u00e9lectrique. Surveillez les param\u00e8tres critiques tels que :<\/p>\n<ul>\n<li><strong>Courant total (amp\u00e8res) :<\/strong>\u00a0Surveillez de pr\u00e8s le courant total consomm\u00e9 par tous les appareils connect\u00e9s. C'est essentiel pour \u00e9quilibrer efficacement la charge dans vos baies et pour vous assurer que vous restez en dessous de la capacit\u00e9 nominale de 15 A de l'unit\u00e9.<\/li>\n<li><strong>Tension d'entr\u00e9e (Volts) :<\/strong>\u00a0Assurez-vous que votre \u00e9quipement sensible re\u00e7oit une alimentation propre et stable dans la plage optimale de 110-125V. L'unit\u00e9 PDU peut vous alerter en cas de sous-tension ou de surtension potentiellement dangereuses.<\/li>\n<li><strong>Consommation \u00e9lectrique totale (kW) :<\/strong>\u00a0Suivez votre consommation d'\u00e9nergie avec pr\u00e9cision. Ces donn\u00e9es sont essentielles pour la planification de la capacit\u00e9, l'identification du mat\u00e9riel gourmand en \u00e9nergie et le calcul de mesures cl\u00e9s du centre de donn\u00e9es telles que l'efficacit\u00e9 de l'utilisation de l'\u00e9nergie (Power Usage Effectiveness - PUE).<\/li>\n<\/ul>\n<p>Les LED \"RUN\" et \"ALM\" (alarme) du panneau avant fournissent des mises \u00e0 jour visuelles imm\u00e9diates de l'\u00e9tat de l'appareil. L'indicateur d'alarme vous avertit localement lorsqu'un seuil d'alimentation ou d'environnement d\u00e9fini par l'utilisateur est d\u00e9pass\u00e9, ce qui vous permet de prendre des mesures imm\u00e9diates avant qu'un probl\u00e8me potentiel ne d\u00e9g\u00e9n\u00e8re en d\u00e9faillance critique.<\/p>\n<h3 id=\"-robust-secure-and-built-for-the-data-center-\"><strong>Robuste, s\u00e9curis\u00e9 et con\u00e7u pour le centre de donn\u00e9es<\/strong><\/h3>\n<p>Con\u00e7ue pour \u00eatre fiable dans les environnements industriels et informatiques exigeants, cette unit\u00e9 PDU est fabriqu\u00e9e en t\u00f4le robuste, ce qui garantit sa durabilit\u00e9 et sa long\u00e9vit\u00e9. La conception de montage en rack 1U standard permet une installation transparente dans n'importe quel rack de serveur de 19 pouces, ce qui permet de conserver un espace pr\u00e9cieux.<\/p>\n<p>La s\u00e9curit\u00e9 et la protection sont primordiales. L'appareil est \u00e9quip\u00e9 d'un disjoncteur mont\u00e9 en fa\u00e7ade qui assure une protection essentielle contre les surintensit\u00e9s pour tous les appareils connect\u00e9s. En cas de surcharge dangereuse, le disjoncteur coupe instantan\u00e9ment le circuit, prot\u00e9geant ainsi votre mat\u00e9riel co\u00fbteux. Une fois le probl\u00e8me r\u00e9solu, il peut \u00eatre facilement r\u00e9initialis\u00e9 pour r\u00e9tablir le courant.<\/p>\n<h3 id=\"-expanded-connectivity-for-environmental-awareness-\"><strong>Une connectivit\u00e9 \u00e9largie pour la sensibilisation \u00e0 l'environnement<\/strong><\/h3>\n<p>Cette PDU \u00e9tend ses capacit\u00e9s au-del\u00e0 de la gestion de l'alimentation en servant de plaque tournante pour la surveillance de l'environnement.<\/p>\n<ul>\n<li><strong>Encha\u00eenement de marguerites :<\/strong>\u00a0L'inclusion de ports r\u00e9seau \"IN\" et \"OUT\" vous permet de connecter plusieurs PDU en guirlande, en les reliant de mani\u00e8re \u00e0 ce qu'elles puissent \u00eatre g\u00e9r\u00e9es \u00e0 partir d'une seule adresse IP. Il s'agit d'une caract\u00e9ristique cruciale pour les d\u00e9ploiements \u00e0 haute densit\u00e9, car elle simplifie le c\u00e2blage et pr\u00e9serve les ports r\u00e9seau et les adresses IP limit\u00e9s.<\/li>\n<li><strong>Ports du capteur environnemental :<\/strong>\u00a0Des ports d\u00e9di\u00e9s \u00e9tiquet\u00e9s \"T\/H\" (temp\u00e9rature\/humidit\u00e9) et \"DOOR\" vous permettent de connecter des capteurs environnementaux optionnels. En ajoutant ces capteurs, la PDU se transforme en une solution compl\u00e8te de surveillance des racks. Suivez la temp\u00e9rature et l'humidit\u00e9 ambiantes dans votre rack afin d'\u00e9viter toute surchauffe de l'\u00e9quipement, et utilisez un capteur de contact de porte pour recevoir des alertes en cas d'acc\u00e8s physique non autoris\u00e9 \u00e0 votre rack, ajoutant ainsi une couche vitale de s\u00e9curit\u00e9 physique.<\/li>\n<\/ul>\n<p>En regroupant la gestion de l'alimentation et la surveillance de l'environnement dans un seul appareil et une seule interface, vous obtenez une vue holistique et int\u00e9gr\u00e9e de la sant\u00e9 et de la s\u00e9curit\u00e9 de votre infrastructure.<\/p>\n<h3 id=\"-the-smart-investment-for-modern-it-\"><strong>L'investissement intelligent pour l'informatique moderne<\/strong><\/h3>\n<p>Que vous g\u00e9riez un centre de donn\u00e9es \u00e0 grande \u00e9chelle, une installation de colocation, un site informatique distant ou une simple armoire \u00e0 serveurs, l'outil de gestion de l'information de la Commission europ\u00e9enne (CEI) est indispensable.\u00a0<strong>Unit\u00e9 de distribution d'\u00e9nergie intelligente pour montage en rack<\/strong>\u00a0est un investissement fondamental dans la fiabilit\u00e9 et l'efficacit\u00e9. Sa puissante combinaison de contr\u00f4le \u00e0 distance, de surveillance d\u00e9taill\u00e9e, de conception robuste et de respect de l'environnement fournit les outils dont vous avez besoin pour minimiser les temps d'arr\u00eat, r\u00e9duire les co\u00fbts d'exploitation et maintenir un contr\u00f4le total sur vos actifs informatiques critiques.<\/p>","protected":false},"excerpt":{"rendered":"<div class=\"chat-container\">\n<div class=\"chat-view-container ng-star-inserted\">\n<div>\n<div class=\"chat-turn-container model render cdk-focused cdk-mouse-focused\" tabindex=\"-1\">\n<div class=\"model-prompt-container\" data-turn-role=\"Model\">\n<div class=\"turn-content\">\n<p class=\"ng-star-inserted\"><span class=\"ng-star-inserted\">Cette unit\u00e9 de distribution d'alimentation intelligente pour montage en rack offre un contr\u00f4le avanc\u00e9 de votre \u00e9quipement. Elle offre 8 prises NEMA 5-15R, une capacit\u00e9 de 15A et une connectivit\u00e9 r\u00e9seau pour la surveillance et la gestion \u00e0 distance de l'alimentation. La conception durable en t\u00f4le avec un disjoncteur int\u00e9gr\u00e9 est id\u00e9ale pour tout rack de serveur.<\/span><\/p>\n<\/div>\n<\/div>\n<\/div>\n<\/div>\n<\/div>\n<\/div>","protected":false},"featured_media":1437,"template":"","meta":{"_kad_post_transparent":"default","_kad_post_title":"","_kad_post_layout":"default","_kad_post_sidebar_id":"","_kad_post_content_style":"default","_kad_post_vertical_padding":"default","_kad_post_feature":"","_kad_post_feature_position":"","_kad_post_header":false,"_kad_post_footer":false},"product_brand":[],"product_cat":[81],"product_tag":[214,173,193],"class_list":{"0":"post-1435","1":"product","2":"type-product","3":"status-publish","4":"has-post-thumbnail","6":"product_cat-smart-power-distribution-units","7":"product_tag-network-pdu","8":"product_tag-rackmount-pdu","9":"product_tag-smart-power-distribution-unit","11":"first","12":"instock","13":"shipping-taxable","14":"product-type-simple","15":"entry","16":"content-bg","17":"loop-entry"},"_links":{"self":[{"href":"https:\/\/24smartcharge.com\/fr\/wp-json\/wp\/v2\/product\/1435","targetHints":{"allow":["GET"]}}],"collection":[{"href":"https:\/\/24smartcharge.com\/fr\/wp-json\/wp\/v2\/product"}],"about":[{"href":"https:\/\/24smartcharge.com\/fr\/wp-json\/wp\/v2\/types\/product"}],"wp:featuredmedia":[{"embeddable":true,"href":"https:\/\/24smartcharge.com\/fr\/wp-json\/wp\/v2\/media\/1437"}],"wp:attachment":[{"href":"https:\/\/24smartcharge.com\/fr\/wp-json\/wp\/v2\/media?parent=1435"}],"wp:term":[{"taxonomy":"product_brand","embeddable":true,"href":"https:\/\/24smartcharge.com\/fr\/wp-json\/wp\/v2\/product_brand?post=1435"},{"taxonomy":"product_cat","embeddable":true,"href":"https:\/\/24smartcharge.com\/fr\/wp-json\/wp\/v2\/product_cat?post=1435"},{"taxonomy":"product_tag","embeddable":true,"href":"https:\/\/24smartcharge.com\/fr\/wp-json\/wp\/v2\/product_tag?post=1435"}],"curies":[{"name":"wp","href":"https:\/\/api.w.org\/{rel}","templated":true}]}}