{"id":1419,"date":"2025-08-07T03:35:17","date_gmt":"2025-08-07T03:35:17","guid":{"rendered":"https:\/\/24smartcharge.com\/?post_type=product&#038;p=1419"},"modified":"2025-08-07T06:36:13","modified_gmt":"2025-08-07T06:36:13","slug":"rackmount-smart-power-distribution-unit-30a-7-5kw","status":"publish","type":"product","link":"https:\/\/24smartcharge.com\/fr\/rackmount-smart-power-distribution-unit-30a-7-5kw\/","title":{"rendered":"Unit\u00e9 de distribution d'\u00e9nergie intelligente pour montage en rack, 30A, 7,5KW"},"content":{"rendered":"<p>&nbsp;<\/p>\n<h1 id=\"rackmount-smart-power-distribution-unit-30a-7-5kw\">Unit\u00e9 de distribution d'\u00e9nergie intelligente pour montage en rack, 30A, 7,5KW<\/h1>\n<p>Dans le monde de l'informatique \u00e0 haute densit\u00e9, o\u00f9 le temps de fonctionnement est primordial et o\u00f9 chaque pi\u00e8ce d'\u00e9quipement est un actif critique, la gestion de l'\u00e9nergie n'est pas seulement une utilit\u00e9, c'est le fondement de la stabilit\u00e9 et de la fiabilit\u00e9. La pr\u00e9sente \u00e9tude\u00a0<strong>Unit\u00e9 de distribution d'\u00e9nergie intelligente pour montage en rack<\/strong>\u00a0est con\u00e7u pour fournir une alimentation robuste, intelligente et s\u00e9curis\u00e9e \u00e0 votre infrastructure la plus vitale. Con\u00e7ue pour une int\u00e9gration transparente dans les racks de serveurs standard de 19 pouces, cette unit\u00e9 1U est la solution d\u00e9finitive pour les centres de donn\u00e9es, les armoires r\u00e9seau, les installations de colocation et les salles de serveurs qui exigent des performances sup\u00e9rieures et un contr\u00f4le granulaire de leur environnement d'alimentation.<\/p>\n<h3 id=\"-intelligent-power-monitoring-in-real-time-\"><strong>Surveillance intelligente de l'\u00e9nergie en temps r\u00e9el<\/strong><\/h3>\n<p>Ce qui distingue cet appareil, c'est son r\u00f4le de v\u00e9ritable\u00a0<strong>Unit\u00e9 de distribution d'\u00e9nergie intelligente<\/strong>. Il s'agit d'un \"mini-compteur\" num\u00e9rique \u00e0 haute visibilit\u00e9 qui permet de contr\u00f4ler en temps r\u00e9el et d'un seul coup d'\u0153il votre consommation d'\u00e9nergie. L'\u00e9cran LCD affiche clairement trois param\u00e8tres essentiels :<\/p>\n<ul>\n<li><strong>Tension (V) :<\/strong>\u00a0Surveillez la stabilit\u00e9 de votre alimentation \u00e9lectrique afin de vous assurer qu'elle reste dans la plage de fonctionnement s\u00fbre de votre \u00e9quipement informatique sensible. Cela permet de diagnostiquer les \u00e9ventuels probl\u00e8mes d'alimentation au niveau de l'installation avant qu'ils ne causent des dommages.<\/li>\n<li><strong>Courant (A) :<\/strong>\u00a0Gardez la trace de l'amp\u00e9rage total consomm\u00e9 par tous les appareils connect\u00e9s. C'est essentiel pour \u00e9quilibrer la charge et \u00e9viter les surcharges. En connaissant l'intensit\u00e9 exacte du courant consomm\u00e9, vous pouvez ajouter de nouveaux \u00e9quipements en toute s\u00e9curit\u00e9, sans deviner, et vous assurer de ne jamais d\u00e9passer la capacit\u00e9 maximale de 30 A de l'appareil.<\/li>\n<li><strong>Kilowatts (kW) :<\/strong>\u00a0Obtenez une lecture pr\u00e9cise de votre consommation \u00e9lectrique totale. Ces donn\u00e9es sont pr\u00e9cieuses pour la planification de la capacit\u00e9, le calcul des co\u00fbts \u00e9nerg\u00e9tiques et la mise en \u0153uvre d'initiatives informatiques \u00e9cologiques visant \u00e0 am\u00e9liorer l'efficacit\u00e9 de l'utilisation de l'\u00e9nergie (PUE).<\/li>\n<\/ul>\n<p>Cette surveillance intelligente transforme l'unit\u00e9 PDU d'une simple barrette d'alimentation en un outil strat\u00e9gique de gestion proactive du centre de donn\u00e9es, vous aidant \u00e0 optimiser les ressources, \u00e0 pr\u00e9venir les temps d'arr\u00eat et \u00e0 prendre des d\u00e9cisions \u00e9clair\u00e9es concernant votre infrastructure.<\/p>\n<h3 id=\"-high-density-output-with-secure-connectivity-\"><strong>Sortie haute densit\u00e9 avec connectivit\u00e9 s\u00e9curis\u00e9e<\/strong><\/h3>\n<p>Cette PDU est \u00e9quip\u00e9e de six prises IEC C13 standard, ce qui en fait le choix id\u00e9al pour alimenter un large \u00e9ventail de mat\u00e9riel informatique, notamment les serveurs, les commutateurs, les baies de stockage et d'autres p\u00e9riph\u00e9riques r\u00e9seau. La disposition verticale des prises permet une gestion propre des c\u00e2bles et un acc\u00e8s facile, m\u00eame dans les racks les plus encombr\u00e9s.<\/p>\n<p>Le m\u00e9canisme de verrouillage int\u00e9gr\u00e9 pour chaque prise, identifiable par les languettes rouges, est une caract\u00e9ristique remarquable. Ce syst\u00e8me est con\u00e7u pour maintenir fermement les cordons d'alimentation, emp\u00eachant les d\u00e9connexions accidentelles qui peuvent \u00eatre caus\u00e9es par les vibrations du rack, la maintenance de routine ou l'erreur humaine. Dans un environnement o\u00f9 un seul cordon d\u00e9branch\u00e9 peut entra\u00eener un temps d'arr\u00eat catastrophique, cette fonction de verrouillage apporte une tranquillit\u00e9 d'esprit essentielle, en garantissant que les connexions critiques restent in\u00e9branlables et s\u00fbres.<\/p>\n<h3 id=\"-uncompromising-safety-and-overcurrent-protection-\"><strong>S\u00e9curit\u00e9 et protection contre les surintensit\u00e9s sans compromis<\/strong><\/h3>\n<p>Au c\u0153ur du syst\u00e8me de s\u00e9curit\u00e9 de l'unit\u00e9 se trouve un disjoncteur magn\u00e9to-hydraulique Nader 32A haute performance. Log\u00e9 sous un couvercle transparent rabattable pour \u00e9viter les d\u00e9clenchements accidentels, ce disjoncteur offre une protection sup\u00e9rieure pour l'ensemble de votre rack d'\u00e9quipement. Contrairement aux disjoncteurs thermiques, les disjoncteurs magn\u00e9to-hydrauliques sont moins sensibles aux variations de temp\u00e9rature ambiante, ce qui permet d'obtenir un point de d\u00e9clenchement plus pr\u00e9cis et plus fiable en cas de surintensit\u00e9 ou de court-circuit dangereux.<\/p>\n<p>En cas de surcharge, le disjoncteur coupe instantan\u00e9ment l'alimentation de toutes les prises, prot\u00e9geant ainsi vos biens pr\u00e9cieux de dommages irr\u00e9parables. Il peut ensuite \u00eatre facilement r\u00e9initialis\u00e9 une fois la panne r\u00e9solue, ce qui minimise les temps d'arr\u00eat et \u00e9limine la n\u00e9cessit\u00e9 de remplacer les fusibles. Cet engagement en faveur de la s\u00e9curit\u00e9 t\u00e9moigne de la conception professionnelle de l'appareil.<\/p>\n<h3 id=\"-built-for-the-demands-of-professional-environments-\"><strong>Con\u00e7u pour r\u00e9pondre aux exigences des environnements professionnels<\/strong><\/h3>\n<p>Con\u00e7ue pour fonctionner 24 heures sur 24 et 7 jours sur 7, chaque composant de cette PDU a \u00e9t\u00e9 s\u00e9lectionn\u00e9 pour sa durabilit\u00e9 et sa fiabilit\u00e9.<\/p>\n<ul>\n<li><strong>Construction robuste :<\/strong>\u00a0Le ch\u00e2ssis est fabriqu\u00e9 \u00e0 partir d'un alliage d'aluminium robuste et l\u00e9ger, offrant une excellente dissipation de la chaleur et une protection physique. Sa finition noire par poudrage est \u00e0 la fois durable et esth\u00e9tiquement adapt\u00e9e aux environnements de serveurs professionnels.<\/li>\n<li><strong>Conception standard pour montage en rack :<\/strong>\u00a0Avec des dimensions de 483 mm x 44,5 mm x 44,5 mm, l'unit\u00e9 se conforme parfaitement \u00e0 la largeur standard de 19 pouces et \u00e0 la hauteur de 1U, ce qui permet une installation sans effort dans n'importe quel rack ou armoire de serveur aux normes EIA.<\/li>\n<li><strong>Haute capacit\u00e9, c\u00e2blage certifi\u00e9 :<\/strong>\u00a0Le c\u00e2blage interne est certifi\u00e9 UL et pr\u00e9sente une sp\u00e9cification ignifuge, ce qui garantit qu'il peut supporter sans risque la charge continue de 30 A \u00e0 sa capacit\u00e9 maximale de 7,5 kW. L'attention port\u00e9e \u00e0 la qualit\u00e9 des mat\u00e9riaux garantit des performances et une s\u00e9curit\u00e9 \u00e0 long terme.<\/li>\n<li><strong>Compatibilit\u00e9 mondiale et certification :<\/strong>\u00a0La PDU prend en charge une large plage de tension d'entr\u00e9e de 120-240V et une fr\u00e9quence de 50\/60Hz, ce qui en fait un choix polyvalent pour un d\u00e9ploiement international. En outre, elle d\u00e9tient des certifications internationales cl\u00e9s, notamment ETL pour les normes de s\u00e9curit\u00e9 nord-am\u00e9ricaines, CE pour la conformit\u00e9 au march\u00e9 europ\u00e9en et RoHS pour la restriction des substances dangereuses. Ces certifications confirment que l'appareil a \u00e9t\u00e9 rigoureusement test\u00e9 pour r\u00e9pondre aux normes mondiales strictes en mati\u00e8re de s\u00e9curit\u00e9, de qualit\u00e9 et de responsabilit\u00e9 environnementale.<\/li>\n<\/ul>\n<h3 id=\"-the-essential-investment-for-your-infrastructure-\"><strong>L'investissement essentiel pour votre infrastructure<\/strong><\/h3>\n<p>Le pr\u00e9sent\u00a0<strong>Unit\u00e9 de distribution d'\u00e9nergie intelligente pour montage en rack<\/strong>\u00a0est plus qu'un simple composant ; c'est un investissement dans la stabilit\u00e9, la s\u00e9curit\u00e9 et l'efficacit\u00e9 de l'ensemble de vos op\u00e9rations informatiques. En fournissant des mesures d\u00e9taill\u00e9es de l'alimentation, des connexions s\u00e9curis\u00e9es et une protection robuste contre les surintensit\u00e9s, il vous permet de prendre le contr\u00f4le total de votre infrastructure d'alimentation. Que vous construisiez un nouveau centre de donn\u00e9es, que vous modernisiez une salle de serveurs existante ou que vous ayez simplement besoin d'une distribution \u00e9lectrique fiable pour un seul rack d'\u00e9quipement, cette PDU offre les performances et les fonctionnalit\u00e9s dont vous avez besoin pour prot\u00e9ger vos actifs et maintenir un temps de fonctionnement maximal.<\/p>","protected":false},"excerpt":{"rendered":"<div class=\"chat-container\">\n<div class=\"chat-view-container ng-star-inserted\">\n<div>\n<div class=\"chat-turn-container model render cdk-focused cdk-mouse-focused\" tabindex=\"-1\">\n<div class=\"model-prompt-container\" data-turn-role=\"Model\">\n<div class=\"turn-content\">\n<p class=\"ng-star-inserted\"><span class=\"ng-star-inserted\">Cette unit\u00e9 de distribution d'\u00e9nergie intelligente \u00e0 montage en rack fournit une alimentation fiable \u00e0 votre \u00e9quipement. Elle comprend 6 prises C13, un compteur num\u00e9rique pour surveiller la tension, l'intensit\u00e9 et la puissance, et un disjoncteur hydraulique de 32 A pour la protection contre les surintensit\u00e9s. Son bo\u00eetier robuste en alliage d'aluminium garantit la durabilit\u00e9 de votre centre de donn\u00e9es ou de votre salle de serveurs.<\/span><\/p>\n<div class=\"turn-information ng-star-inserted\"><\/div>\n<\/div>\n<\/div>\n<div class=\"turn-footer ng-star-inserted\"><\/div>\n<\/div>\n<\/div>\n<\/div>\n<\/div>\n<footer class=\"not-zero-state ng-star-inserted\">\n<div class=\"mat-mdc-tooltip-trigger prompt-input-wrapper\">\n<div>\n<div class=\"prompt-input-wrapper-container\">\n<div class=\"text-wrapper\">\n<section class=\"text-and-attachments-wrapper\">\n<div class=\"text-input-wrapper\"><\/div>\n<\/section>\n<\/div>\n<\/div>\n<\/div>\n<\/div>\n<\/footer>","protected":false},"featured_media":1429,"template":"","meta":{"_kad_post_transparent":"default","_kad_post_title":"","_kad_post_layout":"default","_kad_post_sidebar_id":"","_kad_post_content_style":"default","_kad_post_vertical_padding":"default","_kad_post_feature":"","_kad_post_feature_position":"","_kad_post_header":false,"_kad_post_footer":false},"product_brand":[],"product_cat":[81,82],"product_tag":[195,173,193],"class_list":{"0":"post-1419","1":"product","2":"type-product","3":"status-publish","4":"has-post-thumbnail","6":"product_cat-smart-power-distribution-units","7":"product_cat-basic-power-distribution-units","8":"product_tag-metered-pdu","9":"product_tag-rackmount-pdu","10":"product_tag-smart-power-distribution-unit","12":"first","13":"instock","14":"shipping-taxable","15":"product-type-simple","16":"entry","17":"content-bg","18":"loop-entry"},"_links":{"self":[{"href":"https:\/\/24smartcharge.com\/fr\/wp-json\/wp\/v2\/product\/1419","targetHints":{"allow":["GET"]}}],"collection":[{"href":"https:\/\/24smartcharge.com\/fr\/wp-json\/wp\/v2\/product"}],"about":[{"href":"https:\/\/24smartcharge.com\/fr\/wp-json\/wp\/v2\/types\/product"}],"wp:featuredmedia":[{"embeddable":true,"href":"https:\/\/24smartcharge.com\/fr\/wp-json\/wp\/v2\/media\/1429"}],"wp:attachment":[{"href":"https:\/\/24smartcharge.com\/fr\/wp-json\/wp\/v2\/media?parent=1419"}],"wp:term":[{"taxonomy":"product_brand","embeddable":true,"href":"https:\/\/24smartcharge.com\/fr\/wp-json\/wp\/v2\/product_brand?post=1419"},{"taxonomy":"product_cat","embeddable":true,"href":"https:\/\/24smartcharge.com\/fr\/wp-json\/wp\/v2\/product_cat?post=1419"},{"taxonomy":"product_tag","embeddable":true,"href":"https:\/\/24smartcharge.com\/fr\/wp-json\/wp\/v2\/product_tag?post=1419"}],"curies":[{"name":"wp","href":"https:\/\/api.w.org\/{rel}","templated":true}]}}