{"id":1403,"date":"2025-08-07T03:21:30","date_gmt":"2025-08-07T03:21:30","guid":{"rendered":"https:\/\/24smartcharge.com\/?post_type=product&#038;p=1403"},"modified":"2025-08-07T03:21:30","modified_gmt":"2025-08-07T03:21:30","slug":"32a-4-outlet-smart-power-distribution-unit-for-server-rack","status":"publish","type":"product","link":"https:\/\/24smartcharge.com\/fr\/32a-4-outlet-smart-power-distribution-unit-for-server-rack\/","title":{"rendered":"Unit\u00e9 de distribution d'alimentation intelligente 32A \u00e0 4 prises pour baie de serveur"},"content":{"rendered":"<h1 id=\"-take-control-of-your-power-the-32a-4-outlet-smart-power-distribution-unit-\"><strong>Prenez le contr\u00f4le de votre alimentation : le distributeur d'alimentation intelligent 32A \u00e0 4 prises<\/strong><\/h1>\n<p>Dans le monde de l'informatique \u00e0 haute densit\u00e9 et des op\u00e9rations industrielles critiques, la puissance est essentielle. Il ne s'agit pas seulement de fournir de l'\u00e9lectricit\u00e9, mais de le faire avec intelligence, fiabilit\u00e9 et pr\u00e9cision. Les multiprises de base ne suffisent plus pour r\u00e9pondre aux exigences des baies de serveurs, des centres de donn\u00e9es et des machines automatis\u00e9es modernes. Vous avez besoin d'une solution qui assure non seulement la distribution, mais aussi une connaissance approfondie et un contr\u00f4le solide de votre environnement \u00e9lectrique. C'est l\u00e0 que la solution\u00a0<strong>Unit\u00e9 de distribution d'alimentation intelligente (PDU) 32A \u00e0 4 prises<\/strong>\u00a0\u00e9tablit une nouvelle norme pour la gestion professionnelle de l'\u00e9nergie.<\/p>\n<p>Con\u00e7ue pour les administrateurs syst\u00e8me, les professionnels de l'informatique et les ing\u00e9nieurs qui exigent des performances sans compromis, cette unit\u00e9 PDU montable en rack est la pierre angulaire d'une infrastructure stable et efficace. Elle va au-del\u00e0 de la simple fourniture d'\u00e9nergie, transformant une connexion \u00e9lectrique standard en un actif g\u00e9r\u00e9, surveill\u00e9 et optimis\u00e9.<\/p>\n<h3 id=\"-intelligent-monitoring-at-a-glance-and-from-afar-\"><strong>Surveillance intelligente d'un coup d'\u0153il et \u00e0 distance<\/strong><\/h3>\n<p>L'une des principales caract\u00e9ristiques de cette unit\u00e9 PDU intelligente est sa capacit\u00e9 \u00e0 fournir des donn\u00e9es compl\u00e8tes sur l'alimentation en temps r\u00e9el. Cette fonction est assur\u00e9e par deux interfaces principales : un \u00e9cran LCD local tr\u00e8s clair et un syst\u00e8me sophistiqu\u00e9 de gestion \u00e0 distance.<\/p>\n<p><strong>Affichage local sur place :<\/strong>\u00a0Mont\u00e9 directement sur l'unit\u00e9, un \u00e9cran LCD lumineux et facile \u00e0 lire permet de v\u00e9rifier imm\u00e9diatement l'\u00e9tat de votre environnement \u00e9lectrique. Sans avoir besoin de se connecter \u00e0 un r\u00e9seau, vous pouvez voir instantan\u00e9ment les mesures critiques :<\/p>\n<ul>\n<li><strong>Tension (U) :<\/strong>\u00a0Surveillez la tension d'entr\u00e9e (par exemple, 227,4 V) pour vous assurer qu'elle se situe dans la plage de fonctionnement s\u00fbre pour votre \u00e9quipement sensible. Cela permet de se prot\u00e9ger contre les baisses de tension ou les surtensions dommageables.<\/li>\n<li><strong>Courant (I) :<\/strong>\u00a0Suivez l'amp\u00e9rage total consomm\u00e9 par tous les appareils connect\u00e9s. Cette information est cruciale pour la gestion de la charge et la pr\u00e9vention des surcharges qui pourraient d\u00e9clencher un disjoncteur, entra\u00eenant des temps d'arr\u00eat catastrophiques.<\/li>\n<li><strong>Puissance (P) :<\/strong>\u00a0Visualisez la consommation d'\u00e9nergie en temps r\u00e9el en kilowatts (kW), ce qui vous permet de conna\u00eetre pr\u00e9cis\u00e9ment la consommation d'\u00e9nergie de votre \u00e9quipement \u00e0 tout moment.<\/li>\n<li><strong>Facteur de puissance (PF) :<\/strong>\u00a0Indicateur de l'efficacit\u00e9 \u00e9lectrique. Un PF affich\u00e9 de 1,000 signifie une efficacit\u00e9 parfaite, c'est-\u00e0-dire que toute l'\u00e9nergie fournie est utilis\u00e9e efficacement par votre mat\u00e9riel.<\/li>\n<li><strong>\u00c9nergie (E) :<\/strong>\u00a0Consultez l'\u00e9nergie cumul\u00e9e consomm\u00e9e au fil du temps en kilowattheures (kWh). Ces donn\u00e9es sont pr\u00e9cieuses pour calculer les co\u00fbts d'exploitation, identifier les appareils gourmands en \u00e9nergie et lancer des initiatives d'\u00e9conomie d'\u00e9nergie.<\/li>\n<\/ul>\n<p><strong>Gestion \u00e0 distance compl\u00e8te :<\/strong>\u00a0La v\u00e9ritable capacit\u00e9 \"intelligente\" est r\u00e9v\u00e9l\u00e9e par sa connectivit\u00e9 r\u00e9seau. \u00c9quip\u00e9e de ports RJ45 \"NET\", cette PDU s'int\u00e8gre parfaitement \u00e0 votre r\u00e9seau existant. Une fois connect\u00e9e, les administrateurs syst\u00e8me peuvent :<\/p>\n<ul>\n<li><strong>Contr\u00f4ler \u00e0 distance :<\/strong>\u00a0Acc\u00e9dez \u00e0 toutes les mesures de puissance \u00e0 partir d'un tableau de bord bas\u00e9 sur le web, o\u00f9 que vous soyez dans le monde.<\/li>\n<li><strong>Mettre en place des alertes :<\/strong>\u00a0Configurez des seuils de tension, de courant ou de puissance. Si ces limites sont d\u00e9pass\u00e9es, la PDU peut envoyer des alertes automatiques par courrier \u00e9lectronique ou des trappes SNMP, ce qui vous permet de r\u00e9soudre les probl\u00e8mes potentiels avant qu'ils ne deviennent des d\u00e9faillances critiques.<\/li>\n<li><strong>Unit\u00e9s multiples en guirlande :<\/strong>\u00a0Les ports r\u00e9seau \"IN\" et \"OUT\" vous permettent de relier plusieurs PDU entre elles. Cela signifie que vous pouvez g\u00e9rer un rack entier de PDU, ou m\u00eame plusieurs racks, \u00e0 partir d'une seule adresse IP, ce qui vous permet d'\u00e9conomiser des ports pr\u00e9cieux sur vos commutateurs r\u00e9seau.<\/li>\n<li><strong>Firmware et configuration :<\/strong>\u00a0Un port s\u00e9rie d\u00e9di\u00e9 (SER) et un port USB offrent des options fiables pour la configuration initiale, l'acc\u00e8s direct \u00e0 la console et les mises \u00e0 jour du micrologiciel, garantissant ainsi que la PDU reste s\u00e9curis\u00e9e et \u00e0 jour.<\/li>\n<\/ul>\n<h3 id=\"-engineered-for-demanding-environments-\"><strong>Con\u00e7u pour les environnements exigeants<\/strong><\/h3>\n<p>L'alimentation des \u00e9quipements critiques n\u00e9cessite un appareil con\u00e7u pour durer et \u00eatre s\u00fbr. Cette unit\u00e9 PDU intelligente est con\u00e7ue pour r\u00e9pondre et d\u00e9passer les exigences rigoureuses de tout environnement professionnel.<\/p>\n<ul>\n<li><strong>Puissance \u00e0 haute capacit\u00e9 :<\/strong>\u00a0Avec un\u00a0<strong>Tension nominale de 230V<\/strong>\u00a0et d'un solide\u00a0<strong>Courant nominal de 32A<\/strong>Gr\u00e2ce \u00e0 sa conception, cette unit\u00e9 est con\u00e7ue pour g\u00e9rer des charges \u00e0 haute densit\u00e9. Elle peut alimenter confortablement plusieurs serveurs, baies de stockage et commutateurs r\u00e9seau simultan\u00e9ment, ce qui en fait un choix id\u00e9al pour les ch\u00e2ssis de serveurs lames ou les racks enti\u00e8rement peupl\u00e9s.<\/li>\n<li><strong>Qualit\u00e9 de construction sup\u00e9rieure :<\/strong>\u00a0Le ch\u00e2ssis est forg\u00e9 \u00e0 partir d'un mat\u00e9riau r\u00e9sistant et l\u00e9ger.\u00a0<strong>Coque en alliage d'aluminium<\/strong>. Ce mat\u00e9riau offre non seulement une protection physique exceptionnelle, mais agit \u00e9galement comme un excellent dissipateur thermique, aidant \u00e0 dissiper la chaleur et \u00e0 maintenir des temp\u00e9ratures de fonctionnement optimales dans un rack encombr\u00e9.<\/li>\n<li><strong>Une s\u00e9curit\u00e9 sans compromis :<\/strong>\u00a0Les douilles sont fabriqu\u00e9es \u00e0 partir d'un\u00a0<strong>Module PC ininflammable<\/strong>\u00a0avec un\u00a0<strong>Classement UL94V-0<\/strong>. Il s'agit de la norme la plus \u00e9lev\u00e9e en mati\u00e8re de s\u00e9curit\u00e9 incendie dans les mati\u00e8res plastiques, qui certifie que le mat\u00e9riau s'\u00e9teint de lui-m\u00eame dans les 10 secondes suivant son exposition \u00e0 une flamme directe. Cet engagement en faveur de la s\u00e9curit\u00e9 est en outre valid\u00e9 par une s\u00e9rie de certifications internationales, notamment\u00a0<strong>CE, RoHS et ETL<\/strong>La Commission europ\u00e9enne a mis en place un syst\u00e8me de gestion de la s\u00e9curit\u00e9 qui garantit la conformit\u00e9 avec les normes de s\u00e9curit\u00e9 europ\u00e9ennes, les restrictions concernant les mati\u00e8res dangereuses et les agr\u00e9ments de s\u00e9curit\u00e9 pour l'Am\u00e9rique du Nord.<\/li>\n<\/ul>\n<h3 id=\"-seamless-integration-and-versatile-application-\"><strong>Int\u00e9gration transparente et application polyvalente<\/strong><\/h3>\n<p>Con\u00e7ue dans un souci de praticit\u00e9, cette unit\u00e9 de distribution d'\u00e9nergie intelligente s'int\u00e8gre sans effort dans les infrastructures informatiques et industrielles standard.<\/p>\n<ul>\n<li><strong>Conception standard de montage en rack 1U :<\/strong>\u00a0Avec des dimensions de\u00a0<strong>486 x 120 x 44,5 mm<\/strong>En outre, l'unit\u00e9 est parfaitement dimensionn\u00e9e pour un rack de serveur standard de 19 pouces, occupant seulement 1U d'espace vertical. Cela permet une installation facile \u00e0 c\u00f4t\u00e9 de l'\u00e9quipement m\u00eame qu'il est con\u00e7u pour alimenter et prot\u00e9ger.<\/li>\n<li><strong>Prises polyvalentes :<\/strong>\u00a0L'unit\u00e9 PDU est dot\u00e9e de quatre prises universelles, offrant des connexions s\u00fbres et fiables pour une vari\u00e9t\u00e9 de types de fiches que l'on trouve couramment sur le mat\u00e9riel informatique.<\/li>\n<li><strong>Large \u00e9ventail d'applications :<\/strong>\u00a0S'il est parfait pour les centres de donn\u00e9es, sa conception robuste le rend adapt\u00e9 \u00e0 une multitude d'applications, notamment :\n<ul>\n<li><strong>Automatisation industrielle :<\/strong>\u00a0Alimenter les syst\u00e8mes de contr\u00f4le et les machines dans l'atelier.<\/li>\n<li><strong>Centres de t\u00e9l\u00e9communications :<\/strong>\u00a0Assurer un temps de fonctionnement fiable des \u00e9quipements de r\u00e9seau et de communication.<\/li>\n<li><strong>Laboratoires d'\u00e9lectronique et R&amp;D :<\/strong>\u00a0Fournir une alimentation propre et contr\u00f4l\u00e9e pour les essais et le d\u00e9veloppement.<\/li>\n<li><strong>Transmission de l'\u00e9nergie \u00e9lectrique et ext\u00e9rieure :<\/strong>\u00a0Sa construction durable se pr\u00eate \u00e0 une utilisation dans des environnements plus difficiles o\u00f9 la fiabilit\u00e9 est primordiale.<\/li>\n<\/ul>\n<\/li>\n<\/ul>","protected":false},"excerpt":{"rendered":"<div class=\"chat-container\">\n<div class=\"chat-view-container ng-star-inserted\">\n<div>\n<div class=\"chat-turn-container model render cdk-focused cdk-mouse-focused\" tabindex=\"-1\">\n<div class=\"model-prompt-container\" data-turn-role=\"Model\">\n<div class=\"turn-content\">\n<p class=\"ng-star-inserted\"><span class=\"ng-star-inserted\">G\u00e9rez efficacement les baies de serveurs avec cette unit\u00e9 de distribution d'alimentation intelligente de 32A \u00e0 4 prises. Il est dot\u00e9 d'un \u00e9cran LCD pour la surveillance en temps r\u00e9el de l'alimentation (V, A, P) et de ports r\u00e9seau pour la gestion \u00e0 distance. La coque en alliage d'aluminium durable garantit une alimentation fiable pour les \u00e9quipements informatiques critiques.<\/span><\/p>\n<div class=\"turn-information ng-star-inserted\"><\/div>\n<\/div>\n<\/div>\n<div class=\"turn-footer ng-star-inserted\"><\/div>\n<\/div>\n<\/div>\n<\/div>\n<\/div>\n<footer class=\"not-zero-state ng-star-inserted\">\n<div class=\"mat-mdc-tooltip-trigger prompt-input-wrapper\">\n<div>\n<div class=\"prompt-input-wrapper-container\">\n<div class=\"text-wrapper\">\n<section class=\"text-and-attachments-wrapper\">\n<div class=\"text-input-wrapper\"><\/div>\n<\/section>\n<\/div>\n<\/div>\n<\/div>\n<\/div>\n<\/footer>","protected":false},"featured_media":1420,"template":"","meta":{"_kad_post_transparent":"default","_kad_post_title":"","_kad_post_layout":"default","_kad_post_sidebar_id":"","_kad_post_content_style":"default","_kad_post_vertical_padding":"default","_kad_post_feature":"","_kad_post_feature_position":"","_kad_post_header":false,"_kad_post_footer":false},"product_brand":[],"product_cat":[81],"product_tag":[213,181,193],"class_list":{"0":"post-1403","1":"product","2":"type-product","3":"status-publish","4":"has-post-thumbnail","6":"product_cat-smart-power-distribution-units","7":"product_tag-32a-pdu","8":"product_tag-rack-pdu","9":"product_tag-smart-power-distribution-unit","11":"first","12":"instock","13":"shipping-taxable","14":"product-type-simple","15":"entry","16":"content-bg","17":"loop-entry"},"_links":{"self":[{"href":"https:\/\/24smartcharge.com\/fr\/wp-json\/wp\/v2\/product\/1403","targetHints":{"allow":["GET"]}}],"collection":[{"href":"https:\/\/24smartcharge.com\/fr\/wp-json\/wp\/v2\/product"}],"about":[{"href":"https:\/\/24smartcharge.com\/fr\/wp-json\/wp\/v2\/types\/product"}],"wp:featuredmedia":[{"embeddable":true,"href":"https:\/\/24smartcharge.com\/fr\/wp-json\/wp\/v2\/media\/1420"}],"wp:attachment":[{"href":"https:\/\/24smartcharge.com\/fr\/wp-json\/wp\/v2\/media?parent=1403"}],"wp:term":[{"taxonomy":"product_brand","embeddable":true,"href":"https:\/\/24smartcharge.com\/fr\/wp-json\/wp\/v2\/product_brand?post=1403"},{"taxonomy":"product_cat","embeddable":true,"href":"https:\/\/24smartcharge.com\/fr\/wp-json\/wp\/v2\/product_cat?post=1403"},{"taxonomy":"product_tag","embeddable":true,"href":"https:\/\/24smartcharge.com\/fr\/wp-json\/wp\/v2\/product_tag?post=1403"}],"curies":[{"name":"wp","href":"https:\/\/api.w.org\/{rel}","templated":true}]}}