{"id":1398,"date":"2025-08-07T02:56:25","date_gmt":"2025-08-07T02:56:25","guid":{"rendered":"https:\/\/24smartcharge.com\/?post_type=product&#038;p=1398"},"modified":"2025-08-07T02:57:58","modified_gmt":"2025-08-07T02:57:58","slug":"industrial-smart-power-distribution-unit-9-outlet-480v","status":"publish","type":"product","link":"https:\/\/24smartcharge.com\/fr\/industrial-smart-power-distribution-unit-9-outlet-480v\/","title":{"rendered":"Unit\u00e9 de distribution d'\u00e9nergie intelligente industrielle 9 prises 480V"},"content":{"rendered":"<h1 id=\"revolutionize-your-power-management-with-the-industrial-smart-power-distribution-unit\">R\u00e9volutionnez votre gestion de l'\u00e9nergie avec l'unit\u00e9 de distribution d'\u00e9nergie intelligente pour l'industrie<\/h1>\n<p>Dans le monde des op\u00e9rations industrielles \u00e0 fort enjeu et des infrastructures informatiques critiques, l'\u00e9nergie n'est pas seulement un service public, c'est l'\u00e9l\u00e9ment vital de l'ensemble de vos op\u00e9rations. La moindre interruption ou inefficacit\u00e9 peut entra\u00eener une perte de donn\u00e9es catastrophique, des temps d'arr\u00eat co\u00fbteux et des revers op\u00e9rationnels importants. C'est l\u00e0 qu'une solution de gestion de l'\u00e9nergie robuste et intelligente devient indispensable. La solution de gestion de l'\u00e9nergie\u00a0<strong>Unit\u00e9 de distribution d'\u00e9nergie industrielle intelligente<\/strong>L'unit\u00e9 PDUMC est un appareil de pointe m\u00e9ticuleusement con\u00e7u pour fournir une alimentation fiable, g\u00e9rable et s\u00fbre \u00e0 vos environnements les plus exigeants. Con\u00e7ue pour les baies de serveurs, les centres de donn\u00e9es et les applications industrielles, cette PDU est le centre de commande ultime pour vos besoins en alimentation \u00e0 haute densit\u00e9.<\/p>\n<h2 id=\"high-voltage-three-phase-power-delivery\">Alimentation \u00e9lectrique triphas\u00e9e \u00e0 haute tension<\/h2>\n<p>La capacit\u00e9 exceptionnelle de cette unit\u00e9 repose sur le soutien qu'elle apporte \u00e0\u00a0<strong>Alimentation triphas\u00e9e 480V<\/strong>. Contrairement aux barrettes d'alimentation standard con\u00e7ues pour le bureau ou la maison, cette unit\u00e9 PDU est con\u00e7ue pour g\u00e9rer les \u00e9normes charges \u00e9lectriques requises par les serveurs d'entreprise, les \u00e9quipements de r\u00e9seau et les machines industrielles lourdes. La conception triphas\u00e9e garantit un flux \u00e9lectrique \u00e9quilibr\u00e9 et continu, ce qui est essentiel pour la stabilit\u00e9 et la long\u00e9vit\u00e9 des \u00e9quipements sensibles et de haute performance.<\/p>\n<p>L'appareil comporte neuf prises, organis\u00e9es intelligemment en trois banques distinctes, cod\u00e9es par couleur :<\/p>\n<ul>\n<li><strong>Trois sorties rouges<\/strong><\/li>\n<li><strong>Trois sorties jaunes<\/strong><\/li>\n<li><strong>Trois sorties bleues<\/strong><\/li>\n<\/ul>\n<p>Ce code couleur n'est pas seulement esth\u00e9tique, il fournit un guide visuel imm\u00e9diat et intuitif pour l'\u00e9quilibrage de la charge. Les administrateurs syst\u00e8me et les techniciens peuvent facilement r\u00e9partir les connexions d'alimentation sur les trois phases, \u00e9vitant ainsi les surcharges sur une seule phase et garantissant des performances et une s\u00e9curit\u00e9 optimales pour l'ensemble du rack. Cette conception r\u00e9fl\u00e9chie simplifie l'installation, rationalise la maintenance et r\u00e9duit consid\u00e9rablement le risque d'erreur humaine dans les configurations complexes.<\/p>\n<h2 id=\"intelligent-remote-management-and-control\">Gestion et contr\u00f4le \u00e0 distance intelligents<\/h2>\n<p>Ce qui distingue vraiment cet appareil et lui vaut le titre d'unit\u00e9 de distribution d'\u00e9nergie intelligente, ce sont ses capacit\u00e9s avanc\u00e9es de gestion \u00e0 distance. Dans le monde interconnect\u00e9 d'aujourd'hui, la possibilit\u00e9 de surveiller et de contr\u00f4ler l'infrastructure depuis n'importe o\u00f9 est primordiale. Cette unit\u00e9 de distribution d'\u00e9nergie s'int\u00e8gre parfaitement \u00e0 votre r\u00e9seau et vous permet de contr\u00f4ler \u00e0 distance l'ensemble de votre environnement \u00e9lectrique.<\/p>\n<p>Par l'interm\u00e9diaire d'une interface r\u00e9seau, vous pouvez<\/p>\n<ul>\n<li><strong>Consommation \u00e9lectrique du moniteur :<\/strong>\u00a0Surveillez de pr\u00e8s la tension, le courant et l'utilisation de l'\u00e9nergie pour chaque groupe de prises. Ces donn\u00e9es sont pr\u00e9cieuses pour la planification de la capacit\u00e9, l'identification des appareils gourmands en \u00e9nergie et l'am\u00e9lioration de l'efficacit\u00e9 \u00e9nerg\u00e9tique globale (PUE) de votre centre de donn\u00e9es.<\/li>\n<li><strong>Commande de sortie \u00e0 distance :<\/strong>\u00a0Vous avez besoin de red\u00e9marrer un serveur gel\u00e9 ou de mettre sous tension un \u00e9quipement sans \u00eatre physiquement pr\u00e9sent ? La fonctionnalit\u00e9 intelligente vous permet d'activer ou de d\u00e9sactiver \u00e0 distance des banques de prises individuelles, ce qui vous permet de gagner un temps pr\u00e9cieux et d'\u00e9viter les appels de service co\u00fbteux sur site.<\/li>\n<li><strong>D\u00e9finir des alertes personnalis\u00e9es :<\/strong>\u00a0G\u00e9rez votre \u00e9nergie de mani\u00e8re proactive en configurant des alertes automatiques pour les probl\u00e8mes potentiels tels que les surcharges ou les consommations d'\u00e9nergie inhabituelles. Recevez des notifications par courrier \u00e9lectronique ou par trappes SNMP, ce qui vous permet de r\u00e9soudre les probl\u00e8mes avant qu'ils ne se transforment en pannes critiques.<\/li>\n<\/ul>\n<p>Ce niveau de contr\u00f4le granulaire transforme la gestion de l'\u00e9nergie d'une t\u00e2che r\u00e9active en une strat\u00e9gie proactive, am\u00e9liorant ainsi la fiabilit\u00e9 et l'efficacit\u00e9 op\u00e9rationnelle.<\/p>\n<h2 id=\"uncompromising-safety-and-durability\">S\u00e9curit\u00e9 et durabilit\u00e9 sans compromis<\/h2>\n<p>Une puissance de cette ampleur exige une approche sans compromis de la s\u00e9curit\u00e9. Cette unit\u00e9 de distribution d'\u00e9nergie intelligente est construite avec plusieurs couches de protection pour prot\u00e9ger \u00e0 la fois votre \u00e9quipement et votre personnel.<\/p>\n<p>Chacune des trois banques de prises de courant cod\u00e9es par couleur est prot\u00e9g\u00e9e par son propre protecteur de surcharge et son propre disjoncteur. En cas de surtension ou de court-circuit sur l'une des banques, seule cette section sp\u00e9cifique se d\u00e9clenchera, laissant les six autres prises pleinement op\u00e9rationnelles. Cette protection compartiment\u00e9e \u00e9vite qu'une d\u00e9faillance d'un seul appareil ne provoque un arr\u00eat en cascade de l'ensemble du rack.<\/p>\n<p>En outre, chaque disjoncteur est log\u00e9 dans un couvercle de protection transparent et rabattable. Cette caract\u00e9ristique simple mais efficace emp\u00eache les chocs ou les accrochages accidentels de couper par inadvertance l'alimentation des syst\u00e8mes critiques, un probl\u00e8me courant dans les salles de serveurs tr\u00e8s fr\u00e9quent\u00e9es et dans les environnements industriels. Construit \u00e0 partir de mat\u00e9riaux de haute qualit\u00e9 et durables, le\u00a0<strong>t\u00f4le<\/strong>Le ch\u00e2ssis est con\u00e7u pour r\u00e9sister aux rigueurs physiques de tout environnement professionnel, tandis que la mise \u00e0 la terre standard garantit une s\u00e9curit\u00e9 \u00e9lectrique maximale. La conception et les composants de l'appareil sont valid\u00e9s par des certifications internationales de premier plan, notamment\u00a0<strong>CE, UL, RoHS et ETL<\/strong>garantissant le respect des normes les plus strictes en mati\u00e8re de s\u00e9curit\u00e9 et d'environnement.<\/p>\n<h2 id=\"designed-for-professional-applications\">Con\u00e7u pour les applications professionnelles<\/h2>\n<p>De sa forme \u00e0 ses caract\u00e9ristiques, chaque aspect de cette PDU est optimis\u00e9 pour une utilisation professionnelle. Le corps allong\u00e9 et les supports de montage int\u00e9gr\u00e9s sont con\u00e7us pour une installation transparente dans les racks et armoires de serveurs standard, permettant un montage vertical (0U) ou horizontal.<\/p>\n<p>Sa polyvalence en fait la solution d'alimentation parfaite pour une large gamme d'applications :<\/p>\n<ul>\n<li><strong>Centres de donn\u00e9es informatiques et baies de serveurs :<\/strong>\u00a0Fournir une alimentation fiable et g\u00e9rable aux racks remplis de serveurs, de commutateurs et de baies de stockage.<\/li>\n<li><strong>Syst\u00e8mes de refroidissement par eau :<\/strong>\u00a0Alimenter les pompes et les syst\u00e8mes de contr\u00f4le des baies de serveurs refroidies par liquide, o\u00f9 la fiabilit\u00e9 de l'alimentation est directement li\u00e9e \u00e0 la pr\u00e9vention des dommages thermiques.<\/li>\n<li><strong>Automatisation industrielle :<\/strong>\u00a0Les syst\u00e8mes de contr\u00f4le, la robotique et les autres machines de l'usine b\u00e9n\u00e9ficient d'une alimentation stable et prot\u00e9g\u00e9e.<\/li>\n<li><strong>Moyens de transmission de l'\u00e9nergie \u00e9lectrique :<\/strong>\u00a0G\u00e9rer l'alimentation des \u00e9quipements critiques de surveillance et de transmission.<\/li>\n<\/ul>\n<p>En tant que solution OEM\/ODM, cette\u00a0<strong>Unit\u00e9 de distribution d'\u00e9nergie intelligente<\/strong>\u00a0offre une plateforme flexible qui peut \u00eatre personnalis\u00e9e et marqu\u00e9e pour r\u00e9pondre aux besoins sp\u00e9cifiques de l'entreprise, ce qui en fait un atout v\u00e9ritablement polyvalent pour toute organisation ax\u00e9e sur la technologie.<\/p>","protected":false},"excerpt":{"rendered":"<div class=\"chat-container\">\n<div class=\"chat-view-container ng-star-inserted\">\n<div>\n<div class=\"chat-turn-container model render cdk-focused cdk-mouse-focused\" tabindex=\"-1\">\n<div class=\"model-prompt-container\" data-turn-role=\"Model\">\n<div class=\"turn-content\">\n<p class=\"ng-star-inserted\"><span class=\"ng-star-inserted\">Cette unit\u00e9 de distribution d'\u00e9nergie industrielle intelligente, robuste et en t\u00f4le, est con\u00e7ue pour une alimentation triphas\u00e9e de 480 V. Elle comporte 9 prises cod\u00e9es par couleur pour les centres de donn\u00e9es et les baies de serveurs. Elle comporte 9 prises \u00e0 code couleur pour les centres de donn\u00e9es et les baies de serveurs. Elle comprend une commande \u00e0 distance et une protection individuelle contre les surcharges pour une s\u00e9curit\u00e9 et une gestion accrues.<\/span><\/p>\n<div class=\"turn-information ng-star-inserted\"><\/div>\n<\/div>\n<\/div>\n<div class=\"turn-footer ng-star-inserted\"><\/div>\n<\/div>\n<\/div>\n<\/div>\n<\/div>\n<footer class=\"not-zero-state ng-star-inserted\">\n<div class=\"mat-mdc-tooltip-trigger prompt-input-wrapper\">\n<div>\n<div class=\"prompt-input-wrapper-container\">\n<div class=\"text-wrapper\">\n<section class=\"text-and-attachments-wrapper\">\n<div class=\"text-input-wrapper\"><\/div>\n<\/section>\n<\/div>\n<\/div>\n<\/div>\n<\/div>\n<\/footer>","protected":false},"featured_media":1404,"template":"","meta":{"_kad_post_transparent":"default","_kad_post_title":"","_kad_post_layout":"default","_kad_post_sidebar_id":"","_kad_post_content_style":"default","_kad_post_vertical_padding":"default","_kad_post_feature":"","_kad_post_feature_position":"","_kad_post_header":false,"_kad_post_footer":false},"product_brand":[],"product_cat":[81],"product_tag":[184,212,193],"class_list":{"0":"post-1398","1":"product","2":"type-product","3":"status-publish","4":"has-post-thumbnail","6":"product_cat-smart-power-distribution-units","7":"product_tag-data-center-pdu","8":"product_tag-remote-control-pdu","9":"product_tag-smart-power-distribution-unit","11":"first","12":"instock","13":"shipping-taxable","14":"product-type-simple","15":"entry","16":"content-bg","17":"loop-entry"},"_links":{"self":[{"href":"https:\/\/24smartcharge.com\/fr\/wp-json\/wp\/v2\/product\/1398","targetHints":{"allow":["GET"]}}],"collection":[{"href":"https:\/\/24smartcharge.com\/fr\/wp-json\/wp\/v2\/product"}],"about":[{"href":"https:\/\/24smartcharge.com\/fr\/wp-json\/wp\/v2\/types\/product"}],"wp:featuredmedia":[{"embeddable":true,"href":"https:\/\/24smartcharge.com\/fr\/wp-json\/wp\/v2\/media\/1404"}],"wp:attachment":[{"href":"https:\/\/24smartcharge.com\/fr\/wp-json\/wp\/v2\/media?parent=1398"}],"wp:term":[{"taxonomy":"product_brand","embeddable":true,"href":"https:\/\/24smartcharge.com\/fr\/wp-json\/wp\/v2\/product_brand?post=1398"},{"taxonomy":"product_cat","embeddable":true,"href":"https:\/\/24smartcharge.com\/fr\/wp-json\/wp\/v2\/product_cat?post=1398"},{"taxonomy":"product_tag","embeddable":true,"href":"https:\/\/24smartcharge.com\/fr\/wp-json\/wp\/v2\/product_tag?post=1398"}],"curies":[{"name":"wp","href":"https:\/\/api.w.org\/{rel}","templated":true}]}}