{"id":1397,"date":"2025-08-07T02:32:58","date_gmt":"2025-08-07T02:32:58","guid":{"rendered":"https:\/\/24smartcharge.com\/?post_type=product&#038;p=1397"},"modified":"2025-08-07T02:43:09","modified_gmt":"2025-08-07T02:43:09","slug":"280a-20-socket-rackmount-smart-power-distribution-unit","status":"publish","type":"product","link":"https:\/\/24smartcharge.com\/fr\/280a-20-socket-rackmount-smart-power-distribution-unit\/","title":{"rendered":"Unit\u00e9 de distribution d'alimentation intelligente 280A \u00e0 20 prises pour montage en rack"},"content":{"rendered":"<h1 id=\"unleash-unmatched-power-and-intelligence-with-the-280a-20-socket-rackmount-smart-power-distribution-unit\">Une puissance et une intelligence in\u00e9gal\u00e9es gr\u00e2ce \u00e0 l'unit\u00e9 de distribution d'alimentation intelligente 280A \u00e0 20 prises pour montage en rack<\/h1>\n<p>Dans le paysage exigeant des centres de donn\u00e9es modernes, des clusters de calcul \u00e0 haute performance et des installations industrielles, une distribution d'\u00e9nergie fiable et intelligente n'est pas seulement un service public, c'est le fondement de l'int\u00e9grit\u00e9 op\u00e9rationnelle. L'introduction du\u00a0<strong>Unit\u00e9 de distribution d'alimentation (PDU) intelligente 280A \u00e0 20 prises pour montage en rack<\/strong>Cette PDU est une solution d'entreprise con\u00e7ue pour r\u00e9pondre aux exigences les plus \u00e9lev\u00e9es en mati\u00e8re de capacit\u00e9 d'alimentation, de gestion intelligente et de fiabilit\u00e9 in\u00e9branlable. Cette formidable PDU est con\u00e7ue pour les professionnels qui ont besoin d'un contr\u00f4le granulaire et de performances robustes pour leur infrastructure critique, en fournissant un hub d'alimentation centralis\u00e9 et de grande capacit\u00e9 qui garantit \u00e0 la fois la stabilit\u00e9 et l'efficacit\u00e9.<\/p>\n<h2 id=\"high-capacity-power-for-dense-environments\">Alimentation \u00e0 haute capacit\u00e9 pour les environnements denses<\/h2>\n<p>Au c\u0153ur de cette unit\u00e9 de distribution de puissance intelligente se trouve sa capacit\u00e9 exceptionnelle de gestion de la puissance. Avec une puissance de\u00a0<strong>courant nominal de 280A<\/strong>\u00a0et d'un\u00a0<strong>tension nominale de 380V-480V<\/strong>Cette PDU est con\u00e7ue pour alimenter les \u00e9quipements les plus gourmands en \u00e9nergie. Que vous utilisiez des racks remplis de serveurs lames, de commutateurs r\u00e9seau, de baies de stockage ou de contr\u00f4leurs d'automatisation industrielle, cette unit\u00e9 fournit la puissance substantielle n\u00e9cessaire pour maintenir des performances de pointe sans compromis.<\/p>\n<p>La puissance d\u00e9livr\u00e9e est aussi impressionnante que la capacit\u00e9 d'entr\u00e9e. Chacun des\u00a0<strong>20 prises haute densit\u00e9 \u00e0 4 broches<\/strong>\u00a0est capable de fournir une puissance importante, garantissant ainsi que m\u00eame les appareils les plus exigeants b\u00e9n\u00e9ficient d'une alimentation stable et r\u00e9guli\u00e8re :<\/p>\n<ul>\n<li><strong>Puissance de sortie maximale par prise (sous 380V) :<\/strong>\u00a0Jusqu'\u00e0 13 163 W<\/li>\n<li><strong>Puissance de sortie maximale par prise (sous 480V) :<\/strong>\u00a0Jusqu'\u00e0 16 627 W<\/li>\n<\/ul>\n<p>Cette immense capacit\u00e9 de sortie fait de l'unit\u00e9 PDU un choix id\u00e9al pour les environnements de rack \u00e0 haute densit\u00e9 o\u00f9 l'espace est limit\u00e9, mais o\u00f9 les besoins en \u00e9nergie augmentent constamment. En consolidant la distribution d'\u00e9nergie dans une seule unit\u00e9 robuste, vous pouvez simplifier le c\u00e2blage, r\u00e9duire l'encombrement et am\u00e9liorer la circulation de l'air dans le rack, tout en garantissant que vos syst\u00e8mes critiques disposent de l'\u00e9nergie dont ils ont besoin pour fonctionner sans faille.<\/p>\n<h2 id=\"intelligent-ip-based-monitoring-and-management\">Surveillance et gestion intelligentes bas\u00e9es sur le protocole IP<\/h2>\n<p>Au-del\u00e0 de sa puissance brute, cet appareil m\u00e9rite v\u00e9ritablement son titre de\u00a0<strong>Unit\u00e9 de distribution d'\u00e9nergie intelligente<\/strong>\u00a0gr\u00e2ce \u00e0 ses capacit\u00e9s avanc\u00e9es de comptage num\u00e9rique IP et de gestion \u00e0 distance. Dans le monde actuel ax\u00e9 sur les donn\u00e9es, ce que vous ne pouvez pas mesurer, vous ne pouvez pas le g\u00e9rer. Cette PDU intelligente fournit les donn\u00e9es critiques n\u00e9cessaires \u00e0 l'optimisation de votre infrastructure \u00e9lectrique en termes d'efficacit\u00e9, de r\u00e9duction des co\u00fbts et de maintenance proactive.<\/p>\n<p>La surveillance IP int\u00e9gr\u00e9e permet aux administrateurs de r\u00e9seaux et aux gestionnaires d'installations de suivre \u00e0 distance les param\u00e8tres \u00e9lectriques cl\u00e9s en temps r\u00e9el. \u00c0 partir d'un tableau de bord centralis\u00e9, vous pouvez surveiller la tension, le courant, la consommation \u00e9lectrique (en kWh) et la charge globale de l'unit\u00e9 et des prises individuelles. Ce niveau de connaissance est inestimable pour :<\/p>\n<ul>\n<li><strong>Planification des capacit\u00e9s :<\/strong>\u00a0\u00c9valuer avec pr\u00e9cision l'utilisation actuelle de l'\u00e9nergie et pr\u00e9voir les besoins futurs, afin d'\u00e9viter le surapprovisionnement et de garantir une capacit\u00e9 d'expansion ad\u00e9quate.<\/li>\n<li><strong>\u00c9quilibrage de la charge :<\/strong>\u00a0R\u00e9partissez les charges \u00e9lectriques uniform\u00e9ment sur les circuits pour \u00e9viter les surcharges et maximiser l'efficacit\u00e9 de votre infrastructure \u00e9lectrique.<\/li>\n<li><strong>Efficacit\u00e9 \u00e9nerg\u00e9tique :<\/strong>\u00a0Identifier les \"serveurs fant\u00f4mes\" ou le mat\u00e9riel inefficace qui consomme de l'\u00e9nergie sans apporter de valeur ajout\u00e9e. Utiliser des donn\u00e9es de consommation pr\u00e9cises pour mener des initiatives informatiques \u00e9cologiques et r\u00e9duire les d\u00e9penses op\u00e9rationnelles.<\/li>\n<li><strong>D\u00e9pannage \u00e0 distance :<\/strong>\u00a0Diagnostiquer les probl\u00e8mes li\u00e9s \u00e0 l'\u00e9nergie depuis n'importe o\u00f9 dans le monde, en r\u00e9duisant la n\u00e9cessit\u00e9 d'une intervention sur site et en minimisant les temps d'arr\u00eat.<\/li>\n<\/ul>\n<p>En transformant un composant passif en un actif fournissant des donn\u00e9es, cette unit\u00e9 de distribution d'\u00e9nergie intelligente vous permet de prendre des d\u00e9cisions \u00e9clair\u00e9es qui am\u00e9liorent la fiabilit\u00e9 et r\u00e9duisent le co\u00fbt total de possession (TCO).<\/p>\n<h2 id=\"engineered-for-seamless-integration-and-reliability\">Con\u00e7u pour une int\u00e9gration et une fiabilit\u00e9 sans faille<\/h2>\n<p>Con\u00e7ue pour les environnements informatiques professionnels, cette PDU se pr\u00e9sente sous la forme d'un rack standard. Ses dimensions de\u00a0<strong>483 mm x 44,5 mm x 44,5 mm<\/strong>\u00a0lui permettent de s'int\u00e9grer parfaitement dans n'importe quel rack de serveur standard de 19 pouces, en occupant un espace vertical minimal. L'orientation horizontale garantit un acc\u00e8s facile aux 20 prises depuis l'avant ou l'arri\u00e8re du rack, ce qui simplifie l'installation et la maintenance de l'\u00e9quipement.<\/p>\n<p>La fiabilit\u00e9 est encore renforc\u00e9e par sa qualit\u00e9 de construction sup\u00e9rieure et ses m\u00e9canismes de protection robustes. L'appareil est \u00e9quip\u00e9 d'un syst\u00e8me de protection complet comprenant\u00a0<strong>Disjoncteurs miniatures (MCB) de 10 \u00e0 40A de haute qualit\u00e9<\/strong>Chaque disjoncteur prot\u00e8ge une paire de prises. Cette conception offre une s\u00e9curit\u00e9 sup\u00e9rieure en isolant les d\u00e9fauts. Si un appareil est en court-circuit ou consomme un courant excessif, le disjoncteur correspondant se d\u00e9clenche, coupant l'alimentation de cette paire de prises seulement, tandis que les 18 autres continuent de fonctionner sans interruption. Cela \u00e9vite qu'une d\u00e9faillance d'un seul appareil ne se transforme en cascade en une panne de l'ensemble du rack ou du syst\u00e8me, maximisant ainsi le temps de fonctionnement de tous les autres \u00e9quipements connect\u00e9s.<\/p>\n<p>Cet engagement en faveur de la qualit\u00e9 et de la s\u00e9curit\u00e9 est valid\u00e9 par ses certifications, notamment\u00a0<strong>CE, ROHS et SAA<\/strong>. Ces marques d'approbation attestent de la conformit\u00e9 \u00e0 des normes internationales rigoureuses en mati\u00e8re de s\u00e9curit\u00e9, de responsabilit\u00e9 environnementale et de performances, ce qui vous donne la tranquillit\u00e9 d'esprit que procure le d\u00e9ploiement d'un produit fiable et contr\u00f4l\u00e9 par des professionnels.<\/p>\n<h2 id=\"ideal-applications\">Applications id\u00e9ales<\/h2>\n<p>La combinaison unique d'une puissance \u00e9lev\u00e9e, d'une connectivit\u00e9 dense et d'une gestion intelligente fait de ce syst\u00e8me un outil de gestion de l'\u00e9nergie.\u00a0<strong>Unit\u00e9 de distribution d'\u00e9nergie intelligente<\/strong>\u00a0la solution parfaite pour une large gamme d'applications exigeantes, y compris :<\/p>\n<ul>\n<li><strong>Centres de donn\u00e9es d'entreprise :<\/strong>\u00a0Alimenter les baies de serveurs \u00e0 haute densit\u00e9 et g\u00e9rer la consommation d'\u00e9nergie dans l'ensemble de l'installation.<\/li>\n<li><strong>Installations de colocation :<\/strong>\u00a0Fournir aux locataires une alimentation fiable et mesur\u00e9e qui permet une facturation pr\u00e9cise et une gestion de la capacit\u00e9.<\/li>\n<li><strong>Calcul \u00e0 haute performance (HPC) :<\/strong>\u00a0Fournir l'immense puissance requise pour les clusters de supercalculateurs utilis\u00e9s dans la recherche scientifique, la mod\u00e9lisation financi\u00e8re et le d\u00e9veloppement de l'IA.<\/li>\n<li><strong>Plaques tournantes des t\u00e9l\u00e9communications :<\/strong>\u00a0Garantir une alimentation \u00e9lectrique ininterrompue pour les commutateurs de r\u00e9seau, les routeurs et les \u00e9quipements de communication essentiels.<\/li>\n<li><strong>Automatisation industrielle :<\/strong>\u00a0Syst\u00e8mes de commande de puissance, robotique et \u00e9quipements de fabrication dans les ateliers o\u00f9 la fiabilit\u00e9 est primordiale.<\/li>\n<\/ul>\n<p>Avec un\u00a0<strong>Garantie de 12 mois<\/strong>\u00a0et une quantit\u00e9 minimale de commande (MOQ) d'une seule pi\u00e8ce, il est facile d'acqu\u00e9rir et de d\u00e9ployer cette solution puissante pour moderniser imm\u00e9diatement votre infrastructure \u00e9lectrique. Investissez dans une solution de distribution d'\u00e9nergie non seulement puissante et fiable, mais aussi suffisamment intelligente pour relever les d\u00e9fis de demain.<\/p>","protected":false},"excerpt":{"rendered":"<div class=\"chat-container\">\n<div class=\"chat-view-container ng-star-inserted\">\n<div>\n<div class=\"chat-turn-container model render cdk-focused cdk-mouse-focused\" tabindex=\"-1\">\n<div class=\"model-prompt-container\" data-turn-role=\"Model\">\n<div class=\"turn-content\">\n<p class=\"ng-star-inserted\"><span class=\"ng-star-inserted\">Alimentez votre centre de donn\u00e9es avec cette unit\u00e9 de distribution d'alimentation intelligente 280A \u00e0 haute capacit\u00e9. Con\u00e7ue pour une installation en rack, elle comporte 20 prises et prend en charge une plage de 380-480 V. Elle offre une protection robuste et un comptage IP pour une transmission et une gestion efficaces de l'\u00e9nergie \u00e9lectrique \u00e0 distance. Elle offre une protection robuste et un comptage IP pour une transmission et une gestion efficaces de l'\u00e9nergie \u00e9lectrique \u00e0 distance.<\/span><\/p>\n<div class=\"turn-information ng-star-inserted\"><\/div>\n<\/div>\n<\/div>\n<div class=\"turn-footer ng-star-inserted\"><\/div>\n<\/div>\n<\/div>\n<\/div>\n<\/div>\n<footer class=\"not-zero-state ng-star-inserted\">\n<div class=\"mat-mdc-tooltip-trigger prompt-input-wrapper\">\n<div>\n<div class=\"prompt-input-wrapper-container\">\n<div class=\"text-wrapper\">\n<section class=\"text-and-attachments-wrapper\">\n<div class=\"text-input-wrapper\"><\/div>\n<\/section>\n<\/div>\n<\/div>\n<\/div>\n<\/div>\n<\/footer>","protected":false},"featured_media":1399,"template":"","meta":{"_kad_post_transparent":"default","_kad_post_title":"","_kad_post_layout":"default","_kad_post_sidebar_id":"","_kad_post_content_style":"default","_kad_post_vertical_padding":"default","_kad_post_feature":"","_kad_post_feature_position":"","_kad_post_header":false,"_kad_post_footer":false},"product_brand":[],"product_cat":[81],"product_tag":[210,211,193],"class_list":{"0":"post-1397","1":"product","2":"type-product","3":"status-publish","4":"has-post-thumbnail","6":"product_cat-smart-power-distribution-units","7":"product_tag-280a-rack-pdu","8":"product_tag-metered-ip-pdu","9":"product_tag-smart-power-distribution-unit","11":"first","12":"instock","13":"shipping-taxable","14":"product-type-simple","15":"entry","16":"content-bg","17":"loop-entry"},"_links":{"self":[{"href":"https:\/\/24smartcharge.com\/fr\/wp-json\/wp\/v2\/product\/1397","targetHints":{"allow":["GET"]}}],"collection":[{"href":"https:\/\/24smartcharge.com\/fr\/wp-json\/wp\/v2\/product"}],"about":[{"href":"https:\/\/24smartcharge.com\/fr\/wp-json\/wp\/v2\/types\/product"}],"wp:featuredmedia":[{"embeddable":true,"href":"https:\/\/24smartcharge.com\/fr\/wp-json\/wp\/v2\/media\/1399"}],"wp:attachment":[{"href":"https:\/\/24smartcharge.com\/fr\/wp-json\/wp\/v2\/media?parent=1397"}],"wp:term":[{"taxonomy":"product_brand","embeddable":true,"href":"https:\/\/24smartcharge.com\/fr\/wp-json\/wp\/v2\/product_brand?post=1397"},{"taxonomy":"product_cat","embeddable":true,"href":"https:\/\/24smartcharge.com\/fr\/wp-json\/wp\/v2\/product_cat?post=1397"},{"taxonomy":"product_tag","embeddable":true,"href":"https:\/\/24smartcharge.com\/fr\/wp-json\/wp\/v2\/product_tag?post=1397"}],"curies":[{"name":"wp","href":"https:\/\/api.w.org\/{rel}","templated":true}]}}