{"id":1381,"date":"2025-08-07T02:26:11","date_gmt":"2025-08-07T02:26:11","guid":{"rendered":"https:\/\/24smartcharge.com\/?post_type=product&#038;p=1381"},"modified":"2025-08-07T02:26:11","modified_gmt":"2025-08-07T02:26:11","slug":"24-outlet-rack-mount-smart-power-distribution-unit-150a","status":"publish","type":"product","link":"https:\/\/24smartcharge.com\/fr\/24-outlet-rack-mount-smart-power-distribution-unit-150a\/","title":{"rendered":"Unit\u00e9 de distribution d'\u00e9nergie intelligente \u00e0 montage en rack 24 prises 150A"},"content":{"rendered":"<h2 id=\"the-ultimate-solution-for-high-density-power-management\">La solution ultime pour la gestion de l'\u00e9nergie \u00e0 haute densit\u00e9<\/h2>\n<p>Dans le paysage num\u00e9rique moderne, la fiabilit\u00e9 et l'efficacit\u00e9 de votre infrastructure informatique sont primordiales. Chaque serveur, commutateur et baie de stockage d\u00e9pend d'une source d'alimentation stable et g\u00e9r\u00e9e intelligemment. L'unit\u00e9 de distribution d'alimentation intelligente 150A \u00e0 montage en rack 24 prises est une solution de pointe con\u00e7ue pour r\u00e9pondre aux exigences extr\u00eames des centres de donn\u00e9es \u00e0 haute densit\u00e9, des salles de serveurs d'entreprise et des applications industrielles. Il ne s'agit pas d'une simple multiprise, mais d'un centre de commande sophistiqu\u00e9 pour l'\u00e9cosyst\u00e8me d'alimentation de votre rack, offrant un contr\u00f4le granulaire, une surveillance en temps r\u00e9el et des performances robustes pour garantir un temps de fonctionnement et une efficacit\u00e9 op\u00e9rationnelle maximum.<\/p>\n<h3 id=\"unmatched-power-and-capacity\">Une puissance et une capacit\u00e9 in\u00e9gal\u00e9es<\/h3>\n<p>Con\u00e7ue pour les environnements les plus gourmands en \u00e9nergie, cette unit\u00e9 de distribution d'\u00e9nergie intelligente d\u00e9livre une puissance massive de 1,5 million d'euros.\u00a0<strong>Capacit\u00e9 totale de 150A<\/strong>\u00a0\u00e0 travers\u00a0<strong>24 points de vente strat\u00e9giquement plac\u00e9s<\/strong>. Cette capacit\u00e9 de courant \u00e9lev\u00e9 en fait l'\u00e9pine dorsale id\u00e9ale pour les racks charg\u00e9s de serveurs lames, de clusters informatiques \u00e0 haute performance et d'\u00e9quipements de r\u00e9seau \u00e9tendus. L'unit\u00e9 est con\u00e7ue pour prendre en charge une large gamme de syst\u00e8mes haute tension, notamment\u00a0<strong>208V, 380V et 415V<\/strong>\u00a0ce qui en fait un choix polyvalent pour les installations du monde entier.<\/p>\n<p>Le ch\u00e2ssis est fabriqu\u00e9 \u00e0 partir d'un mat\u00e9riau durable et l\u00e9ger.\u00a0<strong>alliage d'aluminium<\/strong>garantissant l'int\u00e9grit\u00e9 structurelle et une dissipation efficace de la chaleur, m\u00eame \u00e0 pleine charge. Son format vertical z\u00e9ro U permet une installation transparente dans un rack de serveur standard sans consommer d'espace horizontal pr\u00e9cieux. L'alimentation est assur\u00e9e par une borne d'entr\u00e9e s\u00e9curis\u00e9e et c\u00e2bl\u00e9e, garantissant une connexion stable et fiable capable de supporter un courant substantiel de 150A.<\/p>\n<h3 id=\"intelligent-network-based-monitoring\">Surveillance intelligente bas\u00e9e sur le r\u00e9seau<\/h3>\n<p>Ce qui distingue vraiment cet appareil, c'est son intelligence. En tant qu'unit\u00e9 de distribution d'\u00e9nergie intelligente de premier plan, il s'int\u00e8gre de mani\u00e8re transparente dans votre infrastructure r\u00e9seau via un port Ethernet (NET) d\u00e9di\u00e9. Une fois connect\u00e9, les administrateurs b\u00e9n\u00e9ficient d'un aper\u00e7u in\u00e9gal\u00e9 de la consommation d'\u00e9nergie. Les indicateurs cl\u00e9s sont \u00e0 port\u00e9e de main :<\/p>\n<ul>\n<li><strong>Affichage local \u00e0 cristaux liquides :<\/strong>\u00a0Un \u00e9cran LCD clair et net situ\u00e9 sur l'appareil lui-m\u00eame fournit un rapport d'\u00e9tat instantan\u00e9, en un coup d'\u0153il. Vous pouvez faire d\u00e9filer les relev\u00e9s en temps r\u00e9el du courant total (A), de la tension (V), de la puissance active (W) et de la consommation d'\u00e9nergie cumul\u00e9e (kWh). L'\u00e9cran affiche \u00e9galement l'adresse IPv4 attribu\u00e9e \u00e0 l'unit\u00e9 pour faciliter l'identification et la configuration du r\u00e9seau.<\/li>\n<li><strong>Surveillance \u00e0 distance :<\/strong>\u00a0Gr\u00e2ce \u00e0 une interface web s\u00e9curis\u00e9e ou \u00e0 une int\u00e9gration SNMP, les administrateurs syst\u00e8me peuvent acc\u00e9der \u00e0 distance \u00e0 toutes ces donn\u00e9es critiques, o\u00f9 qu'ils se trouvent dans le monde. Cette capacit\u00e9 est cruciale pour une gestion proactive, vous permettant d'\u00e9quilibrer les charges entre les circuits, de planifier les besoins futurs en capacit\u00e9 et d'identifier les probl\u00e8mes d'alimentation potentiels avant qu'ils ne se transforment en temps d'arr\u00eat co\u00fbteux.<\/li>\n<li><strong>Alarmant :<\/strong>\u00a0L'appareil est dot\u00e9 d'un indicateur d'alarme visuel. Vous pouvez configurer des seuils pour le courant, la tension et la puissance. Si ces seuils sont d\u00e9pass\u00e9s, l'unit\u00e9 PDU peut d\u00e9clencher des alertes, informant imm\u00e9diatement votre \u00e9quipe informatique d'une surcharge potentielle ou d'une anomalie de puissance, permettant ainsi une r\u00e9ponse rapide et pr\u00e9ventive.<\/li>\n<\/ul>\n<h3 id=\"granular-remote-outlet-control\">Contr\u00f4le \u00e0 distance des prises granulaires<\/h3>\n<p>Au-del\u00e0 de la surveillance, cette unit\u00e9 PDU offre un contr\u00f4le \u00e0 distance complet de chaque prise. L'unit\u00e9 comprend des banques de prises distinctes (\u00e9tiquet\u00e9es L2, L3, etc.) avec des boutons ON\/OFF physiques individuels et des indicateurs d'\u00e9tat. Ce contr\u00f4le s'\u00e9tend \u00e0 l'interface r\u00e9seau, offrant de puissantes capacit\u00e9s de gestion \u00e0 distance :<\/p>\n<ul>\n<li><strong>Red\u00e9marrage \u00e0 distance :<\/strong>\u00a0Red\u00e9marrez les serveurs et les p\u00e9riph\u00e9riques r\u00e9seau bloqu\u00e9s, gel\u00e9s ou qui ne r\u00e9pondent pas, sans jamais mettre les pieds dans le centre de donn\u00e9es. Cette fonction r\u00e9duit consid\u00e9rablement les temps d'arr\u00eat et \u00e9limine le besoin de visites co\u00fbteuses de techniciens sur site, en particulier pour les installations \u00e9loign\u00e9es ou \"sans lumi\u00e8re\".<\/li>\n<li><strong>S\u00e9quencement de la puissance :<\/strong>\u00a0La mise sous tension des \u00e9quipements dans un ordre sp\u00e9cifique et programm\u00e9 permet d'\u00e9viter le courant d'appel massif qui peut d\u00e9clencher les disjoncteurs lorsque plusieurs appareils d\u00e9marrent simultan\u00e9ment. Cela am\u00e9liore la stabilit\u00e9 et la long\u00e9vit\u00e9 de l'unit\u00e9 PDU et de l'\u00e9quipement connect\u00e9.<\/li>\n<li><strong>S\u00e9curit\u00e9 des sorties :<\/strong>\u00a0D\u00e9sactivez \u00e0 distance toutes les prises inutilis\u00e9es afin d'emp\u00eacher tout \u00e9quipement non autoris\u00e9 d'\u00eatre connect\u00e9 \u00e0 votre infrastructure \u00e9lectrique critique, ajoutant ainsi une couche vitale de s\u00e9curit\u00e9 physique et \u00e9lectrique.<\/li>\n<\/ul>\n<h3 id=\"designed-for-seamless-integration-and-reliability\">Con\u00e7u pour une int\u00e9gration et une fiabilit\u00e9 sans faille<\/h3>\n<p>Chaque aspect de cette unit\u00e9 de distribution d'alimentation intelligente est con\u00e7u pour les environnements professionnels. L'unit\u00e9 de\u00a0<strong>panneau LED sur l'\u00e9tat du port<\/strong>\u00a0fournit une confirmation visuelle imm\u00e9diate de l'alimentation de chacune des 24 prises, ainsi que de l'\u00e9tat de la connexion r\u00e9seau.<\/p>\n<p>Pour une connectivit\u00e9 et une gestion am\u00e9lior\u00e9es, l'unit\u00e9 comprend plusieurs ports :<\/p>\n<ul>\n<li><strong>NET Port :<\/strong>\u00a0Pour l'acc\u00e8s principal au r\u00e9seau TCP\/IP.<\/li>\n<li><strong>SER Port :<\/strong>\u00a0Un port de console s\u00e9rie pour la gestion directe, hors bande, et la configuration initiale.<\/li>\n<li><strong>Ports IN\/OUT :<\/strong>\u00a0Ces ports permettent de connecter plusieurs PDU en guirlande, ce qui permet d'\u00e9conomiser les ports de commutation du r\u00e9seau et de simplifier la gestion des c\u00e2bles. Ils peuvent \u00e9galement \u00eatre utilis\u00e9s pour connecter des capteurs environnementaux optionnels, tels que des sondes de temp\u00e9rature et d'humidit\u00e9, afin de recueillir des donn\u00e9es encore plus critiques sur l'environnement du rack.<\/li>\n<\/ul>\n<p>Avec un\u00a0<strong>Garantie de 3 ans<\/strong>\u00a0et\u00a0<strong>Certifications CE, ROHS et SAA<\/strong>Avec l'unit\u00e9 de distribution de courant, cette PDU est un testament de qualit\u00e9, de s\u00e9curit\u00e9 et de fiabilit\u00e9. C'est le choix d\u00e9finitif pour toute organisation qui a besoin d'une distribution d'\u00e9nergie robuste, intelligente et \u00e9volutive pour soutenir son infrastructure critique.<\/p>","protected":false},"excerpt":{"rendered":"<div class=\"model-prompt-container\" data-turn-role=\"Model\">\n<div class=\"turn-content\">\n<p class=\"ng-star-inserted\"><span class=\"ng-star-inserted\">Cette unit\u00e9 de distribution d'\u00e9nergie intelligente de 150A \u00e0 haute capacit\u00e9 fournit 24 prises pour votre rack de serveur. Surveillez et contr\u00f4lez \u00e0 distance les prises individuelles via le r\u00e9seau. L'\u00e9cran LCD clair affiche en temps r\u00e9el la tension, le courant et la consommation d'\u00e9nergie pour une gestion efficace de l'alimentation et de la fiabilit\u00e9.<\/span><\/p>\n<div class=\"turn-information ng-star-inserted\"><\/div>\n<\/div>\n<\/div>\n<div class=\"turn-footer ng-star-inserted\"><\/div>","protected":false},"featured_media":1383,"template":"","meta":{"_kad_post_transparent":"default","_kad_post_title":"","_kad_post_layout":"default","_kad_post_sidebar_id":"","_kad_post_content_style":"default","_kad_post_vertical_padding":"default","_kad_post_feature":"","_kad_post_feature_position":"","_kad_post_header":false,"_kad_post_footer":false},"product_brand":[],"product_cat":[81],"product_tag":[202,198,193],"class_list":{"0":"post-1381","1":"product","2":"type-product","3":"status-publish","4":"has-post-thumbnail","6":"product_cat-smart-power-distribution-units","7":"product_tag-rack-mount-pdu","8":"product_tag-remote-power-management","9":"product_tag-smart-power-distribution-unit","11":"first","12":"instock","13":"shipping-taxable","14":"product-type-simple","15":"entry","16":"content-bg","17":"loop-entry"},"_links":{"self":[{"href":"https:\/\/24smartcharge.com\/fr\/wp-json\/wp\/v2\/product\/1381","targetHints":{"allow":["GET"]}}],"collection":[{"href":"https:\/\/24smartcharge.com\/fr\/wp-json\/wp\/v2\/product"}],"about":[{"href":"https:\/\/24smartcharge.com\/fr\/wp-json\/wp\/v2\/types\/product"}],"wp:featuredmedia":[{"embeddable":true,"href":"https:\/\/24smartcharge.com\/fr\/wp-json\/wp\/v2\/media\/1383"}],"wp:attachment":[{"href":"https:\/\/24smartcharge.com\/fr\/wp-json\/wp\/v2\/media?parent=1381"}],"wp:term":[{"taxonomy":"product_brand","embeddable":true,"href":"https:\/\/24smartcharge.com\/fr\/wp-json\/wp\/v2\/product_brand?post=1381"},{"taxonomy":"product_cat","embeddable":true,"href":"https:\/\/24smartcharge.com\/fr\/wp-json\/wp\/v2\/product_cat?post=1381"},{"taxonomy":"product_tag","embeddable":true,"href":"https:\/\/24smartcharge.com\/fr\/wp-json\/wp\/v2\/product_tag?post=1381"}],"curies":[{"name":"wp","href":"https:\/\/api.w.org\/{rel}","templated":true}]}}