{"id":1373,"date":"2025-08-07T02:08:46","date_gmt":"2025-08-07T02:08:46","guid":{"rendered":"https:\/\/24smartcharge.com\/?post_type=product&#038;p=1373"},"modified":"2025-08-07T02:10:26","modified_gmt":"2025-08-07T02:10:26","slug":"8-outlet-smart-power-distribution-unit-with-remote-control","status":"publish","type":"product","link":"https:\/\/24smartcharge.com\/fr\/8-outlet-smart-power-distribution-unit-with-remote-control\/","title":{"rendered":"Unit\u00e9 de distribution d'\u00e9nergie intelligente \u00e0 8 prises avec t\u00e9l\u00e9commande"},"content":{"rendered":"<h1 id=\"-oit-8-outlet-smart-power-distribution-unit-intelligent-power-management-for-mission-critical-operations-\"><strong>Unit\u00e9 de distribution d'\u00e9nergie intelligente \u00e0 8 prises d'OIT : Gestion intelligente de l'alimentation pour les op\u00e9rations critiques<\/strong><\/h1>\n<p>Dans le monde actuel ax\u00e9 sur la technologie, la fiabilit\u00e9 de l'infrastructure \u00e9lectrique n'est pas une simple commodit\u00e9, c'est le fondement de l'industrie moderne. Des centres de donn\u00e9es tentaculaires aux syst\u00e8mes d'automatisation industrielle complexes, le besoin d'une distribution d'\u00e9nergie pr\u00e9cise, fiable et intelligente n'a jamais \u00e9t\u00e9 aussi critique. Les\u00a0<strong>Unit\u00e9 de distribution d'\u00e9nergie intelligente \u00e0 8 prises OIT<\/strong>\u00a0est con\u00e7u pour r\u00e9pondre \u00e0 ces exigences et les d\u00e9passer, offrant une solution sophistiqu\u00e9e pour la gestion, la surveillance et la protection de vos actifs \u00e9lectroniques les plus pr\u00e9cieux. Cette unit\u00e9 robuste associe une distribution d'\u00e9nergie de grande capacit\u00e9 \u00e0 des fonctions avanc\u00e9es de gestion \u00e0 distance, ce qui en fait le choix id\u00e9al pour les professionnels de l'informatique, des t\u00e9l\u00e9communications et de la transmission industrielle d'\u00e9nergie \u00e9lectrique.<\/p>\n<h3 id=\"-robust-design-for-demanding-environments-\"><strong>Conception robuste pour les environnements exigeants<\/strong><\/h3>\n<p>Con\u00e7ue pour r\u00e9sister aux rigueurs d'un fonctionnement continu, cette unit\u00e9 de distribution d'alimentation (PDU) intelligente est dot\u00e9e d'un bo\u00eetier durable enti\u00e8rement m\u00e9tallique. Son ch\u00e2ssis noir \u00e9l\u00e9gant de qualit\u00e9 professionnelle n'est pas seulement esth\u00e9tique, il assure \u00e9galement une protection exceptionnelle des composants internes, garantissant ainsi une long\u00e9vit\u00e9 et des performances constantes. Le facteur de forme horizontal, montable en rack, permet une int\u00e9gration transparente dans les racks de serveurs standard et les armoires industrielles, optimisant ainsi l'espace et favorisant une gestion organis\u00e9e des c\u00e2bles.<\/p>\n<p>L'appareil est \u00e9quip\u00e9 de huit prises polyvalentes de type \"hydro outlet\", con\u00e7ues pour accueillir une vari\u00e9t\u00e9 de types de fiches internationales. Cette compatibilit\u00e9 universelle en fait une solution id\u00e9ale pour les entreprises multinationales et les installations ayant des besoins d'\u00e9quipement divers. Chaque prise est clairement \u00e9tiquet\u00e9e et contr\u00f4l\u00e9e individuellement, ce qui permet une gestion granulaire de l'alimentation, essentielle pour les applications critiques.<\/p>\n<h3 id=\"-advanced-monitoring-and-intuitive-local-interface-\"><strong>Surveillance avanc\u00e9e et interface locale intuitive<\/strong><\/h3>\n<p>Au c\u0153ur de cette unit\u00e9 de distribution d'\u00e9nergie intelligente se trouve une interface locale compl\u00e8te qui fournit des mises \u00e0 jour d'\u00e9tat en un coup d'\u0153il et des mesures de puissance d\u00e9taill\u00e9es. L'\u00e9cran LED \u00e0 quatre chiffres, lumineux et facile \u00e0 lire, sert de centre d'information, permettant aux techniciens sur site de parcourir les points de donn\u00e9es critiques d'une simple pression sur un bouton.<\/p>\n<p><strong>Le panneau avant permet de contr\u00f4ler en temps r\u00e9el<\/strong><\/p>\n<ul>\n<li><strong>Tension :<\/strong>\u00a0Assurez-vous que votre \u00e9quipement re\u00e7oit une tension stable dans la plage de fonctionnement correcte.<\/li>\n<li><strong>Actuel :<\/strong>\u00a0Surveillez la consommation totale de courant pour \u00e9viter les surcharges et planifier la capacit\u00e9.<\/li>\n<li><strong>Puissance :<\/strong>\u00a0Suivre la consommation d'\u00e9nergie active pour l'analyse de l'efficacit\u00e9 \u00e9nerg\u00e9tique et la r\u00e9partition des co\u00fbts.<\/li>\n<li><strong>\u00c9nergie :<\/strong>\u00a0Mesurer la consommation d'\u00e9nergie cumul\u00e9e au fil du temps pour \u00e9tablir des rapports complets.<\/li>\n<li><strong>Temp\u00e9rature :<\/strong>\u00a0Surveillez la temp\u00e9rature de fonctionnement interne de la PDU pour \u00e9viter toute surchauffe.<\/li>\n<li><strong>Humidit\u00e9 :<\/strong>\u00a0Contr\u00f4ler les niveaux d'humidit\u00e9 ambiante, un facteur critique dans le contr\u00f4le de l'environnement des centres de donn\u00e9es.<\/li>\n<\/ul>\n<p>L'\u00e9cran num\u00e9rique est flanqu\u00e9 d'une s\u00e9rie d'indicateurs LED intuitifs. Les voyants num\u00e9rot\u00e9s de 1 \u00e0 8 correspondent \u00e0 chacune des huit prises, fournissant une confirmation visuelle imm\u00e9diate des prises actives. Des voyants d'\u00e9tat suppl\u00e9mentaires pour l'alimentation, la connectivit\u00e9 Cloud, les alertes de surtension, de surintensit\u00e9 et de surchauffe offrent une vue d'ensemble compl\u00e8te du diagnostic, permettant une identification et une r\u00e9solution rapides de tout probl\u00e8me potentiel.<\/p>\n<h3 id=\"-powerful-remote-management-and-control-\"><strong>Gestion et contr\u00f4le \u00e0 distance performants<\/strong><\/h3>\n<p>Fid\u00e8le \u00e0 son nom, le\u00a0<strong>Unit\u00e9 de distribution d'\u00e9nergie intelligente<\/strong>\u00a0se distingue par ses capacit\u00e9s de gestion \u00e0 distance. \u00c9quip\u00e9e de deux ports r\u00e9seau, l'unit\u00e9 peut \u00eatre int\u00e9gr\u00e9e de mani\u00e8re transparente \u00e0 votre r\u00e9seau local (LAN), permettant un contr\u00f4le et une surveillance complets depuis n'importe quel endroit disposant d'un acc\u00e8s au r\u00e9seau. Cette fonctionnalit\u00e9 \u00e0 distance change la donne pour les administrateurs de centres de donn\u00e9es et les responsables informatiques qui doivent maintenir le temps de fonctionnement et r\u00e9pondre aux incidents sans \u00eatre physiquement pr\u00e9sents.<\/p>\n<p><strong>Les principales fonctionnalit\u00e9s \u00e0 distance sont les suivantes<\/strong><\/p>\n<ul>\n<li><strong>Contr\u00f4le individuel des sorties :<\/strong>\u00a0Allumez, \u00e9teignez ou red\u00e9marrez \u00e0 distance chacune des huit prises de mani\u00e8re ind\u00e9pendante. Cette fonction est tr\u00e8s utile pour red\u00e9marrer des serveurs ou des \u00e9quipements r\u00e9seau qui ne r\u00e9pondent pas, \u00e9liminant ainsi le besoin d'une intervention manuelle co\u00fbteuse et fastidieuse.<\/li>\n<li><strong>Surveillance en temps r\u00e9el :<\/strong>\u00a0Acc\u00e9dez \u00e0 toutes les mesures d\u00e9taill\u00e9es de la consommation d'\u00e9nergie et de l'environnement disponibles sur l'\u00e9cran local via une interface Web ou le protocole SNMP (Simple Network Management Protocol). Suivez les tendances de la consommation d'\u00e9nergie, recevez des alertes et assurez-vous que votre infrastructure fonctionne dans des param\u00e8tres s\u00fbrs.<\/li>\n<li><strong>Alerte automatis\u00e9e :<\/strong>\u00a0Configurez des seuils pour la tension, le courant, la temp\u00e9rature et l'humidit\u00e9. Si l'une de ces mesures d\u00e9passe les limites pr\u00e9d\u00e9finies, la PDU peut envoyer automatiquement des notifications par courrier \u00e9lectronique ou des trappes SNMP, ce qui permet de r\u00e9soudre les probl\u00e8mes de mani\u00e8re proactive avant qu'une d\u00e9faillance critique ne se produise.<\/li>\n<\/ul>\n<h3 id=\"-uncompromising-safety-and-protection-\"><strong>Une s\u00e9curit\u00e9 et une protection sans compromis<\/strong><\/h3>\n<p>La fonction premi\u00e8re de toute unit\u00e9 de distribution d'\u00e9nergie est de fournir une alimentation s\u00fbre et fiable. Cette PDU intelligente est con\u00e7ue avec plusieurs couches de protection pour prot\u00e9ger votre \u00e9quipement connect\u00e9 contre un large \u00e9ventail de menaces li\u00e9es \u00e0 l'alimentation.<\/p>\n<ul>\n<li><strong>Protection individuelle contre les surcharges :<\/strong>\u00a0Chacune des huit prises est prot\u00e9g\u00e9e par un protecteur de surcharge individuel. Si un seul appareil connect\u00e9 consomme trop de courant, seule la prise correspondante sera coup\u00e9e, laissant les sept autres prises et leurs appareils connect\u00e9s inchang\u00e9s. Cela permet d'\u00e9viter qu'un seul \u00e9quipement d\u00e9fectueux ne provoque une panne g\u00e9n\u00e9ralis\u00e9e.<\/li>\n<li><strong>Protection de l'ensemble du syst\u00e8me :<\/strong>\u00a0L'unit\u00e9 dispose d'une protection compl\u00e8te contre les surtensions, les surintensit\u00e9s et les surchauffes, comme indiqu\u00e9 sur le panneau avant. Ces protections prot\u00e8gent l'unit\u00e9 PDU elle-m\u00eame et tous les appareils connect\u00e9s contre les anomalies de l'alimentation et les risques environnementaux.<\/li>\n<li><strong>Mise \u00e0 la terre standard :<\/strong>\u00a0Une mise \u00e0 la terre correcte est essentielle pour la s\u00e9curit\u00e9 et l'int\u00e9grit\u00e9 du signal. Cet appareil respecte les protocoles de mise \u00e0 la terre standard afin d'\u00e9viter les chocs \u00e9lectriques et de prot\u00e9ger les composants \u00e9lectroniques sensibles contre les d\u00e9charges \u00e9lectrostatiques.<\/li>\n<\/ul>\n<h3 id=\"-high-capacity-and-certified-performance-\"><strong>Haute capacit\u00e9 et performance certifi\u00e9e<\/strong><\/h3>\n<p>Con\u00e7ue pour les applications informatiques \u00e0 haute densit\u00e9 et les applications industrielles, cette\u00a0<strong>Unit\u00e9 de distribution d'\u00e9nergie intelligente<\/strong>\u00a0est dot\u00e9 d'une impressionnante capacit\u00e9 de traitement de la puissance.<\/p>\n<ul>\n<li><strong>Tension nominale :<\/strong>\u00a0250V<\/li>\n<li><strong>Courant nominal :<\/strong>\u00a0Options 10A et 63A pour r\u00e9pondre aux diff\u00e9rentes exigences de charge.<\/li>\n<li><strong>Puissance de sortie totale :<\/strong>\u00a0Une capacit\u00e9 maximale massive de 45 kW, qui permet d'alimenter plusieurs serveurs haute performance, des commutateurs de r\u00e9seau et d'autres \u00e9quipements exigeants.<\/li>\n<\/ul>\n<p>Cette PDU est fabriqu\u00e9e \u00e0 Guangdong, en Chine, par OIT, une marque reconnue pour sa qualit\u00e9 et son innovation dans le domaine de la distribution d'\u00e9nergie. Elle est accompagn\u00e9e d'une s\u00e9rie de certifications internationales prestigieuses, notamment\u00a0<strong>CE, UL, RoHS et ETL<\/strong>. Ces certifications t\u00e9moignent de l'adh\u00e9sion du produit aux normes les plus strictes en mati\u00e8re de s\u00e9curit\u00e9, de qualit\u00e9 et de responsabilit\u00e9 environnementale, vous donnant ainsi l'assurance d'investir dans une solution fiable et conforme.<\/p>\n<h3 id=\"-applications-and-customization-\"><strong>Applications et personnalisation<\/strong><\/h3>\n<p>La polyvalence, la construction robuste et les fonctions intelligentes de cette PDU en font la solution id\u00e9ale pour une large gamme d'applications, notamment :<\/p>\n<ul>\n<li><strong>Centres de donn\u00e9es et salles de serveurs :<\/strong>\u00a0G\u00e9rer et red\u00e9marrer \u00e0 distance les serveurs, les commutateurs et les baies de stockage afin d'optimiser le temps de fonctionnement.<\/li>\n<li><strong>Plaques tournantes des t\u00e9l\u00e9communications :<\/strong>\u00a0Garantir une alimentation fiable pour les infrastructures de r\u00e9seau critiques.<\/li>\n<li><strong>Automatisation industrielle :<\/strong>\u00a0Contr\u00f4ler et surveiller l'alimentation des \u00e9quipements de fabrication et des syst\u00e8mes de contr\u00f4le.<\/li>\n<li><strong>Installations de transport d'\u00e9nergie \u00e9lectrique :<\/strong>\u00a0Fournir une alimentation fiable et contr\u00f4l\u00e9e pour les syst\u00e8mes de contr\u00f4le et de surveillance.<\/li>\n<\/ul>\n<p>Sachant que chaque \u00e9tablissement a des exigences particuli\u00e8res, cette unit\u00e9 prend en charge\u00a0<strong>OEM ET ODM<\/strong>\u00a0personnalisation. Que vous ayez besoin d'une configuration de prises diff\u00e9rente, d'une int\u00e9gration logicielle sp\u00e9cialis\u00e9e ou d'une marque unique, notre \u00e9quipe peut travailler avec vous pour cr\u00e9er une solution de distribution d'\u00e9nergie sur mesure qui r\u00e9pond parfaitement \u00e0 vos besoins op\u00e9rationnels.<\/p>\n<p>Avec une faible quantit\u00e9 minimale de commande (MOQ) d'une seule pi\u00e8ce, il est facile d'acqu\u00e9rir une unit\u00e9 \u00e0 des fins de test et d'\u00e9valuation avant un d\u00e9ploiement plus important.<\/p>\n<p>L'unit\u00e9 de distribution d'alimentation intelligente \u00e0 8 prises d'OIT est plus qu'une simple multiprise ; c'est un outil intelligent, robuste et indispensable pour la gestion d'une infrastructure moderne. En offrant un contr\u00f4le granulaire, une surveillance d\u00e9taill\u00e9e en temps r\u00e9el et une protection compl\u00e8te, il vous permet d'am\u00e9liorer l'efficacit\u00e9 op\u00e9rationnelle, de r\u00e9duire les temps d'arr\u00eat et de prot\u00e9ger vos investissements critiques.<\/p>","protected":false},"excerpt":{"rendered":"<div class=\"chat-container\">\n<div class=\"chat-view-container ng-star-inserted\">\n<div>\n<div class=\"chat-turn-container model render cdk-focused cdk-mouse-focused\" tabindex=\"-1\">\n<div class=\"model-prompt-container\" data-turn-role=\"Model\">\n<div class=\"turn-content\">\n<p class=\"ng-star-inserted\"><span class=\"ng-star-inserted\">Unit\u00e9 de distribution d'\u00e9nergie intelligente \u00e0 8 prises pour les besoins industriels. Il est dot\u00e9 d'une t\u00e9l\u00e9commande et d'un \u00e9cran num\u00e9rique pour surveiller la tension, le courant et la puissance. Avec une protection int\u00e9gr\u00e9e contre les surcharges, il assure une gestion s\u00fbre et fiable de l'alimentation de vos \u00e9quipements critiques.<\/span><\/p>\n<div class=\"turn-information ng-star-inserted\"><\/div>\n<\/div>\n<\/div>\n<\/div>\n<\/div>\n<\/div>\n<\/div>","protected":false},"featured_media":1374,"template":"","meta":{"_kad_post_transparent":"default","_kad_post_title":"","_kad_post_layout":"default","_kad_post_sidebar_id":"","_kad_post_content_style":"default","_kad_post_vertical_padding":"default","_kad_post_feature":"","_kad_post_feature_position":"","_kad_post_header":false,"_kad_post_footer":false},"product_brand":[],"product_cat":[81],"product_tag":[208,207,193],"class_list":{"0":"post-1373","1":"product","2":"type-product","3":"status-publish","4":"has-post-thumbnail","6":"product_cat-smart-power-distribution-units","7":"product_tag-8-outlet-industrial-power-strip","8":"product_tag-remote-monitoring-pdu","9":"product_tag-smart-power-distribution-unit","11":"first","12":"instock","13":"shipping-taxable","14":"product-type-simple","15":"entry","16":"content-bg","17":"loop-entry"},"_links":{"self":[{"href":"https:\/\/24smartcharge.com\/fr\/wp-json\/wp\/v2\/product\/1373","targetHints":{"allow":["GET"]}}],"collection":[{"href":"https:\/\/24smartcharge.com\/fr\/wp-json\/wp\/v2\/product"}],"about":[{"href":"https:\/\/24smartcharge.com\/fr\/wp-json\/wp\/v2\/types\/product"}],"wp:featuredmedia":[{"embeddable":true,"href":"https:\/\/24smartcharge.com\/fr\/wp-json\/wp\/v2\/media\/1374"}],"wp:attachment":[{"href":"https:\/\/24smartcharge.com\/fr\/wp-json\/wp\/v2\/media?parent=1373"}],"wp:term":[{"taxonomy":"product_brand","embeddable":true,"href":"https:\/\/24smartcharge.com\/fr\/wp-json\/wp\/v2\/product_brand?post=1373"},{"taxonomy":"product_cat","embeddable":true,"href":"https:\/\/24smartcharge.com\/fr\/wp-json\/wp\/v2\/product_cat?post=1373"},{"taxonomy":"product_tag","embeddable":true,"href":"https:\/\/24smartcharge.com\/fr\/wp-json\/wp\/v2\/product_tag?post=1373"}],"curies":[{"name":"wp","href":"https:\/\/api.w.org\/{rel}","templated":true}]}}