{"id":1361,"date":"2025-08-07T01:43:12","date_gmt":"2025-08-07T01:43:12","guid":{"rendered":"https:\/\/24smartcharge.com\/?post_type=product&#038;p=1361"},"modified":"2025-08-07T01:43:12","modified_gmt":"2025-08-07T01:43:12","slug":"16-socket-smart-power-distribution-unit-with-surge-protection","status":"publish","type":"product","link":"https:\/\/24smartcharge.com\/fr\/16-socket-smart-power-distribution-unit-with-surge-protection\/","title":{"rendered":"Unit\u00e9 de distribution d'alimentation intelligente \u00e0 16 prises avec protection contre les surtensions"},"content":{"rendered":"<h1 id=\"-oit-16-socket-smart-power-distribution-unit-intelligent-power-for-mission-critical-operations-\"><strong>Unit\u00e9 de distribution d'alimentation intelligente \u00e0 16 prises d'OIT : Alimentation intelligente pour les op\u00e9rations critiques<\/strong><\/h1>\n<p>Dans le monde actuel ax\u00e9 sur les donn\u00e9es, il est primordial de maintenir la disponibilit\u00e9 op\u00e9rationnelle et d'assurer la sant\u00e9 de l'infrastructure informatique critique. Une alimentation non g\u00e9r\u00e9e peut entra\u00eener des d\u00e9faillances catastrophiques, des dommages aux \u00e9quipements et des temps d'arr\u00eat co\u00fbteux. Les\u00a0<strong>Unit\u00e9 de distribution d'alimentation (PDU) intelligente \u00e0 16 prises<\/strong>\u00a0d'OIT est con\u00e7ue pour relever ces d\u00e9fis de front, en fournissant une distribution d'\u00e9nergie intelligente, fiable et hautement s\u00e9curis\u00e9e pour les environnements les plus exigeants. Cette PDU avanc\u00e9e combine une sortie haute densit\u00e9, une protection robuste contre les surtensions et des capacit\u00e9s sophistiqu\u00e9es de gestion \u00e0 distance dans un format \u00e9l\u00e9gant et montable en rack, ce qui en fait la solution d'alimentation d\u00e9finitive pour les centres de donn\u00e9es modernes, les salles de serveurs et les installations industrielles.<\/p>\n<h2 id=\"-advanced-power-intelligence-with-a-remotely-pluggable-module-\"><strong>Intelligence \u00e9nerg\u00e9tique avanc\u00e9e avec un module enfichable \u00e0 distance<\/strong><\/h2>\n<p>Au c\u0153ur de cette unit\u00e9 de distribution d'\u00e9nergie intelligente se trouve son syst\u00e8me innovant d'alimentation en \u00e9nergie.\u00a0<strong>Module intelligent enfichable \u00e0 distance<\/strong>. Ce puissant centre de commande offre une vision et un contr\u00f4le granulaires de votre consommation d'\u00e9nergie, transformant une multiprise standard en un atout strat\u00e9gique pour la gestion de l'infrastructure.<\/p>\n<h3 id=\"-comprehensive-real-time-monitoring-\"><strong>Surveillance compl\u00e8te en temps r\u00e9el<\/strong><\/h3>\n<p>Le module est dot\u00e9 d'un \u00e9cran LCD cristallin qui affiche d'un seul coup d'\u0153il les mesures de puissance critiques, ce qui \u00e9limine les conjectures et permet une gestion proactive. Les principaux points de donn\u00e9es sont les suivants :<\/p>\n<ul>\n<li><strong>Tension (V) :<\/strong>\u00a0Surveillez la tension entrante pour vous assurer qu'elle reste dans les param\u00e8tres de fonctionnement s\u00fbrs pour votre \u00e9quipement sensible.<\/li>\n<li><strong>Courant (A) :<\/strong>\u00a0Suivez en temps r\u00e9el la consommation totale de courant de tous les appareils connect\u00e9s. L'\u00e9cran affiche clairement la charge totale, ce qui vous aide \u00e0 pr\u00e9venir les surcharges de circuit avant qu'elles ne se produisent.<\/li>\n<li><strong>Puissance (kW) :<\/strong>\u00a0Comprenez votre consommation d'\u00e9nergie active, une mesure cruciale pour calculer l'efficacit\u00e9 \u00e9nerg\u00e9tique et le PUE (Power Usage Effectiveness) du centre de donn\u00e9es.<\/li>\n<li><strong>Consommation d'\u00e9nergie (kWh) :<\/strong>\u00a0Tenez un compte de la consommation totale d'\u00e9nergie au fil du temps. Ces donn\u00e9es sont pr\u00e9cieuses pour la planification des capacit\u00e9s, la r\u00e9partition des co\u00fbts et l'identification des possibilit\u00e9s d'\u00e9conomies d'\u00e9nergie.<\/li>\n<li><strong>Donn\u00e9es environnementales :<\/strong>\u00a0Le port d\u00e9di\u00e9 aux capteurs permet d'int\u00e9grer des sondes environnementales (vendues s\u00e9par\u00e9ment) pour surveiller des conditions telles que la temp\u00e9rature et l'humidit\u00e9 \u00e0 l'int\u00e9rieur du rack. L'\u00e9cran est capable d'afficher ces donn\u00e9es, ce qui permet d'\u00e9viter les pannes d'\u00e9quipement dues \u00e0 la surchauffe.<\/li>\n<\/ul>\n<p>Commandes intuitives \u00e0 bord, y compris\u00a0<code>MENU<\/code>,\u00a0<code>UP<\/code>et\u00a0<code>DOWN<\/code>\u00a0permettent une configuration locale et une navigation ais\u00e9e dans les menus de l'\u00e9cran. Des LED d'\u00e9tat pour\u00a0<code>RUN<\/code>\u00a0et\u00a0<code>ALM<\/code>\u00a0(Alarme) fournissent un retour visuel imm\u00e9diat sur l'\u00e9tat de fonctionnement de la PDU.<\/p>\n<h3 id=\"-sophisticated-remote-management-and-connectivity-\"><strong>Gestion \u00e0 distance et connectivit\u00e9 sophistiqu\u00e9es<\/strong><\/h3>\n<p>La v\u00e9ritable intelligence vient de la capacit\u00e9 \u00e0 g\u00e9rer votre infrastructure de n'importe o\u00f9 et \u00e0 n'importe quel moment. Cette unit\u00e9 PDU intelligente est \u00e9quip\u00e9e d'une suite compl\u00e8te d'options de connectivit\u00e9 :<\/p>\n<ul>\n<li><strong>Port r\u00e9seau (NET) :<\/strong>\u00a0Un port Ethernet int\u00e9gr\u00e9 permet \u00e0 la PDU de se connecter directement \u00e0 votre r\u00e9seau local. Cela permet un acc\u00e8s \u00e0 distance s\u00e9curis\u00e9 via une interface graphique bas\u00e9e sur le Web, SNMP ou d'autres protocoles r\u00e9seau. Les administrateurs peuvent surveiller \u00e0 distance toutes les mesures d'alimentation, configurer des alertes et m\u00eame contr\u00f4ler des prises individuelles sans avoir besoin d'\u00eatre physiquement pr\u00e9sents.<\/li>\n<li><strong>Connectivit\u00e9 s\u00e9rie (RS485) :<\/strong>\u00a0L'inclusion de ports RS485 offre une communication s\u00e9rie robuste, id\u00e9ale pour les syst\u00e8mes de contr\u00f4le industriels et pour le c\u00e2blage en guirlande de plusieurs PDU. Cela vous permet de g\u00e9rer une rang\u00e9e enti\u00e8re de racks \u00e0 partir d'une seule unit\u00e9 ma\u00eetre ou d'int\u00e9grer l'unit\u00e9 PDU dans des syst\u00e8mes de gestion de b\u00e2timents existants (BMS).<\/li>\n<li><strong>Port du capteur :<\/strong>\u00a0Allez au-del\u00e0 de la surveillance de l'alimentation. Le port d\u00e9di\u00e9 aux capteurs vous permet de connecter des capteurs environnementaux pour la temp\u00e9rature, l'humidit\u00e9, le flux d'air, etc. L'unit\u00e9 PDU devient ainsi une solution compl\u00e8te de surveillance de l'environnement du rack.<\/li>\n<\/ul>\n<h2 id=\"-high-density-and-reliable-power-distribution-\"><strong>Distribution d'\u00e9nergie fiable et \u00e0 haute densit\u00e9<\/strong><\/h2>\n<p>Con\u00e7ue pour l'efficacit\u00e9 et l'\u00e9volutivit\u00e9, cette PDU offre une connectivit\u00e9 \u00e9tendue dans un design vertical peu encombrant.<\/p>\n<ul>\n<li><strong>16 prises Schuko allemandes :<\/strong>\u00a0L'unit\u00e9 est \u00e9quip\u00e9e de 16 prises Schuko de haute qualit\u00e9, avec mise \u00e0 la terre standard, fournissant suffisamment de connexions pour un rack de serveurs enti\u00e8rement charg\u00e9.<\/li>\n<li><strong>Capacit\u00e9 de puissance \u00e9lev\u00e9e :<\/strong>\u00a0Avec un\u00a0<strong>courant nominal de 63A<\/strong>\u00a0et un\u00a0<strong>tension nominale de 250V<\/strong>Cette PDU est con\u00e7ue pour g\u00e9rer les \u00e9quipements \u00e0 forte charge, notamment les serveurs lames, les commutateurs r\u00e9seau et les baies de stockage. Son c\u00e2blage et ses composants internes robustes garantissent une alimentation stable et fiable en cas d'utilisation intensive.<\/li>\n<li><strong>Montage vertical en Z\u00e9ro-U :<\/strong>\u00a0La conception fine et verticale permet de monter l'unit\u00e9 PDU sur le c\u00f4t\u00e9 ou \u00e0 l'arri\u00e8re d'un rack de serveurs sans occuper l'espace horizontal pr\u00e9cieux du rack (Zero-U). Cela permet de conserver un espace pr\u00e9cieux pour les serveurs et autres \u00e9quipements informatiques.<\/li>\n<\/ul>\n<h2 id=\"-multi-layered-equipment-protection-\"><strong>Protection de l'\u00e9quipement \u00e0 plusieurs niveaux<\/strong><\/h2>\n<p>La protection de votre investissement n'est pas n\u00e9gociable. Cette unit\u00e9 de distribution d'\u00e9nergie intelligente int\u00e8gre plusieurs couches de protection pour prot\u00e9ger les appareils connect\u00e9s contre un large \u00e9ventail de menaces li\u00e9es \u00e0 l'alimentation.<\/p>\n<h3 id=\"-advanced-surge-protective-device-spd-\"><strong>Dispositif avanc\u00e9 de protection contre les surtensions (SPD)<\/strong><\/h3>\n<p>Un dispositif int\u00e9gr\u00e9 de protection contre les surtensions offre une protection sup\u00e9rieure contre les surtensions et les pics de tension caus\u00e9s par la foudre ou les fluctuations du r\u00e9seau \u00e9lectrique. Cette fonction est essentielle pour pr\u00e9server la long\u00e9vit\u00e9 et l'int\u00e9grit\u00e9 des composants \u00e9lectroniques sensibles. Des voyants d'\u00e9tat clairs fournissent une confirmation instantan\u00e9e de l'\u00e9tat de l'unit\u00e9 PDU :<\/p>\n<ul>\n<li><strong>PUISSANCE :<\/strong>\u00a0Confirme que l'appareil est aliment\u00e9 en \u00e9lectricit\u00e9.<\/li>\n<li><strong>SURGE :<\/strong>\u00a0Indique que le circuit de protection contre les surtensions est actif et fonctionne correctement.<\/li>\n<li><strong>TERRAIN :<\/strong>\u00a0V\u00e9rifie que l'unit\u00e9 PDU est correctement mise \u00e0 la terre, une exigence fondamentale pour la s\u00e9curit\u00e9 et une protection efficace contre les surtensions.<\/li>\n<\/ul>\n<h3 id=\"-individual-overload-protection-\"><strong>Protection individuelle contre les surcharges<\/strong><\/h3>\n<p>Comme indiqu\u00e9 dans ses attributs fonctionnels, l'unit\u00e9 PDU est dot\u00e9e d'une protection individuelle contre les surcharges. Cette conception intelligente permet d'\u00e9viter qu'un seul appareil d\u00e9faillant ou gourmand en \u00e9nergie ne d\u00e9clenche l'ensemble du circuit et ne provoque une coupure pour tous les autres \u00e9quipements connect\u00e9s.<\/p>\n<h2 id=\"-built-for-durability-and-global-compliance-\"><strong>Con\u00e7u pour durer et \u00eatre conforme aux normes internationales<\/strong><\/h2>\n<p>Fabriqu\u00e9e \u00e0 Guangdong, cette PDU est construite avec des mat\u00e9riaux de qualit\u00e9 industrielle pour r\u00e9sister aux rigueurs de l'environnement des centres de donn\u00e9es. Son ch\u00e2ssis durable garantit une fiabilit\u00e9 \u00e0 long terme. Pour garantir son ad\u00e9quation \u00e0 un d\u00e9ploiement mondial, l'unit\u00e9 poss\u00e8de un ensemble complet de certifications, notamment :<\/p>\n<ul>\n<li><strong>CE, UL, RoHS, CETL :<\/strong>\u00a0Ces certifications attestent que le produit r\u00e9pond \u00e0 des normes internationales strictes en mati\u00e8re de s\u00e9curit\u00e9, de performance et de responsabilit\u00e9 environnementale, notamment en ce qui concerne la limitation des substances dangereuses.<\/li>\n<\/ul>\n<p>Avec le soutien de\u00a0<strong>OEM ET ODM<\/strong>L'unit\u00e9 peut \u00eatre personnalis\u00e9e pour r\u00e9pondre \u00e0 des exigences sp\u00e9cifiques en mati\u00e8re de marque, de fonctionnalit\u00e9s ou d'int\u00e9gration, ce qui offre une flexibilit\u00e9 in\u00e9gal\u00e9e pour les d\u00e9ploiements \u00e0 grande \u00e9chelle.<\/p>","protected":false},"excerpt":{"rendered":"<div class=\"chat-container\">\n<div class=\"chat-view-container ng-star-inserted\">\n<div>\n<div class=\"chat-turn-container model render cdk-focused cdk-mouse-focused\" tabindex=\"-1\">\n<div class=\"model-prompt-container\" data-turn-role=\"Model\">\n<div class=\"turn-content\">\n<p class=\"ng-star-inserted\"><span class=\"ng-star-inserted\">Cette unit\u00e9 de distribution d'alimentation intelligente \u00e0 16 prises offre une gestion robuste de l'alimentation pour les applications industrielles et les baies de donn\u00e9es. Elle est dot\u00e9e d'un module intelligent avec \u00e9cran LCD pour la surveillance en temps r\u00e9el de la tension et du courant, ainsi que de capacit\u00e9s de contr\u00f4le \u00e0 distance. La protection int\u00e9gr\u00e9e contre les surtensions et les surcharges garantit la s\u00e9curit\u00e9 de l'\u00e9quipement.<\/span><\/p>\n<\/div>\n<\/div>\n<\/div>\n<\/div>\n<\/div>\n<\/div>","protected":false},"featured_media":1366,"template":"","meta":{"_kad_post_transparent":"default","_kad_post_title":"","_kad_post_layout":"default","_kad_post_sidebar_id":"","_kad_post_content_style":"default","_kad_post_vertical_padding":"default","_kad_post_feature":"","_kad_post_feature_position":"","_kad_post_header":false,"_kad_post_footer":false},"product_brand":[],"product_cat":[81],"product_tag":[205,206,193],"class_list":{"0":"post-1361","1":"product","2":"type-product","3":"status-publish","4":"has-post-thumbnail","6":"product_cat-smart-power-distribution-units","7":"product_tag-16-outlet-rack-pdu","8":"product_tag-pdu-with-remote-monitoring","9":"product_tag-smart-power-distribution-unit","11":"first","12":"instock","13":"shipping-taxable","14":"product-type-simple","15":"entry","16":"content-bg","17":"loop-entry"},"_links":{"self":[{"href":"https:\/\/24smartcharge.com\/fr\/wp-json\/wp\/v2\/product\/1361","targetHints":{"allow":["GET"]}}],"collection":[{"href":"https:\/\/24smartcharge.com\/fr\/wp-json\/wp\/v2\/product"}],"about":[{"href":"https:\/\/24smartcharge.com\/fr\/wp-json\/wp\/v2\/types\/product"}],"wp:featuredmedia":[{"embeddable":true,"href":"https:\/\/24smartcharge.com\/fr\/wp-json\/wp\/v2\/media\/1366"}],"wp:attachment":[{"href":"https:\/\/24smartcharge.com\/fr\/wp-json\/wp\/v2\/media?parent=1361"}],"wp:term":[{"taxonomy":"product_brand","embeddable":true,"href":"https:\/\/24smartcharge.com\/fr\/wp-json\/wp\/v2\/product_brand?post=1361"},{"taxonomy":"product_cat","embeddable":true,"href":"https:\/\/24smartcharge.com\/fr\/wp-json\/wp\/v2\/product_cat?post=1361"},{"taxonomy":"product_tag","embeddable":true,"href":"https:\/\/24smartcharge.com\/fr\/wp-json\/wp\/v2\/product_tag?post=1361"}],"curies":[{"name":"wp","href":"https:\/\/api.w.org\/{rel}","templated":true}]}}