{"id":1353,"date":"2025-08-07T01:19:11","date_gmt":"2025-08-07T01:19:11","guid":{"rendered":"https:\/\/24smartcharge.com\/?post_type=product&#038;p=1353"},"modified":"2025-08-07T01:28:42","modified_gmt":"2025-08-07T01:28:42","slug":"30a-6-outlet-rackmount-smart-power-distribution-unit","status":"publish","type":"product","link":"https:\/\/24smartcharge.com\/fr\/30a-6-outlet-rackmount-smart-power-distribution-unit\/","title":{"rendered":"Unit\u00e9 de distribution d'alimentation intelligente 30A \u00e0 6 prises pour montage en rack"},"content":{"rendered":"<h1 id=\"revolutionize-your-power-management-with-the-30a-rackmount-smart-power-distribution-unit\">R\u00e9volutionnez votre gestion de l'\u00e9nergie avec l'unit\u00e9 de distribution d'\u00e9nergie intelligente 30A pour montage en rack<\/h1>\n<p>Dans les environnements informatiques et industriels critiques d'aujourd'hui, l'alimentation est plus que de l'\u00e9lectricit\u00e9 ; c'est l'\u00e9l\u00e9ment vital de vos op\u00e9rations. Une distribution d'\u00e9nergie non g\u00e9r\u00e9e constitue un risque important, entra\u00eenant des temps d'arr\u00eat non planifi\u00e9s, des dommages aux \u00e9quipements et une augmentation des co\u00fbts d'exploitation. L'introduction du\u00a0<strong>Unit\u00e9 de distribution d'alimentation intelligente (PDU) 30A \u00e0 6 prises pour montage en rack<\/strong>-Une solution sophistiqu\u00e9e con\u00e7ue pour fournir une alimentation fiable, g\u00e9rable et intelligente \u00e0 vos actifs les plus vitaux. Il ne s'agit pas d'une simple multiprise, mais d'un outil strat\u00e9gique con\u00e7u pour les administrateurs et les ing\u00e9nieurs qui exigent un contr\u00f4le granulaire, une surveillance en temps r\u00e9el et une gestion proactive de leur infrastructure \u00e9lectrique.<\/p>\n<h3 id=\"-high-capacity-reliable-power-delivery-\"><strong>Alimentation \u00e9lectrique fiable et de grande capacit\u00e9<\/strong><\/h3>\n<p>Une unit\u00e9 PDU doit fournir une alimentation constante et fiable. Cette unit\u00e9 est con\u00e7ue pour g\u00e9rer des charges exigeantes gr\u00e2ce \u00e0 sa robustesse.\u00a0<strong>Courant nominal de 30A<\/strong>\u00a0et\u00a0<strong>Tension nominale de 240V<\/strong>. Cette capacit\u00e9 \u00e9lev\u00e9e le rend parfaitement adapt\u00e9 \u00e0 l'alimentation d'un rack rempli d'\u00e9quipements \u00e0 haute densit\u00e9, notamment des serveurs, des commutateurs r\u00e9seau, des baies de stockage et d'autres dispositifs gourmands en \u00e9nergie qui constituent l'\u00e9pine dorsale de votre entreprise.<\/p>\n<p>L'unit\u00e9 pr\u00e9sente les caract\u00e9ristiques suivantes\u00a0<strong>six (6) prises IEC C13<\/strong>La norme mondiale pour les \u00e9quipements informatiques professionnels garantit une large compatibilit\u00e9 et des connexions s\u00e9curis\u00e9es. Le cordon d'alimentation robuste se termine par une fiche de verrouillage s\u00e9curis\u00e9e, con\u00e7ue pour emp\u00eacher toute d\u00e9connexion accidentelle susceptible d'entra\u00eener des temps d'arr\u00eat catastrophiques. Chaque composant a \u00e9t\u00e9 s\u00e9lectionn\u00e9 pour sa durabilit\u00e9 et ses performances, garantissant une alimentation stable en cas d'utilisation intensive et continue.<\/p>\n<h3 id=\"-the-core-of-intelligence-advanced-monitoring-and-control-\"><strong>Le c\u0153ur de l'intelligence : Surveillance et contr\u00f4le avanc\u00e9s<\/strong><\/h3>\n<p>Ce qui distingue vraiment cet appareil et lui vaut le titre de\u00a0<strong>Unit\u00e9 de distribution d'\u00e9nergie intelligente<\/strong>\u00a0est sa suite compl\u00e8te de fonctions de gestion. Elle vous offre une visibilit\u00e9 et un contr\u00f4le impossibles \u00e0 obtenir avec des barrettes d'alimentation de base.<\/p>\n<h4 id=\"-local-on-site-management-\"><strong>Gestion locale sur place<\/strong><\/h4>\n<p>Pour une gestion directe au niveau du rack, la PDU est \u00e9quip\u00e9e d'un \u00e9cran d'affichage clair comme de l'eau de roche.\u00a0<strong>\u00c9cran LCD<\/strong>\u00a0et une interface de contr\u00f4le intuitive comprenant les boutons MENU, UP et DOWN. Cela permet aux techniciens sur site de visualiser instantan\u00e9ment les mesures de puissance critiques sans avoir besoin de connecter un ordinateur portable ou d'acc\u00e9der au r\u00e9seau. Les informations cl\u00e9s disponibles en un coup d'\u0153il comprennent g\u00e9n\u00e9ralement<\/p>\n<ul>\n<li><strong>Consommation totale de courant (amp\u00e8res)<\/strong><\/li>\n<li><strong>Tension d'entr\u00e9e (Volts)<\/strong><\/li>\n<li><strong>Consommation \u00e9lectrique totale (kW)<\/strong><\/li>\n<li><strong>\u00c9tat des alarmes et informations sur le syst\u00e8me<\/strong><\/li>\n<\/ul>\n<p>Voyants clignotants pour\u00a0<strong>RUN<\/strong>\u00a0et\u00a0<strong>ALM (Alarme)<\/strong>\u00a0fournissent des indications visuelles imm\u00e9diates sur l'\u00e9tat de fonctionnement de la PDU et alertent le personnel sur les probl\u00e8mes potentiels n\u00e9cessitant une attention particuli\u00e8re.<\/p>\n<h4 id=\"-powerful-remote-network-management-\"><strong>Gestion puissante du r\u00e9seau \u00e0 distance<\/strong><\/h4>\n<p>La v\u00e9ritable puissance de cette unit\u00e9 PDU intelligente est r\u00e9v\u00e9l\u00e9e par sa connectivit\u00e9 r\u00e9seau. Dot\u00e9e d'une\u00a0<strong>Port NET (Ethernet)<\/strong>L'unit\u00e9 peut \u00eatre int\u00e9gr\u00e9e directement dans votre r\u00e9seau local. Cela permet aux administrateurs syst\u00e8me d'acc\u00e9der \u00e0 distance \u00e0 la PDU, de la surveiller et de la g\u00e9rer depuis n'importe o\u00f9 dans le monde via un navigateur web s\u00e9curis\u00e9, le protocole SNMP (Simple Network Management Protocol) ou d'autres protocoles r\u00e9seau.<\/p>\n<p>Les capacit\u00e9s de gestion \u00e0 distance sont un facteur de transformation pour l'efficacit\u00e9 op\u00e9rationnelle :<\/p>\n<ul>\n<li><strong>Surveillance en temps r\u00e9el :<\/strong>\u00a0Surveillez constamment les charges \u00e9lectriques pour comprendre les mod\u00e8les de consommation, planifier les capacit\u00e9s futures et vous assurer que vous op\u00e9rez dans des limites \u00e9lectriques s\u00fbres.<\/li>\n<li><strong>Alertes proactives :<\/strong>\u00a0Configurez des seuils personnalis\u00e9s pour la consommation de courant. Si la charge d\u00e9passe une limite pr\u00e9d\u00e9finie, la PDU peut automatiquement envoyer des alertes par e-mail ou des traps SNMP \u00e0 votre syst\u00e8me de gestion de r\u00e9seau. Ce syst\u00e8me d'alerte pr\u00e9coce vous permet de traiter les surcharges potentielles avant qu'elles ne d\u00e9clenchent un disjoncteur, garantissant ainsi un temps de fonctionnement maximal.<\/li>\n<li><strong>Empreintes r\u00e9duites :<\/strong>\u00a0En permettant les red\u00e9marrages et la surveillance \u00e0 distance, cette unit\u00e9 PDU intelligente r\u00e9duit consid\u00e9rablement le besoin de visites physiques sur site, ce qui permet d'\u00e9conomiser un temps pr\u00e9cieux, des ressources et des d\u00e9penses op\u00e9rationnelles, en particulier pour les infrastructures colocalis\u00e9es ou distribu\u00e9es.<\/li>\n<\/ul>\n<h3 id=\"-building-an-intelligent-ecosystem-\"><strong>Construire un \u00e9cosyst\u00e8me intelligent<\/strong><\/h3>\n<p>Cette unit\u00e9 PDU intelligente est con\u00e7ue pour \u00eatre le centre d'un environnement de rack plus intelligent. Ses options de connectivit\u00e9 avanc\u00e9es permettent une expansion significative et une prise en compte de l'environnement.<\/p>\n<ul>\n<li><strong>D\u00e9tection environnementale (<code>CAPTEUR<\/code>\u00a0Port) :<\/strong>\u00a0Le port d\u00e9di\u00e9 aux capteurs vous permet de connecter des sondes environnementales optionnelles, telles que des capteurs de temp\u00e9rature et d'humidit\u00e9. La chaleur est l'ennemi des \u00e9quipements \u00e9lectroniques. En surveillant l'environnement du rack en temps r\u00e9el, vous pouvez \u00e9viter les pannes d'\u00e9quipement dues \u00e0 la surchauffe, optimiser les syst\u00e8mes de refroidissement pour une meilleure efficacit\u00e9 \u00e9nerg\u00e9tique et recevoir des alertes si les conditions s'\u00e9cartent de la norme.<\/li>\n<li><strong>Expansion \u00e9volutive (<code>RS485<\/code>\u00a0et\u00a0<code>LIEN<\/code>\u00a0Ports) :<\/strong>\u00a0Dans les d\u00e9ploiements \u00e0 grande \u00e9chelle, la gestion de dizaines d'unit\u00e9s PDU individuelles peut s'av\u00e9rer fastidieuse. L'inclusion de\u00a0<strong>RS485<\/strong>\u00a0et\u00a0<strong>LIEN<\/strong>\u00a0vous permet de relier plusieurs PDU en guirlande. Cette fonction puissante vous permet de g\u00e9rer un rack entier d'unit\u00e9s PDU, voire plusieurs racks, par le biais d'une seule unit\u00e9 ma\u00eetre, ce qui permet d'\u00e9conomiser des ports de commutation r\u00e9seau pr\u00e9cieux et de consolider la gestion sous une seule adresse IP.<\/li>\n<\/ul>\n<h3 id=\"-engineered-for-the-professional-environment-\"><strong>Con\u00e7u pour l'environnement professionnel<\/strong><\/h3>\n<p>Con\u00e7ue pour les centres de donn\u00e9es modernes et les installations industrielles, cette unit\u00e9 PDU b\u00e9n\u00e9ficie d'une qualit\u00e9 de construction robuste et professionnelle.<\/p>\n<ul>\n<li><strong>Construction durable :<\/strong>\u00a0L'appareil est log\u00e9 dans un ch\u00e2ssis en aluminium noir, \u00e0 la fois \u00e9l\u00e9gant et robuste, con\u00e7u pour r\u00e9sister aux rigueurs d'un environnement commercial.<\/li>\n<li><strong>Montage en rack Polyvalence :<\/strong>\u00a0Avec des dimensions de\u00a0<strong>483 x 44,4 x 62 mm<\/strong>il est conforme \u00e0 la norme\u00a0<strong>Montage en rack 1U, 19 pouces<\/strong>\u00a0facteur de forme. Les supports de montage int\u00e9gr\u00e9s offrent la possibilit\u00e9 de l'installer horizontalement ou verticalement (0U) dans le rack, ce qui permet d'optimiser l'espace et la gestion des c\u00e2bles.<\/li>\n<li><strong>Certifi\u00e9 pour la s\u00e9curit\u00e9 et la fiabilit\u00e9 :<\/strong>\u00a0Ce produit r\u00e9pond \u00e0 des normes internationales rigoureuses et poss\u00e8de les certifications suivantes\u00a0<strong>CE, UL, RoHS et ETL<\/strong>. Ces certifications vous garantissent la s\u00e9curit\u00e9, la qualit\u00e9 et la conformit\u00e9 environnementale du produit, ce qui en fait un choix fiable pour les applications d'entreprise.<\/li>\n<\/ul>\n<h3 id=\"-ideal-applications-\"><strong>Applications id\u00e9ales<\/strong><\/h3>\n<p>La polyvalence, l'intelligence et la conception robuste de cette\u00a0<strong>Unit\u00e9 de distribution d'\u00e9nergie intelligente<\/strong>\u00a0en font la solution id\u00e9ale pour une large gamme d'applications :<\/p>\n<ul>\n<li><strong>Centres de donn\u00e9es et salles de serveurs :<\/strong>\u00a0Fournit une gestion granulaire de l'alimentation pour les serveurs, le stockage et les \u00e9quipements de r\u00e9seau.<\/li>\n<li><strong>Placards du r\u00e9seau :<\/strong>\u00a0G\u00e9rer et red\u00e9marrer \u00e0 distance les routeurs, les commutateurs et les pare-feux afin de minimiser les temps d'arr\u00eat du r\u00e9seau.<\/li>\n<li><strong>Automatisation industrielle :<\/strong>\u00a0Fournit une alimentation et un contr\u00f4le fiables pour les \u00e9quipements de contr\u00f4le des processus et d'automatisation.<\/li>\n<li><strong>Installations de t\u00e9l\u00e9communications :<\/strong>\u00a0Garantir le temps de fonctionnement des infrastructures de communication critiques.<\/li>\n<li><strong>D\u00e9ploiement de l'informatique en p\u00e9riph\u00e9rie :<\/strong>\u00a0Permet la gestion \u00e0 distance de l'\u00e9nergie pour les sites distribu\u00e9s sans personnel.<\/li>\n<\/ul>","protected":false},"excerpt":{"rendered":"<p class=\"ng-star-inserted\"><span class=\"ng-star-inserted\">Cette unit\u00e9 de distribution d'alimentation intelligente 30A\/240V pour montage en rack fournit une alimentation fiable \u00e0 6 prises IEC C13. Elle est dot\u00e9e d'un \u00e9cran LCD clair pour la surveillance locale et de ports r\u00e9seau pour la gestion \u00e0 distance. Id\u00e9al pour les centres de donn\u00e9es et les applications industrielles n\u00e9cessitant un contr\u00f4le intelligent de l'alimentation.<\/span><\/p>","protected":false},"featured_media":1354,"template":"","meta":{"_kad_post_transparent":"default","_kad_post_title":"","_kad_post_layout":"default","_kad_post_sidebar_id":"","_kad_post_content_style":"default","_kad_post_vertical_padding":"default","_kad_post_feature":"","_kad_post_feature_position":"","_kad_post_header":false,"_kad_post_footer":false},"product_brand":[],"product_cat":[81],"product_tag":[204,173,193],"class_list":{"0":"post-1353","1":"product","2":"type-product","3":"status-publish","4":"has-post-thumbnail","6":"product_cat-smart-power-distribution-units","7":"product_tag-iec-c13","8":"product_tag-rackmount-pdu","9":"product_tag-smart-power-distribution-unit","11":"first","12":"instock","13":"shipping-taxable","14":"product-type-simple","15":"entry","16":"content-bg","17":"loop-entry"},"_links":{"self":[{"href":"https:\/\/24smartcharge.com\/fr\/wp-json\/wp\/v2\/product\/1353","targetHints":{"allow":["GET"]}}],"collection":[{"href":"https:\/\/24smartcharge.com\/fr\/wp-json\/wp\/v2\/product"}],"about":[{"href":"https:\/\/24smartcharge.com\/fr\/wp-json\/wp\/v2\/types\/product"}],"wp:featuredmedia":[{"embeddable":true,"href":"https:\/\/24smartcharge.com\/fr\/wp-json\/wp\/v2\/media\/1354"}],"wp:attachment":[{"href":"https:\/\/24smartcharge.com\/fr\/wp-json\/wp\/v2\/media?parent=1353"}],"wp:term":[{"taxonomy":"product_brand","embeddable":true,"href":"https:\/\/24smartcharge.com\/fr\/wp-json\/wp\/v2\/product_brand?post=1353"},{"taxonomy":"product_cat","embeddable":true,"href":"https:\/\/24smartcharge.com\/fr\/wp-json\/wp\/v2\/product_cat?post=1353"},{"taxonomy":"product_tag","embeddable":true,"href":"https:\/\/24smartcharge.com\/fr\/wp-json\/wp\/v2\/product_tag?post=1353"}],"curies":[{"name":"wp","href":"https:\/\/api.w.org\/{rel}","templated":true}]}}