{"id":1350,"date":"2025-08-07T01:21:03","date_gmt":"2025-08-07T01:21:03","guid":{"rendered":"https:\/\/24smartcharge.com\/?post_type=product&#038;p=1350"},"modified":"2025-08-07T01:21:03","modified_gmt":"2025-08-07T01:21:03","slug":"rack-mount-smart-power-distribution-unit-with-lcd-display","status":"publish","type":"product","link":"https:\/\/24smartcharge.com\/fr\/rack-mount-smart-power-distribution-unit-with-lcd-display\/","title":{"rendered":"Unit\u00e9 de distribution d'\u00e9nergie intelligente \u00e0 montage en rack avec \u00e9cran LCD"},"content":{"rendered":"<h1 id=\"-take-command-of-your-power-the-ultimate-rack-mount-smart-power-distribution-unit-\"><strong>Prenez le contr\u00f4le de votre \u00e9nergie : l'unit\u00e9 de distribution d'\u00e9nergie intelligente ultime \u00e0 monter en rack<\/strong><\/h1>\n<p>Dans le monde actuel ax\u00e9 sur la technologie, la fiabilit\u00e9 de votre infrastructure \u00e9lectrique n'est pas seulement une commodit\u00e9, c'est le fondement de l'ensemble de vos op\u00e9rations. Une alimentation non g\u00e9r\u00e9e peut entra\u00eener des pannes d'\u00e9quipement catastrophiques, des temps d'arr\u00eat co\u00fbteux et des risques de s\u00e9curit\u00e9 impr\u00e9vus. L'introduction du\u00a0<strong>Unit\u00e9 de distribution d'\u00e9nergie intelligente (PDU)<\/strong>L'alimentation \u00e9lectrique est une solution intelligente, robuste et riche en fonctionnalit\u00e9s, con\u00e7ue pour assurer un contr\u00f4le, une surveillance et une protection complets de vos \u00e9quipements critiques. Con\u00e7u pour une int\u00e9gration transparente dans n'importe quel rack de serveur standard de 19 pouces, cet appareil est plus qu'une simple barrette d'alimentation ; c'est le syst\u00e8me nerveux central pour vos besoins de gestion de l'alimentation.<\/p>\n<h2 id=\"-intelligent-management-and-monitoring-\"><strong>Gestion et surveillance intelligentes<\/strong><\/h2>\n<p>Ce qui caract\u00e9rise cette\u00a0<strong>Unit\u00e9 de distribution d'\u00e9nergie intelligente<\/strong>\u00a0est son intelligence. Dot\u00e9 de capacit\u00e9s de mise en r\u00e9seau avanc\u00e9es, il vous permet de g\u00e9rer votre infrastructure \u00e9lectrique depuis n'importe quel endroit du monde.<\/p>\n<h3 id=\"-centralized-remote-control-\"><strong>T\u00e9l\u00e9commande centralis\u00e9e<\/strong><\/h3>\n<p>Le port r\u00e9seau int\u00e9gr\u00e9 vous permet de connecter la PDU directement \u00e0 votre r\u00e9seau local (LAN). Une fois connect\u00e9, vous acc\u00e9dez \u00e0 une interface web conviviale qui vous permet de surveiller la consommation d'\u00e9nergie, de v\u00e9rifier l'\u00e9tat de chaque prise individuelle et m\u00eame d'effectuer un cycle d'alimentation \u00e0 distance des appareils connect\u00e9s. Imaginez que vous puissiez red\u00e9marrer un serveur ou un \u00e9quipement r\u00e9seau gel\u00e9 depuis votre bureau ou m\u00eame depuis chez vous, ce qui vous \u00e9viterait de vous rendre au centre de donn\u00e9es et r\u00e9duirait consid\u00e9rablement les temps de r\u00e9ponse.<\/p>\n<h3 id=\"-at-a-glance-local-monitoring-\"><strong>Aper\u00e7u de la surveillance locale<\/strong><\/h3>\n<p>Pour la gestion sur site, le panneau avant comporte un \u00e9cran LCD clair et lumineux. Il fournit des donn\u00e9es en temps r\u00e9el sur les param\u00e8tres d'alimentation critiques tels que la tension totale et l'appel de courant. Les techniciens peuvent instantan\u00e9ment \u00e9valuer la charge \u00e9lectrique et diagnostiquer les probl\u00e8mes potentiels sans avoir \u00e0 se connecter \u00e0 un autre syst\u00e8me, ce qui simplifie les proc\u00e9dures de maintenance et de d\u00e9pannage.<\/p>\n<h3 id=\"-scalable-infrastructure-with-cascade-ports-\"><strong>Infrastructure \u00e9volutive avec ports en cascade<\/strong><\/h3>\n<p>Au fur et \u00e0 mesure que vos activit\u00e9s se d\u00e9veloppent, vos besoins en mati\u00e8re de gestion de l'\u00e9nergie augmentent \u00e9galement. Les ports en cascade \"IN\" et \"OUT\" d\u00e9di\u00e9s sont con\u00e7us pour l'\u00e9volutivit\u00e9. Cette fonction puissante vous permet de connecter plusieurs PDU en guirlande, ce qui vous permet de surveiller et de g\u00e9rer un rack entier d'unit\u00e9s, ou m\u00eame plusieurs racks, \u00e0 l'aide d'une seule adresse IP. Cela simplifie la topologie de votre r\u00e9seau, conserve des adresses IP pr\u00e9cieuses et offre une exp\u00e9rience de gestion unifi\u00e9e pour l'ensemble de votre infrastructure.<\/p>\n<h2 id=\"-advanced-environmental-protection-\"><strong>Protection avanc\u00e9e de l'environnement<\/strong><\/h2>\n<p>La sant\u00e9 de votre \u00e9quipement \u00e9lectronique est directement li\u00e9e \u00e0 son environnement de fonctionnement. Il s'agit\u00a0<strong>Unit\u00e9 de distribution d'\u00e9nergie intelligente<\/strong>\u00a0va au-del\u00e0 de la simple distribution d'\u00e9nergie en int\u00e9grant des capacit\u00e9s sophistiqu\u00e9es de surveillance de l'environnement.<\/p>\n<p>Le panneau avant comprend des ports de capteurs d\u00e9di\u00e9s (T\/H1, T\/H2) pour connecter des sondes de temp\u00e9rature et d'humidit\u00e9 en option. En pla\u00e7ant ces capteurs \u00e0 des endroits strat\u00e9giques de votre rack, vous pouvez surveiller les conditions susceptibles d'endommager l'\u00e9quipement, telles que la surchauffe ou la condensation.<\/p>\n<p>En outre, un port ALARM permet d'int\u00e9grer d'autres capteurs externes, tels que des contacts de porte pour d\u00e9tecter un acc\u00e8s non autoris\u00e9 au rack, ou des capteurs d'eau pour vous alerter en cas de fuites potentielles. Toutes ces donn\u00e9es environnementales sont accessibles via l'interface r\u00e9seau, avec la possibilit\u00e9 de configurer des alertes automatis\u00e9es par courrier \u00e9lectronique ou des trappes SNMP, ce qui vous permet d'\u00eatre imm\u00e9diatement inform\u00e9 de toute anomalie environnementale avant qu'elle ne devienne un probl\u00e8me critique.<\/p>\n<h2 id=\"-uncompromising-safety-and-reliability-\"><strong>S\u00e9curit\u00e9 et fiabilit\u00e9 sans compromis<\/strong><\/h2>\n<p>Con\u00e7ue pour les applications critiques, cette PDU est dot\u00e9e de plusieurs couches de protection afin de prot\u00e9ger vos \u00e9quipements de valeur et d'assurer un temps de fonctionnement maximal.<\/p>\n<ul>\n<li><strong>Protection du circuit int\u00e9gr\u00e9 :<\/strong>\u00a0Au c\u0153ur de son syst\u00e8me de s\u00e9curit\u00e9 se trouve un disjoncteur miniature 1P (MCB). Contrairement aux fusibles de base, le MCB fournit une protection fiable contre les surintensit\u00e9s et peut \u00eatre facilement r\u00e9initialis\u00e9 apr\u00e8s un d\u00e9clenchement, ce qui minimise les temps d'arr\u00eat. Il est con\u00e7u pour couper instantan\u00e9ment l'alimentation si la charge d\u00e9passe la valeur nominale de 15 A, \u00e9vitant ainsi d'endommager l'unit\u00e9 PDU et tous les appareils connect\u00e9s.<\/li>\n<li><strong>Effacer l'indication d'\u00e9tat :<\/strong>\u00a0Des indicateurs d'alimentation LED individuels pour chacune des huit prises permettent de confirmer visuellement et imm\u00e9diatement quels appareils sont aliment\u00e9s. Cette fonction simple mais efficace permet d'\u00e9viter les arr\u00eats accidentels et simplifie l'identification des appareils.<\/li>\n<li><strong>Construction robuste et qualit\u00e9 certifi\u00e9e :<\/strong>\u00a0Log\u00e9e dans un ch\u00e2ssis m\u00e9tallique durable con\u00e7u pour les rigueurs d'un environnement industriel, cette unit\u00e9 PDU est con\u00e7ue pour durer. Elle est conforme aux normes internationales les plus strictes et b\u00e9n\u00e9ficie des certifications CE, UL, RoHS et ETL. Cela garantit que le produit r\u00e9pond \u00e0 des exigences rigoureuses en mati\u00e8re de s\u00e9curit\u00e9, de qualit\u00e9 et d'environnement, pour une totale tranquillit\u00e9 d'esprit. L'appareil est \u00e9galement dot\u00e9 d'une mise \u00e0 la terre standard pour une s\u00e9curit\u00e9 \u00e9lectrique essentielle.<\/li>\n<\/ul>\n<h2 id=\"-designed-for-versatility-\"><strong>Con\u00e7u pour la polyvalence<\/strong><\/h2>\n<p>Le pr\u00e9sent\u00a0<strong>Unit\u00e9 de distribution d'\u00e9nergie intelligente<\/strong>\u00a0est le choix id\u00e9al pour un large \u00e9ventail d'applications, y compris :<\/p>\n<ul>\n<li><strong>Centres de donn\u00e9es et salles de serveurs :<\/strong>\u00a0Alimentez et g\u00e9rez efficacement les serveurs, les commutateurs et les baies de stockage tout en surveillant les conditions environnementales au niveau du rack.<\/li>\n<li><strong>Environnements industriels :<\/strong>\u00a0Fournir une alimentation fiable et prot\u00e9g\u00e9e aux syst\u00e8mes de contr\u00f4le, aux \u00e9quipements d'automatisation et \u00e0 l'infrastructure de transmission de l'\u00e9nergie \u00e9lectrique.<\/li>\n<li><strong>Installations de t\u00e9l\u00e9communications :<\/strong>\u00a0Garantir la disponibilit\u00e9 du mat\u00e9riel de r\u00e9seau et des \u00e9quipements de communication gr\u00e2ce \u00e0 de solides capacit\u00e9s de gestion \u00e0 distance.<\/li>\n<li><strong>Racks de radiodiffusion et d'audiovisuel :<\/strong>\u00a0G\u00e9rer et prot\u00e9ger les \u00e9quipements audio et vid\u00e9o sensibles gr\u00e2ce \u00e0 une alimentation propre et contr\u00f4l\u00e9e.<\/li>\n<\/ul>\n<p>Avec huit prises de type USA et la possibilit\u00e9 de personnalisation (OEM\/ODM), cette PDU peut \u00eatre adapt\u00e9e \u00e0 vos besoins sp\u00e9cifiques. Sa taille standard 1U (483 mm x 44,4 mm x 62 mm) lui permet de s'int\u00e9grer parfaitement \u00e0 votre installation existante sans occuper un espace pr\u00e9cieux dans le rack.<\/p>\n<p>Investissez dans une mani\u00e8re plus intelligente de g\u00e9rer votre \u00e9nergie. Avec sa combinaison de contr\u00f4le \u00e0 distance, de surveillance de l'environnement et de fonctions de s\u00e9curit\u00e9 robustes, ce syst\u00e8me de gestion de l'\u00e9nergie est un v\u00e9ritable outil de gestion de l'\u00e9nergie.\u00a0<strong>Unit\u00e9 de distribution d'\u00e9nergie intelligente<\/strong>\u00a0est un atout indispensable pour tout environnement moderne \u00e0 haute densit\u00e9 d'\u00e9quipements.<\/p>","protected":false},"excerpt":{"rendered":"<div class=\"chat-container\">\n<div class=\"chat-view-container ng-star-inserted\">\n<div>\n<div class=\"chat-turn-container model render cdk-focused cdk-mouse-focused\" tabindex=\"-1\">\n<div class=\"model-prompt-container\" data-turn-role=\"Model\">\n<div class=\"turn-content\">\n<p class=\"ng-star-inserted\"><span class=\"ng-star-inserted\">Cette unit\u00e9 de distribution d'alimentation intelligente \u00e0 monter en rack assure une gestion fiable de l'alimentation pour les applications industrielles. Elle est dot\u00e9e d'un \u00e9cran LCD clair pour la surveillance en temps r\u00e9el, de ports r\u00e9seau et de capteurs pour l'acc\u00e8s \u00e0 distance et le contr\u00f4le de l'environnement, et d'un disjoncteur int\u00e9gr\u00e9 pour une s\u00e9curit\u00e9 accrue.<\/span><\/p>\n<\/div>\n<\/div>\n<\/div>\n<\/div>\n<\/div>\n<\/div>","protected":false},"featured_media":1351,"template":"","meta":{"_kad_post_transparent":"default","_kad_post_title":"","_kad_post_layout":"default","_kad_post_sidebar_id":"","_kad_post_content_style":"default","_kad_post_vertical_padding":"default","_kad_post_feature":"","_kad_post_feature_position":"","_kad_post_header":false,"_kad_post_footer":false},"product_brand":[],"product_cat":[81],"product_tag":[203,202,193],"class_list":{"0":"post-1350","1":"product","2":"type-product","3":"status-publish","4":"has-post-thumbnail","6":"product_cat-smart-power-distribution-units","7":"product_tag-8-outlet-power-strip","8":"product_tag-rack-mount-pdu","9":"product_tag-smart-power-distribution-unit","11":"first","12":"instock","13":"shipping-taxable","14":"product-type-simple","15":"entry","16":"content-bg","17":"loop-entry"},"_links":{"self":[{"href":"https:\/\/24smartcharge.com\/fr\/wp-json\/wp\/v2\/product\/1350","targetHints":{"allow":["GET"]}}],"collection":[{"href":"https:\/\/24smartcharge.com\/fr\/wp-json\/wp\/v2\/product"}],"about":[{"href":"https:\/\/24smartcharge.com\/fr\/wp-json\/wp\/v2\/types\/product"}],"wp:featuredmedia":[{"embeddable":true,"href":"https:\/\/24smartcharge.com\/fr\/wp-json\/wp\/v2\/media\/1351"}],"wp:attachment":[{"href":"https:\/\/24smartcharge.com\/fr\/wp-json\/wp\/v2\/media?parent=1350"}],"wp:term":[{"taxonomy":"product_brand","embeddable":true,"href":"https:\/\/24smartcharge.com\/fr\/wp-json\/wp\/v2\/product_brand?post=1350"},{"taxonomy":"product_cat","embeddable":true,"href":"https:\/\/24smartcharge.com\/fr\/wp-json\/wp\/v2\/product_cat?post=1350"},{"taxonomy":"product_tag","embeddable":true,"href":"https:\/\/24smartcharge.com\/fr\/wp-json\/wp\/v2\/product_tag?post=1350"}],"curies":[{"name":"wp","href":"https:\/\/api.w.org\/{rel}","templated":true}]}}