{"id":1336,"date":"2025-08-07T01:10:44","date_gmt":"2025-08-07T01:10:44","guid":{"rendered":"https:\/\/24smartcharge.com\/?post_type=product&#038;p=1336"},"modified":"2025-08-07T01:10:44","modified_gmt":"2025-08-07T01:10:44","slug":"rackmount-8-outlet-smart-power-distribution-unit","status":"publish","type":"product","link":"https:\/\/24smartcharge.com\/fr\/rackmount-8-outlet-smart-power-distribution-unit\/","title":{"rendered":"Unit\u00e9 de distribution d'alimentation intelligente \u00e0 8 prises pour montage en rack"},"content":{"rendered":"<h1 id=\"rackmount-8-outlet-smart-power-distribution-unit-precision-power-and-intelligence-for-your-critical-infrastructure\">Unit\u00e9 de distribution d'alimentation intelligente \u00e0 8 prises pour montage en rack : Pr\u00e9cision, puissance et intelligence pour votre infrastructure critique<\/h1>\n<p>Dans les environnements exigeants des centres de donn\u00e9es, des salles de serveurs et des installations industrielles modernes, une gestion fiable et intelligente de l'alimentation n'est pas un luxe - c'est le fondement de la stabilit\u00e9 et de l'efficacit\u00e9 op\u00e9rationnelles. L'introduction du syst\u00e8me de gestion de l'\u00e9nergie\u00a0<strong>Unit\u00e9 de distribution d'alimentation intelligente (PDU) \u00e0 8 prises pour montage en rack<\/strong>L'unit\u00e9 PDUMC , une solution sophistiqu\u00e9e con\u00e7ue pour offrir un contr\u00f4le granulaire, une surveillance en temps r\u00e9el et une distribution d'\u00e9nergie robuste pour vos actifs les plus critiques. Log\u00e9e dans un ch\u00e2ssis jaune durable et tr\u00e8s visible, cette unit\u00e9 PDU montable en rack 1U est con\u00e7ue pour une int\u00e9gration transparente et des performances sup\u00e9rieures.<\/p>\n<h2 id=\"at-a-glance-core-features\">En un coup d'\u0153il : Caract\u00e9ristiques principales<\/h2>\n<ul>\n<li><strong>Surveillance intelligente en temps r\u00e9el :<\/strong>\u00a0Un \u00e9cran LCD cristallin sur le panneau avant fournit des mises \u00e0 jour imm\u00e9diates, d'un seul coup d'\u0153il, sur les mesures critiques de l'alimentation.<\/li>\n<li><strong>Haute densit\u00e9 Puissance de sortie :<\/strong>\u00a0\u00c9quip\u00e9 de huit prises polyvalentes et d'une capacit\u00e9 \u00e9lev\u00e9e de 32A pour supporter les \u00e9quipements exigeants.<\/li>\n<li><strong>Gestion \u00e0 distance compl\u00e8te :<\/strong>\u00a0Les ports r\u00e9seau int\u00e9gr\u00e9s permettent une surveillance et un contr\u00f4le \u00e0 distance complets de votre environnement \u00e9lectrique.<\/li>\n<li><strong>Construction robuste de qualit\u00e9 industrielle :<\/strong>\u00a0Construit avec un ch\u00e2ssis m\u00e9tallique durable dans un facteur de forme de montage en rack 1U standard, garantissant la long\u00e9vit\u00e9 et une installation facile.<\/li>\n<li><strong>Options de connectivit\u00e9 avanc\u00e9es :<\/strong>\u00a0Il est dot\u00e9 de ports s\u00e9rie, USB et de capteurs permettant d'\u00e9tendre les fonctionnalit\u00e9s et de s'int\u00e9grer \u00e0 d'autres syst\u00e8mes de gestion.<\/li>\n<li><strong>Interface locale intuitive :<\/strong>\u00a0Des commandes conviviales et des indicateurs LED individuels pour chaque prise simplifient la gestion locale et le diagnostic.<\/li>\n<\/ul>\n<h2 id=\"deep-dive-into-intelligent-power-management\">Plong\u00e9e dans la gestion intelligente de l'\u00e9nergie<\/h2>\n<p>Cet appareil est bien plus qu'une simple multiprise ; c'est un v\u00e9ritable\u00a0<strong>Unit\u00e9 de distribution d'\u00e9nergie intelligente<\/strong>\u00a0con\u00e7u pour vous permettre de ma\u00eetriser totalement votre infrastructure \u00e9lectrique.<\/p>\n<h3 id=\"-the-nerve-center-lcd-display-and-control-panel-\"><strong>Le centre nerveux : \u00c9cran LCD et panneau de commande<\/strong><\/h3>\n<p>L'\u00e9cran LCD int\u00e9gr\u00e9 est la fen\u00eatre locale de l'\u00e9cosyst\u00e8me \u00e9lectrique de votre rack. Sans avoir besoin de connecter un ordinateur portable ou de se connecter \u00e0 distance, les ing\u00e9nieurs peuvent v\u00e9rifier instantan\u00e9ment :<\/p>\n<ul>\n<li><strong>Tension (V) :<\/strong>\u00a0Assurez-vous que l'alimentation est stable et qu'elle se situe dans la plage de fonctionnement s\u00fbre pour votre \u00e9quipement sensible. L'\u00e9cran affiche une valeur pr\u00e9cise, telle que 227,4 V.<\/li>\n<li><strong>Courant (A) :<\/strong>\u00a0Surveillez en temps r\u00e9el la consommation totale de courant de tous les appareils connect\u00e9s. C'est essentiel pour pr\u00e9venir les surcharges des circuits et planifier la capacit\u00e9 future.<\/li>\n<li><strong>Puissance (kW) :<\/strong>\u00a0Suivre la consommation r\u00e9elle d'\u00e9nergie, fournissant des donn\u00e9es pr\u00e9cieuses pour le calcul des co\u00fbts op\u00e9rationnels et l'\u00e9valuation de l'efficacit\u00e9 \u00e9nerg\u00e9tique.<\/li>\n<li><strong>Facteur de puissance (PF) :<\/strong>\u00a0Comprenez l'efficacit\u00e9 de votre consommation d'\u00e9nergie. Un facteur de puissance de 1,000 indique une charge tr\u00e8s efficace, ce qui vous aide \u00e0 optimiser votre infrastructure \u00e9lectrique.<\/li>\n<li><strong>Consommation d'\u00e9nergie (kWh) :<\/strong>\u00a0Accumulez des donn\u00e9es sur la consommation totale d'\u00e9nergie au fil du temps, ce qui est id\u00e9al pour la facturation, la r\u00e9partition des co\u00fbts entre les services ou les initiatives de d\u00e9veloppement durable de l'entreprise.<\/li>\n<\/ul>\n<p>A c\u00f4t\u00e9 de l'\u00e9cran, de simples\u00a0<code>UP<\/code>\u00a0et\u00a0<code>DOWN<\/code>\u00a0Les boutons permettent de naviguer facilement dans les menus, tandis que des voyants LED d\u00e9di\u00e9s indiquent l'\u00e9tat de fonctionnement (<code>RUN<\/code>), l'activit\u00e9 du r\u00e9seau (<code>TX<\/code>), et les alertes relatives \u00e0 la consommation d'\u00e9nergie (<code>KWh<\/code>).<\/p>\n<h3 id=\"-unparalleled-remote-control-and-accessibility-\"><strong>T\u00e9l\u00e9commande et accessibilit\u00e9 in\u00e9gal\u00e9es<\/strong><\/h3>\n<p>Le v\u00e9ritable pouvoir de cette\u00a0<strong>Unit\u00e9 de distribution d'\u00e9nergie intelligente<\/strong>\u00a0est d\u00e9bloqu\u00e9e gr\u00e2ce \u00e0 sa connectivit\u00e9 avanc\u00e9e. \u00c9quip\u00e9 d'une double interface Ethernet (<code>NET<\/code>), une console s\u00e9rie (<code>SER<\/code>) et un port USB, il offre de multiples possibilit\u00e9s de gestion :<\/p>\n<ul>\n<li><strong>Gestion du r\u00e9seau :<\/strong>\u00a0Connectez l'unit\u00e9 PDU \u00e0 votre r\u00e9seau local pour b\u00e9n\u00e9ficier d'un acc\u00e8s s\u00e9curis\u00e9, bas\u00e9 sur un navigateur, o\u00f9 que vous soyez. Cette interface \u00e0 distance vous permet g\u00e9n\u00e9ralement de surveiller toutes les mesures d'alimentation, de configurer des alertes pour les seuils de tension ou de courant et, sur les mod\u00e8les activ\u00e9s, m\u00eame de red\u00e9marrer \u00e0 distance des prises individuelles. Cette capacit\u00e9 est inestimable pour la gestion des installations sans personnel ou la r\u00e9duction des temps de r\u00e9ponse, car elle \u00e9limine la n\u00e9cessit\u00e9 pour un technicien d'\u00eatre physiquement pr\u00e9sent pour remettre sous tension un serveur gel\u00e9.<\/li>\n<li><strong>Acc\u00e8s \u00e0 la console s\u00e9rie :<\/strong>\u00a0Le\u00a0<code>SER<\/code>\u00a0permet un acc\u00e8s direct \u00e0 la gestion hors bande, ce qui constitue une solution de secours essentielle pour la configuration et le d\u00e9pannage en cas d'indisponibilit\u00e9 du r\u00e9seau.<\/li>\n<li><strong>Surveillance de l'environnement :<\/strong>\u00a0L'\u00e9quipe d\u00e9di\u00e9e\u00a0<code>IN<\/code>\u00a0et\u00a0<code>OUT<\/code>\u00a0sont con\u00e7us pour la connexion en guirlande de capteurs environnementaux optionnels. En ajoutant des capteurs, vous pouvez transformer l'unit\u00e9 PDU en une solution compl\u00e8te de surveillance au niveau du rack, en contr\u00f4lant la temp\u00e9rature et l'humidit\u00e9 afin de pr\u00e9venir les dommages caus\u00e9s \u00e0 l'\u00e9quipement par la surchauffe ou la condensation.<\/li>\n<li><strong>Fonctionnalit\u00e9 USB :<\/strong>\u00a0Le port USB int\u00e9gr\u00e9 ajoute encore \u00e0 la polyvalence de l'appareil, souvent utilis\u00e9 pour des mises \u00e0 jour rapides du micrologiciel, le t\u00e9l\u00e9chargement des journaux d'\u00e9v\u00e9nements directement sur un lecteur flash ou l'enregistrement des profils de configuration.<\/li>\n<\/ul>\n<h2 id=\"engineered-for-performance-and-reliability\">Con\u00e7u pour la performance et la fiabilit\u00e9<\/h2>\n<p>Con\u00e7ue pour fonctionner 24 heures sur 24 et 7 jours sur 7 dans des environnements \u00e0 fort enjeu, chaque composant de cette PDU est con\u00e7u pour durer.<\/p>\n<h3 id=\"-high-capacity-distribution-\"><strong>Distribution \u00e0 grande capacit\u00e9<\/strong><\/h3>\n<p>Avec un solide\u00a0<strong>Courant nominal de 32A<\/strong>\u00a0\u00e0 230V, cette PDU est con\u00e7ue pour g\u00e9rer les racks \u00e0 haute densit\u00e9 remplis d'\u00e9quipements gourmands en \u00e9nergie tels que les serveurs lames, les commutateurs r\u00e9seau et les baies de stockage. L'alimentation\u00a0<strong>huit prises<\/strong>\u00a0offrent un grand nombre de connexions, ce qui vous permet d'alimenter tout un rack d'\u00e9quipement \u00e0 partir d'une seule unit\u00e9 g\u00e9r\u00e9e de mani\u00e8re intelligente. Les prises sont con\u00e7ues pour \u00eatre polyvalentes et s'adaptent \u00e0 diff\u00e9rents types de fiches pour une compatibilit\u00e9 maximale.<\/p>\n<h3 id=\"-durable-rackmount-design-\"><strong>Conception durable de montage en rack<\/strong><\/h3>\n<p>La PDU est conforme \u00e0 la norme\u00a0<strong>Montage en rack 19 pouces, 1U<\/strong>\u00a0ce qui permet de l'installer rapidement et facilement dans n'importe quel rack de serveur conforme \u00e0 la norme EIA. Le ch\u00e2ssis enti\u00e8rement m\u00e9tallique est non seulement suffisamment durable pour r\u00e9sister aux rigueurs d'un environnement industriel, mais il est \u00e9galement rev\u00eatu d'une couche de poudre jaune vif. Cette couleur tr\u00e8s visible facilite l'identification de l'unit\u00e9 dans un c\u00e2blage d'armoire encombr\u00e9 et complexe. La mise \u00e0 la terre de l'unit\u00e9 est standard et sa construction est conforme aux certifications de s\u00e9curit\u00e9 internationales, notamment\u00a0<strong>CE, RoHS et ETL<\/strong>garantissant un d\u00e9ploiement s\u00fbr et fiable.<\/p>\n<h2 id=\"ideal-applications\">Applications id\u00e9ales<\/h2>\n<p>Ce syst\u00e8me de montage en rack \u00e0 8 prises\u00a0<strong>Unit\u00e9 de distribution d'\u00e9nergie intelligente<\/strong>\u00a0est le choix id\u00e9al pour une large gamme d'applications, y compris :<\/p>\n<ul>\n<li><strong>Centres de donn\u00e9es et installations de colocation :<\/strong>\u00a0Permettre la gestion \u00e0 distance de l'\u00e9nergie et des audits \u00e9nerg\u00e9tiques d\u00e9taill\u00e9s pour les baies des clients.<\/li>\n<li><strong>Salles de serveurs d'entreprise :<\/strong>\u00a0Pr\u00e9venir les temps d'arr\u00eat gr\u00e2ce \u00e0 une surveillance proactive et \u00e0 des capacit\u00e9s de red\u00e9marrage \u00e0 distance du mat\u00e9riel informatique critique.<\/li>\n<li><strong>Automatisation industrielle :<\/strong>\u00a0Fournir une alimentation propre, fiable et surveill\u00e9e aux armoires de commande de l'usine.<\/li>\n<li><strong>Centres de t\u00e9l\u00e9communications :<\/strong>\u00a0Garantir le temps de fonctionnement de l'infrastructure du r\u00e9seau gr\u00e2ce \u00e0 une alimentation stable et \u00e0 la surveillance de l'environnement.<\/li>\n<li><strong>Laboratoires de recherche et d'ing\u00e9nierie :<\/strong>\u00a0Permet aux techniciens de contr\u00f4ler et de surveiller avec pr\u00e9cision la puissance fournie aux bancs d'essai et \u00e0 l'\u00e9quipement de diagnostic.<\/li>\n<\/ul>","protected":false},"excerpt":{"rendered":"<div class=\"chat-container\">\n<div class=\"chat-view-container ng-star-inserted\">\n<div>\n<div class=\"chat-turn-container model render cdk-focused cdk-mouse-focused\" tabindex=\"-1\">\n<div class=\"model-prompt-container\" data-turn-role=\"Model\">\n<div class=\"turn-content\">\n<p class=\"ng-star-inserted\"><span class=\"ng-star-inserted\">Cette unit\u00e9 de distribution d'\u00e9nergie intelligente pour montage en rack comporte 8 prises, un \u00e9cran LCD clair pour la surveillance en temps r\u00e9el de la tension et du courant, et une connectivit\u00e9 r\u00e9seau pour la gestion \u00e0 distance. Son bo\u00eetier m\u00e9tallique jaune robuste est id\u00e9al pour les applications industrielles et les centres de donn\u00e9es, offrant une distribution d'\u00e9nergie fiable.<\/span><\/p>\n<\/div>\n<\/div>\n<\/div>\n<\/div>\n<\/div>\n<\/div>","protected":false},"featured_media":1344,"template":"","meta":{"_kad_post_transparent":"default","_kad_post_title":"","_kad_post_layout":"default","_kad_post_sidebar_id":"","_kad_post_content_style":"default","_kad_post_vertical_padding":"default","_kad_post_feature":"","_kad_post_feature_position":"","_kad_post_header":false,"_kad_post_footer":false},"product_brand":[],"product_cat":[81],"product_tag":[201,181,193],"class_list":{"0":"post-1336","1":"product","2":"type-product","3":"status-publish","4":"has-post-thumbnail","6":"product_cat-smart-power-distribution-units","7":"product_tag-8-outlet-pdu","8":"product_tag-rack-pdu","9":"product_tag-smart-power-distribution-unit","11":"first","12":"instock","13":"shipping-taxable","14":"product-type-simple","15":"entry","16":"content-bg","17":"loop-entry"},"_links":{"self":[{"href":"https:\/\/24smartcharge.com\/fr\/wp-json\/wp\/v2\/product\/1336","targetHints":{"allow":["GET"]}}],"collection":[{"href":"https:\/\/24smartcharge.com\/fr\/wp-json\/wp\/v2\/product"}],"about":[{"href":"https:\/\/24smartcharge.com\/fr\/wp-json\/wp\/v2\/types\/product"}],"wp:featuredmedia":[{"embeddable":true,"href":"https:\/\/24smartcharge.com\/fr\/wp-json\/wp\/v2\/media\/1344"}],"wp:attachment":[{"href":"https:\/\/24smartcharge.com\/fr\/wp-json\/wp\/v2\/media?parent=1336"}],"wp:term":[{"taxonomy":"product_brand","embeddable":true,"href":"https:\/\/24smartcharge.com\/fr\/wp-json\/wp\/v2\/product_brand?post=1336"},{"taxonomy":"product_cat","embeddable":true,"href":"https:\/\/24smartcharge.com\/fr\/wp-json\/wp\/v2\/product_cat?post=1336"},{"taxonomy":"product_tag","embeddable":true,"href":"https:\/\/24smartcharge.com\/fr\/wp-json\/wp\/v2\/product_tag?post=1336"}],"curies":[{"name":"wp","href":"https:\/\/api.w.org\/{rel}","templated":true}]}}