{"id":1323,"date":"2025-08-06T10:16:55","date_gmt":"2025-08-06T10:16:55","guid":{"rendered":"https:\/\/24smartcharge.com\/?post_type=product&#038;p=1323"},"modified":"2025-08-06T10:25:08","modified_gmt":"2025-08-06T10:25:08","slug":"12-outlet-3-phase-smart-power-distribution-unit-for-racks","status":"publish","type":"product","link":"https:\/\/24smartcharge.com\/fr\/12-outlet-3-phase-smart-power-distribution-unit-for-racks\/","title":{"rendered":"Unit\u00e9 de distribution d'\u00e9nergie intelligente \u00e0 12 prises triphas\u00e9es pour racks"},"content":{"rendered":"<h1 id=\"-intelligent-power-management-redefined-the-12-outlet-3-phase-smart-power-distribution-unit-\"><strong>La gestion intelligente de l'\u00e9nergie red\u00e9finie : L'unit\u00e9 de distribution d'\u00e9nergie intelligente \u00e0 12 prises triphas\u00e9es<\/strong><\/h1>\n<p>Dans le paysage exigeant de l'infrastructure informatique moderne, une gestion efficace et fiable de l'alimentation n'est pas un luxe - c'est le fondement de la continuit\u00e9 op\u00e9rationnelle. L'introduction d'un\u00a0<strong>Unit\u00e9 de distribution d'\u00e9nergie intelligente (PDU)<\/strong>\u00a0Con\u00e7ue pour r\u00e9pondre aux exigences les plus \u00e9lev\u00e9es des centres de donn\u00e9es, des salles de serveurs et des environnements industriels, cette unit\u00e9 PDU verticale \u00e0 12 prises et triphas\u00e9e est plus qu'une simple multiprise. Cette unit\u00e9 PDU verticale triphas\u00e9e \u00e0 12 prises est bien plus qu'une simple barrette d'alimentation : il s'agit d'une solution intelligente de niveau r\u00e9seau, con\u00e7ue pour un contr\u00f4le granulaire, une surveillance en temps r\u00e9el et une fiabilit\u00e9 in\u00e9gal\u00e9e pour vos actifs les plus critiques. En int\u00e9grant des fonctions avanc\u00e9es dans un design robuste et peu encombrant, elle fournit la base n\u00e9cessaire pour optimiser la consommation d'\u00e9nergie, \u00e9viter les temps d'arr\u00eat et faire \u00e9voluer votre infrastructure en toute confiance.<\/p>\n<h3 id=\"-advanced-real-time-monitoring-and-control-\"><strong>Surveillance et contr\u00f4le avanc\u00e9s en temps r\u00e9el<\/strong><\/h3>\n<p>Au c\u0153ur de cette\u00a0<strong>Unit\u00e9 de distribution d'\u00e9nergie intelligente<\/strong>\u00a0r\u00e9side dans son module de surveillance sophistiqu\u00e9, rempla\u00e7able \u00e0 chaud. Cette fonction innovante change la donne pour les administrateurs syst\u00e8me, car elle permet d'effectuer la maintenance, les mises \u00e0 niveau ou le remplacement de l'unit\u00e9 de contr\u00f4le sans interrompre l'alimentation des serveurs et des \u00e9quipements r\u00e9seau connect\u00e9s. Il n'est donc plus n\u00e9cessaire de pr\u00e9voir des temps d'arr\u00eat, ce qui garantit le bon fonctionnement de vos op\u00e9rations 24 heures sur 24 et 7 jours sur 7.<\/p>\n<p>Le module est \u00e9quip\u00e9 d'un \u00e9cran LCD cristallin qui constitue une fen\u00eatre imm\u00e9diate sur votre environnement \u00e9lectrique. Il fournit un ensemble complet de mesures \u00e9lectriques en temps r\u00e9el, notamment<\/p>\n<ul>\n<li><strong>Tension (V) :<\/strong>\u00a0Surveillez la tension de ligne entrante pour vous assurer qu'elle reste dans des param\u00e8tres de fonctionnement s\u00fbrs pour votre \u00e9quipement sensible.<\/li>\n<li><strong>Courant (I) :<\/strong>\u00a0Suivi de l'appel de courant total pour l'ensemble de l'unit\u00e9 PDU, ce qui permet de pr\u00e9venir les surcharges de circuit avant qu'elles ne se produisent.<\/li>\n<li><strong>Puissance (P) :<\/strong>\u00a0Obtenez un aper\u00e7u de la consommation d'\u00e9nergie active en watts, ce qui est essentiel pour \u00e9quilibrer la charge entre les phases et g\u00e9rer la densit\u00e9 d'alimentation des racks.<\/li>\n<li><strong>\u00c9nergie (E) :<\/strong>\u00a0Mesurez la consommation d'\u00e9nergie cumul\u00e9e en kilowattheures (kWh), ce qui fournit des donn\u00e9es pr\u00e9cieuses pour le calcul de l'efficacit\u00e9 \u00e9nerg\u00e9tique (PUE), le suivi des co\u00fbts \u00e9nerg\u00e9tiques et la mise en \u0153uvre d'initiatives informatiques \u00e9cologiques.<\/li>\n<li><strong>Facteur de puissance (PF) :<\/strong>\u00a0Comprenez l'efficacit\u00e9 de votre consommation d'\u00e9nergie, un param\u00e8tre essentiel pour l'optimisation des syst\u00e8mes \u00e9lectriques dans les grandes installations.<\/li>\n<\/ul>\n<p>Ce niveau de surveillance locale d\u00e9taill\u00e9e est compl\u00e9t\u00e9 par de puissantes capacit\u00e9s de gestion \u00e0 distance. Gr\u00e2ce \u00e0 ses ports r\u00e9seau int\u00e9gr\u00e9s, cette PDU se connecte directement \u00e0 votre r\u00e9seau local, ce qui permet aux administrateurs d'acc\u00e9der \u00e0 toutes les donn\u00e9es de surveillance et de configurer des alertes \u00e0 partir d'un navigateur Web ou par le biais de protocoles r\u00e9seau standard tels que SNMP. Cette surveillance \u00e0 distance permet une gestion proactive de l'ensemble de l'infrastructure \u00e9lectrique \u00e0 partir d'une seule fen\u00eatre, r\u00e9duisant ainsi la n\u00e9cessit\u00e9 d'une pr\u00e9sence physique dans le centre de donn\u00e9es.<\/p>\n<h3 id=\"-engineered-for-high-density-high-performance-environments-\"><strong>Con\u00e7u pour les environnements \u00e0 haute densit\u00e9 et \u00e0 haute performance<\/strong><\/h3>\n<p>Cette unit\u00e9 PDU est con\u00e7ue pour r\u00e9pondre aux exigences d'alimentation intensive des baies de serveurs modernes. Son architecture triphas\u00e9e, 380V est sp\u00e9cialement con\u00e7ue pour fournir plus de puissance de mani\u00e8re plus efficace que les syst\u00e8mes monophas\u00e9s traditionnels. C'est donc le choix id\u00e9al pour alimenter les serveurs lames, les baies de stockage et les clusters de calcul \u00e0 haute performance qui ont des besoins en \u00e9nergie importants. Gr\u00e2ce \u00e0 la prise en charge de courants d'entr\u00e9e haute capacit\u00e9 de 32A ou 63A, il peut facilement g\u00e9rer des racks lourdement charg\u00e9s et fournir une source d'alimentation stable et fiable.<\/p>\n<p>L'unit\u00e9 dispose de douze prises C13 standard, garantissant une large compatibilit\u00e9 avec une vaste gamme d'\u00e9quipements informatiques de diff\u00e9rents fabricants. Ces prises sont dispos\u00e9es strat\u00e9giquement le long du corps vertical de la PDU, qui est con\u00e7ue pour une installation 0U (z\u00e9ro U). Cela signifie qu'elle peut \u00eatre mont\u00e9e verticalement sur le c\u00f4t\u00e9 ou \u00e0 l'arri\u00e8re d'une armoire de serveur, ne consommant pas d'espace de rack horizontal pr\u00e9cieux. Ce gain d'espace est essentiel dans les d\u00e9ploiements \u00e0 haute densit\u00e9 o\u00f9 chaque unit\u00e9 de rack est pr\u00e9cieuse.<\/p>\n<h3 id=\"-unparalleled-reliability-scalability-and-safety-\"><strong>Fiabilit\u00e9, \u00e9volutivit\u00e9 et s\u00e9curit\u00e9 in\u00e9gal\u00e9es<\/strong><\/h3>\n<p>La fiabilit\u00e9 est primordiale pour les infrastructures critiques.\u00a0<strong>Unit\u00e9 de distribution d'\u00e9nergie intelligente<\/strong>\u00a0est con\u00e7u pour l'offrir. Son ch\u00e2ssis m\u00e9tallique robuste est con\u00e7u pour durer dans des environnements industriels et des centres de donn\u00e9es exigeants. De plus, il poss\u00e8de de nombreuses certifications de s\u00e9curit\u00e9 et de qualit\u00e9, notamment CE, RoHS, SAA et U.L., ce qui vous garantit qu'il r\u00e9pond aux normes internationales strictes en mati\u00e8re de performances et de s\u00e9curit\u00e9 op\u00e9rationnelle.<\/p>\n<p>L'\u00e9volutivit\u00e9 est un autre aspect essentiel de sa conception. L'inclusion de ports r\u00e9seau d\u00e9di\u00e9s \"IN\" et \"OUT\" permet le cha\u00eenage en guirlande, une fonction qui permet de relier plusieurs PDU entre elles et de les g\u00e9rer par le biais d'une seule adresse IP. Cela simplifie consid\u00e9rablement le c\u00e2blage et la gestion du r\u00e9seau, en r\u00e9duisant le nombre de ports de commutation n\u00e9cessaires et en diminuant le co\u00fbt total de possession au fur et \u00e0 mesure que votre centre de donn\u00e9es s'agrandit.<\/p>\n<p>Pour mieux prot\u00e9ger votre investissement, la PDU comprend un port d\u00e9di\u00e9 aux capteurs. Celui-ci permet de connecter des capteurs environnementaux optionnels pour surveiller des conditions telles que la temp\u00e9rature et l'humidit\u00e9 \u00e0 l'int\u00e9rieur du rack. En corr\u00e9lant les donn\u00e9es d'alimentation avec les donn\u00e9es environnementales, vous pouvez \u00e9viter les pannes d'\u00e9quipement caus\u00e9es par la surchauffe et maintenir un environnement de fonctionnement optimal pour tout votre mat\u00e9riel. Les indicateurs visuels d'alarme sur le module de contr\u00f4le fournissent des alertes locales imm\u00e9diates pour des conditions telles que les surcharges, garantissant que les probl\u00e8mes potentiels sont identifi\u00e9s et trait\u00e9s rapidement.<\/p>\n<h3 id=\"-key-features-at-a-glance-\"><strong>Les principales caract\u00e9ristiques en un coup d'\u0153il<\/strong><\/h3>\n<ul>\n<li><strong>Surveillance intelligente de la puissance :<\/strong>\u00a0Affichage en temps r\u00e9el, sur site, de la tension, du courant, de la puissance et de l'\u00e9nergie au moyen d'un \u00e9cran LCD clair.<\/li>\n<li><strong>Module de contr\u00f4le rempla\u00e7able \u00e0 chaud :<\/strong>\u00a0Permet la maintenance et la mise \u00e0 jour des appareils connect\u00e9s sans interruption de service.<\/li>\n<li><strong>Entr\u00e9e d'alimentation triphas\u00e9e :<\/strong>\u00a0Entr\u00e9e 380V haute capacit\u00e9 avec options 32A\/63A pour l'alimentation des racks \u00e0 haute densit\u00e9.<\/li>\n<li><strong>12 C13 Prises de courant :<\/strong>\u00a0Fournit une large connectivit\u00e9 pour les serveurs, les commutateurs et d'autres \u00e9quipements informatiques standard.<\/li>\n<li><strong>Gestion \u00e0 distance du r\u00e9seau :<\/strong>\u00a0Contr\u00f4ler et g\u00e9rer \u00e0 distance la PDU sur le r\u00e9seau \u00e0 l'aide de protocoles standard.<\/li>\n<li><strong>Capacit\u00e9 de cha\u00eenage :<\/strong>\u00a0Reliez plusieurs unit\u00e9s \u00e0 une seule adresse IP pour simplifier la gestion et r\u00e9duire la complexit\u00e9 du r\u00e9seau.<\/li>\n<li><strong>Port du capteur environnemental :<\/strong>\u00a0Ajoutez des capteurs en option pour contr\u00f4ler la temp\u00e9rature et l'humidit\u00e9 du rack.<\/li>\n<li><strong>0U Montage vertical :<\/strong>\u00a0Conception peu encombrante qui pr\u00e9serve l'espace horizontal pr\u00e9cieux du rack.<\/li>\n<li><strong>Certifi\u00e9 et fiable :<\/strong>\u00a0Conforme aux normes de s\u00e9curit\u00e9 et de qualit\u00e9 CE, RoHS, SAA et U.L.<\/li>\n<li><strong>Support OEM\/ODM :<\/strong>\u00a0Enti\u00e8rement personnalisable pour r\u00e9pondre aux exigences d'un projet unique, y compris diff\u00e9rentes configurations de prises.<\/li>\n<\/ul>\n<h3 id=\"-ideal-applications-\"><strong>Applications id\u00e9ales<\/strong><\/h3>\n<p>Ce produit polyvalent\u00a0<strong>Unit\u00e9 de distribution d'\u00e9nergie intelligente<\/strong>\u00a0est la solution d\u00e9finitive de gestion de l'\u00e9nergie pour une large gamme d'applications, y compris :<\/p>\n<ul>\n<li>Centres de donn\u00e9es d'entreprise<\/li>\n<li>Installations de colocation<\/li>\n<li>Salles de serveurs et armoires de r\u00e9seau<\/li>\n<li>\u00c9quipements industriels et armoires de commande<\/li>\n<li>D\u00e9ploiement de l'informatique en p\u00e9riph\u00e9rie<\/li>\n<\/ul>","protected":false},"excerpt":{"rendered":"<div class=\"model-prompt-container\" data-turn-role=\"Model\">\n<div class=\"turn-content\">\n<p class=\"ng-star-inserted\"><span class=\"ng-star-inserted\">Cette unit\u00e9 de distribution d'\u00e9nergie intelligente triphas\u00e9e \u00e0 12 prises est id\u00e9ale pour les centres de donn\u00e9es et les baies de serveurs. Elle permet une gestion \u00e0 distance du r\u00e9seau et dispose d'un module de contr\u00f4le rempla\u00e7able \u00e0 chaud avec un \u00e9cran LCD pour une surveillance en temps r\u00e9el de la tension, du courant et de la consommation d'\u00e9nergie.<\/span><\/p>\n<div class=\"turn-information ng-star-inserted\"><\/div>\n<\/div>\n<\/div>\n<div class=\"turn-footer ng-star-inserted\"><\/div>","protected":false},"featured_media":1324,"template":"","meta":{"_kad_post_transparent":"default","_kad_post_title":"","_kad_post_layout":"default","_kad_post_sidebar_id":"","_kad_post_content_style":"default","_kad_post_vertical_padding":"default","_kad_post_feature":"","_kad_post_feature_position":"","_kad_post_header":false,"_kad_post_footer":false},"product_brand":[],"product_cat":[81],"product_tag":[197,173,193],"class_list":{"0":"post-1323","1":"product","2":"type-product","3":"status-publish","4":"has-post-thumbnail","6":"product_cat-smart-power-distribution-units","7":"product_tag-data-center-power-management","8":"product_tag-rackmount-pdu","9":"product_tag-smart-power-distribution-unit","11":"first","12":"instock","13":"shipping-taxable","14":"product-type-simple","15":"entry","16":"content-bg","17":"loop-entry"},"_links":{"self":[{"href":"https:\/\/24smartcharge.com\/fr\/wp-json\/wp\/v2\/product\/1323","targetHints":{"allow":["GET"]}}],"collection":[{"href":"https:\/\/24smartcharge.com\/fr\/wp-json\/wp\/v2\/product"}],"about":[{"href":"https:\/\/24smartcharge.com\/fr\/wp-json\/wp\/v2\/types\/product"}],"wp:featuredmedia":[{"embeddable":true,"href":"https:\/\/24smartcharge.com\/fr\/wp-json\/wp\/v2\/media\/1324"}],"wp:attachment":[{"href":"https:\/\/24smartcharge.com\/fr\/wp-json\/wp\/v2\/media?parent=1323"}],"wp:term":[{"taxonomy":"product_brand","embeddable":true,"href":"https:\/\/24smartcharge.com\/fr\/wp-json\/wp\/v2\/product_brand?post=1323"},{"taxonomy":"product_cat","embeddable":true,"href":"https:\/\/24smartcharge.com\/fr\/wp-json\/wp\/v2\/product_cat?post=1323"},{"taxonomy":"product_tag","embeddable":true,"href":"https:\/\/24smartcharge.com\/fr\/wp-json\/wp\/v2\/product_tag?post=1323"}],"curies":[{"name":"wp","href":"https:\/\/api.w.org\/{rel}","templated":true}]}}