{"id":1293,"date":"2025-08-06T08:55:52","date_gmt":"2025-08-06T08:55:52","guid":{"rendered":"https:\/\/24smartcharge.com\/?post_type=product&#038;p=1293"},"modified":"2025-08-06T09:17:52","modified_gmt":"2025-08-06T09:17:52","slug":"industrial-160a-power-distribution-unit-with-circuit-breakers","status":"publish","type":"product","link":"https:\/\/24smartcharge.com\/fr\/industrial-160a-power-distribution-unit-with-circuit-breakers\/","title":{"rendered":"Unit\u00e9 de distribution d'\u00e9nergie industrielle 160A avec disjoncteurs"},"content":{"rendered":"<h1 data-start=\"188\" data-end=\"254\">Unit\u00e9 de distribution d'\u00e9nergie industrielle avec USB et protection contre les surtensions<\/h1>\n<h2 data-start=\"256\" data-end=\"267\">Vue d'ensemble<\/h2>\n<p data-start=\"269\" data-end=\"775\">L'unit\u00e9 de distribution d'alimentation industrielle avec USB et protection contre les surtensions est con\u00e7ue pour r\u00e9pondre aux besoins d'alimentation exigeants des environnements industriels et des centres de donn\u00e9es. Con\u00e7ue pour la fiabilit\u00e9, la performance et la s\u00e9curit\u00e9, cette PDU haute capacit\u00e9 supporte une sortie robuste de 160A et s'adapte \u00e0 une large gamme de tension de 208V \u00e0 415V AC. Elle fournit une solution de distribution d'\u00e9nergie centralis\u00e9e avec des fonctions de protection avanc\u00e9es et une conception intelligente, garantissant que votre \u00e9quipement critique reste aliment\u00e9 et prot\u00e9g\u00e9.<\/p>\n<p data-start=\"777\" data-end=\"972\">Que vous g\u00e9riez des baies de serveurs, des syst\u00e8mes d'automatisation d'usine ou des outils industriels \u00e0 forte charge, cette unit\u00e9 de distribution d'alimentation est con\u00e7ue pour offrir des performances sans compromis et un temps de fonctionnement constant.<\/p>\n<h2 data-start=\"979\" data-end=\"994\">Caract\u00e9ristiques principales<\/h2>\n<h3 data-start=\"996\" data-end=\"1027\"><strong data-start=\"1003\" data-end=\"1027\">Sortie haute capacit\u00e9<\/strong><\/h3>\n<p data-start=\"1028\" data-end=\"1258\">Cette unit\u00e9 de distribution d'\u00e9nergie offre un courant de sortie maximal de <strong data-start=\"1092\" data-end=\"1100\">160A<\/strong>ce qui le rend id\u00e9al pour les applications \u00e0 haute puissance. Sa conception prend en charge \u00e0 la fois <strong data-start=\"1172\" data-end=\"1189\">415V et 240V<\/strong> Les tensions nominales de la batterie sont tr\u00e8s \u00e9lev\u00e9es, ce qui garantit une large compatibilit\u00e9 entre les diff\u00e9rents syst\u00e8mes.<\/p>\n<h3 data-start=\"1260\" data-end=\"1299\"><strong data-start=\"1268\" data-end=\"1299\">Protection int\u00e9gr\u00e9e contre les surtensions<\/strong><\/h3>\n<p data-start=\"1300\" data-end=\"1556\">La protection int\u00e9gr\u00e9e contre les surtensions prot\u00e8ge tous les appareils connect\u00e9s contre les pics de tension, les tensions transitoires et le bruit \u00e9lectrique. Elle offre un niveau de s\u00e9curit\u00e9 suppl\u00e9mentaire pour les \u00e9quipements sensibles et garantit des performances stables dans des conditions d'alimentation fluctuantes.<\/p>\n<h3 data-start=\"1558\" data-end=\"1594\"><strong data-start=\"1565\" data-end=\"1594\">Prises de courant cod\u00e9es en plusieurs couleurs<\/strong><\/h3>\n<p data-start=\"1595\" data-end=\"1842\">\u00c9quip\u00e9 de prises \u00e0 code couleur (bleu, jaune et rouge), l'appareil simplifie l'identification de la source d'alimentation et l'\u00e9quilibrage de la charge. Cette conception intuitive am\u00e9liore la s\u00e9curit\u00e9 et l'efficacit\u00e9 op\u00e9rationnelle en r\u00e9duisant les erreurs humaines dans les environnements de c\u00e2blage complexes.<\/p>\n<h3 data-start=\"1844\" data-end=\"1882\"><strong data-start=\"1851\" data-end=\"1882\">Int\u00e9gration des disjoncteurs<\/strong><\/h3>\n<p data-start=\"1883\" data-end=\"2151\">Pour une s\u00e9curit\u00e9 optimale et une gestion ais\u00e9e des pannes, l'unit\u00e9 comprend <strong data-start=\"1947\" data-end=\"1979\">disjoncteurs ind\u00e9pendants<\/strong> sur l'ensemble de ses groupes de prises. Ces disjoncteurs prot\u00e8gent les appareils connect\u00e9s contre les surcharges et les courts-circuits, permettant des arr\u00eats localis\u00e9s sans affecter l'ensemble du syst\u00e8me.<\/p>\n<h3 data-start=\"2153\" data-end=\"2193\"><strong data-start=\"2160\" data-end=\"2193\">Construction de qualit\u00e9 industrielle<\/strong><\/h3>\n<p data-start=\"2194\" data-end=\"2409\">Fabriqu\u00e9 en <strong data-start=\"2207\" data-end=\"2222\">t\u00f4le<\/strong>Cette unit\u00e9 de distribution de l'alimentation se distingue par sa robustesse et sa r\u00e9silience \u00e0 long terme. L'unit\u00e9 de distribution de l'\u00e9nergie <strong data-start=\"2308\" data-end=\"2324\">finition noire<\/strong> ajoute un aspect professionnel tout en am\u00e9liorant la r\u00e9sistance \u00e0 la corrosion et la stabilit\u00e9 thermique.<\/p>\n<h3 data-start=\"2411\" data-end=\"2442\"><strong data-start=\"2418\" data-end=\"2442\">Chargement par USB<\/strong><\/h3>\n<p data-start=\"2443\" data-end=\"2632\">Au-del\u00e0 des prises de courant traditionnelles, cet appareil int\u00e8gre <strong data-start=\"2498\" data-end=\"2520\">Ports de charge USB<\/strong>Le syst\u00e8me d'alimentation en \u00e9nergie de l'entreprise permet de recharger directement les appareils mobiles, les outils ou les capteurs couramment utilis\u00e9s dans l'industrie.<\/p>\n<h2 data-start=\"3503\" data-end=\"3527\">Sc\u00e9narios d'application<\/h2>\n<h3 data-start=\"3529\" data-end=\"3553\"><strong data-start=\"3537\" data-end=\"3553\">Centres de donn\u00e9es<\/strong><\/h3>\n<p data-start=\"3554\" data-end=\"3679\">Id\u00e9al pour les racks de serveurs qui n\u00e9cessitent une distribution d'\u00e9nergie stable et de grande capacit\u00e9 avec une gestion claire des c\u00e2bles et des caract\u00e9ristiques de s\u00e9curit\u00e9.<\/p>\n<h3 data-start=\"3681\" data-end=\"3713\"><strong data-start=\"3688\" data-end=\"3713\">Installations industrielles<\/strong><\/h3>\n<p data-start=\"3714\" data-end=\"3871\">Il prend en charge les \u00e9quipements \u00e0 grande \u00e9chelle tels que les machines \u00e0 commande num\u00e9rique, les convoyeurs et la robotique. L'int\u00e9gration USB permet de recharger les appareils portables utilis\u00e9s dans l'usine.<\/p>\n<h3 data-start=\"3873\" data-end=\"3907\"><strong data-start=\"3880\" data-end=\"3907\">Laboratoires et recherche<\/strong><\/h3>\n<p data-start=\"3908\" data-end=\"4057\">Parfait pour les instruments sensibles qui exigent une alimentation \u00e9lectrique propre et ininterrompue, avec l'avantage suppl\u00e9mentaire d'une protection contre les surtensions et d'une isolation des circuits.<\/p>\n<h3 data-start=\"4059\" data-end=\"4101\"><strong data-start=\"4066\" data-end=\"4101\">Ateliers et lignes de fabrication<\/strong><\/h3>\n<p data-start=\"4102\" data-end=\"4240\">Offre une solution fiable pour l'alimentation des outils, des capteurs et des unit\u00e9s de contr\u00f4le, tandis que les ports USB offrent un acc\u00e8s facile au chargement des appareils auxiliaires.<\/p>\n<h2 data-start=\"4247\" data-end=\"4258\">Avantages<\/h2>\n<ul data-start=\"4260\" data-end=\"4959\">\n<li data-start=\"4260\" data-end=\"4386\">\n<p data-start=\"4262\" data-end=\"4386\"><strong data-start=\"4262\" data-end=\"4281\">Haute efficacit\u00e9<\/strong>: Rationalise la distribution de l'alimentation pour les installations multi-appareils, en r\u00e9duisant l'encombrement et en simplifiant l'acheminement des c\u00e2bles.<\/p>\n<\/li>\n<li data-start=\"4387\" data-end=\"4529\">\n<p data-start=\"4389\" data-end=\"4529\"><strong data-start=\"4389\" data-end=\"4408\">Am\u00e9lioration de la s\u00e9curit\u00e9<\/strong>: Gr\u00e2ce \u00e0 la protection contre les surtensions et aux disjoncteurs int\u00e9gr\u00e9s, vous r\u00e9duisez le risque de d\u00e9faillance de l'\u00e9quipement due \u00e0 des pannes \u00e9lectriques.<\/p>\n<\/li>\n<li data-start=\"4530\" data-end=\"4659\">\n<p data-start=\"4532\" data-end=\"4659\"><strong data-start=\"4532\" data-end=\"4555\">Contr\u00f4le par code couleur<\/strong>: La s\u00e9paration visuelle des canaux d'alimentation permet une gestion intuitive de la charge et une r\u00e9ponse plus rapide de la maintenance.<\/p>\n<\/li>\n<li data-start=\"4660\" data-end=\"4807\">\n<p data-start=\"4662\" data-end=\"4807\"><strong data-start=\"4662\" data-end=\"4678\">\u00c9conomie d'espace<\/strong>: La conception de la bande verticale permet un montage facile dans les bo\u00eetiers de rack standard sans utiliser l'espace pr\u00e9cieux du sol ou de l'\u00e9tag\u00e8re.<\/p>\n<\/li>\n<li data-start=\"4808\" data-end=\"4959\">\n<p data-start=\"4810\" data-end=\"4959\"><strong data-start=\"4810\" data-end=\"4826\">Pr\u00eat pour l'avenir<\/strong>: Avec des sorties d'alimentation traditionnelles et USB, cet appareil r\u00e9pond aux besoins industriels actuels tout en s'adaptant aux futures normes d'\u00e9quipement.<\/p>\n<\/li>\n<\/ul>\n<h2 data-start=\"4966\" data-end=\"4997\">Installation et compatibilit\u00e9<\/h2>\n<p data-start=\"4999\" data-end=\"5285\">L'appareil est con\u00e7u pour <strong data-start=\"5024\" data-end=\"5042\">montable en rack<\/strong> ou <strong data-start=\"5046\" data-end=\"5071\">installation verticale<\/strong> et s'adapte aux bo\u00eetiers d'\u00e9quipement standard. Il prend en charge des types de prises universelles compatibles avec une large gamme de fiches, tandis que le syst\u00e8me de mise \u00e0 la terre garantit un fonctionnement s\u00fbr dans les environnements qui exigent une stabilit\u00e9 \u00e9lectrique.<\/p>\n<p data-start=\"5287\" data-end=\"5501\">Chaque groupe de prises est prot\u00e9g\u00e9 par un <strong data-start=\"5325\" data-end=\"5346\">disjoncteur d\u00e9di\u00e9<\/strong>permettant une isolation modulaire. Les ports USB accessibles et les commandes en fa\u00e7ade facilitent le contr\u00f4le et l'interaction avec l'unit\u00e9 dans les configurations \u00e0 haute densit\u00e9.<\/p>\n<h2 data-start=\"5508\" data-end=\"5538\">Certifications et conformit\u00e9<\/h2>\n<p data-start=\"5540\" data-end=\"5778\">Cette unit\u00e9 de distribution d'\u00e9nergie est conforme \u00e0 <strong data-start=\"5583\" data-end=\"5590\">ETL<\/strong> et <strong data-start=\"5595\" data-end=\"5601\">CE<\/strong> qui attestent de sa qualit\u00e9 et de sa s\u00e9curit\u00e9. Ces certifications garantissent que l'unit\u00e9 r\u00e9pond aux crit\u00e8res internationaux rigoureux en mati\u00e8re de performance \u00e9lectrique et d'int\u00e9grit\u00e9 de la construction.<\/p>\n<h2 data-start=\"5785\" data-end=\"5806\">Garantie et assistance<\/h2>\n<p data-start=\"5808\" data-end=\"6059\">L'esprit tranquille gr\u00e2ce \u00e0 l'assurance de la qualit\u00e9 de l'eau. <strong data-start=\"5835\" data-end=\"5854\">Garantie de 2 ans<\/strong>qui couvre tous les d\u00e9fauts de fabrication et de fonctionnement dans des conditions normales d'utilisation. Notre \u00e9quipe d'assistance sp\u00e9cialis\u00e9e vous garantit une aide rapide, et des plans de service \u00e9tendus en option sont disponibles sur demande.<\/p>","protected":false},"excerpt":{"rendered":"<p><strong>Cette unit\u00e9 de distribution d'\u00e9nergie industrielle est dot\u00e9e de prises \u00e0 code couleur, de ports USB et d'une protection int\u00e9gr\u00e9e contre les surtensions. Con\u00e7ue pour les environnements \u00e0 forte charge, elle supporte jusqu'\u00e0 160A avec une entr\u00e9e 208V-415VAC. Une construction m\u00e9tallique durable et des disjoncteurs garantissent une distribution d'\u00e9nergie fiable et s\u00fbre.<\/strong><\/p>","protected":false},"featured_media":1294,"template":"","meta":{"_kad_post_transparent":"default","_kad_post_title":"","_kad_post_layout":"default","_kad_post_sidebar_id":"","_kad_post_content_style":"default","_kad_post_vertical_padding":"default","_kad_post_feature":"","_kad_post_feature_position":"","_kad_post_header":false,"_kad_post_footer":false},"product_brand":[],"product_cat":[80],"product_tag":[],"class_list":{"0":"post-1293","1":"product","2":"type-product","3":"status-publish","4":"has-post-thumbnail","6":"product_cat-high-power-power-distribution-units","8":"first","9":"instock","10":"shipping-taxable","11":"product-type-simple","12":"entry","13":"content-bg","14":"loop-entry"},"_links":{"self":[{"href":"https:\/\/24smartcharge.com\/fr\/wp-json\/wp\/v2\/product\/1293","targetHints":{"allow":["GET"]}}],"collection":[{"href":"https:\/\/24smartcharge.com\/fr\/wp-json\/wp\/v2\/product"}],"about":[{"href":"https:\/\/24smartcharge.com\/fr\/wp-json\/wp\/v2\/types\/product"}],"wp:featuredmedia":[{"embeddable":true,"href":"https:\/\/24smartcharge.com\/fr\/wp-json\/wp\/v2\/media\/1294"}],"wp:attachment":[{"href":"https:\/\/24smartcharge.com\/fr\/wp-json\/wp\/v2\/media?parent=1293"}],"wp:term":[{"taxonomy":"product_brand","embeddable":true,"href":"https:\/\/24smartcharge.com\/fr\/wp-json\/wp\/v2\/product_brand?post=1293"},{"taxonomy":"product_cat","embeddable":true,"href":"https:\/\/24smartcharge.com\/fr\/wp-json\/wp\/v2\/product_cat?post=1293"},{"taxonomy":"product_tag","embeddable":true,"href":"https:\/\/24smartcharge.com\/fr\/wp-json\/wp\/v2\/product_tag?post=1293"}],"curies":[{"name":"wp","href":"https:\/\/api.w.org\/{rel}","templated":true}]}}