{"id":1291,"date":"2025-08-06T09:07:32","date_gmt":"2025-08-06T09:07:32","guid":{"rendered":"https:\/\/24smartcharge.com\/?post_type=product&#038;p=1291"},"modified":"2025-08-06T09:22:46","modified_gmt":"2025-08-06T09:22:46","slug":"industrial-power-distribution-unit-with-16-iec-outlets","status":"publish","type":"product","link":"https:\/\/24smartcharge.com\/fr\/industrial-power-distribution-unit-with-16-iec-outlets\/","title":{"rendered":"Unit\u00e9 de distribution d'\u00e9nergie industrielle avec 16 prises IEC"},"content":{"rendered":"<h1 data-start=\"178\" data-end=\"234\">Unit\u00e9 de distribution d'\u00e9nergie industrielle avec 16 prises IEC<\/h1>\n<h2 data-start=\"236\" data-end=\"247\">Vue d'ensemble<\/h2>\n<p data-start=\"249\" data-end=\"681\">L'unit\u00e9 de distribution d'\u00e9nergie industrielle avec 16 prises IEC est une solution haute performance con\u00e7ue pour une gestion robuste et fiable de l'\u00e9nergie dans les environnements industriels. Con\u00e7ue pour fournir une alimentation ininterrompue \u00e0 une vari\u00e9t\u00e9 d'\u00e9quipements critiques, cette unit\u00e9 assure une distribution s\u00fbre, organis\u00e9e et efficace de l'\u00e9nergie, ce qui la rend indispensable pour les centres de donn\u00e9es, les ateliers de production, la fabrication \u00e9lectronique et d'autres secteurs exigeants.<\/p>\n<p data-start=\"683\" data-end=\"899\">Fabriqu\u00e9e avec pr\u00e9cision et avec des mat\u00e9riaux de haute qualit\u00e9, cette unit\u00e9 de distribution d'\u00e9nergie r\u00e9pond aux normes mondiales de s\u00e9curit\u00e9 \u00e9lectrique et est con\u00e7ue pour r\u00e9sister aux conditions de fonctionnement rigoureuses typiques des applications industrielles.<\/p>\n<h2 data-start=\"906\" data-end=\"921\">Caract\u00e9ristiques principales<\/h2>\n<h3 data-start=\"923\" data-end=\"948\"><strong data-start=\"930\" data-end=\"948\">16 prises IEC<\/strong><\/h3>\n<p data-start=\"949\" data-end=\"1170\">\u00c9quip\u00e9 de <strong data-start=\"963\" data-end=\"1009\">16 prises IEC320 C13 et C19 de haute qualit\u00e9<\/strong>L'unit\u00e9 est id\u00e9ale pour alimenter plusieurs appareils simultan\u00e9ment. La conception des prises bien espac\u00e9es assure la compatibilit\u00e9 avec les grandes t\u00eates de branchement sans les encombrer.<\/p>\n<h3 data-start=\"1172\" data-end=\"1205\"><strong data-start=\"1178\" data-end=\"1205\">Tension nominale : 220-240V<\/strong><\/h3>\n<p data-start=\"1206\" data-end=\"1362\">Prend en charge les op\u00e9rations \u00e0 haute tension adapt\u00e9es aux \u00e9quipements industriels. Cela garantit la compatibilit\u00e9 avec les syst\u00e8mes \u00e9lectriques mondiaux dans les sc\u00e9narios de service intensif.<\/p>\n<h3 data-start=\"1364\" data-end=\"1396\"><strong data-start=\"1371\" data-end=\"1396\">Type de fiche et de prise<\/strong><\/h3>\n<p data-start=\"1397\" data-end=\"1553\">L'appareil est dot\u00e9 d'une fonctionnalit\u00e9 \"plug-and-socket\" qui permet des configurations flexibles, une installation efficace et un fonctionnement s\u00fbr dans une vari\u00e9t\u00e9 d'agencements.<\/p>\n<h3 data-start=\"1555\" data-end=\"1584\"><strong data-start=\"1562\" data-end=\"1584\">Mise \u00e0 la terre standard<\/strong><\/h3>\n<p data-start=\"1585\" data-end=\"1750\">Con\u00e7ue avec <strong data-start=\"1601\" data-end=\"1623\">mise \u00e0 la terre standard<\/strong> cette PDU renforce la s\u00e9curit\u00e9 en pr\u00e9venant les risques \u00e9lectriques et en garantissant un flux d'\u00e9nergie stable \u00e0 tous les appareils connect\u00e9s.<\/p>\n<h3 data-start=\"1752\" data-end=\"1785\"><strong data-start=\"1759\" data-end=\"1785\">Mat\u00e9riau ininflammable<\/strong><\/h3>\n<p data-start=\"1786\" data-end=\"1940\">Fabriqu\u00e9 \u00e0 partir de <strong data-start=\"1805\" data-end=\"1839\">Modules PC ininflammables UL94V-0<\/strong> et un <strong data-start=\"1847\" data-end=\"1871\">coque en alliage d'aluminium<\/strong>L'unit\u00e9 offre une r\u00e9sistance au feu et une durabilit\u00e9 m\u00e9canique sup\u00e9rieures.<\/p>\n<h3 data-start=\"1942\" data-end=\"1970\"><strong data-start=\"1950\" data-end=\"1970\">Protection contre les surtensions<\/strong><\/h3>\n<p data-start=\"1971\" data-end=\"2151\">La protection int\u00e9gr\u00e9e contre les surtensions prot\u00e8ge votre \u00e9quipement pr\u00e9cieux contre les pics de tension soudains, prot\u00e9geant ainsi les appareils \u00e9lectroniques sensibles des dommages caus\u00e9s par les surtensions ou la foudre.<\/p>\n<h3 data-start=\"2153\" data-end=\"2179\"><strong data-start=\"2161\" data-end=\"2179\">Fusibles int\u00e9gr\u00e9s<\/strong><\/h3>\n<p data-start=\"2180\" data-end=\"2338\">Chaque groupe de prises est prot\u00e9g\u00e9 par <strong data-start=\"2221\" data-end=\"2241\">fusibles individuels<\/strong>Le syst\u00e8me d'alimentation en \u00e9lectricit\u00e9 de l'unit\u00e9 de traitement des eaux us\u00e9es est un syst\u00e8me de protection contre les d\u00e9fauts isol\u00e9s qui renforce la s\u00e9curit\u00e9 et la fiabilit\u00e9 de l'ensemble de l'unit\u00e9.<\/p>\n<h3 data-start=\"2340\" data-end=\"2363\"><strong data-start=\"2347\" data-end=\"2363\">Taille compacte<\/strong><\/h3>\n<p data-start=\"2364\" data-end=\"2553\">Avec des dimensions de <strong data-start=\"2383\" data-end=\"2407\">1718mm \u00d7 85mm \u00d7 80mm<\/strong>Le design fin et vertical permet une int\u00e9gration facile dans les racks de serveurs, les panneaux ou les supports muraux, ce qui permet d'\u00e9conomiser de l'espace dans les environnements \u00e0 haute densit\u00e9.<\/p>\n<h2 data-start=\"4018\" data-end=\"4033\">Applications<\/h2>\n<p data-start=\"4035\" data-end=\"4084\">Cette unit\u00e9 de distribution d'\u00e9nergie est id\u00e9ale pour une utilisation dans :<\/p>\n<ul data-start=\"4086\" data-end=\"4732\">\n<li data-start=\"4086\" data-end=\"4217\">\n<p data-start=\"4088\" data-end=\"4217\"><strong data-start=\"4091\" data-end=\"4112\">Installations industrielles<\/strong>: Distribuer efficacement l'\u00e9nergie aux syst\u00e8mes automatis\u00e9s, aux convoyeurs, aux panneaux de contr\u00f4le et aux ordinateurs industriels.<\/p>\n<\/li>\n<li data-start=\"4218\" data-end=\"4337\">\n<p data-start=\"4220\" data-end=\"4337\"><strong data-start=\"4224\" data-end=\"4240\">Centres de donn\u00e9es<\/strong>: Alimenter les baies de serveurs, les dispositifs de mise en r\u00e9seau et les syst\u00e8mes de stockage avec pr\u00e9cision et fiabilit\u00e9.<\/p>\n<\/li>\n<li data-start=\"4338\" data-end=\"4480\">\n<p data-start=\"4340\" data-end=\"4480\"><strong data-start=\"4343\" data-end=\"4370\">\u00c9lectronique et machines<\/strong>: A utiliser dans les bancs d'essai, les stations de fabrication ou les installations de laboratoire qui exigent une alimentation stable pour plusieurs appareils.<\/p>\n<\/li>\n<li data-start=\"4481\" data-end=\"4607\">\n<p data-start=\"4483\" data-end=\"4607\"><strong data-start=\"4486\" data-end=\"4510\">Ateliers automobiles<\/strong>: Alimenter les outils de diagnostic, les stations de charge de batterie et les syst\u00e8mes d'\u00e9clairage de mani\u00e8re s\u00fbre et efficace.<\/p>\n<\/li>\n<li data-start=\"4608\" data-end=\"4732\">\n<p data-start=\"4610\" data-end=\"4732\"><strong data-start=\"4613\" data-end=\"4631\">Installations de R&amp;D<\/strong>: Alimenter les installations exp\u00e9rimentales et les instruments d'essai qui n\u00e9cessitent un flux d'\u00e9nergie r\u00e9gul\u00e9 et ininterrompu.<\/p>\n<\/li>\n<\/ul>\n<h2 data-start=\"4739\" data-end=\"4761\">S\u00e9curit\u00e9 et durabilit\u00e9<\/h2>\n<p data-start=\"4763\" data-end=\"4827\">Cette unit\u00e9 est con\u00e7ue pour garantir <strong data-start=\"4800\" data-end=\"4818\">s\u00e9curit\u00e9 maximale<\/strong> \u00e0 travers :<\/p>\n<ul data-start=\"4829\" data-end=\"5074\">\n<li data-start=\"4829\" data-end=\"4875\">\n<p data-start=\"4831\" data-end=\"4875\"><strong data-start=\"4831\" data-end=\"4854\">Protection contre les surcharges<\/strong> par l'interm\u00e9diaire de fusibles d\u00e9di\u00e9s.<\/p>\n<\/li>\n<li data-start=\"4876\" data-end=\"4944\">\n<p data-start=\"4878\" data-end=\"4944\"><strong data-start=\"4878\" data-end=\"4906\">R\u00e9sistance \u00e0 la chaleur et au feu<\/strong> avec des modules ignifug\u00e9s UL94V-0.<\/p>\n<\/li>\n<li data-start=\"4945\" data-end=\"5002\">\n<p data-start=\"4947\" data-end=\"5002\"><strong data-start=\"4947\" data-end=\"4964\">Conception robuste<\/strong> \u00e0 l'aide d'une coque en alliage d'aluminium durable.<\/p>\n<\/li>\n<li data-start=\"5003\" data-end=\"5074\">\n<p data-start=\"5005\" data-end=\"5074\"><strong data-start=\"5005\" data-end=\"5030\">Alimentation \u00e9lectrique s\u00e9curis\u00e9e<\/strong> avec une mise \u00e0 la terre et une protection contre les surtensions appropri\u00e9es.<\/p>\n<\/li>\n<\/ul>\n<h2 data-start=\"5081\" data-end=\"5110\">Installation et maintenance<\/h2>\n<ul data-start=\"5112\" data-end=\"5413\">\n<li data-start=\"5112\" data-end=\"5227\">\n<p data-start=\"5114\" data-end=\"5227\"><strong data-start=\"5117\" data-end=\"5137\">Options de montage<\/strong>: Peut \u00eatre install\u00e9 verticalement dans des racks de serveurs standard ou mont\u00e9 sur des murs ou des \u00e9tablis.<\/p>\n<\/li>\n<li data-start=\"5228\" data-end=\"5316\">\n<p data-start=\"5230\" data-end=\"5316\"><strong data-start=\"5233\" data-end=\"5256\">Installation Plug-and-Play<\/strong>: Facile \u00e0 d\u00e9ployer avec un minimum d'outils ou de connaissances \u00e9lectriques.<\/p>\n<\/li>\n<li data-start=\"5317\" data-end=\"5413\">\n<p data-start=\"5319\" data-end=\"5413\"><strong data-start=\"5322\" data-end=\"5343\">Fusibles rempla\u00e7ables<\/strong>: Les ports de fusibles facilement accessibles permettent une maintenance ou un remplacement rapide.<\/p>\n<\/li>\n<\/ul>\n<h2 data-start=\"5420\" data-end=\"5447\">Personnalisation et strat\u00e9gie de marque<\/h2>\n<ul data-start=\"5449\" data-end=\"5725\">\n<li data-start=\"5449\" data-end=\"5513\">\n<p data-start=\"5451\" data-end=\"5513\">Sur mesure <strong data-start=\"5458\" data-end=\"5475\">impression de logos<\/strong> disponibles pour s'adapter \u00e0 l'identit\u00e9 de l'entreprise.<\/p>\n<\/li>\n<li data-start=\"5514\" data-end=\"5725\">\n<p data-start=\"5516\" data-end=\"5725\">Le support ODM et OEM permet une configuration bas\u00e9e sur les besoins sp\u00e9cifiques du client, tels que les combinaisons de types de prises, les couleurs des prises, ou les fonctions intelligentes ajout\u00e9es telles que le comptage ou le contr\u00f4le \u00e0 distance (lorsque les SDK sont applicables).<\/p>\n<\/li>\n<\/ul>","protected":false},"excerpt":{"rendered":"<p>Cette unit\u00e9 de distribution d'alimentation industrielle comporte 16 prises IEC320 C13\/C19, construites avec une coque en alliage d'aluminium ignifug\u00e9 pour une grande durabilit\u00e9. Id\u00e9ale pour les environnements industriels et les serveurs, elle fournit une sortie 220-240V stable et une protection contre les surtensions pour les \u00e9quipements critiques.<\/p>","protected":false},"featured_media":1299,"template":"","meta":{"_kad_post_transparent":"default","_kad_post_title":"","_kad_post_layout":"default","_kad_post_sidebar_id":"","_kad_post_content_style":"default","_kad_post_vertical_padding":"default","_kad_post_feature":"","_kad_post_feature_position":"","_kad_post_header":false,"_kad_post_footer":false},"product_brand":[],"product_cat":[80],"product_tag":[192,190,172],"class_list":{"0":"post-1291","1":"product","2":"type-product","3":"status-publish","4":"has-post-thumbnail","6":"product_cat-high-power-power-distribution-units","7":"product_tag-iec320-power-distribution-unit","8":"product_tag-industrial-power-strip","9":"product_tag-power-distribution-unit","11":"first","12":"instock","13":"shipping-taxable","14":"product-type-simple","15":"entry","16":"content-bg","17":"loop-entry"},"_links":{"self":[{"href":"https:\/\/24smartcharge.com\/fr\/wp-json\/wp\/v2\/product\/1291","targetHints":{"allow":["GET"]}}],"collection":[{"href":"https:\/\/24smartcharge.com\/fr\/wp-json\/wp\/v2\/product"}],"about":[{"href":"https:\/\/24smartcharge.com\/fr\/wp-json\/wp\/v2\/types\/product"}],"wp:featuredmedia":[{"embeddable":true,"href":"https:\/\/24smartcharge.com\/fr\/wp-json\/wp\/v2\/media\/1299"}],"wp:attachment":[{"href":"https:\/\/24smartcharge.com\/fr\/wp-json\/wp\/v2\/media?parent=1291"}],"wp:term":[{"taxonomy":"product_brand","embeddable":true,"href":"https:\/\/24smartcharge.com\/fr\/wp-json\/wp\/v2\/product_brand?post=1291"},{"taxonomy":"product_cat","embeddable":true,"href":"https:\/\/24smartcharge.com\/fr\/wp-json\/wp\/v2\/product_cat?post=1291"},{"taxonomy":"product_tag","embeddable":true,"href":"https:\/\/24smartcharge.com\/fr\/wp-json\/wp\/v2\/product_tag?post=1291"}],"curies":[{"name":"wp","href":"https:\/\/api.w.org\/{rel}","templated":true}]}}