{"id":1240,"date":"2025-08-06T06:42:23","date_gmt":"2025-08-06T06:42:23","guid":{"rendered":"https:\/\/24smartcharge.com\/?post_type=product&#038;p=1240"},"modified":"2025-08-06T09:15:03","modified_gmt":"2025-08-06T09:15:03","slug":"160a-high-power-power-distribution-unit-24-c19-outlets","status":"publish","type":"product","link":"https:\/\/24smartcharge.com\/fr\/160a-high-power-power-distribution-unit-24-c19-outlets\/","title":{"rendered":"Unit\u00e9 de distribution d'\u00e9nergie haute puissance 160A, 24 prises C19"},"content":{"rendered":"<h2 id=\"the-ultimate-power-solution-for-high-density-environments\">La solution d'alimentation ultime pour les environnements \u00e0 haute densit\u00e9<\/h2>\n<p>Dans le monde des infrastructures informatiques critiques et des applications industrielles exigeantes, une distribution d'\u00e9nergie fiable et robuste n'est pas seulement une n\u00e9cessit\u00e9, c'est la base du succ\u00e8s op\u00e9rationnel. Nous vous pr\u00e9sentons une nouvelle norme formidable en mati\u00e8re de gestion de l'\u00e9nergie : le\u00a0<strong>Unit\u00e9 de distribution d'\u00e9nergie haute puissance 160A<\/strong>. Con\u00e7ue pour les environnements qui n\u00e9cessitent une alimentation importante et ininterrompue, cette PDU offre une capacit\u00e9 \u00e9norme de 160 A sur 24 prises C19 \u00e0 haut amp\u00e9rage, ce qui en fait le choix id\u00e9al pour les centres de donn\u00e9es, les installations de colocation, les clusters de calcul \u00e0 haute performance (HPC) et les syst\u00e8mes de contr\u00f4le industriels.<\/p>\n<h3 id=\"unmatched-power-capacity-for-critical-loads\">Capacit\u00e9 de puissance in\u00e9gal\u00e9e pour les charges critiques<\/h3>\n<p>L'\u00e9l\u00e9ment central de cette unit\u00e9 est sa capacit\u00e9 de gestion de la puissance, qui est stup\u00e9fiante. Avec un courant nominal de 160A et une compatibilit\u00e9 avec les syst\u00e8mes \u00e9lectriques triphas\u00e9s 380\/415V, cette PDU est con\u00e7ue pour alimenter les \u00e9quipements les plus gourmands en \u00e9nergie. Les centres de donn\u00e9es modernes d\u00e9ploient de plus en plus de racks haute densit\u00e9 remplis de serveurs lames, de commutateurs r\u00e9seau et de baies de stockage qui n\u00e9cessitent une puissance importante pour fonctionner efficacement. Cette\u00a0<strong>Unit\u00e9 de distribution d'\u00e9nergie de haute puissance<\/strong>\u00a0est sp\u00e9cialement con\u00e7u pour r\u00e9pondre \u00e0 ces exigences et les d\u00e9passer, en fournissant une alimentation propre, stable et continue pour garantir que votre mat\u00e9riel critique fonctionne de mani\u00e8re optimale sans risque de goulot d'\u00e9tranglement. L'entr\u00e9e triphas\u00e9e robuste permet une distribution \u00e9quilibr\u00e9e de la charge \u00e9lectrique, ce qui am\u00e9liore la stabilit\u00e9 du syst\u00e8me et l'efficacit\u00e9 globale.<\/p>\n<h3 id=\"high-density-connectivity-in-a-space-saving-design\">Connectivit\u00e9 haute densit\u00e9 dans un design peu encombrant<\/h3>\n<p>Cette PDU dispose de 24 prises IEC C19, le standard de l'industrie pour la connexion de serveurs d'entreprise et d'\u00e9quipements de r\u00e9seau de haute puissance. La disponibilit\u00e9 de deux douzaines de prises C19 dans une seule unit\u00e9 permet la connexion directe d'un rack complet d'\u00e9quipement, simplifiant la gestion des c\u00e2bles et r\u00e9duisant le besoin de plusieurs barrettes d'alimentation \u00e0 faible consommation.<\/p>\n<p>Con\u00e7ue pour une efficacit\u00e9 maximale de l'espace, l'unit\u00e9 est dot\u00e9e d'un facteur de forme vertical 0U (Zero-U). Mesurant 1 800 mm de long, il se monte sans probl\u00e8me sur le c\u00f4t\u00e9 ou \u00e0 l'arri\u00e8re d'un rack de serveurs standard, ne consommant pas d'espace horizontal pr\u00e9cieux. Cette conception intelligente lib\u00e8re de l'espace pour davantage d'\u00e9quipements informatiques, ce qui vous permet de maximiser la densit\u00e9 et la puissance de calcul de chaque armoire. Le ch\u00e2ssis est fabriqu\u00e9 \u00e0 partir d'une feuille de m\u00e9tal durable et de haute qualit\u00e9, garantissant l'int\u00e9grit\u00e9 structurelle et la long\u00e9vit\u00e9, m\u00eame dans des environnements industriels difficiles. Sa finition verte vibrante ajoute non seulement une touche d'organisation visuelle \u00e0 vos baies, mais indique \u00e9galement son r\u00f4le en tant que composant d'alimentation robuste.<\/p>\n<h3 id=\"advanced-safety-and-overcurrent-protection\">S\u00e9curit\u00e9 avanc\u00e9e et protection contre les surintensit\u00e9s<\/h3>\n<p>Le pouvoir est inutile sans le contr\u00f4le et la s\u00e9curit\u00e9. Cette\u00a0<strong>Unit\u00e9 de distribution d'\u00e9nergie de haute puissance<\/strong>\u00a0int\u00e8gre des fonctions de s\u00e9curit\u00e9 avanc\u00e9es pour prot\u00e9ger vos \u00e9quipements les plus pr\u00e9cieux. Les 24 prises sont intelligemment regroup\u00e9es en banques distinctes, chacune prot\u00e9g\u00e9e par son propre disjoncteur magn\u00e9to-hydraulique haute performance. Ces disjoncteurs de 20 A offrent une protection sup\u00e9rieure contre les surintensit\u00e9s et les courts-circuits par rapport aux disjoncteurs thermiques standard. Ils sont moins sensibles aux d\u00e9clenchements intempestifs provoqu\u00e9s par des temp\u00e9ratures ambiantes \u00e9lev\u00e9es \u00e0 l'int\u00e9rieur d'un rack, ce qui garantit que seuls les v\u00e9ritables d\u00e9fauts \u00e9lectriques interrompront l'alimentation d'une banque sp\u00e9cifique, laissant le reste de votre \u00e9quipement en ligne et op\u00e9rationnel.<\/p>\n<p>Chaque groupe de prises est clairement identifi\u00e9 (L1, L2, L3), correspondant aux trois phases de la puissance d'entr\u00e9e. Cela facilite l'\u00e9quilibrage de la charge lors de l'installation, en \u00e9vitant qu'une seule phase ne soit surcharg\u00e9e et en garantissant la stabilit\u00e9 de l'ensemble de l'infrastructure \u00e9lectrique.<\/p>\n<h3 id=\"certified-for-global-and-industrial-use\">Certifi\u00e9 pour une utilisation mondiale et industrielle<\/h3>\n<p>La confiance et la fiabilit\u00e9 sont primordiales. Cette unit\u00e9 PDU b\u00e9n\u00e9ficie d'une s\u00e9rie compl\u00e8te de certifications internationales, notamment ETL, CE, RoHS et SAA. La marque cETLus d'Intertek indique la conformit\u00e9 aux normes de s\u00e9curit\u00e9 nord-am\u00e9ricaines rigoureuses, tandis que la marque CE confirme son ad\u00e9quation au march\u00e9 europ\u00e9en. La conformit\u00e9 RoHS garantit que l'appareil est exempt de mat\u00e9riaux dangereux, ce qui en fait un choix respectueux de l'environnement. Ces certifications, associ\u00e9es \u00e0 une garantie de deux ans, vous garantissent la tranquillit\u00e9 d'esprit ultime en vous assurant que vous investissez dans un produit s\u00fbr, fiable et con\u00e7u pour durer.<\/p>\n<h3 id=\"ideal-applications-\">Applications id\u00e9ales :<\/h3>\n<ul>\n<li><strong>Centres de donn\u00e9es et colocation :<\/strong>\u00a0Alimentez en toute confiance des racks entiers de serveurs haute performance, de baies de stockage et de commutateurs r\u00e9seau.<\/li>\n<li><strong>Calcul \u00e0 haute performance (HPC) :<\/strong>\u00a0Fournir la puissance substantielle et stable requise pour les clusters de calcul intensifs en GPU et en CPU.<\/li>\n<li><strong>Exploitation mini\u00e8re de crypto-monnaies :<\/strong>\u00a0Fournissez une alimentation robuste et continue \u00e0 des dizaines de mineurs ASIC ou de plates-formes GPU dans une solution unique et rationalis\u00e9e.<\/li>\n<li><strong>Automatisation industrielle :<\/strong>\u00a0Alimenter les armoires de commande, les \u00e9quipements de fabrication et d'autres machines industrielles lourdes en toute fiabilit\u00e9.<\/li>\n<li><strong>Centres de t\u00e9l\u00e9communications :<\/strong>\u00a0Assurer la disponibilit\u00e9 des infrastructures de r\u00e9seau et des \u00e9quipements de communication essentiels.<\/li>\n<\/ul>\n<p>&nbsp;<\/p>","protected":false},"excerpt":{"rendered":"<div class=\"model-prompt-container\" data-turn-role=\"Model\">\n<div class=\"turn-content\">\n<p class=\"ng-star-inserted\"><span class=\"ng-star-inserted\">Cette unit\u00e9 de distribution d'\u00e9nergie industrielle de haute puissance fournit un courant robuste de 160A pour les applications exigeantes. Il comprend 24 prises C19 log\u00e9es dans un ch\u00e2ssis m\u00e9tallique vert durable avec des disjoncteurs pour la protection contre les surintensit\u00e9s. Certifi\u00e9 ETL pour la s\u00e9curit\u00e9 et la fiabilit\u00e9.<\/span><\/p>\n<div class=\"turn-information ng-star-inserted\"><\/div>\n<\/div>\n<\/div>\n<div class=\"turn-footer ng-star-inserted\"><\/div>","protected":false},"featured_media":1241,"template":"","meta":{"_kad_post_transparent":"default","_kad_post_title":"","_kad_post_layout":"default","_kad_post_sidebar_id":"","_kad_post_content_style":"default","_kad_post_vertical_padding":"default","_kad_post_feature":"","_kad_post_feature_position":"","_kad_post_header":false,"_kad_post_footer":false},"product_brand":[],"product_cat":[80],"product_tag":[182,183,167],"class_list":{"0":"post-1240","1":"product","2":"type-product","3":"status-publish","4":"has-post-thumbnail","6":"product_cat-high-power-power-distribution-units","7":"product_tag-24-outlet-pdu","8":"product_tag-c19-pdu","9":"product_tag-high-power-pdu","11":"first","12":"instock","13":"shipping-taxable","14":"product-type-simple","15":"entry","16":"content-bg","17":"loop-entry"},"_links":{"self":[{"href":"https:\/\/24smartcharge.com\/fr\/wp-json\/wp\/v2\/product\/1240","targetHints":{"allow":["GET"]}}],"collection":[{"href":"https:\/\/24smartcharge.com\/fr\/wp-json\/wp\/v2\/product"}],"about":[{"href":"https:\/\/24smartcharge.com\/fr\/wp-json\/wp\/v2\/types\/product"}],"wp:featuredmedia":[{"embeddable":true,"href":"https:\/\/24smartcharge.com\/fr\/wp-json\/wp\/v2\/media\/1241"}],"wp:attachment":[{"href":"https:\/\/24smartcharge.com\/fr\/wp-json\/wp\/v2\/media?parent=1240"}],"wp:term":[{"taxonomy":"product_brand","embeddable":true,"href":"https:\/\/24smartcharge.com\/fr\/wp-json\/wp\/v2\/product_brand?post=1240"},{"taxonomy":"product_cat","embeddable":true,"href":"https:\/\/24smartcharge.com\/fr\/wp-json\/wp\/v2\/product_cat?post=1240"},{"taxonomy":"product_tag","embeddable":true,"href":"https:\/\/24smartcharge.com\/fr\/wp-json\/wp\/v2\/product_tag?post=1240"}],"curies":[{"name":"wp","href":"https:\/\/api.w.org\/{rel}","templated":true}]}}