{"id":1226,"date":"2025-08-06T06:32:01","date_gmt":"2025-08-06T06:32:01","guid":{"rendered":"https:\/\/24smartcharge.com\/?post_type=product&#038;p=1226"},"modified":"2025-08-06T09:18:59","modified_gmt":"2025-08-06T09:18:59","slug":"intelligent-3-phase-high-power-power-distribution-unit","status":"publish","type":"product","link":"https:\/\/24smartcharge.com\/fr\/intelligent-3-phase-high-power-power-distribution-unit\/","title":{"rendered":"Unit\u00e9 intelligente de distribution d'\u00e9nergie triphas\u00e9e de grande puissance"},"content":{"rendered":"<h3 id=\"-unmatched-power-for-mission-critical-applications-\"><strong>Une puissance in\u00e9gal\u00e9e pour les applications critiques<\/strong><\/h3>\n<p>Au fond, cette\u00a0<strong>Syst\u00e8me de circulation d'\u00e9nergie \u00e0 haute puissance\u00a0<\/strong>est con\u00e7u pour traiter des quantit\u00e9s d'\u00e9nergie consid\u00e9rables avec une fiabilit\u00e9 in\u00e9branlable. Elle accepte une entr\u00e9e triphas\u00e9e puissante avec une tension nominale de 380\/415\/433V, ce qui la rend parfaitement adapt\u00e9e \u00e0 une combinaison directe avec des syst\u00e8mes \u00e9lectriques de qualit\u00e9 industrielle. Avec un courant de sortie maximal de 160A, cette PDU est con\u00e7ue pour alimenter des \u00e9tag\u00e8res enti\u00e8res remplies de dispositifs \u00e0 forte consommation, depuis les serveurs Web \u00e0 lames et les matrices d'espace de stockage jusqu'aux commutateurs de r\u00e9seau et aux n\u0153uds informatiques sp\u00e9cialis\u00e9s.<\/p>\n<p>Construit pour r\u00e9sister \u00e0 des atmosph\u00e8res difficiles, le cadre en acier durable fournit une structure s\u00fbre pour un fonctionnement fiable. \u00c0 l'int\u00e9rieur, une structure \u00e9lectrique robuste dirige efficacement l'\u00e9nergie des entr\u00e9es principales vers de multiples zones de r\u00e9sultats, r\u00e9duisant ainsi le gaspillage d'\u00e9nergie et l'accumulation de chaleur. En outre, un syst\u00e8me de climatisation int\u00e9gr\u00e9 permet de maintenir des temp\u00e9ratures id\u00e9ales pour tous les composants int\u00e9rieurs, ce qui prolonge la dur\u00e9e de vie du syst\u00e8me et renforce ses capacit\u00e9s de performance.<\/p>\n<h3 id=\"-innovative-real-time-oversight-and-offsite-control-\"><strong>Supervision innovante en temps r\u00e9el et contr\u00f4le hors site<\/strong><\/h3>\n<p>Cette PDU se distingue par sa plate-forme d'intelligence innovante, qui offre aux administrateurs une vue d'ensemble et un contr\u00f4le complet de leur syst\u00e8me de distribution d'\u00e9nergie.<\/p>\n<ul>\n<li><strong>Suivi r\u00e9gional au moyen d'un \u00e9cran LCD :\u00a0<\/strong>Le panneau avant comporte une \u00e9valuation LCD claire et brillante qui fait office de centre de commande r\u00e9gional. D'un seul coup d'\u0153il, les travailleurs peuvent voir les mesures critiques en temps r\u00e9el, \u00e0 savoir :<\/li>\n<li><strong>Courant total (A) :\u00a0<\/strong>Screener les lots accumul\u00e9s sur la PDU.<\/li>\n<li><strong>Tension d'entr\u00e9e (V) :\u00a0<\/strong>S'assurer que la puissance entrante est stable et conforme aux sp\u00e9cifications.<\/li>\n<li><strong>Puissance active (W) :\u00a0<\/strong>Reconna\u00eetre la consommation d'\u00e9nergie r\u00e9elle des outils li\u00e9s.<\/li>\n<li><strong>Consommation \u00e9lectrique (KWh) :\u00a0<\/strong>Le suivi progressif de la consommation d'\u00e9nergie permet de r\u00e9partir les d\u00e9penses, d'\u00e9valuer l'efficacit\u00e9 et de pr\u00e9parer les capacit\u00e9s. L'\u00e9cran affiche \u00e9galement l'adresse IP du r\u00e9seau de l'unit\u00e9, ce qui simplifie la premi\u00e8re installation et l'arrangement. Les boutons de menu conviviaux (s\u00e9lection des aliments, haut, bas) permettent une navigation tr\u00e8s facile et un arrangement local sans avoir besoin d'une autre console.<\/li>\n<\/ul>\n<p><strong>T\u00e9l\u00e9commande centralis\u00e9e :\u00a0<\/strong>Gr\u00e2ce \u00e0 une connexion r\u00e9seau RJ45, cette unit\u00e9 de circulation d'\u00e9nergie (PDU) intelligente s'int\u00e8gre facilement dans votre configuration r\u00e9seau existante, d\u00e9bloquant ainsi de puissantes fonctions de gestion \u00e0 distance. Les \u00e9quipes informatiques peuvent ainsi superviser et g\u00e9rer le PDU depuis n'importe quel endroit dans le monde. La compatibilit\u00e9 avec les protocoles r\u00e9seau habituels, tels que SNMP, favorise une combinaison transparente avec les meilleurs logiciels DCIM et syst\u00e8mes NMS. Cette disponibilit\u00e9 \u00e0 distance est essentielle pour :<\/p>\n<ul>\n<li><strong>Anticiper les avis :\u00a0<\/strong>D\u00e9finissez des seuils personnalisables pour le courant, la tension et la puissance. Le syst\u00e8me peut envoyer instantan\u00e9ment des notifications \u00e0 l'aide de captures SNMP ou par courrier \u00e9lectronique lorsque ces seuils sont d\u00e9pass\u00e9s, informant ainsi les responsables des probl\u00e8mes potentiels avant qu'ils ne deviennent vitaux.<\/li>\n<li><strong>Optimisation des installations :\u00a0<\/strong>Les donn\u00e9es historiques sur la consommation d'\u00e9nergie offrent des informations importantes pour am\u00e9liorer la capacit\u00e9 future de l'infrastructure et utiliser au mieux l'\u00e9paisseur de l'\u00e9tag\u00e8re.<\/li>\n<li><strong>R\u00e9duction des temps d'arr\u00eat :\u00a0<\/strong>En reconnaissant et en d\u00e9tectant les probl\u00e8mes d'alimentation \u00e0 partir d'un autre endroit, les responsables peuvent r\u00e9duire consid\u00e9rablement le MTTR et \u00e9viter les frais de maintenance sur site, ce qui am\u00e9liore le temps de fonctionnement du syst\u00e8me.<\/li>\n<\/ul>\n<h3 id=\"-granular-control-and-superior-circuit-security-\"><strong>Contr\u00f4le granulaire et s\u00e9curit\u00e9 sup\u00e9rieure des circuits<\/strong><\/h3>\n<p>Cette unit\u00e9 de distribution de l'alimentation sophistiqu\u00e9e offre une protection solide \u00e0 vos outils informatiques essentiels en utilisant une approche globale et compl\u00e8te pour le traitement des circuits.<\/p>\n<p>L'unit\u00e9 est \u00e9quip\u00e9e d'une grande densit\u00e9 de prises \u00e9lectriques IEC C19 standard, chacune \u00e9tant con\u00e7ue pour alimenter des gadgets \u00e0 courant \u00e9lev\u00e9. Ces prises \u00e9lectriques sont pratiquement organis\u00e9es en institutions financi\u00e8res et clairement reli\u00e9es \u00e0 des disjoncteurs hydrauliques-magn\u00e9tiques priv\u00e9s de haute qualit\u00e9. Comme le montrent les gros plans d\u00e9taill\u00e9s, le parcours de chaque prise \u00e9lectrique est prot\u00e9g\u00e9 par un disjoncteur sp\u00e9cialis\u00e9 (par exemple, L1-1 \u00e0 L1-8).<\/p>\n<p>Cette protection par prise ou par groupe est une caract\u00e9ristique essentielle qui permet d'\u00e9viter les pannes en cascade. Si un seul appareil connect\u00e9 tombe en panne et consomme trop d'\u00e9nergie, le disjoncteur correspondant se d\u00e9clenchera certainement, isolant le d\u00e9faut sans avoir d'impact sur l'alimentation des autres appareils de l'\u00e9tag\u00e8re. Cette compartimentation est cruciale pour maintenir le temps de fonctionnement dans les atmosph\u00e8res \u00e9paisses et multi-appareils. Les lignes sch\u00e9matiques claires imprim\u00e9es directement sur la plaque frontale de l'unit\u00e9 PDU fournissent une carte visuelle des circuits int\u00e9rieurs, ce qui simplifie la liaison des appareils, l'\u00e9quilibrage de la charge entre les \u00e9tages et le d\u00e9pannage.<\/p>\n<h3 id=\"-created-for-the-modern-information-facility-\"><strong>Cr\u00e9\u00e9 pour le centre d'information moderne<\/strong><\/h3>\n<p>Chaque aspect de cette PDU a \u00e9t\u00e9 con\u00e7u en gardant \u00e0 l'esprit les proc\u00e9dures raisonnables des centres de donn\u00e9es :<\/p>\n<ul>\n<li><strong>Le mod\u00e8le vertical peu encombrant Kind Factor :\u00a0<\/strong>Le style vertical, ou 0U (Zero-U), de l'appareil lui permet d'\u00eatre mont\u00e9 sur le c\u00f4t\u00e9 ou \u00e0 l'arri\u00e8re d'un rack de serveurs de base, sans occuper d'espace de rack direct. Il ne prend donc pas de place dans le rack, ce qui laisse un espace RU important pour les serveurs, les boutons et divers autres outils informatiques.<\/li>\n<li><strong>S\u00e9curit\u00e9 et conformit\u00e9 :\u00a0<\/strong>Le respect des crit\u00e8res internationaux n'est pas n\u00e9gociable. Cette PDU est certifi\u00e9e CE, ROHS, SAA et ETL, ce qui atteste de sa conformit\u00e9 \u00e0 des normes de s\u00e9curit\u00e9, d'\u00e9cologie et de qualit\u00e9 \u00e9lev\u00e9es, et garantit qu'elle peut \u00eatre utilis\u00e9e en toute s\u00e9curit\u00e9 dans les entreprises et les installations commerciales du monde entier. Une mise \u00e0 la terre commune est incorpor\u00e9e pour la s\u00e9curit\u00e9 de l'op\u00e9rateur et de l'\u00e9quipement.<\/li>\n<li><strong>Personnalisation :\u00a0<\/strong>La programmation de diff\u00e9rentes configurations et de sections de sortie cod\u00e9es par couleur t\u00e9moigne d'un engagement en faveur de la polyvalence. En tant que produit accept\u00e9 par les OEM, il peut \u00eatre adapt\u00e9 pour r\u00e9pondre aux exigences d\u00e9taill\u00e9es de n'importe quelle installation sp\u00e9ciale, depuis la conception des couleurs pour la reconnaissance de la sc\u00e8ne jusqu'aux dispositions de sortie personnalis\u00e9es.<\/li>\n<\/ul>","protected":false},"excerpt":{"rendered":"<div class=\"model-prompt-container\" data-turn-role=\"Model\">\n<div class=\"turn-content\">\n<p class=\"ng-star-inserted\"><span class=\"ng-star-inserted\">Cette unit\u00e9 de distribution d'\u00e9nergie haute puissance montable en rack est con\u00e7ue pour les applications exigeantes. Elle dispose d'une entr\u00e9e triphas\u00e9e, de plusieurs prises C19 avec disjoncteurs individuels et d'un \u00e9cran LCD pour la surveillance en temps r\u00e9el de la tension et du courant. La connectivit\u00e9 r\u00e9seau permet une gestion \u00e0 distance.<\/span><\/p>\n<div class=\"turn-information ng-star-inserted\"><\/div>\n<\/div>\n<\/div>\n<div class=\"turn-footer ng-star-inserted\"><\/div>","protected":false},"featured_media":1229,"template":"","meta":{"_kad_post_transparent":"default","_kad_post_title":"","_kad_post_layout":"default","_kad_post_sidebar_id":"","_kad_post_content_style":"default","_kad_post_vertical_padding":"default","_kad_post_feature":"","_kad_post_feature_position":"","_kad_post_header":false,"_kad_post_footer":false},"product_brand":[],"product_cat":[80],"product_tag":[171,180,181],"class_list":{"0":"post-1226","1":"product","2":"type-product","3":"status-publish","4":"has-post-thumbnail","6":"product_cat-high-power-power-distribution-units","7":"product_tag-3-phase-pdu","8":"product_tag-intelligent-pdu","9":"product_tag-rack-pdu","11":"first","12":"instock","13":"shipping-taxable","14":"product-type-simple","15":"entry","16":"content-bg","17":"loop-entry"},"_links":{"self":[{"href":"https:\/\/24smartcharge.com\/fr\/wp-json\/wp\/v2\/product\/1226","targetHints":{"allow":["GET"]}}],"collection":[{"href":"https:\/\/24smartcharge.com\/fr\/wp-json\/wp\/v2\/product"}],"about":[{"href":"https:\/\/24smartcharge.com\/fr\/wp-json\/wp\/v2\/types\/product"}],"wp:featuredmedia":[{"embeddable":true,"href":"https:\/\/24smartcharge.com\/fr\/wp-json\/wp\/v2\/media\/1229"}],"wp:attachment":[{"href":"https:\/\/24smartcharge.com\/fr\/wp-json\/wp\/v2\/media?parent=1226"}],"wp:term":[{"taxonomy":"product_brand","embeddable":true,"href":"https:\/\/24smartcharge.com\/fr\/wp-json\/wp\/v2\/product_brand?post=1226"},{"taxonomy":"product_cat","embeddable":true,"href":"https:\/\/24smartcharge.com\/fr\/wp-json\/wp\/v2\/product_cat?post=1226"},{"taxonomy":"product_tag","embeddable":true,"href":"https:\/\/24smartcharge.com\/fr\/wp-json\/wp\/v2\/product_tag?post=1226"}],"curies":[{"name":"wp","href":"https:\/\/api.w.org\/{rel}","templated":true}]}}